{"id":724,"date":"2014-08-22T18:35:00","date_gmt":"2014-08-22T18:35:00","guid":{"rendered":"http:\/\/distancia.cuautitlan2.unam.mx\/rudics\/?page_id=724"},"modified":"2024-01-22T17:21:03","modified_gmt":"2024-01-22T23:21:03","slug":"724-2","status":"publish","type":"page","link":"https:\/\/virtual.cuautitlan.unam.mx\/rudics\/?page_id=724","title":{"rendered":"N\u00famero 8"},"content":{"rendered":"<h3>DOI: <a href=\"https:\/\/doi.org\/10.22201\/fesc.20072236e.2014.5.8\"><span style=\"color: #0000ff;\">https:\/\/doi.org\/10.22201\/fesc.20072236e.2014.5.8<\/span><\/a><\/h3>\n<h3><strong>Art\u00edculos<\/strong><\/h3>\n<h3><a href=\"https:\/\/virtual.cuautitlan.unam.mx\/rudics\/?p=60\">Conflicto armado y la \u201cV\u00eda Pol\u00edtica\u201d: Los casos de la Uni\u00f3n Patri\u00f3tica y MOVADEF en perspectiva<\/a><\/h3>\n<h3>\u00a0<a href='https:\/\/virtual.cuautitlan.unam.mx\/rudics\/wp-content\/uploads\/2014\/11\/ARTI1.pdf' class='small-button smallblue' target=\"_blank\">PDF<\/a><\/h3>\n<h3><a href=\"https:\/\/virtual.cuautitlan.unam.mx\/rudics\/?p=58\">\u00bfC\u00f3mo vivieron los j\u00f3venes el proceso electoral 2012?<\/a><\/h3>\n<h3>\u00a0<a href='https:\/\/virtual.cuautitlan.unam.mx\/rudics\/wp-content\/uploads\/2014\/11\/ARTI2.pdf' class='small-button smallblue' target=\"_blank\">PDF<\/a><\/h3>\n<h3><a href=\"https:\/\/virtual.cuautitlan.unam.mx\/rudics\/?p=56\">Tipos de celos en una comunidad universitaria<\/a><\/h3>\n<h3>\u00a0<a href='https:\/\/virtual.cuautitlan.unam.mx\/rudics\/wp-content\/uploads\/2014\/11\/ARTI3.pdf' class='small-button smallblue' target=\"_blank\">PDF<\/a><\/h3>\n<h3><a href=\"https:\/\/virtual.cuautitlan.unam.mx\/rudics\/?p=54\">El enfoque curricular por competencias, realidad o utop\u00eda<\/a><\/h3>\n<h3>\u00a0<a href='https:\/\/virtual.cuautitlan.unam.mx\/rudics\/wp-content\/uploads\/2014\/11\/ARTI4.pdf' class='small-button smallblue' target=\"_blank\">PDF<\/a><\/h3>\n<h3><a href=\"https:\/\/virtual.cuautitlan.unam.mx\/rudics\/?p=52\">Un acercamiento a la historia de la educaci\u00f3n de la mujer mexicana<\/a><\/h3>\n<h3>\u00a0<a href='https:\/\/virtual.cuautitlan.unam.mx\/rudics\/wp-content\/uploads\/2014\/11\/ARTI5.pdf' class='small-button smallblue' target=\"_blank\">PDF<\/a><\/h3>\n<p>&nbsp;<\/p>\n<h3><strong>Informes de Coyuntura<\/strong><\/h3>\n<h3><a href=\"https:\/\/virtual.cuautitlan.unam.mx\/rudics\/?p=66\">El Silencio<\/a><\/h3>\n<h3>\u00a0<a href='https:\/\/virtual.cuautitlan.unam.mx\/rudics\/wp-content\/uploads\/2014\/11\/ART61.pdf' class='small-button smallblue' target=\"_blank\">PDF<\/a><\/h3>\n<h3><a href=\"https:\/\/virtual.cuautitlan.unam.mx\/rudics\/?p=64\">Los ni\u00f1os, esos ni\u00f1os, tus ni\u00f1os, \u00bfmis ni\u00f1os?\u2026!! nuestros ni\u00f1os!!<\/a><\/h3>\n<h3>\u00a0<a href='https:\/\/virtual.cuautitlan.unam.mx\/rudics\/wp-content\/uploads\/2014\/11\/ART71.pdf' class='small-button smallblue' target=\"_blank\">PDF<\/a><\/h3>\n<h3><a href=\"https:\/\/virtual.cuautitlan.unam.mx\/rudics\/?p=62\">El alumno hiperactivo: \u00bfser incomprendido o esperanza de progreso?<\/a><\/h3>\n<h3>\u00a0<a href='https:\/\/virtual.cuautitlan.unam.mx\/rudics\/wp-content\/uploads\/2014\/11\/ART8.pdf' class='small-button smallblue' target=\"_blank\">PDF<\/a><\/h3>\n","protected":false},"excerpt":{"rendered":"<p>DOI: https:\/\/doi.org\/10.22201\/fesc.20072236e.2014.5.8 Art\u00edculos Conflicto armado y la \u201cV\u00eda Pol\u00edtica\u201d: Los casos de la Uni\u00f3n Patri\u00f3tica y MOVADEF en perspectiva \u00a0 \u00bfC\u00f3mo vivieron los j\u00f3venes el proceso electoral 2012? \u00a0 Tipos de celos en una comunidad universitaria \u00a0 El enfoque curricular por competencias, realidad o utop\u00eda \u00a0 Un acercamiento a la historia de la educaci\u00f3n de [&hellip;]<\/p>\n","protected":false},"author":1,"featured_media":0,"parent":0,"menu_order":0,"comment_status":"open","ping_status":"open","template":"","meta":{"footnotes":""},"class_list":["post-724","page","type-page","status-publish","hentry"],"_links":{"self":[{"href":"https:\/\/virtual.cuautitlan.unam.mx\/rudics\/index.php?rest_route=\/wp\/v2\/pages\/724","targetHints":{"allow":["GET"]}}],"collection":[{"href":"https:\/\/virtual.cuautitlan.unam.mx\/rudics\/index.php?rest_route=\/wp\/v2\/pages"}],"about":[{"href":"https:\/\/virtual.cuautitlan.unam.mx\/rudics\/index.php?rest_route=\/wp\/v2\/types\/page"}],"author":[{"embeddable":true,"href":"https:\/\/virtual.cuautitlan.unam.mx\/rudics\/index.php?rest_route=\/wp\/v2\/users\/1"}],"replies":[{"embeddable":true,"href":"https:\/\/virtual.cuautitlan.unam.mx\/rudics\/index.php?rest_route=%2Fwp%2Fv2%2Fcomments&post=724"}],"version-history":[{"count":11,"href":"https:\/\/virtual.cuautitlan.unam.mx\/rudics\/index.php?rest_route=\/wp\/v2\/pages\/724\/revisions"}],"predecessor-version":[{"id":4710,"href":"https:\/\/virtual.cuautitlan.unam.mx\/rudics\/index.php?rest_route=\/wp\/v2\/pages\/724\/revisions\/4710"}],"wp:attachment":[{"href":"https:\/\/virtual.cuautitlan.unam.mx\/rudics\/index.php?rest_route=%2Fwp%2Fv2%2Fmedia&parent=724"}],"curies":[{"name":"wp","href":"https:\/\/api.w.org\/{rel}","templated":true}]}}