{"id":6,"date":"2014-01-29T00:18:45","date_gmt":"2014-01-29T00:18:45","guid":{"rendered":"http:\/\/distancia.cuautitlan2.unam.mx\/rudics\/?page_id=6"},"modified":"2017-08-19T20:08:34","modified_gmt":"2017-08-20T01:08:34","slug":"presentacion","status":"publish","type":"page","link":"https:\/\/virtual.cuautitlan.unam.mx\/rudics\/?page_id=6","title":{"rendered":"Bienvenid@"},"content":{"rendered":"<div id=\"txt\">\n<p style=\"text-align: justify;\">La Revista Universitaria Digital de Ciencias Sociales (RUDICS) es una publicaci\u00f3n editada por un grupo de profesores adscritos al Departamento de Ciencias Sociales de la Facultad de Estudios Superiores Cuautitl\u00e1n.<\/p>\n<p style=\"text-align: justify;\">En esta revista se publican art\u00edculos de investigaci\u00f3n original en formato digital, que abordan t\u00f3picos de actualidad en el \u00e1rea de las Ciencias Sociales, con el prop\u00f3sito de satisfacer las necesidades de los alumnos de nivel licenciatura y posgrado que cursan asignaturas y seminarios del \u00e1rea mencionada, las cuales no est\u00e1n satisfechas por las fuentes de informaci\u00f3n disponibles en espa\u00f1ol. Los art\u00edculos se agrupan en las secciones:<\/p>\n<ul style=\"text-align: justify;\">\n<li>General (donde entran todos aquellos que aborden temas relacionados con las ciencias sociales)<\/li>\n<li>Especial (aqu\u00ed son ubicados los art\u00edculos que se encuadran en el tema espec\u00edfico establecido en la convocatoria correspondiente)<\/li>\n<\/ul>\n<p style=\"text-align: justify;\">Adicionalmente se abren otras dos secciones dedicadas a:<\/p>\n<ul style=\"text-align: justify;\">\n<li>Informes de coyuntura<\/li>\n<li>Rese\u00f1as de art\u00edculos y libros<\/li>\n<\/ul>\n<p style=\"text-align: justify;\">La revista se publica semestralmente en el portal de la Facultad de Estudios Superiores Cuautitl\u00e1n. Para garantizar la calidad de los art\u00edculos publicados, estos se someten al ditamen del comit\u00e9 cient\u00edfico, conformado por acad\u00e9micos de diversas instituciones acad\u00e9micas de reconocido prestigio nacionales e internacionales.<\/p>\n<\/div>\n","protected":false},"excerpt":{"rendered":"<p>La Revista Universitaria Digital de Ciencias Sociales (RUDICS) es una publicaci\u00f3n editada por un grupo de profesores adscritos al Departamento de Ciencias Sociales de la Facultad de Estudios Superiores Cuautitl\u00e1n. En esta revista se publican art\u00edculos de investigaci\u00f3n original en formato digital, que abordan t\u00f3picos de actualidad en el \u00e1rea de las Ciencias Sociales, con [&hellip;]<\/p>\n","protected":false},"author":1,"featured_media":0,"parent":0,"menu_order":0,"comment_status":"open","ping_status":"open","template":"","meta":{"footnotes":""},"class_list":["post-6","page","type-page","status-publish","hentry"],"_links":{"self":[{"href":"https:\/\/virtual.cuautitlan.unam.mx\/rudics\/index.php?rest_route=\/wp\/v2\/pages\/6","targetHints":{"allow":["GET"]}}],"collection":[{"href":"https:\/\/virtual.cuautitlan.unam.mx\/rudics\/index.php?rest_route=\/wp\/v2\/pages"}],"about":[{"href":"https:\/\/virtual.cuautitlan.unam.mx\/rudics\/index.php?rest_route=\/wp\/v2\/types\/page"}],"author":[{"embeddable":true,"href":"https:\/\/virtual.cuautitlan.unam.mx\/rudics\/index.php?rest_route=\/wp\/v2\/users\/1"}],"replies":[{"embeddable":true,"href":"https:\/\/virtual.cuautitlan.unam.mx\/rudics\/index.php?rest_route=%2Fwp%2Fv2%2Fcomments&post=6"}],"version-history":[{"count":1,"href":"https:\/\/virtual.cuautitlan.unam.mx\/rudics\/index.php?rest_route=\/wp\/v2\/pages\/6\/revisions"}],"predecessor-version":[{"id":2315,"href":"https:\/\/virtual.cuautitlan.unam.mx\/rudics\/index.php?rest_route=\/wp\/v2\/pages\/6\/revisions\/2315"}],"wp:attachment":[{"href":"https:\/\/virtual.cuautitlan.unam.mx\/rudics\/index.php?rest_route=%2Fwp%2Fv2%2Fmedia&parent=6"}],"curies":[{"name":"wp","href":"https:\/\/api.w.org\/{rel}","templated":true}]}}