{"id":591,"date":"2014-05-09T00:10:04","date_gmt":"2014-05-09T00:10:04","guid":{"rendered":"http:\/\/distancia.cuautitlan2.unam.mx\/rudics\/?page_id=591"},"modified":"2024-01-22T17:43:03","modified_gmt":"2024-01-22T23:43:03","slug":"numero-7","status":"publish","type":"page","link":"https:\/\/virtual.cuautitlan.unam.mx\/rudics\/?page_id=591","title":{"rendered":"N\u00famero 7"},"content":{"rendered":"<h3>DOI: <a href=\"https:\/\/doi.org\/10.22201\/fesc.20072236e.2013.4.7\"><span style=\"color: #0000ff;\">https:\/\/doi.org\/10.22201\/fesc.20072236e.2013.4.7<\/span><\/a><\/h3>\n<h3><strong>Art\u00edculos<\/strong><\/h3>\n<h2><a href=\"https:\/\/virtual.cuautitlan.unam.mx\/rudics\/?p=230\">1. El Coaching en el Capitalismo Cognitivo<\/a><\/h2>\n<h3>\u00a0<a href='https:\/\/virtual.cuautitlan.unam.mx\/rudics\/wp-content\/uploads\/2014\/11\/ART1.pdf' class='small-button smallblue' target=\"_blank\">PDF<\/a><\/h3>\n<h2><a href=\"https:\/\/virtual.cuautitlan.unam.mx\/rudics\/?p=233\">2. El discurso de una nueva Indonesia y la \u201csublimaci\u00f3n\u201d de antiguos tiempos de oscuridad: Un acercamiento al discurso pol\u00edtico de Indonesia por medio de los sitios web de sus principales actores sociales<\/a><\/h2>\n<h3>\u00a0<a href='https:\/\/virtual.cuautitlan.unam.mx\/rudics\/wp-content\/uploads\/2014\/11\/ART2.pdf' class='small-button smallblue' target=\"_blank\">PDF<\/a><\/h3>\n<h3><a href=\"https:\/\/virtual.cuautitlan.unam.mx\/rudics\/?p=198\">3. Programa fiscal aplicable a las empresas participantes del mercado de capitales de la bolsa mexicana de valores<\/a><\/h3>\n<h3>\u00a0<a href='https:\/\/virtual.cuautitlan.unam.mx\/rudics\/wp-content\/uploads\/2014\/11\/ART3.pdf' class='small-button smallblue' target=\"_blank\">PDF<\/a><\/h3>\n<h2><a href=\"https:\/\/virtual.cuautitlan.unam.mx\/rudics\/?p=217\">4. Contribuci\u00f3n al debate sobre la industria petrolera en M\u00e9xico<\/a><\/h2>\n<h3>\u00a0<a href='https:\/\/virtual.cuautitlan.unam.mx\/rudics\/wp-content\/uploads\/2014\/11\/ART4.pdf' class='small-button smallblue' target=\"_blank\">PDF<\/a><\/h3>\n<p>&nbsp;<\/p>\n<h2><strong>Rese\u00f1as<\/strong><\/h2>\n<h2><a href=\"https:\/\/virtual.cuautitlan.unam.mx\/rudics\/?p=239\">1. Las Capacidades Subsidiarias del Gobierno Estatal y de los Ayuntamientos del Estado de Hidalgo en el Contexto Federal: Finanzas P\u00fablicas, Pol\u00edticas P\u00fablicas, Organizaci\u00f3n Social<\/a><\/h2>\n<h3>\u00a0<a href='https:\/\/virtual.cuautitlan.unam.mx\/rudics\/wp-content\/uploads\/2014\/11\/ART5.pdf' class='small-button smallblue' target=\"_blank\">PDF<\/a><\/h3>\n<h2><a href=\"https:\/\/virtual.cuautitlan.unam.mx\/rudics\/?p=236\">2. Una investigaci\u00f3n de la relaci\u00f3n entre las t\u00e9cnicas de estudio de los estudiantes y su promedio de calificaciones<\/a><\/h2>\n<h3>\u00a0<a href='https:\/\/virtual.cuautitlan.unam.mx\/rudics\/wp-content\/uploads\/2014\/11\/ART6.pdf' class='small-button smallblue' target=\"_blank\">PDF<\/a><\/h3>\n<h2><a href=\"https:\/\/virtual.cuautitlan.unam.mx\/rudics\/?p=242\">3. La producci\u00f3n cient\u00edfica en salud de los exiliados espa\u00f1oles en M\u00e9xico<\/a><\/h2>\n<h3>\u00a0<a href='https:\/\/virtual.cuautitlan.unam.mx\/rudics\/wp-content\/uploads\/2014\/11\/ART7.pdf' class='small-button smallblue' target=\"_blank\">PDF<\/a><a href=\"https:\/\/virtual.cuautitlan.unam.mx\/rudics\/?p=217\">\u00a0<\/a><\/h3>\n","protected":false},"excerpt":{"rendered":"<p>DOI: https:\/\/doi.org\/10.22201\/fesc.20072236e.2013.4.7 Art\u00edculos 1. El Coaching en el Capitalismo Cognitivo \u00a0 2. El discurso de una nueva Indonesia y la \u201csublimaci\u00f3n\u201d de antiguos tiempos de oscuridad: Un acercamiento al discurso pol\u00edtico de Indonesia por medio de los sitios web de sus principales actores sociales \u00a0 3. Programa fiscal aplicable a las empresas participantes del mercado [&hellip;]<\/p>\n","protected":false},"author":1,"featured_media":0,"parent":0,"menu_order":0,"comment_status":"open","ping_status":"open","template":"","meta":{"footnotes":""},"class_list":["post-591","page","type-page","status-publish","hentry"],"_links":{"self":[{"href":"https:\/\/virtual.cuautitlan.unam.mx\/rudics\/index.php?rest_route=\/wp\/v2\/pages\/591","targetHints":{"allow":["GET"]}}],"collection":[{"href":"https:\/\/virtual.cuautitlan.unam.mx\/rudics\/index.php?rest_route=\/wp\/v2\/pages"}],"about":[{"href":"https:\/\/virtual.cuautitlan.unam.mx\/rudics\/index.php?rest_route=\/wp\/v2\/types\/page"}],"author":[{"embeddable":true,"href":"https:\/\/virtual.cuautitlan.unam.mx\/rudics\/index.php?rest_route=\/wp\/v2\/users\/1"}],"replies":[{"embeddable":true,"href":"https:\/\/virtual.cuautitlan.unam.mx\/rudics\/index.php?rest_route=%2Fwp%2Fv2%2Fcomments&post=591"}],"version-history":[{"count":4,"href":"https:\/\/virtual.cuautitlan.unam.mx\/rudics\/index.php?rest_route=\/wp\/v2\/pages\/591\/revisions"}],"predecessor-version":[{"id":4726,"href":"https:\/\/virtual.cuautitlan.unam.mx\/rudics\/index.php?rest_route=\/wp\/v2\/pages\/591\/revisions\/4726"}],"wp:attachment":[{"href":"https:\/\/virtual.cuautitlan.unam.mx\/rudics\/index.php?rest_route=%2Fwp%2Fv2%2Fmedia&parent=591"}],"curies":[{"name":"wp","href":"https:\/\/api.w.org\/{rel}","templated":true}]}}