{"id":588,"date":"2014-05-08T23:41:24","date_gmt":"2014-05-08T23:41:24","guid":{"rendered":"http:\/\/distancia.cuautitlan2.unam.mx\/rudics\/?page_id=588"},"modified":"2024-01-22T17:59:41","modified_gmt":"2024-01-22T23:59:41","slug":"numero-6","status":"publish","type":"page","link":"https:\/\/virtual.cuautitlan.unam.mx\/rudics\/?page_id=588","title":{"rendered":"N\u00famero 6"},"content":{"rendered":"<h3>DOI: <a href=\"https:\/\/doi.org\/10.22201\/fesc.20072236e.2013.4.6\"><span style=\"color: #0000ff;\">https:\/\/doi.org\/10.22201\/fesc.20072236e.2013.4.6<\/span><\/a><\/h3>\n<h3><strong>Art\u00edculos<\/strong><\/h3>\n<h3><a href=\"https:\/\/virtual.cuautitlan.unam.mx\/rudics\/?p=518\">1. Transformaci\u00f3n y retos de la agroindustria agroalimentaria de Colima, M\u00e9xico<\/a><\/h3>\n<h3><a href='https:\/\/virtual.cuautitlan.unam.mx\/rudics\/wp-content\/uploads\/2014\/11\/CAP\u00cdTULO-1-VOLUMEN-6.pdf' class='small-button smallblue' target=\"_blank\">PDF<\/a><\/h3>\n<h3><a href=\"https:\/\/virtual.cuautitlan.unam.mx\/rudics\/?p=482\">2. Estrategias de Asistencialismo estatal y calidad de vida en Colombia<\/a><\/h3>\n<h3><a href='https:\/\/virtual.cuautitlan.unam.mx\/rudics\/wp-content\/uploads\/2014\/11\/CAP\u00cdTULO-2-VOLUMEN-6.pdf' class='small-button smallblue' target=\"_blank\">PDF<\/a><\/h3>\n<h3><a href=\"https:\/\/virtual.cuautitlan.unam.mx\/rudics\/?p=487\">3. Innovaci\u00f3n Tecnol\u00f3gica: El papel del Ingeniero Mec\u00e1nico Electricista de la FES Cuautitl\u00e1n-UNAM, en la soluci\u00f3n de problemas de nuestro entorno<\/a><\/h3>\n<h3><a href='https:\/\/virtual.cuautitlan.unam.mx\/rudics\/wp-content\/uploads\/2014\/11\/CAP\u00cdTULO-3-VOLUMEN-6.pdf' class='small-button smallblue' target=\"_blank\">PDF<\/a><\/h3>\n<p>&nbsp;<\/p>\n<h3><strong>Rese\u00f1as<\/strong><\/h3>\n<h3><a href=\"https:\/\/virtual.cuautitlan.unam.mx\/rudics\/?p=515\">1. Desarrollo organizacional y talento humano: impacto en la nueva realidad empresarial<\/a><\/h3>\n<h3><a href='https:\/\/virtual.cuautitlan.unam.mx\/rudics\/wp-content\/uploads\/2014\/11\/CAP\u00cdTULO-4-VOLUMEN-6.pdf' class='small-button smallblue' target=\"_blank\">PDF<\/a><\/h3>\n<p>&nbsp;<\/p>\n<h3><strong>Informes de coyuntura<\/strong><\/h3>\n<h3><a href=\"https:\/\/virtual.cuautitlan.unam.mx\/rudics\/?p=506\">1. La evaluaci\u00f3n del desempe\u00f1o a los programas sociales como mecanismo de asignaci\u00f3n presupuestal<\/a><\/h3>\n<h3><a href='https:\/\/virtual.cuautitlan.unam.mx\/rudics\/wp-content\/uploads\/2014\/11\/CAP\u00cdTULO-5-VOLUMEN-6.pdf' class='small-button smallblue' target=\"_blank\">PDF<\/a><\/h3>\n<h3><a href=\"https:\/\/virtual.cuautitlan.unam.mx\/rudics\/?p=509\">2. La Miner\u00eda y su incidencia en el crecimiento econ\u00f3mico del departamento del Huila-Colombia<\/a><\/h3>\n<h3><a href='https:\/\/virtual.cuautitlan.unam.mx\/rudics\/wp-content\/uploads\/2014\/11\/CAP\u00cdTULO-6-VOLUMEN-6.pdf' class='small-button smallblue' target=\"_blank\">PDF<\/a><\/h3>\n<h3><\/h3>\n","protected":false},"excerpt":{"rendered":"<p>DOI: https:\/\/doi.org\/10.22201\/fesc.20072236e.2013.4.6 Art\u00edculos 1. Transformaci\u00f3n y retos de la agroindustria agroalimentaria de Colima, M\u00e9xico 2. Estrategias de Asistencialismo estatal y calidad de vida en Colombia 3. Innovaci\u00f3n Tecnol\u00f3gica: El papel del Ingeniero Mec\u00e1nico Electricista de la FES Cuautitl\u00e1n-UNAM, en la soluci\u00f3n de problemas de nuestro entorno &nbsp; Rese\u00f1as 1. Desarrollo organizacional y talento humano: impacto [&hellip;]<\/p>\n","protected":false},"author":1,"featured_media":0,"parent":0,"menu_order":0,"comment_status":"open","ping_status":"open","template":"","meta":{"footnotes":""},"class_list":["post-588","page","type-page","status-publish","hentry"],"_links":{"self":[{"href":"https:\/\/virtual.cuautitlan.unam.mx\/rudics\/index.php?rest_route=\/wp\/v2\/pages\/588","targetHints":{"allow":["GET"]}}],"collection":[{"href":"https:\/\/virtual.cuautitlan.unam.mx\/rudics\/index.php?rest_route=\/wp\/v2\/pages"}],"about":[{"href":"https:\/\/virtual.cuautitlan.unam.mx\/rudics\/index.php?rest_route=\/wp\/v2\/types\/page"}],"author":[{"embeddable":true,"href":"https:\/\/virtual.cuautitlan.unam.mx\/rudics\/index.php?rest_route=\/wp\/v2\/users\/1"}],"replies":[{"embeddable":true,"href":"https:\/\/virtual.cuautitlan.unam.mx\/rudics\/index.php?rest_route=%2Fwp%2Fv2%2Fcomments&post=588"}],"version-history":[{"count":3,"href":"https:\/\/virtual.cuautitlan.unam.mx\/rudics\/index.php?rest_route=\/wp\/v2\/pages\/588\/revisions"}],"predecessor-version":[{"id":4738,"href":"https:\/\/virtual.cuautitlan.unam.mx\/rudics\/index.php?rest_route=\/wp\/v2\/pages\/588\/revisions\/4738"}],"wp:attachment":[{"href":"https:\/\/virtual.cuautitlan.unam.mx\/rudics\/index.php?rest_route=%2Fwp%2Fv2%2Fmedia&parent=588"}],"curies":[{"name":"wp","href":"https:\/\/api.w.org\/{rel}","templated":true}]}}