{"id":582,"date":"2014-05-08T23:30:43","date_gmt":"2014-05-08T23:30:43","guid":{"rendered":"http:\/\/distancia.cuautitlan2.unam.mx\/rudics\/?page_id=582"},"modified":"2024-01-22T18:42:38","modified_gmt":"2024-01-23T00:42:38","slug":"numero-4","status":"publish","type":"page","link":"https:\/\/virtual.cuautitlan.unam.mx\/rudics\/?page_id=582","title":{"rendered":"N\u00famero 4"},"content":{"rendered":"<h3>DOI: <a href=\"https:\/\/doi.org\/10.22201\/fesc.20072236e.2012.3.4\"><span style=\"color: #0000ff;\">https:\/\/doi.org\/10.22201\/fesc.20072236e.2012.3.4<\/span><\/a><\/h3>\n<h3><strong>Art\u00edculos<\/strong><\/h3>\n<h3>\u00a0<a href=\"https:\/\/virtual.cuautitlan.unam.mx\/rudics\/?p=523\">1. El Valle del Silicio Mexicano \u00bfUn caso de ventaja competitiva en el pa\u00eds?<\/a><\/h3>\n<h3><a href='https:\/\/virtual.cuautitlan.unam.mx\/rudics\/wp-content\/uploads\/2014\/11\/CAP\u00cdTULO-1-VOLUMEN-4.pdf' class='small-button smallblue' target=\"_blank\">PDF<\/a><\/h3>\n<h3><a href=\"https:\/\/virtual.cuautitlan.unam.mx\/rudics\/?p=533\">2. IES: Valores \u00e9ticos gerenciales de los estudiantes de las licenciaturas de Administraci\u00f3n y Contadur\u00eda<\/a><\/h3>\n<h3><a href='https:\/\/virtual.cuautitlan.unam.mx\/rudics\/wp-content\/uploads\/2014\/11\/CAP\u00cdTULO-2-VOLUMEN-4.pdf' class='small-button smallblue' target=\"_blank\">PDF<\/a><\/h3>\n<h3><a href=\"https:\/\/virtual.cuautitlan.unam.mx\/rudics\/?p=541\">3. La ruptura social a partir del 15 de mayo<\/a><\/h3>\n<h3><a href='https:\/\/virtual.cuautitlan.unam.mx\/rudics\/wp-content\/uploads\/2014\/11\/CAP\u00cdTULO-3-VOLUMEN-4.pdf' class='small-button smallblue' target=\"_blank\">PDF<\/a><\/h3>\n<h3><strong>Rese\u00f1as<\/strong><\/h3>\n<h3><a href=\"https:\/\/virtual.cuautitlan.unam.mx\/rudics\/?p=558\">1. El coraz\u00f3n de la investigaci\u00f3n en gesti\u00f3n del conocimiento<\/a><\/h3>\n<h3><a href='https:\/\/virtual.cuautitlan.unam.mx\/rudics\/wp-content\/uploads\/2014\/11\/CAP\u00cdTULO-4-VOLUMEN-4.pdf' class='small-button smallblue' target=\"_blank\">PDF<\/a><\/h3>\n<h3><a href=\"https:\/\/virtual.cuautitlan.unam.mx\/rudics\/?p=563\">2. Crisis financiera internacional entre recetas y paradigmas<\/a><\/h3>\n<h3><a href='https:\/\/virtual.cuautitlan.unam.mx\/rudics\/wp-content\/uploads\/2014\/11\/CAP\u00cdTULO-5-VOLUMEN-4.pdf' class='small-button smallblue' target=\"_blank\">PDF<\/a><\/h3>\n","protected":false},"excerpt":{"rendered":"<p>DOI: https:\/\/doi.org\/10.22201\/fesc.20072236e.2012.3.4 Art\u00edculos \u00a01. El Valle del Silicio Mexicano \u00bfUn caso de ventaja competitiva en el pa\u00eds? 2. IES: Valores \u00e9ticos gerenciales de los estudiantes de las licenciaturas de Administraci\u00f3n y Contadur\u00eda 3. La ruptura social a partir del 15 de mayo Rese\u00f1as 1. El coraz\u00f3n de la investigaci\u00f3n en gesti\u00f3n del conocimiento 2. Crisis [&hellip;]<\/p>\n","protected":false},"author":1,"featured_media":0,"parent":0,"menu_order":0,"comment_status":"open","ping_status":"open","template":"","meta":{"footnotes":""},"class_list":["post-582","page","type-page","status-publish","hentry"],"_links":{"self":[{"href":"https:\/\/virtual.cuautitlan.unam.mx\/rudics\/index.php?rest_route=\/wp\/v2\/pages\/582","targetHints":{"allow":["GET"]}}],"collection":[{"href":"https:\/\/virtual.cuautitlan.unam.mx\/rudics\/index.php?rest_route=\/wp\/v2\/pages"}],"about":[{"href":"https:\/\/virtual.cuautitlan.unam.mx\/rudics\/index.php?rest_route=\/wp\/v2\/types\/page"}],"author":[{"embeddable":true,"href":"https:\/\/virtual.cuautitlan.unam.mx\/rudics\/index.php?rest_route=\/wp\/v2\/users\/1"}],"replies":[{"embeddable":true,"href":"https:\/\/virtual.cuautitlan.unam.mx\/rudics\/index.php?rest_route=%2Fwp%2Fv2%2Fcomments&post=582"}],"version-history":[{"count":8,"href":"https:\/\/virtual.cuautitlan.unam.mx\/rudics\/index.php?rest_route=\/wp\/v2\/pages\/582\/revisions"}],"predecessor-version":[{"id":4769,"href":"https:\/\/virtual.cuautitlan.unam.mx\/rudics\/index.php?rest_route=\/wp\/v2\/pages\/582\/revisions\/4769"}],"wp:attachment":[{"href":"https:\/\/virtual.cuautitlan.unam.mx\/rudics\/index.php?rest_route=%2Fwp%2Fv2%2Fmedia&parent=582"}],"curies":[{"name":"wp","href":"https:\/\/api.w.org\/{rel}","templated":true}]}}