{"id":4147,"date":"2023-05-22T11:50:49","date_gmt":"2023-05-22T17:50:49","guid":{"rendered":"http:\/\/virtual.cuautitlan.unam.mx\/rudics\/?page_id=4147"},"modified":"2023-08-18T12:32:03","modified_gmt":"2023-08-18T18:32:03","slug":"numero-26","status":"publish","type":"page","link":"https:\/\/virtual.cuautitlan.unam.mx\/rudics\/?page_id=4147","title":{"rendered":"N\u00famero 26"},"content":{"rendered":"<h3>DOI: <span style=\"color: #0000ff;\"><a style=\"color: #0000ff;\" href=\"https:\/\/doi.org\/10.22201\/fesc.20072236e.2023.14.26\">https:\/\/doi.org\/10.22201\/fesc.20072236e.2023.14.26<\/a><\/span><\/h3>\n<h3 class=\"module-title\"><strong>Secci\u00f3n de art\u00edculos general<\/strong><\/h3>\n<h3><a href=\"https:\/\/virtual.cuautitlan.unam.mx\/rudics\/?p=4073\">Investigaci\u00f3n cient\u00edfica y transferencia de conocimiento: \u00bfDesaf\u00edo en la formaci\u00f3n universitaria?<\/a><\/h3>\n<a href='https:\/\/virtual.cuautitlan.unam.mx\/rudics\/wp-content\/uploads\/2023\/02\/RUDICSn14v26p1_29.pdf' class='small-button smallblue' target=\"_blank\">PDF<\/a>\n<h3><a href=\"https:\/\/virtual.cuautitlan.unam.mx\/rudics\/?p=3962\">Bienestar emocional infantil: el libro ilustrado como auxiliar en la salud mental<\/a><\/h3>\n<a href='https:\/\/virtual.cuautitlan.unam.mx\/rudics\/wp-content\/uploads\/2023\/02\/RUDICSn14v26p30_49.pdf' class='small-button smallblue' target=\"_blank\">PDF<\/a>\n<h3 class=\"module-title\"><strong>Informes de Coyuntura<\/strong><\/h3>\n<h3><a href=\"https:\/\/virtual.cuautitlan.unam.mx\/rudics\/?p=3960\">La fortaleza del peso, causas y efectos en la econom\u00eda mexicana<\/a><\/h3>\n<p class=\"module-title\"><a href='https:\/\/virtual.cuautitlan.unam.mx\/rudics\/wp-content\/uploads\/2023\/02\/RUDICSn14v26p50_56.pdf' class='small-button smallblue' target=\"_blank\">PDF<\/a><\/p>\n","protected":false},"excerpt":{"rendered":"<p>DOI: https:\/\/doi.org\/10.22201\/fesc.20072236e.2023.14.26 Secci\u00f3n de art\u00edculos general Investigaci\u00f3n cient\u00edfica y transferencia de conocimiento: \u00bfDesaf\u00edo en la formaci\u00f3n universitaria? Bienestar emocional infantil: el libro ilustrado como auxiliar en la salud mental Informes de Coyuntura La fortaleza del peso, causas y efectos en la econom\u00eda mexicana<\/p>\n","protected":false},"author":1,"featured_media":0,"parent":0,"menu_order":0,"comment_status":"closed","ping_status":"closed","template":"","meta":{"footnotes":""},"class_list":["post-4147","page","type-page","status-publish","hentry"],"_links":{"self":[{"href":"https:\/\/virtual.cuautitlan.unam.mx\/rudics\/index.php?rest_route=\/wp\/v2\/pages\/4147","targetHints":{"allow":["GET"]}}],"collection":[{"href":"https:\/\/virtual.cuautitlan.unam.mx\/rudics\/index.php?rest_route=\/wp\/v2\/pages"}],"about":[{"href":"https:\/\/virtual.cuautitlan.unam.mx\/rudics\/index.php?rest_route=\/wp\/v2\/types\/page"}],"author":[{"embeddable":true,"href":"https:\/\/virtual.cuautitlan.unam.mx\/rudics\/index.php?rest_route=\/wp\/v2\/users\/1"}],"replies":[{"embeddable":true,"href":"https:\/\/virtual.cuautitlan.unam.mx\/rudics\/index.php?rest_route=%2Fwp%2Fv2%2Fcomments&post=4147"}],"version-history":[{"count":7,"href":"https:\/\/virtual.cuautitlan.unam.mx\/rudics\/index.php?rest_route=\/wp\/v2\/pages\/4147\/revisions"}],"predecessor-version":[{"id":4536,"href":"https:\/\/virtual.cuautitlan.unam.mx\/rudics\/index.php?rest_route=\/wp\/v2\/pages\/4147\/revisions\/4536"}],"wp:attachment":[{"href":"https:\/\/virtual.cuautitlan.unam.mx\/rudics\/index.php?rest_route=%2Fwp%2Fv2%2Fmedia&parent=4147"}],"curies":[{"name":"wp","href":"https:\/\/api.w.org\/{rel}","templated":true}]}}