{"id":3954,"date":"2023-02-05T23:33:54","date_gmt":"2023-02-06T05:33:54","guid":{"rendered":"https:\/\/virtual.cuautitlan.unam.mx\/rudics\/?page_id=3954"},"modified":"2023-08-18T12:32:51","modified_gmt":"2023-08-18T18:32:51","slug":"numero-25","status":"publish","type":"page","link":"https:\/\/virtual.cuautitlan.unam.mx\/rudics\/?page_id=3954","title":{"rendered":"N\u00famero 25"},"content":{"rendered":"<h3>DOI: <span style=\"color: #0000ff;\"><a style=\"color: #0000ff;\" href=\"https:\/\/doi.org\/10.22201\/fesc.20072236e.2022.13.25\">https:\/\/doi.org\/10.22201\/fesc.20072236e.2022.13.25<\/a><\/span><\/h3>\n<h3 class=\"module-title\"><strong>Secci\u00f3n de art\u00edculos general<\/strong><\/h3>\n<h3><a href=\"https:\/\/virtual.cuautitlan.unam.mx\/rudics\/?p=3893\">Ense\u00f1anza Remota de Emergencia: instrumentaci\u00f3n en procesos educativos, estudiantes universitarios<\/a><\/h3>\n<a href='https:\/\/virtual.cuautitlan.unam.mx\/rudics\/wp-content\/uploads\/2022\/08\/RUDICSn12v25p1_27.pdf' class='small-button smallblue' target=\"_blank\">PDF<\/a>\n","protected":false},"excerpt":{"rendered":"<p>DOI: https:\/\/doi.org\/10.22201\/fesc.20072236e.2022.13.25 Secci\u00f3n de art\u00edculos general Ense\u00f1anza Remota de Emergencia: instrumentaci\u00f3n en procesos educativos, estudiantes universitarios<\/p>\n","protected":false},"author":1,"featured_media":0,"parent":0,"menu_order":0,"comment_status":"closed","ping_status":"closed","template":"","meta":{"footnotes":""},"class_list":["post-3954","page","type-page","status-publish","hentry"],"_links":{"self":[{"href":"https:\/\/virtual.cuautitlan.unam.mx\/rudics\/index.php?rest_route=\/wp\/v2\/pages\/3954","targetHints":{"allow":["GET"]}}],"collection":[{"href":"https:\/\/virtual.cuautitlan.unam.mx\/rudics\/index.php?rest_route=\/wp\/v2\/pages"}],"about":[{"href":"https:\/\/virtual.cuautitlan.unam.mx\/rudics\/index.php?rest_route=\/wp\/v2\/types\/page"}],"author":[{"embeddable":true,"href":"https:\/\/virtual.cuautitlan.unam.mx\/rudics\/index.php?rest_route=\/wp\/v2\/users\/1"}],"replies":[{"embeddable":true,"href":"https:\/\/virtual.cuautitlan.unam.mx\/rudics\/index.php?rest_route=%2Fwp%2Fv2%2Fcomments&post=3954"}],"version-history":[{"count":6,"href":"https:\/\/virtual.cuautitlan.unam.mx\/rudics\/index.php?rest_route=\/wp\/v2\/pages\/3954\/revisions"}],"predecessor-version":[{"id":4537,"href":"https:\/\/virtual.cuautitlan.unam.mx\/rudics\/index.php?rest_route=\/wp\/v2\/pages\/3954\/revisions\/4537"}],"wp:attachment":[{"href":"https:\/\/virtual.cuautitlan.unam.mx\/rudics\/index.php?rest_route=%2Fwp%2Fv2%2Fmedia&parent=3954"}],"curies":[{"name":"wp","href":"https:\/\/api.w.org\/{rel}","templated":true}]}}