{"id":3255,"date":"2021-08-21T00:32:39","date_gmt":"2021-08-21T05:32:39","guid":{"rendered":"http:\/\/virtual.cuautitlan.unam.mx\/rudics\/?page_id=3255"},"modified":"2023-08-18T12:44:10","modified_gmt":"2023-08-18T18:44:10","slug":"numero-22","status":"publish","type":"page","link":"https:\/\/virtual.cuautitlan.unam.mx\/rudics\/?page_id=3255","title":{"rendered":"N\u00famero 22"},"content":{"rendered":"<h3>DOI: <span style=\"color: #0000ff;\"><a style=\"color: #0000ff;\" href=\"https:\/\/doi.org\/10.22201\/fesc.20072236e.2021.12.22\">https:\/\/doi.org\/10.22201\/fesc.20072236e.2021.12.22<\/a><\/span><\/h3>\n<h3 class=\"module-title\"><strong>Secci\u00f3n de art\u00edculos general<\/strong><\/h3>\n<h3 class=\"post-heading\"><a href=\"https:\/\/virtual.cuautitlan.unam.mx\/rudics\/?p=3119\">Calidad de la Educaci\u00f3n Superior en M\u00e9xico en el Contexto de la Acreditaci\u00f3n Internacional<\/a><\/h3>\n<a href='https:\/\/virtual.cuautitlan.unam.mx\/rudics\/wp-content\/uploads\/2021\/02\/RUDICSv11n22p1_24.pdf' class='small-button smallblue' target=\"_blank\">PDF<\/a>\n<h3 class=\"post-heading\"><a href=\"https:\/\/virtual.cuautitlan.unam.mx\/rudics\/?p=3115\">Las Competencias Investigativas en estudiantes de la Licenciatura en Contadur\u00eda: Un reto<\/a><\/h3>\n<a href='https:\/\/virtual.cuautitlan.unam.mx\/rudics\/wp-content\/uploads\/2021\/03\/RUDICSv11n22p25_53.pdf' class='small-button smallblue' target=\"_blank\">PDF<\/a>\n<h3 class=\"post-heading\"><\/h3>\n<h3 class=\"module-title\"><strong>Rese\u00f1as de libros y art\u00edculos<\/strong><\/h3>\n<h3 class=\"post-heading\"><a href=\"https:\/\/virtual.cuautitlan.unam.mx\/rudics\/?p=3113\">Pradham, S. &amp; Nanniyur, V. (2021). Large scale quality transformation in hybrid development organizations \u2013 A case study. The Journal of Systems &amp; Software, 171 (110836)<\/a><\/h3>\n<a href='https:\/\/virtual.cuautitlan.unam.mx\/rudics\/wp-content\/uploads\/2021\/02\/RUDICSv11n22p53_55.pdf' class='small-button smallblue' target=\"_blank\">PDF<\/a>\n<h3 class=\"post-heading\"><a href=\"https:\/\/virtual.cuautitlan.unam.mx\/rudics\/?p=3111\">S\u00cdNTESIS DE ART\u00cdCULO: Mental aspects of cultural intelligence and self-creativity of nascent entrepreneurs: The mediating role of emotionality<\/a><\/h3>\n<a href='https:\/\/virtual.cuautitlan.unam.mx\/rudics\/wp-content\/uploads\/2021\/02\/RUDICSv11n22p56_66.pdf' class='small-button smallblue' target=\"_blank\">PDF<\/a>\n<p>&nbsp;<\/p>\n","protected":false},"excerpt":{"rendered":"<p>DOI: https:\/\/doi.org\/10.22201\/fesc.20072236e.2021.12.22 Secci\u00f3n de art\u00edculos general Calidad de la Educaci\u00f3n Superior en M\u00e9xico en el Contexto de la Acreditaci\u00f3n Internacional Las Competencias Investigativas en estudiantes de la Licenciatura en Contadur\u00eda: Un reto Rese\u00f1as de libros y art\u00edculos Pradham, S. &amp; Nanniyur, V. (2021). Large scale quality transformation in hybrid development organizations \u2013 A case study. [&hellip;]<\/p>\n","protected":false},"author":1,"featured_media":0,"parent":0,"menu_order":0,"comment_status":"closed","ping_status":"closed","template":"","meta":{"footnotes":""},"class_list":["post-3255","page","type-page","status-publish","hentry"],"_links":{"self":[{"href":"https:\/\/virtual.cuautitlan.unam.mx\/rudics\/index.php?rest_route=\/wp\/v2\/pages\/3255","targetHints":{"allow":["GET"]}}],"collection":[{"href":"https:\/\/virtual.cuautitlan.unam.mx\/rudics\/index.php?rest_route=\/wp\/v2\/pages"}],"about":[{"href":"https:\/\/virtual.cuautitlan.unam.mx\/rudics\/index.php?rest_route=\/wp\/v2\/types\/page"}],"author":[{"embeddable":true,"href":"https:\/\/virtual.cuautitlan.unam.mx\/rudics\/index.php?rest_route=\/wp\/v2\/users\/1"}],"replies":[{"embeddable":true,"href":"https:\/\/virtual.cuautitlan.unam.mx\/rudics\/index.php?rest_route=%2Fwp%2Fv2%2Fcomments&post=3255"}],"version-history":[{"count":7,"href":"https:\/\/virtual.cuautitlan.unam.mx\/rudics\/index.php?rest_route=\/wp\/v2\/pages\/3255\/revisions"}],"predecessor-version":[{"id":4541,"href":"https:\/\/virtual.cuautitlan.unam.mx\/rudics\/index.php?rest_route=\/wp\/v2\/pages\/3255\/revisions\/4541"}],"wp:attachment":[{"href":"https:\/\/virtual.cuautitlan.unam.mx\/rudics\/index.php?rest_route=%2Fwp%2Fv2%2Fmedia&parent=3255"}],"curies":[{"name":"wp","href":"https:\/\/api.w.org\/{rel}","templated":true}]}}