{"id":2758,"date":"2019-08-26T21:39:45","date_gmt":"2019-08-27T02:39:45","guid":{"rendered":"http:\/\/virtual.cuautitlan.unam.mx\/rudics\/?page_id=2758"},"modified":"2024-01-21T21:17:11","modified_gmt":"2024-01-22T03:17:11","slug":"numero-18","status":"publish","type":"page","link":"https:\/\/virtual.cuautitlan.unam.mx\/rudics\/?page_id=2758","title":{"rendered":"N\u00famero 18"},"content":{"rendered":"<h3>DOI: <span style=\"color: #0000ff;\"><a style=\"color: #0000ff;\" href=\"https:\/\/doi.org\/10.22201\/fesc.20072236e.2019.10.18\">https:\/\/doi.org\/10.22201\/fesc.20072236e.2019.10.18<\/a><\/span><\/h3>\n<h3><strong>Art\u00edculos<\/strong><\/h3>\n<h3 class=\"post-heading\"><a href=\"https:\/\/virtual.cuautitlan.unam.mx\/rudics\/?p=2624\">Alimentos y Comunicaci\u00f3n: un relato de signos<\/a><\/h3>\n<a href='https:\/\/virtual.cuautitlan.unam.mx\/rudics\/wp-content\/uploads\/2019\/02\/RUDICSv9n18p1_23.pdf' class='small-button smallblue' target=\"_blank\">PDF<\/a>\n<h3 class=\"post-heading\"><a href=\"https:\/\/virtual.cuautitlan.unam.mx\/rudics\/?p=2622\">Localidad y conexi\u00f3n digital como factores de competitividad de las Pymes<\/a><\/h3>\n<a href='https:\/\/virtual.cuautitlan.unam.mx\/rudics\/wp-content\/uploads\/2019\/02\/RUDICSv9n18p24_45.pdf' class='small-button smallblue' target=\"_blank\">PDF<\/a>\n<h3 class=\"post-heading\"><a href=\"https:\/\/virtual.cuautitlan.unam.mx\/rudics\/?p=2619\">Competencias informacionales: Un reto para el aprendizaje y la ense\u00f1anza en el siglo XXI<\/a><\/h3>\n<a href='https:\/\/virtual.cuautitlan.unam.mx\/rudics\/wp-content\/uploads\/2019\/02\/RUDICSv9n18p46_63.pdf' class='small-button smallblue' target=\"_blank\">PDF<\/a>\n<h3 class=\"post-heading\"><a href=\"https:\/\/virtual.cuautitlan.unam.mx\/rudics\/?p=2617\">Una mirada al estudio de la formaci\u00f3n de bibliotec\u00f3logos en Am\u00e9rica Latina y el Caribe<\/a><\/h3>\n<a href='https:\/\/virtual.cuautitlan.unam.mx\/rudics\/wp-content\/uploads\/2019\/02\/RUDICSv9n18p64_87.pdf' class='small-button smallblue' target=\"_blank\">PDF<\/a>\n<h3 class=\"module-title\"><strong>Rese\u00f1a de libros y art\u00edculos<\/strong><\/h3>\n<h3 class=\"post-heading\"><a href=\"https:\/\/virtual.cuautitlan.unam.mx\/rudics\/?p=2615\">Men\u00e9ndez, Eduardo L. (2017). Los racismos son eternos, pero los racistas no<\/a><\/h3>\n<a href='https:\/\/virtual.cuautitlan.unam.mx\/rudics\/wp-content\/uploads\/2019\/02\/RUDICSv9n18p88_91.pdf' class='small-button smallblue' target=\"_blank\">PDF<\/a>\n<h3 class=\"post-heading\"><a href=\"https:\/\/virtual.cuautitlan.unam.mx\/rudics\/?p=2612\">Hern\u00e1ndez-Sampieri, R. &amp; Mendoza, C (2018). Metodolog\u00eda de la investigaci\u00f3n. Las rutas cuantitativa, cualitativa y mixta<\/a><\/h3>\n<a href='https:\/\/virtual.cuautitlan.unam.mx\/rudics\/wp-content\/uploads\/2019\/02\/RUDICSv9n18p92_95.pdf' class='small-button smallblue' target=\"_blank\">PDF<\/a>\n<h3 class=\"module-title\"><strong>\u00a0<\/strong><\/h3>\n<p>&nbsp;<\/p>\n","protected":false},"excerpt":{"rendered":"<p>DOI: https:\/\/doi.org\/10.22201\/fesc.20072236e.2019.10.18 Art\u00edculos Alimentos y Comunicaci\u00f3n: un relato de signos Localidad y conexi\u00f3n digital como factores de competitividad de las Pymes Competencias informacionales: Un reto para el aprendizaje y la ense\u00f1anza en el siglo XXI Una mirada al estudio de la formaci\u00f3n de bibliotec\u00f3logos en Am\u00e9rica Latina y el Caribe Rese\u00f1a de libros y art\u00edculos [&hellip;]<\/p>\n","protected":false},"author":1,"featured_media":0,"parent":0,"menu_order":0,"comment_status":"closed","ping_status":"closed","template":"","meta":{"footnotes":""},"class_list":["post-2758","page","type-page","status-publish","hentry"],"_links":{"self":[{"href":"https:\/\/virtual.cuautitlan.unam.mx\/rudics\/index.php?rest_route=\/wp\/v2\/pages\/2758","targetHints":{"allow":["GET"]}}],"collection":[{"href":"https:\/\/virtual.cuautitlan.unam.mx\/rudics\/index.php?rest_route=\/wp\/v2\/pages"}],"about":[{"href":"https:\/\/virtual.cuautitlan.unam.mx\/rudics\/index.php?rest_route=\/wp\/v2\/types\/page"}],"author":[{"embeddable":true,"href":"https:\/\/virtual.cuautitlan.unam.mx\/rudics\/index.php?rest_route=\/wp\/v2\/users\/1"}],"replies":[{"embeddable":true,"href":"https:\/\/virtual.cuautitlan.unam.mx\/rudics\/index.php?rest_route=%2Fwp%2Fv2%2Fcomments&post=2758"}],"version-history":[{"count":11,"href":"https:\/\/virtual.cuautitlan.unam.mx\/rudics\/index.php?rest_route=\/wp\/v2\/pages\/2758\/revisions"}],"predecessor-version":[{"id":4586,"href":"https:\/\/virtual.cuautitlan.unam.mx\/rudics\/index.php?rest_route=\/wp\/v2\/pages\/2758\/revisions\/4586"}],"wp:attachment":[{"href":"https:\/\/virtual.cuautitlan.unam.mx\/rudics\/index.php?rest_route=%2Fwp%2Fv2%2Fmedia&parent=2758"}],"curies":[{"name":"wp","href":"https:\/\/api.w.org\/{rel}","templated":true}]}}