{"id":2406,"date":"2018-02-04T14:57:57","date_gmt":"2018-02-04T20:57:57","guid":{"rendered":"http:\/\/virtual.cuautitlan.unam.mx\/rudics\/?page_id=2406"},"modified":"2024-01-21T21:55:11","modified_gmt":"2024-01-22T03:55:11","slug":"numero-15","status":"publish","type":"page","link":"https:\/\/virtual.cuautitlan.unam.mx\/rudics\/?page_id=2406","title":{"rendered":"N\u00famero 15"},"content":{"rendered":"<h3>DOI: <span style=\"color: #0000ff;\"><a style=\"color: #0000ff;\" href=\"https:\/\/doi.org\/10.22201\/fesc.20072236e.2017.8.15\">https:\/\/doi.org\/10.22201\/fesc.20072236e.2017.8.15<\/a><\/span><\/h3>\n<h3><strong>Secci\u00f3n de art\u00edculos general<\/strong><\/h3>\n<h3 class=\"post-heading\"><a href=\"https:\/\/virtual.cuautitlan.unam.mx\/rudics\/?p=2305\">Campos de Conocimiento Emergentes para ser Incorporados por los Organismos Acreditadores<\/a><\/h3>\n<a href='https:\/\/virtual.cuautitlan.unam.mx\/rudics\/wp-content\/uploads\/2017\/08\/RUDICSv8n15p1_22.pdf' class='small-button smallblue' target=\"_blank\">PDF<\/a>\n<h3><a href=\"https:\/\/virtual.cuautitlan.unam.mx\/rudics\/?p=2298\">Mapa de ruta y estrategia alterna de transici\u00f3n energ\u00e9tica para el Sector El\u00e9ctrico Nacional. La importancia de la generaci\u00f3n distribuida a nivel regional<\/a><\/h3>\n<a href='https:\/\/virtual.cuautitlan.unam.mx\/rudics\/wp-content\/uploads\/2017\/08\/RUDICSv8n15p23_40.pdf' class='small-button smallblue' target=\"_blank\">PDF<\/a>\n<h3 class=\"module-title\"><strong>Secci\u00f3n de art\u00edculos especial<\/strong><\/h3>\n<h3><a href=\"https:\/\/virtual.cuautitlan.unam.mx\/rudics\/?p=2295\">Las pol\u00edticas de Trump y su impacto en M\u00e9xico<\/a><\/h3>\n<a href='https:\/\/virtual.cuautitlan.unam.mx\/rudics\/wp-content\/uploads\/2017\/08\/RUDICSv8n15p41_54.pdf' class='small-button smallblue' target=\"_blank\">PDF<\/a>\n<h3 class=\"module-title\"><strong>Rese\u00f1a de libros y art\u00edculos<\/strong><\/h3>\n<h3><a href=\"https:\/\/virtual.cuautitlan.unam.mx\/rudics\/?p=2292\">S\u00e1nchez, G. &amp; Angeles, M. (2016).\u00a0 Tesis y otras modalidades de titulaci\u00f3n: estrategias metodol\u00f3gicas. Cuautitl\u00e1n Izcalli, Edo. de M\u00e9x.: UNAM: FES-Cuautitl\u00e1n.<\/a><\/h3>\n<a href='https:\/\/virtual.cuautitlan.unam.mx\/rudics\/wp-content\/uploads\/2017\/08\/RUDICSv8n15p55_57.pdf' class='small-button smallblue' target=\"_blank\">PDF<\/a>\n<h3 class=\"module-title\"><strong>Informes de Coyuntura<\/strong><\/h3>\n<h3><a href=\"https:\/\/virtual.cuautitlan.unam.mx\/rudics\/?p=2290\">La Econom\u00eda Circular, una propuesta para la construcci\u00f3n del Desarrollo Sostenible<\/a><\/h3>\n<a href='https:\/\/virtual.cuautitlan.unam.mx\/rudics\/wp-content\/uploads\/2017\/08\/RUDICSv8n15p58_65.pdf' class='small-button smallblue' target=\"_blank\">PDF<\/a>\n<h3><a href=\"https:\/\/virtual.cuautitlan.unam.mx\/rudics\/?p=2288\">Burnout: La enfermedad silenciosa de la organizaci\u00f3n<\/a><\/h3>\n<a href='https:\/\/virtual.cuautitlan.unam.mx\/rudics\/wp-content\/uploads\/2017\/08\/RUDICSv8n15p66_72.pdf' class='small-button smallblue' target=\"_blank\">PDF<\/a>\n<p>&nbsp;<\/p>\n","protected":false},"excerpt":{"rendered":"<p>DOI: https:\/\/doi.org\/10.22201\/fesc.20072236e.2017.8.15 Secci\u00f3n de art\u00edculos general Campos de Conocimiento Emergentes para ser Incorporados por los Organismos Acreditadores Mapa de ruta y estrategia alterna de transici\u00f3n energ\u00e9tica para el Sector El\u00e9ctrico Nacional. La importancia de la generaci\u00f3n distribuida a nivel regional Secci\u00f3n de art\u00edculos especial Las pol\u00edticas de Trump y su impacto en M\u00e9xico Rese\u00f1a de [&hellip;]<\/p>\n","protected":false},"author":1,"featured_media":0,"parent":0,"menu_order":0,"comment_status":"closed","ping_status":"closed","template":"","meta":{"footnotes":""},"class_list":["post-2406","page","type-page","status-publish","hentry"],"_links":{"self":[{"href":"https:\/\/virtual.cuautitlan.unam.mx\/rudics\/index.php?rest_route=\/wp\/v2\/pages\/2406","targetHints":{"allow":["GET"]}}],"collection":[{"href":"https:\/\/virtual.cuautitlan.unam.mx\/rudics\/index.php?rest_route=\/wp\/v2\/pages"}],"about":[{"href":"https:\/\/virtual.cuautitlan.unam.mx\/rudics\/index.php?rest_route=\/wp\/v2\/types\/page"}],"author":[{"embeddable":true,"href":"https:\/\/virtual.cuautitlan.unam.mx\/rudics\/index.php?rest_route=\/wp\/v2\/users\/1"}],"replies":[{"embeddable":true,"href":"https:\/\/virtual.cuautitlan.unam.mx\/rudics\/index.php?rest_route=%2Fwp%2Fv2%2Fcomments&post=2406"}],"version-history":[{"count":16,"href":"https:\/\/virtual.cuautitlan.unam.mx\/rudics\/index.php?rest_route=\/wp\/v2\/pages\/2406\/revisions"}],"predecessor-version":[{"id":4613,"href":"https:\/\/virtual.cuautitlan.unam.mx\/rudics\/index.php?rest_route=\/wp\/v2\/pages\/2406\/revisions\/4613"}],"wp:attachment":[{"href":"https:\/\/virtual.cuautitlan.unam.mx\/rudics\/index.php?rest_route=%2Fwp%2Fv2%2Fmedia&parent=2406"}],"curies":[{"name":"wp","href":"https:\/\/api.w.org\/{rel}","templated":true}]}}