{"id":1209,"date":"2015-08-18T21:11:46","date_gmt":"2015-08-18T21:11:46","guid":{"rendered":"http:\/\/distancia.cuautitlan2.unam.mx\/rudics\/?page_id=1209"},"modified":"2024-01-22T16:34:09","modified_gmt":"2024-01-22T22:34:09","slug":"numero-xxxx","status":"publish","type":"page","link":"https:\/\/virtual.cuautitlan.unam.mx\/rudics\/?page_id=1209","title":{"rendered":"N\u00famero 10"},"content":{"rendered":"<h3>DOI: <span style=\"color: #0000ff;\"><a style=\"color: #0000ff;\" href=\"https:\/\/doi.org\/10.22201\/fesc.20072236e.2015.6.10\">https:\/\/doi.org\/10.22201\/fesc.20072236e.2015.6.10<\/a><\/span><\/h3>\n<h3><strong>Art\u00edculos<\/strong><\/h3>\n<h3><a href=\"https:\/\/virtual.cuautitlan.unam.mx\/rudics\/?p=1057\">El Consenso de Washington y la postura poskeynesiana<\/a><\/h3>\n<h3><a href='https:\/\/virtual.cuautitlan.unam.mx\/rudics\/wp-content\/uploads\/2015\/02\/El-consenso-de-Washington-y-la-postura-poskeynesiana.pdf' class='small-button smallblue' target=\"_blank\">PDF<\/a><\/h3>\n<h3><a href=\"https:\/\/virtual.cuautitlan.unam.mx\/rudics\/?p=1020\">Gesti\u00f3n del Conocimiento en las empresas competitivas e innovadoras: Estado del Arte<\/a><\/h3>\n<h3><a href='https:\/\/virtual.cuautitlan.unam.mx\/rudics\/wp-content\/uploads\/2016\/10\/Gestion-del-conocimiento-en-las-empresas-competitivas-e-innovadoras-Estado-del-arte.pdf' class='small-button smallblue' target=\"_blank\">PDF<\/a><\/h3>\n<h3><a href=\"https:\/\/virtual.cuautitlan.unam.mx\/rudics\/?p=1063\">Identidades sociales, estructuras emergentes y representaciones sociales (*)<\/a><\/h3>\n<h3><a href='https:\/\/virtual.cuautitlan.unam.mx\/rudics\/wp-content\/uploads\/2015\/02\/Identidades-sociales-estructuras-emergentes-y-representaciones-sociales.pdf' class='small-button smallblue' target=\"_blank\">PDF<\/a><\/h3>\n<h3><a href=\"https:\/\/virtual.cuautitlan.unam.mx\/rudics\/?p=1026\">La Pr\u00e1ctica de Valores en la Sucesi\u00f3n y su Continuidad en las Peque\u00f1as Empresas Familiares<\/a><\/h3>\n<h3><a href='https:\/\/virtual.cuautitlan.unam.mx\/rudics\/wp-content\/uploads\/2015\/02\/La-practica-de-Valores-en-la-sucesion-y-su-continuidad-en-las-pdf.pdf' class='small-button smallblue' target=\"_blank\">PDF<\/a><\/h3>\n<h3><a href=\"https:\/\/virtual.cuautitlan.unam.mx\/rudics\/?p=1006\">Crisis financiera global 2007-2010: diferencias para enfrentarla en M\u00e9xico y Estados Unidos<\/a><\/h3>\n<h3><a href='https:\/\/virtual.cuautitlan.unam.mx\/rudics\/wp-content\/uploads\/2015\/02\/Crisis-financiera-global-2007-2010-diferencias-para-enfrentarla-en-Mexico.pdf' class='small-button smallblue' target=\"_blank\">PDF<\/a><\/h3>\n<h3><a href=\"https:\/\/virtual.cuautitlan.unam.mx\/rudics\/?p=1044\">Flexibilizaci\u00f3n, innovaci\u00f3n y adaptaci\u00f3n como factores de la continuidad y supervivencia organizacional<\/a><\/h3>\n<h3><a href='https:\/\/virtual.cuautitlan.unam.mx\/rudics\/wp-content\/uploads\/2016\/10\/Flexibilizacion-innovacion-y-adaptacion-como-factores.pdf' class='small-button smallblue' target=\"_blank\">PDF<\/a><\/h3>\n<h3><\/h3>\n<h3><strong>Rese\u00f1as<\/strong><\/h3>\n<h3><a href=\"https:\/\/virtual.cuautitlan.unam.mx\/rudics\/?p=1071\">El capital en el siglo XXI<\/a><\/h3>\n<h3><a href='https:\/\/virtual.cuautitlan.unam.mx\/rudics\/wp-content\/uploads\/2015\/02\/El-capital-en-el-siglo-XX.pdf' class='small-button smallblue' target=\"_blank\">PDF<\/a><\/h3>\n","protected":false},"excerpt":{"rendered":"<p>DOI: https:\/\/doi.org\/10.22201\/fesc.20072236e.2015.6.10 Art\u00edculos El Consenso de Washington y la postura poskeynesiana Gesti\u00f3n del Conocimiento en las empresas competitivas e innovadoras: Estado del Arte Identidades sociales, estructuras emergentes y representaciones sociales (*) La Pr\u00e1ctica de Valores en la Sucesi\u00f3n y su Continuidad en las Peque\u00f1as Empresas Familiares Crisis financiera global 2007-2010: diferencias para enfrentarla en M\u00e9xico [&hellip;]<\/p>\n","protected":false},"author":1,"featured_media":0,"parent":0,"menu_order":0,"comment_status":"open","ping_status":"open","template":"","meta":{"footnotes":""},"class_list":["post-1209","page","type-page","status-publish","hentry"],"_links":{"self":[{"href":"https:\/\/virtual.cuautitlan.unam.mx\/rudics\/index.php?rest_route=\/wp\/v2\/pages\/1209","targetHints":{"allow":["GET"]}}],"collection":[{"href":"https:\/\/virtual.cuautitlan.unam.mx\/rudics\/index.php?rest_route=\/wp\/v2\/pages"}],"about":[{"href":"https:\/\/virtual.cuautitlan.unam.mx\/rudics\/index.php?rest_route=\/wp\/v2\/types\/page"}],"author":[{"embeddable":true,"href":"https:\/\/virtual.cuautitlan.unam.mx\/rudics\/index.php?rest_route=\/wp\/v2\/users\/1"}],"replies":[{"embeddable":true,"href":"https:\/\/virtual.cuautitlan.unam.mx\/rudics\/index.php?rest_route=%2Fwp%2Fv2%2Fcomments&post=1209"}],"version-history":[{"count":5,"href":"https:\/\/virtual.cuautitlan.unam.mx\/rudics\/index.php?rest_route=\/wp\/v2\/pages\/1209\/revisions"}],"predecessor-version":[{"id":4674,"href":"https:\/\/virtual.cuautitlan.unam.mx\/rudics\/index.php?rest_route=\/wp\/v2\/pages\/1209\/revisions\/4674"}],"wp:attachment":[{"href":"https:\/\/virtual.cuautitlan.unam.mx\/rudics\/index.php?rest_route=%2Fwp%2Fv2%2Fmedia&parent=1209"}],"curies":[{"name":"wp","href":"https:\/\/api.w.org\/{rel}","templated":true}]}}