{"id":11,"date":"2014-01-29T00:19:32","date_gmt":"2014-01-29T00:19:32","guid":{"rendered":"http:\/\/distancia.cuautitlan2.unam.mx\/rudics\/?page_id=11"},"modified":"2025-10-26T12:34:10","modified_gmt":"2025-10-26T18:34:10","slug":"normas-editoriales","status":"publish","type":"page","link":"https:\/\/virtual.cuautitlan.unam.mx\/rudics\/?page_id=11","title":{"rendered":"Normas editoriales"},"content":{"rendered":"<p style=\"text-align: justify;\"><strong>1.<\/strong>\u00a0La Revista Universitaria Digital de Ciencias Sociales (RUDICS) publica art\u00edculos que sean el resultado de investigaciones originales sobre aspectos relacionados con las ciencias sociales, en sentido amplio; ello incluye las investigaciones sobre: administraci\u00f3n y contadur\u00eda, antropolog\u00eda, historia, educaci\u00f3n, derecho, econom\u00eda, sociolog\u00eda y pol\u00edtica. En apartados diferentes al de Art\u00edculos, la RUDICS publica tambi\u00e9n trabajos de informes de coyuntura y rese\u00f1as bibliogr\u00e1ficas que puedan ser de inter\u00e9s y utilidad para la comunidad universitaria en el \u00e1rea de ciencias sociales.<\/p>\n<p style=\"text-align: justify;\"><strong>2.<\/strong>\u00a0Los trabajos enviados deber\u00e1n ser originales, no haber sido publicados con anterioridad, ni aceptados para su publicaci\u00f3n, ni encontrarse en proceso de evaluaci\u00f3n en otros medios de difusi\u00f3n.<\/p>\n<p style=\"text-align: justify;\"><strong>3.<\/strong>\u00a0Los trabajos deber\u00e1n enviarse por correo electr\u00f3nico a la direcci\u00f3n rudics.09@gmail.com.\u00a0 RUDICS mantendr\u00e1 correspondencia con los autores,\u00a0v\u00eda correo electr\u00f3nico, siendo la primera comunicaci\u00f3n el acuse de recibo del trabajo remitido.<\/p>\n<p style=\"text-align: justify;\"><strong>4.<\/strong> Los documentos deber\u00e1n ir en formato Microsoft Word (o, en su defecto, en formato TXT), a espacio 1.5, en formato de letra Arial, n\u00famero 12, con m\u00e1rgenes sim\u00e9tricos de 2,5 cm. y paginados. La extensi\u00f3n de los documentos <strong>no deber\u00e1 ser inferior a 15 p\u00e1ginas ni superior a las 20 p\u00e1ginas<\/strong> (tama\u00f1o DIN \u2013 A4), a excepci\u00f3n de informes y rese\u00f1as, que no superar\u00e1n las <strong>7 p\u00e1ginas<\/strong>, las primeras, y <strong>3 p\u00e1ginas<\/strong> las segundas. Las notas o referencias bibliogr\u00e1ficas de los documentos deber\u00e1n ir al final del trabajo en la secci\u00f3n de referencias.<\/p>\n<p style=\"text-align: justify;\"><strong>5.<\/strong> La primera p\u00e1gina del documento incluir\u00e1 el t\u00edtulo del trabajo en espa\u00f1ol y en ingl\u00e9s en tama\u00f1o de letra 14 y negrillas, el nombre completo del autor o los autores en tama\u00f1o de letra 12 y negrillas, su adscripci\u00f3n institucional y su correo electr\u00f3nico (preferentemente institucional), un resumen anal\u00edtico en espa\u00f1ol y en ingl\u00e9s (de 100 palabras como m\u00e1ximo) y palabras clave en espa\u00f1ol y en ingl\u00e9s (entre 2 y 5 palabras). Los subt\u00edtulos ser\u00e1n presentados en tama\u00f1o de letra 12 y negrillas asign\u00e1ndoles un n\u00famero progresivo, con excepci\u00f3n de la introducci\u00f3n y las conclusiones, que no ser\u00e1n numerados.<\/p>\n<p style=\"text-align: justify;\"><strong>6.<\/strong> Las tablas y figuras (fotos, gr\u00e1ficas y mapas) que se incluyan deber\u00e1n integrarse dentro del texto debidamente ordenadas y con las referencias de las fuentes de procedencia. Cada uno de ellos deber\u00e1 llevar el tipo (tabla o figura) acompa\u00f1ado de un n\u00famero consecutivo. Dichas tablas, cuadros, gr\u00e1ficas o figuras deber\u00e1n enviarse adem\u00e1s de forma independiente en formato JPEG o PNG.<\/p>\n<p style=\"text-align: justify;\"><strong>Los componentes de las tablas son: <\/strong><\/p>\n<ul style=\"text-align: justify;\">\n<li><strong>N\u00famero.<\/strong> Se anota en la parte superior de la tabla con negrillas.<\/li>\n<li><strong>T\u00edtulo.<\/strong> Debe colocarse en una l\u00ednea de doble espacio, debajo del n\u00famero de la tabla escrito con letras may\u00fasculas y min\u00fasculas, utilizando letras cursivas (el docente puede autorizar utilizar 1.5 de espaciado).<\/li>\n<li><strong>Encabezados.<\/strong> Existen diversos encabezados dependiendo de la naturaleza y la disposici\u00f3n de los datos. Todas las tablas deben incluir encabezados, ya que estos establecen la l\u00f3gica para la organizaci\u00f3n de los datos e identifican las columnas debajo de ellos. Los encabezados deben ser breves y es recomendable que tengan una extensi\u00f3n que no exceda el ancho de la columna.<\/li>\n<li><strong>Cuerpo.<\/strong> Incluye todas las filas y columnas de una tabla. Una celda es el punto de intersecci\u00f3n entre una fila y una columna: el cuerpo puede estar a espacio simple, a medio espacio o a doble espacio.<\/li>\n<\/ul>\n<p style=\"text-align: justify;\"><strong>Ejemplo:<\/strong><\/p>\n<p style=\"text-align: justify;\"><strong>TABLA 3.2.<\/strong><\/p>\n<p style=\"text-align: justify;\"><em>Cualidades de las pymes para implantaci\u00f3n y viabilidad de la Administraci\u00f3n del Conocimiento <\/em><\/p>\n<table>\n<tbody>\n<tr>\n<td><strong>ACTIVIDAD <\/strong><\/td>\n<td><strong>LOCALIZACI\u00d3N <\/strong><\/td>\n<\/tr>\n<tr>\n<td>Socializaci\u00f3n<\/td>\n<td>Proceso de creaci\u00f3n del conocimiento<\/td>\n<\/tr>\n<tr>\n<td>Asumir e interiorizar conocimiento com\u00fan<\/td>\n<td>Empleados y gerentes<\/td>\n<\/tr>\n<tr>\n<td>Capturar conocimiento de fuentes externas<\/td>\n<td>Limitaciones para crear conocimientos internamente<\/td>\n<\/tr>\n<tr>\n<td>Escasa p\u00e9rdida de conocimiento<\/td>\n<td>Flexibilidad y base de conocimiento com\u00fan<\/td>\n<\/tr>\n<tr>\n<td>Gesti\u00f3n del conocimiento<\/td>\n<td>Centrado en la persona m\u00e1s que en la tecnolog\u00eda<\/td>\n<\/tr>\n<\/tbody>\n<\/table>\n<p style=\"text-align: justify;\"><em>Nota.<\/em> Adaptado de &#8220;Excellence management practices, knowledge management and key business results in large organisations and SMEs: A multi-group analysis\u201d por A. Calvo-Mora, A. Navarro-Garc\u00eda, M. ReyMoreno, and R. Perianez-Cristobal, 2016, <em>European Management Journal<\/em>, <em>34<\/em>(6), p. 662 (https:\/\/doi.org\/10.1016\/j.emj.2016.06.005).<\/p>\n<p style=\"text-align: justify;\">Los componentes de las figuras son:<\/p>\n<ol style=\"text-align: justify;\">\n<li>N\u00famero de figura, en negrillas<\/li>\n<li>Debajo de la figura, en negrillas y en letras cursivas, el t\u00edtulo de la<\/li>\n<\/ol>\n<p style=\"text-align: justify;\">figura, utilizando letras may\u00fasculas y min\u00fasculas.<\/p>\n<p style=\"text-align: justify;\">c) La figura elegida<\/p>\n<p style=\"text-align: justify;\">d) Nota: Fuente<\/p>\n<p style=\"text-align: justify;\"><strong> Figura 3.2 <\/strong><\/p>\n<p style=\"text-align: justify;\"><em> Contaminaci\u00f3n y globalizaci\u00f3n <\/em><\/p>\n<p style=\"text-align: justify;\"><img loading=\"lazy\" decoding=\"async\" width=\"393\" height=\"183\" class=\"wp-image-5025\" src=\"https:\/\/virtual.cuautitlan.unam.mx\/rudics\/wp-content\/uploads\/2025\/01\/word-image-11-1.png\" srcset=\"https:\/\/virtual.cuautitlan.unam.mx\/rudics\/wp-content\/uploads\/2025\/01\/word-image-11-1.png 393w, https:\/\/virtual.cuautitlan.unam.mx\/rudics\/wp-content\/uploads\/2025\/01\/word-image-11-1-300x140.png 300w\" sizes=\"auto, (max-width: 393px) 100vw, 393px\" \/> <img loading=\"lazy\" decoding=\"async\" width=\"451\" height=\"502\" class=\"wp-image-5026\" src=\"https:\/\/virtual.cuautitlan.unam.mx\/rudics\/wp-content\/uploads\/2025\/01\/word-image-11-2.jpeg\" srcset=\"https:\/\/virtual.cuautitlan.unam.mx\/rudics\/wp-content\/uploads\/2025\/01\/word-image-11-2.jpeg 451w, https:\/\/virtual.cuautitlan.unam.mx\/rudics\/wp-content\/uploads\/2025\/01\/word-image-11-2-270x300.jpeg 270w\" sizes=\"auto, (max-width: 451px) 100vw, 451px\" \/><\/p>\n<p style=\"text-align: justify;\">Nota: De \u201cFoto\u201d. Router. (citado en: La paranoia social y la globalizaci\u00f3n<em>. Gaceta UNAM<\/em>, 2021, 9 de septiembre, (p. 4) https:\/\/www.gaceta.unam.mx\/la-paranoia-social-y-la-globalizacion- negativa\/<\/p>\n<p style=\"text-align: justify;\">En las tablas y figuras incluidas en el art\u00edculo, debe consignarse el cr\u00e9dito de la fuente original de donde se extrajo la informaci\u00f3n. Cuando el autor(res) del art\u00edculo han elaborado el contenido propio de la investigaci\u00f3n o de su an\u00e1lisis de estos, no es necesario anotar la Nota: Elaboraci\u00f3n propia.<\/p>\n<p><strong>7<\/strong>. Los art\u00edculos deber\u00e1n evidenciar la consulta de al menos <strong>10 fuentes o referncias distintas<\/strong>.<\/p>\n<p style=\"text-align: justify;\"><strong>8<\/strong>. Las referencias bibliogr\u00e1ficas deber\u00e1n estructurarse de acuerdo al estilo bibliogr\u00e1fico de las normas APA (S\u00e9ptima edici\u00f3n en ingl\u00e9s, 2020) con sangr\u00eda francesa y siguiendo el orden alfab\u00e9tico de los autores. El estilo para libros ser\u00e1 el siguiente: Primer apellido. Coma. Iniciales del nombre. Punto. A\u00f1o de publicaci\u00f3n entre par\u00e9ntesis. Punto. T\u00edtulo y subt\u00edtulo del libro separados por dos puntos en letra cursiva. Punto. N\u00famero de edici\u00f3n si procede. Punto. Editorial.<\/p>\n<p style=\"text-align: justify;\"><strong>Ejemplo de referencia de libro (Impreso) de un solo autor:<\/strong><\/p>\n<p style=\"text-align: justify;\">Agendo, A. (2021). <em>Econom\u00eda pol\u00edtica feminista: sostenibilidad de la vida y <\/em><em>econom\u00eda mundial. <\/em>Los Libros de la Catarata.<\/p>\n<p style=\"text-align: justify;\"><strong>Ejemplo de referencia de libro (Digital) de un solo autor:<\/strong><\/p>\n<p style=\"text-align: justify;\">Arima, Y. (2021). <em>Psichology of group and collective intelligence. <\/em>Springer International Publishing. https:\/\/librunam.dgb.unam.mx:8443\/F\/MHJNS5I295LBIN6R2C19L7QHIG7HS9ETRD8PTH9I9SY6IYUK56-01550?func=full-set-set&amp;set_number=004825&amp;set_entry=000051&amp;format=999 doi. 10.1007\/978-3-030-846985<\/p>\n<p style=\"text-align: justify;\"><strong>Ejemplo de referencia de libro de m\u00e1s de un autor: <\/strong><\/p>\n<p style=\"text-align: justify;\">Cu\u00e9, A. &amp; Quintana, L. (2017). <em>Fundamentos de econom\u00eda. <\/em> Patria.<\/p>\n<p style=\"text-align: justify;\"><strong>Ejemplo de referencia de libro de dos o m\u00e1s autores: <\/strong><\/p>\n<p style=\"text-align: justify;\">Verderber, R., Verderber, K. &amp; Selinow, D. (2016). <i>\u00a1Comun\u00edcate! <\/i>Cengage Learning<\/p>\n<p style=\"text-align: justify;\">El estilo para art\u00edculos ser\u00e1 el siguiente: Primer apellido. Coma. Iniciales del nombre. Punto. A\u00f1o de publicaci\u00f3n entre par\u00e9ntesis. Punto. T\u00edtulo y subt\u00edtulo del art\u00edculo, separados por dos puntos. Punto. T\u00edtulo de la revista en letra cursiva. Coma. Volumen, entre par\u00e9ntesis n\u00famero o fasc\u00edculo de la revista. Coma. P\u00e1gina inicial y final (Si es incluida). Indicar URL de donde digitalmente est\u00e1 disponible el art\u00edculo y n\u00famero de DOI.<\/p>\n<p style=\"text-align: justify;\"><strong>Ejemplo de referencia de art\u00edculo publicado en revista:<\/strong><\/p>\n<p style=\"text-align: justify;\">Rodr\u00edguez, R. (2018). Dos d\u00e9cadas del Proceso de Bolonia. <em>Revista Mexicana de <\/em><em>Investigaci\u00f3n Educativa<\/em>, 23(76) <a href=\"https:\/\/www.scielo.org.mx\/scielo.php?script=sci_arttext&amp;pid=S1405-\">https:\/\/www.scielo.org.mx\/scielo.php?script=sci_arttext&amp;pid=S1405-<\/a><\/p>\n<p style=\"text-align: justify;\">Wamba, S. F. &amp; Queiroz, M. M. (2020). Blockchain in the operations and supply Chain management: Benefits, challenges and futures research opportunities. <em>International Journal of Information Management<\/em>, 52(102064) <a href=\"https:\/\/doi.org\/10.1016\/j.ijinfomgt.2019.102064\" target=\"_blank\" rel=\"noopener\">https:\/\/doi.org\/10.1016\/j.ijinfomgt.2019.102064<\/a><\/p>\n<p style=\"text-align: justify;\"><strong>9. <\/strong>Las citas bibliogr\u00e1ficas que aparezcan en el texto deben ir entre par\u00e9ntesis, indicando el apellido del autor, el a\u00f1o de publicaci\u00f3n y el n\u00famero de las p\u00e1ginas. Ejemplo: (Freeman, 2022, pp. 32-33).<\/p>\n<p style=\"text-align: justify;\"><strong>10.<\/strong> Las referencias bibliogr\u00e1ficas de rese\u00f1as de libros deber\u00e1n estructurarse de acuerdo al estilo bibliogr\u00e1fico de las normas APA (S\u00e9ptima edici\u00f3n en ingl\u00e9s, 2020). Con sangr\u00eda francesa y siguiendo el orden alfab\u00e9tico de los autores; al final del texto se consignar\u00e1 el nombre y la adscripci\u00f3n institucional del autor o autores de la rese\u00f1a.<\/p>\n<p style=\"text-align: justify;\">El estilo para libros ser\u00e1 el siguiente: Primer apellido. Coma. Iniciales del nombre. Punto. A\u00f1o de publicaci\u00f3n entre par\u00e9ntesis. Punto. T\u00edtulo y subt\u00edtulo del libro en cursiva. N\u00famero de edici\u00f3n si procede. Punto. Nombre de la Editorial.<\/p>\n<p style=\"text-align: justify;\"><strong>Ejemplos de referencias de rese\u00f1as: libros <\/strong><\/p>\n<p style=\"text-align: justify;\">Libros:<\/p>\n<p style=\"text-align: justify;\">Freeman, L. (2022). <em>El desarrollo del an\u00e1lisis de redes sociales: Un estudio de <\/em><em>Sociolog\u00eda de la ciencia<\/em>. Palibrio. <strong>RESE\u00d1A POR.<\/strong> M\u00f3nica \u00c1lvarez P\u00e9rez. Universidad Aut\u00f3noma de Hidalgo. Facultad de Turismo.<\/p>\n<p style=\"text-align: justify;\"><strong>Ejemplo de referencia de art\u00edculo para rese\u00f1a.<\/strong><\/p>\n<p style=\"text-align: justify;\">El estilo para art\u00edculos ser\u00e1 el siguiente: Primer apellido. Coma. Iniciales del nombre. Punto. A\u00f1o de publicaci\u00f3n entre par\u00e9ntesis. Punto. T\u00edtulo del art\u00edculo y subt\u00edtulo separados por un punto y coma. Nombre o t\u00edtulo de la revista en letras cursivas. Punto. N\u00famero de Volumen. Sin espacio. Entre par\u00e9ntesis, n\u00famero de fasc\u00edculo. Coma. P\u00e1gina inicial y final asignadas por la editorial. Debe incluirse la URL donde apareci\u00f3 publicado el art\u00edculo; as\u00ed como el n\u00famero de DOI. Al final del texto se consignar\u00e1 el nombre y la adscripci\u00f3n institucional del autor o autores de la rese\u00f1a.<\/p>\n<p style=\"text-align: justify;\">O\u00b4Reilly, T., Wang, Z., Sabatini, J. (2019). How Much Knowledge Is Too Little?\u00a0When a Lack of Knowledge Becomes a Barrier to Comprehension. <em>Psychological Science<\/em>. <em>30(9),19-25. <\/em>doi.org\/10.1177\/0956797619862276 .<\/p>\n<p style=\"text-align: justify;\"><strong>RESE\u00d1A POR<\/strong>: Antonio Rodr\u00edguez L\u00f3pez. UNAM: FES-Cuautitl\u00e1n.<\/p>\n<p style=\"text-align: justify;\"><strong>11<\/strong>. Una vez que los art\u00edculos enviados sean aprobados por el Comit\u00e9 Cient\u00edfico de RUDICS, los autores recibir\u00e1n, v\u00eda correo electr\u00f3nico, un archivo PDF donde solo se realizar\u00e1n m\u00ednimas rectificaciones de estilo sin cambiar lo sustancial del contenido. Esto se llevar\u00e1 a cabo v\u00eda correo electr\u00f3nico en el plazo m\u00e1ximo de quince d\u00edas desde la fecha de aprobaci\u00f3n, para evitar en todo lo posible los retrasos en la publicaci\u00f3n dentro del n\u00famero previsto. Esto se llevar\u00e1 a cabo v\u00eda correo electr\u00f3nico en el plazo m\u00e1ximo de quince d\u00edas desde la fecha de aprobaci\u00f3n, para evitar en todo lo posible los retrasos en la publicaci\u00f3n dentro del n\u00famero previsto.<\/p>\n<p style=\"text-align: justify;\"><strong>12<\/strong>. Los manuscritos enviados, salvo rese\u00f1as e informes de coyuntura que revisar\u00e1 el Comit\u00e9 Editorial, ser\u00e1n sometidos a la evaluaci\u00f3n de dos miembros del Comit\u00e9 Cient\u00edfico cuyo perfil sea af\u00edn con el tema que aborde el art\u00edculo, conformado por acad\u00e9micos de reconocido prestigio de diversas Facultades e Institutos de la UNAM y otras universidades nacionales y extranjeras, utilizando el sistema de doble ciego. Los autores recibir\u00e1n informaci\u00f3n del eventual rechazo de sus trabajos, de los ajustes sugeridos para que proceda la aceptaci\u00f3n definitiva de los mismos o la aceptaci\u00f3n sin cambios. Los originales aceptados se publicar\u00e1n en el primer n\u00famero donde exista disponibilidad de espacio.<\/p>\n","protected":false},"excerpt":{"rendered":"<p>1.\u00a0La Revista Universitaria Digital de Ciencias Sociales (RUDICS) publica art\u00edculos que sean el resultado de investigaciones originales sobre aspectos relacionados con las ciencias sociales, en sentido amplio; ello incluye las investigaciones sobre: administraci\u00f3n y contadur\u00eda, antropolog\u00eda, historia, educaci\u00f3n, derecho, econom\u00eda, sociolog\u00eda y pol\u00edtica. En apartados diferentes al de Art\u00edculos, la RUDICS publica tambi\u00e9n trabajos de [&hellip;]<\/p>\n","protected":false},"author":1,"featured_media":0,"parent":0,"menu_order":0,"comment_status":"open","ping_status":"open","template":"","meta":{"footnotes":""},"class_list":["post-11","page","type-page","status-publish","hentry"],"_links":{"self":[{"href":"https:\/\/virtual.cuautitlan.unam.mx\/rudics\/index.php?rest_route=\/wp\/v2\/pages\/11","targetHints":{"allow":["GET"]}}],"collection":[{"href":"https:\/\/virtual.cuautitlan.unam.mx\/rudics\/index.php?rest_route=\/wp\/v2\/pages"}],"about":[{"href":"https:\/\/virtual.cuautitlan.unam.mx\/rudics\/index.php?rest_route=\/wp\/v2\/types\/page"}],"author":[{"embeddable":true,"href":"https:\/\/virtual.cuautitlan.unam.mx\/rudics\/index.php?rest_route=\/wp\/v2\/users\/1"}],"replies":[{"embeddable":true,"href":"https:\/\/virtual.cuautitlan.unam.mx\/rudics\/index.php?rest_route=%2Fwp%2Fv2%2Fcomments&post=11"}],"version-history":[{"count":11,"href":"https:\/\/virtual.cuautitlan.unam.mx\/rudics\/index.php?rest_route=\/wp\/v2\/pages\/11\/revisions"}],"predecessor-version":[{"id":5170,"href":"https:\/\/virtual.cuautitlan.unam.mx\/rudics\/index.php?rest_route=\/wp\/v2\/pages\/11\/revisions\/5170"}],"wp:attachment":[{"href":"https:\/\/virtual.cuautitlan.unam.mx\/rudics\/index.php?rest_route=%2Fwp%2Fv2%2Fmedia&parent=11"}],"curies":[{"name":"wp","href":"https:\/\/api.w.org\/{rel}","templated":true}]}}