{"id":185,"date":"2021-10-30T21:44:53","date_gmt":"2021-10-31T03:44:53","guid":{"rendered":"http:\/\/virtual.cuautitlan.unam.mx\/intar\/sistdig\/?page_id=185"},"modified":"2023-08-01T22:21:14","modified_gmt":"2023-08-02T04:21:14","slug":"proyectos-para-armar","status":"publish","type":"page","link":"https:\/\/virtual.cuautitlan.unam.mx\/intar\/sistdig\/proyectos-para-armar\/","title":{"rendered":"Proyectos para armar"},"content":{"rendered":"<h1><strong>Proyectos para armar<\/strong><\/h1>\n<p>En esta secci\u00f3n se presentar\u00e1n diferentes prototipos realizados con ayuda de acad\u00e9micos y alumnos que integran el proyecto institucional. La idea de esta secci\u00f3n es incentivar a usuarios interesados en el desarrollo de prototipos pero que no saben como iniciar.<\/p>\n<p>Cada uno de los prototipos aqu\u00ed descritos buscar\u00e1n dar todas las bases necesarias para que se puedan replicar por cualquier usuario.<\/p>\n<h2><strong>Dise\u00f1o de veh\u00edculo\/Juguete did\u00e1ctico controlado por voz<\/strong><\/h2>\n<p>En este proyecto se dise\u00f1a un veh\u00edculo que puede ser utilizado como un juguete controlado por voz, este control no convencional, permite que personas con capacidades diferentes puedan interactuar con la tecnolog\u00eda en un forma natural y sencilla. Adicionalmente, se crea con la intenci\u00f3n de que un usuario que no cuenta con conocimientos t\u00e9cnicos, pueda desarrollarlo de la mejor manera.<\/p>\n<p>El proyecto se desarroll\u00f3 con el alumno Marcos Daniel Garc\u00eda Cruz, de la carrera de Ingenier\u00eda Mec\u00e1nica El\u00e9ctrica de la FES Cuautitl\u00e1n.<\/p>\n<p>&nbsp;<\/p>\n<p><a href=\"http:\/\/virtual.cuautitlan.unam.mx\/intar\/sistdig\/wp-content\/uploads\/sites\/16\/2021\/10\/Veh\u00edculo.jpg\"><img loading=\"lazy\" decoding=\"async\" class=\"aligncenter wp-image-186 size-full\" src=\"http:\/\/virtual.cuautitlan.unam.mx\/intar\/sistdig\/wp-content\/uploads\/sites\/16\/2021\/10\/Veh\u00edculo.jpg\" alt=\"\" width=\"295\" height=\"307\" srcset=\"https:\/\/virtual.cuautitlan.unam.mx\/intar\/sistdig\/wp-content\/uploads\/sites\/16\/2021\/10\/Veh\u00edculo.jpg 295w, https:\/\/virtual.cuautitlan.unam.mx\/intar\/sistdig\/wp-content\/uploads\/sites\/16\/2021\/10\/Veh\u00edculo-288x300.jpg 288w\" sizes=\"(max-width: 295px) 100vw, 295px\" \/><\/a><\/p>\n<p>El proyecto se encuentra descrito en el archivo descargable de la siguiente liga:<\/p>\n<p style=\"text-align: center;\"><a href=\"http:\/\/virtual.cuautitlan.unam.mx\/intar\/sistdig\/wp-content\/uploads\/sites\/16\/2021\/10\/Dise\u00f1o-de-veh\u00edculo-did\u00e1ctico-controlado-por-voz.pdf\"><strong>Descargar<\/strong><\/a><\/p>\n<p>Para la realizaci\u00f3n de este proyecto se realizaron los scripts que se pueden ver en el archivo anterior, estos mismos pueden ser descargados del siguiente link, con la intenci\u00f3n de que pueda ser replicado por un estudiante.<\/p>\n<p style=\"text-align: center;\"><strong>http:\/\/virtual.cuautitlan.unam.mx\/intar\/wp-content\/uploads\/2023\/08\/Codigos-carrito-con-telefono.rar<\/strong><\/p>\n<p>&nbsp;<\/p>\n","protected":false},"excerpt":{"rendered":"<p>Proyectos para armar En esta secci\u00f3n se presentar\u00e1n diferentes prototipos realizados con ayuda de acad\u00e9micos y alumnos que integran el proyecto institucional. La idea de esta secci\u00f3n es incentivar a usuarios interesados en el desarrollo de prototipos pero que no saben como iniciar. Cada uno de los prototipos aqu\u00ed descritos buscar\u00e1n dar todas las bases &hellip; <\/p>\n<p class=\"link-more\"><a href=\"https:\/\/virtual.cuautitlan.unam.mx\/intar\/sistdig\/proyectos-para-armar\/\" class=\"more-link\">Continuar leyendo<span class=\"screen-reader-text\"> &#8220;Proyectos para armar&#8221;<\/span><\/a><\/p>\n","protected":false},"author":3,"featured_media":0,"parent":0,"menu_order":0,"comment_status":"closed","ping_status":"closed","template":"","meta":{"footnotes":""},"class_list":["post-185","page","type-page","status-publish","hentry"],"_links":{"self":[{"href":"https:\/\/virtual.cuautitlan.unam.mx\/intar\/sistdig\/wp-json\/wp\/v2\/pages\/185"}],"collection":[{"href":"https:\/\/virtual.cuautitlan.unam.mx\/intar\/sistdig\/wp-json\/wp\/v2\/pages"}],"about":[{"href":"https:\/\/virtual.cuautitlan.unam.mx\/intar\/sistdig\/wp-json\/wp\/v2\/types\/page"}],"author":[{"embeddable":true,"href":"https:\/\/virtual.cuautitlan.unam.mx\/intar\/sistdig\/wp-json\/wp\/v2\/users\/3"}],"replies":[{"embeddable":true,"href":"https:\/\/virtual.cuautitlan.unam.mx\/intar\/sistdig\/wp-json\/wp\/v2\/comments?post=185"}],"version-history":[{"count":4,"href":"https:\/\/virtual.cuautitlan.unam.mx\/intar\/sistdig\/wp-json\/wp\/v2\/pages\/185\/revisions"}],"predecessor-version":[{"id":277,"href":"https:\/\/virtual.cuautitlan.unam.mx\/intar\/sistdig\/wp-json\/wp\/v2\/pages\/185\/revisions\/277"}],"wp:attachment":[{"href":"https:\/\/virtual.cuautitlan.unam.mx\/intar\/sistdig\/wp-json\/wp\/v2\/media?parent=185"}],"curies":[{"name":"wp","href":"https:\/\/api.w.org\/{rel}","templated":true}]}}