{"id":125,"date":"2025-02-13T20:02:00","date_gmt":"2025-02-14T02:02:00","guid":{"rendered":"https:\/\/virtual.cuautitlan.unam.mx\/intar\/sistanalog\/?page_id=125"},"modified":"2025-02-16T15:47:47","modified_gmt":"2025-02-16T21:47:47","slug":"555-astable","status":"publish","type":"page","link":"https:\/\/virtual.cuautitlan.unam.mx\/intar\/sistanalog\/555-astable\/","title":{"rendered":"555 Astable"},"content":{"rendered":"<p><span style=\"font-size: 1.5rem\">Temporizador 555 como oscilador astable<\/span><\/p>\n<section>\n<article>\n<h2>Teor\u00eda de operaci\u00f3n<\/h2>\n<p>El temporizador 555 se puede utilizar como astable o multivibrador de oscilaci\u00f3n libre, esto quiere decir que a su salida no hay un estado fijo, sino que esta cambia de estado en periodos de tiempo fijo.<\/p>\n<p>La Fig. muestra la configuraci\u00f3n del 555 como astable.<\/p>\n<figure id=\"attachment_110\" aria-describedby=\"caption-attachment-110\" style=\"width: 600px\" class=\"wp-caption aligncenter\"><img loading=\"lazy\" decoding=\"async\" class=\"size-medium wp-image-110\" src=\"http:\/\/virtual.cuautitlan.unam.mx\/intar\/sistanalog\/wp-content\/uploads\/sites\/21\/2025\/02\/555_Astable_Funcional-600x484.png\" alt=\"Configuraci\u00f3n del 555 como oscilador astable.\" width=\"600\" height=\"484\" srcset=\"https:\/\/virtual.cuautitlan.unam.mx\/intar\/sistanalog\/wp-content\/uploads\/sites\/21\/2025\/02\/555_Astable_Funcional-600x484.png 600w, https:\/\/virtual.cuautitlan.unam.mx\/intar\/sistanalog\/wp-content\/uploads\/sites\/21\/2025\/02\/555_Astable_Funcional.png 753w\" sizes=\"(max-width: 600px) 100vw, 600px\" \/><figcaption id=\"caption-attachment-110\" class=\"wp-caption-text\">Configuraci\u00f3n del 555 como oscilador astable.<\/figcaption><\/figure>\n<p>La teor\u00eda de operaci\u00f3n es como sigue: Supongamos que en un inicio el capacitor est\u00e1 descargado. En la entrada del comparador U2 se tiene en la entrada negativa un voltaje de 0V y en la entrada positiva un voltaje de V<sub>cc<\/sub>\/3, por lo cual, en la salida se tiene un valor aproximado de V<sub>cc<\/sub>. En el comparador U1 se tiene en la entrada positiva un valor de 0V y en la entrada negativa un valor de 2V<sub>cc<\/sub>\/3, por lo cual en la salida se tiene un valor de 0V.<\/p>\n<p>Con las salidas de los comparadores se tiene que en la entrada <i>R<\/i> del flip-flop se tenga V_<sub>cc<\/sub> y en la entrada <i>S<\/i> un valor de 0V, por lo tanto, en la salida del flip-flop se tiene un valor de V<sub>cc<\/sub> y en su salida complementaria se tienga un valor de 0V.<\/p>\n<p>Con la salida complementaria del flip-flop en 0V, el transistor de paso Q1 esta en corte, por tanto, no conduce. Lo anterior produce que el capacitor ahora se cargue gradualmente a trav\u00e9s de R<sub>1<\/sub> y R<sub>2<\/sub>. La carga del capacitor se realiza hasta que alcanza el valor de 2V<sub>cc<\/sub>\/3, cuando alcanza dicho valor las salidas de los comparadores se invierten. Esto produce que conmute la salida del flip-flop, en otras palabras, ahora la salida tiene un valor de 0V y la salida complementaria un valor de V<sub>cc<\/sub>.<\/p>\n<p>Con la salida del flip-flop en V<sub>cc<\/sub>, el transistor de paso ahora conduce y esto produce que el capacitor ahora se descargue a trav\u00e9s de R<sub>2<\/sub>. Este estado se mantiene hasta que el capacitor alcance el valor de V<sub>cc<\/sub>\/3 y conmuten nuevamente las salidas del flip-flop. Las condiciones anteriores se repiten indefinidamente, produciendo en la salida una oscilaci\u00f3n. En la figura se observa el comportamiento antes mencionado, en donde la se\u00f1al en verde representa la salida del flip-flop y la salida en rosa la carga y descarga del capacitor.<\/p>\n<figure id=\"attachment_112\" aria-describedby=\"caption-attachment-112\" style=\"width: 600px\" class=\"wp-caption aligncenter\"><img loading=\"lazy\" decoding=\"async\" class=\"size-medium wp-image-112\" src=\"http:\/\/virtual.cuautitlan.unam.mx\/intar\/sistanalog\/wp-content\/uploads\/sites\/21\/2025\/02\/555_Astable_Plot_1-600x214.png\" alt=\"Gr\u00e1ficas de salida del 555 y la carga y descarga del capacitor.\" width=\"600\" height=\"214\" srcset=\"https:\/\/virtual.cuautitlan.unam.mx\/intar\/sistanalog\/wp-content\/uploads\/sites\/21\/2025\/02\/555_Astable_Plot_1-600x214.png 600w, https:\/\/virtual.cuautitlan.unam.mx\/intar\/sistanalog\/wp-content\/uploads\/sites\/21\/2025\/02\/555_Astable_Plot_1-1024x365.png 1024w, https:\/\/virtual.cuautitlan.unam.mx\/intar\/sistanalog\/wp-content\/uploads\/sites\/21\/2025\/02\/555_Astable_Plot_1-768x274.png 768w, https:\/\/virtual.cuautitlan.unam.mx\/intar\/sistanalog\/wp-content\/uploads\/sites\/21\/2025\/02\/555_Astable_Plot_1.png 1128w\" sizes=\"(max-width: 600px) 100vw, 600px\" \/><figcaption id=\"caption-attachment-112\" class=\"wp-caption-text\">Gr\u00e1ficas de salida del 555 y la carga y descarga del capacitor.<\/figcaption><\/figure>\n<p>Un an\u00e1lisis similar se puede realizar si se considera que el capacitor est\u00e1 cargado completamente.<\/p>\n<p>Para la carga del capacitor se tiene una salida en el 555 en alto. La ecuaci\u00f3n que describe este comportamiento est\u00e1 dado por:<\/p>\n<figure id=\"attachment_95\" aria-describedby=\"caption-attachment-95\" style=\"width: 306px\" class=\"wp-caption aligncenter\"><img loading=\"lazy\" decoding=\"async\" class=\"size-full wp-image-95\" src=\"http:\/\/virtual.cuautitlan.unam.mx\/intar\/sistanalog\/wp-content\/uploads\/sites\/21\/2025\/02\/555_Astable_Carga_Eq.png\" alt=\"Ecuaci\u00f3n de carga\/descarga del capacitor.\" width=\"306\" height=\"43\" \/><figcaption id=\"caption-attachment-95\" class=\"wp-caption-text\">Ecuaci\u00f3n de carga\/descarga del capacitor.<\/figcaption><\/figure>\n<p>Teniendo en cuenta que para la carga del capacitor se tiene una salida en alto, obtenemos que t = t<sub>H<\/sub> y el voltaje final en el capacitor es 2 V<sub>cc<\/sub>\/3. Sustituyendo lo anterior y despejando t<sub>H<\/sub>, se obtiene:<\/p>\n<p><img loading=\"lazy\" decoding=\"async\" class=\"aligncenter size-full wp-image-114\" src=\"http:\/\/virtual.cuautitlan.unam.mx\/intar\/sistanalog\/wp-content\/uploads\/sites\/21\/2025\/02\/555_Astable_tH_Eq.png\" alt=\"\" width=\"172\" height=\"18\" \/><\/p>\n<p>El mismo an\u00e1lisis matem\u00e1tico se puede realizar para la descarga del capacitor, en donde la descarga se da a trav\u00e9s de R<sub>2<\/sub>, dando un resultado ahora para t<sub>D<\/sub> de:<\/p>\n<p><img loading=\"lazy\" decoding=\"async\" class=\"aligncenter size-full wp-image-113\" src=\"http:\/\/virtual.cuautitlan.unam.mx\/intar\/sistanalog\/wp-content\/uploads\/sites\/21\/2025\/02\/555_Astable_tD_Eq.png\" alt=\"\" width=\"115\" height=\"15\" \/><\/p>\n<p>El periodo a la salida del 555 est\u00e1 compuesto por t<sub>H<\/sub> y t<sub>D<\/sub>. La ecuaci\u00f3n que describe el periodo est\u00e1 dado por:<\/p>\n<p><img loading=\"lazy\" decoding=\"async\" class=\"aligncenter size-full wp-image-111\" src=\"http:\/\/virtual.cuautitlan.unam.mx\/intar\/sistanalog\/wp-content\/uploads\/sites\/21\/2025\/02\/555_Astable_Periodo_Eq.png\" alt=\"\" width=\"257\" height=\"18\" \/><\/p>\n<p>La frecuencia est\u00e1 dada por:<\/p>\n<p><img loading=\"lazy\" decoding=\"async\" class=\"aligncenter size-full wp-image-109\" src=\"http:\/\/virtual.cuautitlan.unam.mx\/intar\/sistanalog\/wp-content\/uploads\/sites\/21\/2025\/02\/555_Astable_Frecuencia_Eq.png\" alt=\"\" width=\"180\" height=\"41\" \/><\/p>\n<p>El ciclo de trabajo (en porcentaje), que se define como el tiempo en que est\u00e1 activo o en alto la salida con respecto al periodo de la se\u00f1al al 100%, est\u00e1 dado por:<\/p>\n<p><img loading=\"lazy\" decoding=\"async\" class=\"aligncenter size-full wp-image-96\" src=\"http:\/\/virtual.cuautitlan.unam.mx\/intar\/sistanalog\/wp-content\/uploads\/sites\/21\/2025\/02\/555_Astable_DC_Eq.png\" alt=\"\" width=\"320\" height=\"39\" \/><\/p>\n<\/article>\n<article>\n<hr \/>\n<h2>Ejemplo de an\u00e1lisis<\/h2>\n<p><b>Ejemplo:<\/b> El 555 se configura como oscilador astable. Los valores de R<sub>1<\/sub> son 10k, R<sub>2<\/sub> de 10k y C es de 10n. Calcule el tiempo en alto, el tiempo en bajo, el periodo, la frecuencia y el ciclo de trabajo.<\/p>\n<p><b>Soluci\u00f3n: <\/b>Como el 555 como oscilador astable, utilizamos las f\u00f3rmulas mostradas anteriormente.<\/p>\n<p>Para el tiempo en alto, <b>t<sub>H<\/sub><\/b>, tenemos:<\/p>\n<p><img loading=\"lazy\" decoding=\"async\" class=\"aligncenter size-full wp-image-100\" src=\"http:\/\/virtual.cuautitlan.unam.mx\/intar\/sistanalog\/wp-content\/uploads\/sites\/21\/2025\/02\/555_Astable_Ej1_tH.png\" alt=\"\" width=\"322\" height=\"18\" \/><\/p>\n<p>Para el tiempo en bajo, <b>t<sub>L<\/sub><\/b>, tenemos:<\/p>\n<p><img loading=\"lazy\" decoding=\"async\" class=\"aligncenter size-full wp-image-101\" src=\"http:\/\/virtual.cuautitlan.unam.mx\/intar\/sistanalog\/wp-content\/uploads\/sites\/21\/2025\/02\/555_Astable_Ej1_tL.png\" alt=\"\" width=\"248\" height=\"18\" \/><\/p>\n<p>Para el periodo de la se\u00f1al, <b>T<\/b>, tenemos:<\/p>\n<p><img loading=\"lazy\" decoding=\"async\" class=\"aligncenter size-full wp-image-99\" src=\"http:\/\/virtual.cuautitlan.unam.mx\/intar\/sistanalog\/wp-content\/uploads\/sites\/21\/2025\/02\/555_Astable_Ej1_T.png\" alt=\"\" width=\"249\" height=\"16\" \/><\/p>\n<p>Para la frecuencia, <b><i>f<\/i><\/b>, tenemos:<\/p>\n<p><img loading=\"lazy\" decoding=\"async\" class=\"aligncenter size-full wp-image-98\" src=\"http:\/\/virtual.cuautitlan.unam.mx\/intar\/sistanalog\/wp-content\/uploads\/sites\/21\/2025\/02\/555_Astable_Ej1_f.png\" alt=\"\" width=\"185\" height=\"40\" \/><\/p>\n<p>Finalmente, para el ciclo de trabajo, <b>D.C.(%)<\/b>, tenemos:<\/p>\n<p><img loading=\"lazy\" decoding=\"async\" class=\"aligncenter size-full wp-image-97\" src=\"http:\/\/virtual.cuautitlan.unam.mx\/intar\/sistanalog\/wp-content\/uploads\/sites\/21\/2025\/02\/555_Astable_Ej1_DC.png\" alt=\"\" width=\"293\" height=\"40\" \/><\/p>\n<\/article>\n<article>\n<hr \/>\n<h2>Ejemplo de dise\u00f1o<\/h2>\n<p><b>Ejemplo:<\/b> Dise\u00f1e un oscilador astable construido con un 555 de tal manera que se tenga a su salida una se\u00f1al con una frecuencia de 2kHz y un ciclo de trabajo del 75%.<\/p>\n<p><b>Soluci\u00f3n:<\/b> Se comienza realizando el an\u00e1lisis del problema como sigue:<\/p>\n<p>De la ecuaci\u00f3n de la frecuencia, <b><i>f<\/i><\/b> ,despejamos el valor del periodo, <b>T<\/b>:<\/p>\n<p><img loading=\"lazy\" decoding=\"async\" class=\"aligncenter size-full wp-image-104\" src=\"http:\/\/virtual.cuautitlan.unam.mx\/intar\/sistanalog\/wp-content\/uploads\/sites\/21\/2025\/02\/555_Astable_Ej2_T.png\" alt=\"\" width=\"189\" height=\"40\" \/><\/p>\n<p>De la ecuaci\u00f3n del ciclo de trabajo, <b>D.C.(%)<\/b>, podemos despejar el valor de <b>t<sub>H<\/sub><\/b> y sustituyendo valores obtenemos:<\/p>\n<p><img loading=\"lazy\" decoding=\"async\" class=\"aligncenter size-full wp-image-105\" src=\"http:\/\/virtual.cuautitlan.unam.mx\/intar\/sistanalog\/wp-content\/uploads\/sites\/21\/2025\/02\/555_Astable_Ej2_tH.png\" alt=\"\" width=\"338\" height=\"39\" \/><\/p>\n<p>De la ecuaci\u00f3n del periodo que relaciona <b>t<sub>H<\/sub><\/b> y <b>t<sub>L<\/sub><\/b> podemos despejar el valor de <b>t<sub>L<\/sub><\/b>, obteniendo:<\/p>\n<p><img loading=\"lazy\" decoding=\"async\" class=\"aligncenter size-full wp-image-107\" src=\"http:\/\/virtual.cuautitlan.unam.mx\/intar\/sistanalog\/wp-content\/uploads\/sites\/21\/2025\/02\/555_Astable_Ej2_tL.png\" alt=\"\" width=\"412\" height=\"16\" \/><\/p>\n<p>Sustituyendo valores en las ecuaciones de <b>t<sub>H<\/sub><\/b> y <b>t<sub>L<\/sub><\/b> que relacionan a <b>R<sub>1<\/sub><\/b>, <b>R<sub>2<\/sub><\/b> y <b>C<\/b>, tenemos:<\/p>\n<p><img loading=\"lazy\" decoding=\"async\" class=\"aligncenter size-full wp-image-106\" src=\"http:\/\/virtual.cuautitlan.unam.mx\/intar\/sistanalog\/wp-content\/uploads\/sites\/21\/2025\/02\/555_Astable_Ej2_tH_2.png\" alt=\"\" width=\"199\" height=\"18\" \/><\/p>\n<p>y<\/p>\n<p><img loading=\"lazy\" decoding=\"async\" class=\"aligncenter size-full wp-image-108\" src=\"http:\/\/virtual.cuautitlan.unam.mx\/intar\/sistanalog\/wp-content\/uploads\/sites\/21\/2025\/02\/555_Astable_Ej2_tL_2.png\" alt=\"\" width=\"155\" height=\"18\" \/><\/p>\n<p>Como observamos tenemos dos ecuaciones y tres inc\u00f3gnitas, <b>R<sub>1<\/sub><\/b>, <b>R<sub>2<\/sub><\/b> y <b>C<\/b>, como en la mayor\u00eda de los dise\u00f1os. En este caso de estudio, podemos elegir alguna de las inc\u00f3gnitas y darle un valor. Se elige entonces el valor de <b>C<\/b>, sin embargo, para esto se debe elegir un valor comercial, por tanto, damos a <b>C<\/b> el valor de 100nF. Finalmente de la ecuaci\u00f3n de <b>t<sub>L<\/sub><\/b> despejamos el valor de <b>R<sub>2<\/sub><\/b>, teniendo as\u00ed:<\/p>\n<p><img loading=\"lazy\" decoding=\"async\" class=\"aligncenter size-full wp-image-103\" src=\"http:\/\/virtual.cuautitlan.unam.mx\/intar\/sistanalog\/wp-content\/uploads\/sites\/21\/2025\/02\/555_Astable_Ej2_R2.png\" alt=\"\" width=\"301\" height=\"41\" \/><\/p>\n<p>De la ecuaci\u00f3n <b>t<sub>H<\/sub><\/b> despejamos el valor de <b>R<sub>1<\/sub><\/b>, teniendo as\u00ed:<\/p>\n<p><img loading=\"lazy\" decoding=\"async\" class=\"aligncenter size-full wp-image-102\" src=\"http:\/\/virtual.cuautitlan.unam.mx\/intar\/sistanalog\/wp-content\/uploads\/sites\/21\/2025\/02\/555_Astable_Ej2_R1.png\" alt=\"\" width=\"411\" height=\"41\" \/><\/p>\n<\/article>\n<article>\n<hr \/>\n<h2>Ejercicios propuestos<\/h2>\n<p><b>Ejercicio 1:<\/b> El 555 se configura como oscilador astable. El valor de R<sub>1<\/sub> es 15k, R<sub>2<\/sub> de 25k y C de 1uF. Calcule el tiempo en alto, el tiempo en bajo, el periodo, la frecuencia y el ciclo de trabajo.<\/p>\n<p><b>Ejercicio 2:<\/b> El 555 est\u00e1 configurado como oscilador astable. Determine el tiempo en alto, el tiempo en bajo, el periodo, la frecuencia y el ciclo de trabajo si R<sub>1<\/sub> es de 20k, R<sub>2<\/sub> de 33k y C es de 100 uf.<\/p>\n<p><b>Ejercicio 3:<\/b> Dise\u00f1e un oscilador astable con una frecuencia de 5\u202fkHz y un ciclo de trabajo del 50%.<\/p>\n<\/article>\n<article><a href=\"https:\/\/virtual.cuautitlan.unam.mx\/intar\/sistanalog\/introduccion-al-temporizador-555\/\">Atr\u00e1s<\/a> <a href=\"https:\/\/virtual.cuautitlan.unam.mx\/intar\/sistanalog\/555-monoestable\/\">Siguiente<\/a><\/article>\n<\/section>\n","protected":false},"excerpt":{"rendered":"<p>Temporizador 555 como oscilador astable Teor\u00eda de operaci\u00f3n El temporizador 555 se puede utilizar como astable o multivibrador de oscilaci\u00f3n libre, esto quiere decir que a su salida no hay un estado fijo, sino que esta cambia de estado en periodos de tiempo fijo. La Fig. muestra la configuraci\u00f3n del 555 como astable. La teor\u00eda &hellip; <\/p>\n<p class=\"link-more\"><a href=\"https:\/\/virtual.cuautitlan.unam.mx\/intar\/sistanalog\/555-astable\/\" class=\"more-link\">Continuar leyendo<span class=\"screen-reader-text\"> &#8220;555 Astable&#8221;<\/span><\/a><\/p>\n","protected":false},"author":8,"featured_media":0,"parent":0,"menu_order":0,"comment_status":"closed","ping_status":"closed","template":"","meta":{"footnotes":""},"class_list":["post-125","page","type-page","status-publish","hentry"],"_links":{"self":[{"href":"https:\/\/virtual.cuautitlan.unam.mx\/intar\/sistanalog\/wp-json\/wp\/v2\/pages\/125"}],"collection":[{"href":"https:\/\/virtual.cuautitlan.unam.mx\/intar\/sistanalog\/wp-json\/wp\/v2\/pages"}],"about":[{"href":"https:\/\/virtual.cuautitlan.unam.mx\/intar\/sistanalog\/wp-json\/wp\/v2\/types\/page"}],"author":[{"embeddable":true,"href":"https:\/\/virtual.cuautitlan.unam.mx\/intar\/sistanalog\/wp-json\/wp\/v2\/users\/8"}],"replies":[{"embeddable":true,"href":"https:\/\/virtual.cuautitlan.unam.mx\/intar\/sistanalog\/wp-json\/wp\/v2\/comments?post=125"}],"version-history":[{"count":10,"href":"https:\/\/virtual.cuautitlan.unam.mx\/intar\/sistanalog\/wp-json\/wp\/v2\/pages\/125\/revisions"}],"predecessor-version":[{"id":148,"href":"https:\/\/virtual.cuautitlan.unam.mx\/intar\/sistanalog\/wp-json\/wp\/v2\/pages\/125\/revisions\/148"}],"wp:attachment":[{"href":"https:\/\/virtual.cuautitlan.unam.mx\/intar\/sistanalog\/wp-json\/wp\/v2\/media?parent=125"}],"curies":[{"name":"wp","href":"https:\/\/api.w.org\/{rel}","templated":true}]}}