{"id":1381,"date":"2023-07-17T21:58:01","date_gmt":"2023-07-18T03:58:01","guid":{"rendered":"https:\/\/virtual.cuautitlan.unam.mx\/intar\/?page_id=1381"},"modified":"2026-03-11T07:47:36","modified_gmt":"2026-03-11T13:47:36","slug":"cobertura-en-medios-2","status":"publish","type":"page","link":"https:\/\/virtual.cuautitlan.unam.mx\/intar\/?page_id=1381","title":{"rendered":"Cobertura en medios"},"content":{"rendered":"<h1 style=\"text-align: center;\"><strong>Cobertura en medios<\/strong><\/h1>\n<p>El grupo de trabajo GISI ha aparecido en diversos medios de comunicaci\u00f3n debido a su trabajo y desarrollo de prototipos y eventos. A continuaci\u00f3n se presentan sus menciones en medios impresos y digitales:<\/p>\n<p style=\"text-align: center;\"><strong>Gaceta UNAM Comunidad. No. 4, 10 de marzo de 2026<\/strong><\/p>\n<p style=\"text-align: center;\"><a href=\"http:\/\/virtual.cuautitlan.unam.mx\/intar\/wp-content\/uploads\/2026\/03\/UCOM_10_marzo_2026.pdf\"><img loading=\"lazy\" decoding=\"async\" class=\"size-full wp-image-1580 aligncenter\" src=\"http:\/\/virtual.cuautitlan.unam.mx\/intar\/wp-content\/uploads\/2026\/03\/Gaceta_10_Marzo_2026.jpg\" alt=\"\" width=\"614\" height=\"799\" \/><\/a><\/p>\n<p>T\u00edtulo: M\u00e1s de 20 a\u00f1os representando a la FES Cuautitl\u00e1n en la Feria literaria m\u00e1s importante de la CDMX<\/p>\n<p>P\u00e1gina: 13<\/p>\n<p>&nbsp;<\/p>\n<p style=\"text-align: center;\"><strong>Gaceta UNAM Comunidad. No. 29, 25 de noviembre de 2025<\/strong><\/p>\n<p><a href=\"http:\/\/virtual.cuautitlan.unam.mx\/intar\/ceiaait\/wp-content\/uploads\/sites\/14\/2025\/11\/UCOM_25_noviembre_25.pdf\"><img loading=\"lazy\" decoding=\"async\" class=\"alignnone size-full wp-image-895\" src=\"http:\/\/virtual.cuautitlan.unam.mx\/intar\/ceiaait\/wp-content\/uploads\/sites\/14\/2025\/11\/GacetaComunidadCEIAAIT2025.jpg\" alt=\"\" width=\"1234\" height=\"1597\" \/><\/a><\/p>\n<p>T\u00edtulo: Comunidad de ingenier\u00eda presenta innovaci\u00f3n en proyectos en inteligencia artificial aplicada<\/p>\n<p>P\u00e1gina: 7y 8<\/p>\n<p><strong><span class=\"post-title\">Gaceta UNAM Comunidad. No. 18 , 25 de noviembre de 2025<\/span><\/strong><\/p>\n<p>T\u00edtulo:T\u00e9cnicos Acad\u00e9micos se re\u00fanen en 8\u00b0 Congreso Nacional<\/p>\n<p>P\u00e1gina: 9<\/p>\n<p><a href=\"http:\/\/virtual.cuautitlan.unam.mx\/intar\/wp-content\/uploads\/2025\/11\/UCOM_10_noviembre_25.pdf\"><img loading=\"lazy\" decoding=\"async\" class=\"aligncenter wp-image-1563 size-full\" src=\"http:\/\/virtual.cuautitlan.unam.mx\/intar\/wp-content\/uploads\/2025\/11\/Portada-gaceta.jpg\" alt=\"\" width=\"1235\" height=\"1597\" \/><\/a><\/p>\n<p><strong><span class=\"post-title\">Gaceta UNAM Comunidad. No. 14 , 10 de septiembre de 2025<\/span><\/strong><\/p>\n<p>T\u00edtulo:Participa FES Cuautitl\u00e1n en la FILUNI para hablar sobre IA, g\u00e9nero y sostenibilidad<\/p>\n<p>P\u00e1gina: 14-15<\/p>\n<p><a href=\"http:\/\/virtual.cuautitlan.unam.mx\/intar\/wp-content\/uploads\/2025\/09\/UCOM_10_septiembre_25.pdf\"><img loading=\"lazy\" decoding=\"async\" class=\"aligncenter wp-image-1548 size-full\" src=\"http:\/\/virtual.cuautitlan.unam.mx\/intar\/wp-content\/uploads\/2025\/09\/GacetaComunidad10Septiembre2025.jpg\" alt=\"\" width=\"1243\" height=\"1599\" \/><\/a><\/p>\n<p><strong><span class=\"post-title\">Gaceta UNAM Comunidad. No. 10, 10 de junio de 2025<\/span><\/strong><\/p>\n<p>T\u00edtulo:Creatividad e innovaci\u00f3n en feria estudiantil de rob\u00f3tica<\/p>\n<p>P\u00e1gina: 6<\/p>\n<p><a href=\"http:\/\/virtual.cuautitlan.unam.mx\/intar\/wp-content\/uploads\/2025\/06\/UCOM_10_junio_25.pdf\"><img loading=\"lazy\" decoding=\"async\" class=\"alignnone size-full wp-image-1526\" src=\"http:\/\/virtual.cuautitlan.unam.mx\/intar\/wp-content\/uploads\/2025\/06\/Gaceta10Junio2025.jpg\" alt=\"\" width=\"1228\" height=\"1593\" \/><\/a><\/p>\n<p><strong><span class=\"post-title\">Gaceta UNAM Comunidad. No. 4, 10 de marzo de 2025<\/span><\/strong><\/p>\n<p>T\u00edtulo: \u00a1Regresa la FILPM!<\/p>\n<p>P\u00e1gina: 17<\/p>\n<p><a href=\"http:\/\/virtual.cuautitlan.unam.mx\/intar\/wp-content\/uploads\/2025\/03\/UCOM_10_marzo_25.pdf\"><img loading=\"lazy\" decoding=\"async\" class=\"aligncenter wp-image-1514 size-full\" src=\"http:\/\/virtual.cuautitlan.unam.mx\/intar\/wp-content\/uploads\/2025\/03\/gaceta-fil.jpg\" alt=\"\" width=\"1237\" height=\"1587\" \/><\/a><\/p>\n<p><strong><span class=\"post-title\">Gaceta UNAM Comunidad. No. 10, 10 de Junio de 2024<\/span><\/strong><\/p>\n<p>T\u00edtulo: Comunidad de Ingenier\u00eda de la UNAM se re\u00fane en la FES Cuautitl\u00e1n<\/p>\n<p>P\u00e1gina: 8<\/p>\n<p><a href=\"http:\/\/virtual.cuautitlan.unam.mx\/intar\/wp-content\/uploads\/2024\/10\/UCOM_25_octubre_24.pdf\"><img loading=\"lazy\" decoding=\"async\" class=\"alignnone size-full wp-image-1479\" src=\"http:\/\/virtual.cuautitlan.unam.mx\/intar\/wp-content\/uploads\/2024\/10\/Gaceta-octubre-2024.jpg\" alt=\"\" width=\"1235\" height=\"1598\" \/><\/a><\/p>\n<p><strong><span class=\"post-title\">Gaceta UNAM Comunidad. No. 10, 10 de Junio de 2024<\/span><\/strong><\/p>\n<p>T\u00edtulo: Promueven innovadoras creaciones tecnol\u00f3gicas y mec\u00e1nicas<\/p>\n<p>P\u00e1gina: 9<\/p>\n<p><a href=\"http:\/\/virtual.cuautitlan.unam.mx\/intar\/wp-content\/uploads\/2024\/07\/UCOM_10_junio_24.pdf\"><img loading=\"lazy\" decoding=\"async\" class=\"aligncenter wp-image-1465 size-full\" src=\"http:\/\/virtual.cuautitlan.unam.mx\/intar\/wp-content\/uploads\/2024\/07\/gaceta-comunidad.jpg\" alt=\"\" width=\"1240\" height=\"1599\" \/><\/a><\/p>\n<div>\n<p class=\"single-post-title\" style=\"text-align: center;\"><strong><span class=\"post-title\">Gaceta UNAM Comunidad. No. 14, 25 de Agosto de 2023<\/span><\/strong><\/p>\n<p>T\u00edtulo: Especialista presenta panorama de un mundo conectado por inteligencia artificial<\/p>\n<p>P\u00e1gina : 11<\/p>\n<p><a href=\"http:\/\/virtual.cuautitlan.unam.mx\/intar\/wp-content\/uploads\/2023\/08\/UCOM_25_agosto_23_compressed.pdf\"><img loading=\"lazy\" decoding=\"async\" class=\"size-full wp-image-745 aligncenter\" src=\"http:\/\/virtual.cuautitlan.unam.mx\/intar\/ceiaait\/wp-content\/uploads\/sites\/14\/2023\/08\/gaceta-agosto-2023.jpg\" alt=\"\" width=\"598\" height=\"767\" \/><\/a><\/p>\n<\/div>\n<div><\/div>\n<p style=\"text-align: center;\"><strong>Grupo IMER, Ciencia Joven, 14 de junio de 2023.<\/strong><\/p>\n<p style=\"text-align: left;\">T\u00edtulo de la entrevista: \u00bfQu\u00e9 es la inteligencia artificial?, Programas 43 y 46 del link de la siguiente imagen.<\/p>\n<p><a href=\"https:\/\/www.imer.mx\/reactor\/teamreactor\/ciencia-joven\/\"><img decoding=\"async\" class=\"aligncenter\" src=\"https:\/\/www.imer.mx\/rmi\/wp-content\/uploads\/sites\/3\/2017\/07\/avatar_ciencia_joven.jpg\" alt=\"Ciencia Joven \u2013 Radio M\u00e9xico Internacional\" \/><\/a><\/p>\n<p><iframe loading=\"lazy\" title=\"Entrevista David Tinoco Varela y Ra\u00fal Cruz Morales Ciencia Joven, IMER\" width=\"525\" height=\"295\" src=\"https:\/\/www.youtube.com\/embed\/X9VSM3kxQNA?feature=oembed\" frameborder=\"0\" allow=\"accelerometer; autoplay; clipboard-write; encrypted-media; gyroscope; picture-in-picture; web-share\" referrerpolicy=\"strict-origin-when-cross-origin\" allowfullscreen><\/iframe><\/p>\n<div>\n<p class=\"single-post-title\" style=\"text-align: center;\"><strong><span class=\"post-title\">Gaceta UNAM Comunidad. NO. 10, 10 de junio de 2023<\/span><\/strong><\/p>\n<p>T\u00edtulo: Estudiantes de ingenier\u00eda mec\u00e1nica el\u00e9ctrica despliegan ingenio\u00a0 en feria de proyectos.<\/p>\n<\/div>\n<div><a href=\"http:\/\/virtual.cuautitlan.unam.mx\/intar\/ceiaait\/wp-content\/uploads\/sites\/14\/2023\/06\/UCOM_10_junio_23.pdf\"><img loading=\"lazy\" decoding=\"async\" class=\"aligncenter wp-image-732 size-full\" src=\"http:\/\/virtual.cuautitlan.unam.mx\/intar\/ceiaait\/wp-content\/uploads\/sites\/14\/2023\/06\/gaceta2023.jpg\" alt=\"\" width=\"601\" height=\"767\" \/><\/a><\/div>\n<div><\/div>\n<div><\/div>\n<div style=\"text-align: center;\"><strong>Gaceta UNAM,\u00a0 N\u00famero 5,347, 08 de diciembre 2022<\/strong><\/div>\n<div><\/div>\n<div>T\u00edtulo: Dise\u00f1an pr\u00f3tesis que funciona con impulsos bioel\u00e9ctricos<\/div>\n<div><\/div>\n<div>P\u00e1gina: 10<\/div>\n<div><a href=\"http:\/\/virtual.cuautitlan.unam.mx\/intar\/ceiaait\/wp-content\/uploads\/sites\/14\/2023\/02\/221208.pdf\"><img loading=\"lazy\" decoding=\"async\" class=\"aligncenter wp-image-683 size-full\" src=\"http:\/\/virtual.cuautitlan.unam.mx\/intar\/ceiaait\/wp-content\/uploads\/sites\/14\/2023\/02\/Gaceta-1.png\" alt=\"\" width=\"410\" height=\"596\" \/><\/a><\/div>\n<div class=\"post-meta-wrap clearfix\">\n<div><\/div>\n<\/div>\n<div style=\"text-align: center;\"><strong>Cr\u00f3nica, 03 de diciembre de 2022<\/strong><\/div>\n<div><\/div>\n<p>T\u00edtulo: Ingenieros dise\u00f1an pr\u00f3tesis que funciona con impulsos bioel\u00e9ctricos<\/p>\n<p><a href=\"https:\/\/www.cronica.com.mx\/academia\/ingenieros-disenan-protesis-funciona-impulsos-bioelectricos.html\"><img loading=\"lazy\" decoding=\"async\" class=\"alignnone size-full wp-image-681\" src=\"http:\/\/virtual.cuautitlan.unam.mx\/intar\/ceiaait\/wp-content\/uploads\/sites\/14\/2023\/02\/Cronica.png\" alt=\"\" width=\"988\" height=\"351\" \/><\/a><\/p>\n<p style=\"text-align: center;\"><strong>Gaceta UNAM Comunidad. No. 20, 25 de noviembre de 2022<\/strong><\/p>\n<p>T\u00edtulo: Presentan alcances y retos de la inteligencia artificial en congreso<\/p>\n<p>P\u00e1gina:8<\/p>\n<p><a href=\"http:\/\/virtual.cuautitlan.unam.mx\/intar\/ceiaait\/wp-content\/uploads\/sites\/14\/2023\/02\/UCOM_25_noviembre_2022_compressed-1.pdf\"><img loading=\"lazy\" decoding=\"async\" class=\"alignnone size-full wp-image-675\" src=\"http:\/\/virtual.cuautitlan.unam.mx\/intar\/ceiaait\/wp-content\/uploads\/sites\/14\/2023\/02\/gaceta.png\" alt=\"\" width=\"693\" height=\"904\" \/><\/a><\/p>\n<p style=\"text-align: center;\"><strong>Gaceta UNAM Comunidad. No. 20, 10 de\u00a0 Diciembre de 2021<\/strong><\/p>\n<p>T\u00edtulo: Celebran con \u00e9xito el Cuarto Congreso Estudiantil de Inteligencia<br \/>\nArtificial aplicada a la Ingenier\u00eda y Tecnolog\u00eda<\/p>\n<p>P\u00e1gina: 7<\/p>\n<p><a href=\"http:\/\/virtual.cuautitlan.unam.mx\/intar\/ceiaait\/wp-content\/uploads\/sites\/14\/2021\/12\/Gaceta-Comunidad_10_diciembre_2021.pdf\"><img loading=\"lazy\" decoding=\"async\" class=\"aligncenter wp-image-474 size-full\" src=\"http:\/\/virtual.cuautitlan.unam.mx\/intar\/ceiaait\/wp-content\/uploads\/sites\/14\/2021\/12\/Captura-1.jpg\" alt=\"\" width=\"691\" height=\"898\" \/><\/a><\/p>\n<p class=\"single-post-title\" style=\"text-align: center;\"><strong><span class=\"post-title\">Gaceta UNAM Comunidad. No. 14, 25 de Noviembre de 2020<\/span><\/strong><\/p>\n<p>T\u00edtulo: Presentan actualidades en Congreso de Inteligencia Artificial<\/p>\n<p>P\u00e1gina: 7<\/p>\n<div class=\"post-meta-wrap clearfix\"><a href=\"http:\/\/virtual.cuautitlan.unam.mx\/intar\/ceiaait\/wp-content\/uploads\/sites\/14\/2021\/11\/UCOM_25_noviembre_2020-1.pdf\"><img loading=\"lazy\" decoding=\"async\" class=\"alignnone size-full wp-image-456\" src=\"http:\/\/virtual.cuautitlan.unam.mx\/intar\/ceiaait\/wp-content\/uploads\/sites\/14\/2021\/11\/Screenshot_20201126_164115.jpg\" alt=\"\" width=\"1080\" height=\"1391\" \/><\/a><\/div>\n<div><\/div>\n<div>\n<p style=\"text-align: center;\"><strong>Gaceta UNAM Comunidad. NO. 20, 10 de diciembre de 2019<\/strong><\/p>\n<p style=\"text-align: left;\">T\u00edtulo: La inteligencia artificial en el mundo que conocemos.<\/p>\n<p>P\u00e1gina: 5<\/p>\n<p><a href=\"http:\/\/virtual.cuautitlan.unam.mx\/intar\/ceiaait\/wp-content\/uploads\/sites\/14\/2021\/11\/UCom_10_diciembre_2019_web.pdf\"><img loading=\"lazy\" decoding=\"async\" class=\"alignnone size-full wp-image-453\" src=\"http:\/\/virtual.cuautitlan.unam.mx\/intar\/ceiaait\/wp-content\/uploads\/sites\/14\/2021\/11\/Captura.jpg\" alt=\"\" width=\"702\" height=\"910\" \/><\/a><\/p>\n<\/div>\n<p class=\"single-post-title\" style=\"text-align: center;\"><strong><span class=\"post-title\">Gaceta UNAM Comunidad. NO. 20, 10 de diciembre de 2018<\/span><\/strong><\/p>\n<p>T\u00edtulo: Alumnos presentan innovaciones en inteligencia artificial.<\/p>\n<p>P\u00e1ginas: 9.<\/p>\n<p><a href=\"http:\/\/virtual.cuautitlan.unam.mx\/intar\/ceiaait\/wp-content\/uploads\/sites\/14\/2021\/11\/10_diciembre_num20-1_compressed.pdf\"><img loading=\"lazy\" decoding=\"async\" class=\"alignnone size-full wp-image-450\" src=\"http:\/\/virtual.cuautitlan.unam.mx\/intar\/ceiaait\/wp-content\/uploads\/sites\/14\/2021\/11\/Comunidad-2018.jpg\" alt=\"\" width=\"850\" height=\"1100\" \/><\/a><\/p>\n<div>\n<p style=\"text-align: center;\"><strong>Gaceta UNAM Comunidad. No. 20, 25 de noviembre de 2022<\/strong><\/p>\n<p>T\u00edtulo: Doctor David Tinoco, acreedor al Premio Nacional<br \/>\nde Servicio Social 2022<\/p>\n<p>P\u00e1gina: 6<\/p>\n<p><a href=\"http:\/\/virtual.cuautitlan.unam.mx\/intar\/ceiaait\/wp-content\/uploads\/sites\/14\/2023\/02\/UCOM_25_noviembre_2022_compressed-1.pdf\"><img loading=\"lazy\" decoding=\"async\" class=\"alignnone size-full wp-image-675\" src=\"http:\/\/virtual.cuautitlan.unam.mx\/intar\/ceiaait\/wp-content\/uploads\/sites\/14\/2023\/02\/gaceta.png\" alt=\"\" width=\"693\" height=\"904\" \/><\/a><\/p>\n<\/div>\n<p style=\"text-align: center;\"><strong>Gaceta UNAM Comunidad. No. 5, 25 de Marzo de 2020<\/strong><\/p>\n<p><span style=\"font-size: 1rem;\">T\u00edtulo: <\/span><span style=\"font-size: 1rem;\">Estudiantes de IME e ITSE <\/span><span style=\"font-size: 1rem;\">desarrollan inteligencia artificial <\/span><span style=\"font-size: 1rem;\">con beneficio social.<\/span><\/p>\n<div>P\u00e1ginas: 12-13.<\/div>\n<div><\/div>\n<p><a href=\"http:\/\/virtual.cuautitlan.unam.mx\/intar\/ceiaait\/wp-content\/uploads\/sites\/14\/2021\/11\/GC_25_marzo_20201.pdf\"><img loading=\"lazy\" decoding=\"async\" class=\"alignnone size-full wp-image-469\" src=\"http:\/\/virtual.cuautitlan.unam.mx\/intar\/ceiaait\/wp-content\/uploads\/sites\/14\/2021\/11\/marzo.jpg\" alt=\"\" width=\"960\" height=\"1264\" \/><\/a><\/p>\n<div><\/div>\n<div>\n<p class=\"single-post-title\" style=\"text-align: center;\"><strong><span class=\"post-title\">Gaceta UNAM Comunidad. No. 17, 25 de Octubre de 2018<\/span><\/strong><\/p>\n<p>T\u00edtulo: F\u00edsica, matem\u00e1ticas e ingenier\u00eda se presentan en Foro.<\/p>\n<p>P\u00e1gina: 5.<\/p>\n<p><a href=\"http:\/\/virtual.cuautitlan.unam.mx\/intar\/ceiaait\/wp-content\/uploads\/sites\/14\/2021\/12\/25_octubre_num17.pdf\"><img loading=\"lazy\" decoding=\"async\" class=\"aligncenter wp-image-477 size-full\" src=\"http:\/\/virtual.cuautitlan.unam.mx\/intar\/ceiaait\/wp-content\/uploads\/sites\/14\/2021\/12\/25_octubre_num17.jpg\" alt=\"\" width=\"1275\" height=\"1650\" \/><\/a><\/p>\n<p class=\"single-post-title\" style=\"text-align: center;\"><strong><span class=\"post-title\">Gaceta UNAM Comunidad. No. 9, 25 de Mayo de 2016<\/span><\/strong><\/p>\n<p>T\u00edtulo: Desarrollo de sistemas robotizados basados en redes neuronales.<\/p>\n<p>P\u00e1gina: 13-14.<\/p>\n<p><a href=\"http:\/\/virtual.cuautitlan.unam.mx\/intar\/ceiaait\/wp-content\/uploads\/sites\/14\/2021\/11\/25_mayo_num9-2016.pdf\"><img loading=\"lazy\" decoding=\"async\" class=\"alignnone size-full wp-image-466\" src=\"http:\/\/virtual.cuautitlan.unam.mx\/intar\/ceiaait\/wp-content\/uploads\/sites\/14\/2021\/11\/comunidad-2016.jpg\" alt=\"\" width=\"1275\" height=\"1650\" \/><\/a><\/p>\n<\/div>\n","protected":false},"excerpt":{"rendered":"<p>Cobertura en medios El grupo de trabajo GISI ha aparecido en diversos medios de comunicaci\u00f3n debido a su trabajo y desarrollo de prototipos y eventos. A continuaci\u00f3n se presentan sus menciones en medios impresos y digitales: Gaceta UNAM Comunidad. No. 4, 10 de marzo de 2026 T\u00edtulo: M\u00e1s de 20 a\u00f1os representando a la FES &hellip; <\/p>\n<p class=\"link-more\"><a href=\"https:\/\/virtual.cuautitlan.unam.mx\/intar\/?page_id=1381\" class=\"more-link\">Continuar leyendo<span class=\"screen-reader-text\"> &#8220;Cobertura en medios&#8221;<\/span><\/a><\/p>\n","protected":false},"author":3,"featured_media":0,"parent":0,"menu_order":0,"comment_status":"closed","ping_status":"closed","template":"","meta":{"footnotes":""},"class_list":["post-1381","page","type-page","status-publish","hentry"],"_links":{"self":[{"href":"https:\/\/virtual.cuautitlan.unam.mx\/intar\/index.php?rest_route=\/wp\/v2\/pages\/1381"}],"collection":[{"href":"https:\/\/virtual.cuautitlan.unam.mx\/intar\/index.php?rest_route=\/wp\/v2\/pages"}],"about":[{"href":"https:\/\/virtual.cuautitlan.unam.mx\/intar\/index.php?rest_route=\/wp\/v2\/types\/page"}],"author":[{"embeddable":true,"href":"https:\/\/virtual.cuautitlan.unam.mx\/intar\/index.php?rest_route=\/wp\/v2\/users\/3"}],"replies":[{"embeddable":true,"href":"https:\/\/virtual.cuautitlan.unam.mx\/intar\/index.php?rest_route=%2Fwp%2Fv2%2Fcomments&post=1381"}],"version-history":[{"count":18,"href":"https:\/\/virtual.cuautitlan.unam.mx\/intar\/index.php?rest_route=\/wp\/v2\/pages\/1381\/revisions"}],"predecessor-version":[{"id":1579,"href":"https:\/\/virtual.cuautitlan.unam.mx\/intar\/index.php?rest_route=\/wp\/v2\/pages\/1381\/revisions\/1579"}],"wp:attachment":[{"href":"https:\/\/virtual.cuautitlan.unam.mx\/intar\/index.php?rest_route=%2Fwp%2Fv2%2Fmedia&parent=1381"}],"curies":[{"name":"wp","href":"https:\/\/api.w.org\/{rel}","templated":true}]}}