{"id":1126,"date":"2021-06-18T11:48:40","date_gmt":"2021-06-18T16:48:40","guid":{"rendered":"http:\/\/virtual.cuautitlan.unam.mx\/intar\/?page_id=1126"},"modified":"2024-07-23T22:42:08","modified_gmt":"2024-07-24T04:42:08","slug":"practicas-de-laboratorio","status":"publish","type":"page","link":"https:\/\/virtual.cuautitlan.unam.mx\/intar\/?page_id=1126","title":{"rendered":"Pr\u00e1cticas de laboratorio"},"content":{"rendered":"<h1><strong>Pr\u00e1cticas de laboratorio<\/strong><a href=\"http:\/\/virtual.cuautitlan.unam.mx\/intar\/wp-content\/uploads\/2021\/06\/robot-2167836_1280.jpg\"><img loading=\"lazy\" decoding=\"async\" class=\"aligncenter wp-image-1129 size-full\" src=\"http:\/\/virtual.cuautitlan.unam.mx\/intar\/wp-content\/uploads\/2021\/06\/robot-2167836_1280.jpg\" alt=\"\" width=\"1280\" height=\"800\" \/><\/a><\/h1>\n<p style=\"text-align: center;\">Imagen recuperada de <a href=\"https:\/\/pixabay.com\/es\/illustrations\/robot-inteligencia-artificial-2167836\/\">https:\/\/pixabay.com\/es\/illustrations\/robot-inteligencia-artificial-2167836\/<\/a><\/p>\n<p>En esta secci\u00f3n se presentan dos manuales de pr\u00e1cticas enfocados a las asignaturas &#8220;Sistemas basados en redes neuronales&#8221; y &#8220;Sistemas inteligentes&#8221;, ambas pertenecientes a la carrera de ITSE, impartida en la FESC. Sin embargo, esto no limita que cualquier lector interesado en el tema pueda realizarlas.<\/p>\n<p>Estas pr\u00e1cticas se han realizado de tal manera que puedan ser f\u00e1ciles de seguirse por cualquier persona. Las pr\u00e1cticas se realizaron basados en los comandos existentes en <em>Matlab<\/em> para tratar diferentes temas de inteligencia artificial.<\/p>\n<p>Adicionalmente, este conjunto de pr\u00e1cticas est\u00e1n dise\u00f1adas para que el lector interact\u00fae con elementos de electr\u00f3nica, elementos de IA, informaci\u00f3n en internet, <em>datasets<\/em> generados por diferentes instituciones y grupos de investigaci\u00f3n y sea introducido en algunos problemas de investigaci\u00f3n existentes.<\/p>\n<p>Este conjunto de pr\u00e1cticas engloba temas como redes neuronales, sistemas difusos, PROLOG, b\u00fasqueda informada, <em>deep learning<\/em>, entre otros.<\/p>\n<p>Sin m\u00e1s introducci\u00f3n, a continuaci\u00f3n se muestran los links donde estas pueden ser descargadas, esperando que el usuario de las mismas pueda encontrarlas adecuadas para su aprendizaje:<\/p>\n<p style=\"text-align: center;\"><a href=\"http:\/\/virtual.cuautitlan.unam.mx\/intar\/wp-content\/uploads\/2024\/07\/Practicas-Redes-Neuronales.pdf\"><strong>Sistemas Basados En Redes Neuronales<\/strong><\/a><\/p>\n<p style=\"text-align: center;\"><a href=\"http:\/\/virtual.cuautitlan.unam.mx\/intar\/wp-content\/uploads\/2024\/07\/Practicas-Sistemas-inteligentes.pdf\"><strong>Sistemas Inteligentes<\/strong><\/a><\/p>\n<p>&nbsp;<\/p>\n","protected":false},"excerpt":{"rendered":"<p>Pr\u00e1cticas de laboratorio Imagen recuperada de https:\/\/pixabay.com\/es\/illustrations\/robot-inteligencia-artificial-2167836\/ En esta secci\u00f3n se presentan dos manuales de pr\u00e1cticas enfocados a las asignaturas &#8220;Sistemas basados en redes neuronales&#8221; y &#8220;Sistemas inteligentes&#8221;, ambas pertenecientes a la carrera de ITSE, impartida en la FESC. Sin embargo, esto no limita que cualquier lector interesado en el tema pueda realizarlas. Estas pr\u00e1cticas &hellip; <\/p>\n<p class=\"link-more\"><a href=\"https:\/\/virtual.cuautitlan.unam.mx\/intar\/?page_id=1126\" class=\"more-link\">Continuar leyendo<span class=\"screen-reader-text\"> &#8220;Pr\u00e1cticas de laboratorio&#8221;<\/span><\/a><\/p>\n","protected":false},"author":3,"featured_media":0,"parent":0,"menu_order":0,"comment_status":"closed","ping_status":"closed","template":"","meta":{"footnotes":""},"class_list":["post-1126","page","type-page","status-publish","hentry"],"_links":{"self":[{"href":"https:\/\/virtual.cuautitlan.unam.mx\/intar\/index.php?rest_route=\/wp\/v2\/pages\/1126"}],"collection":[{"href":"https:\/\/virtual.cuautitlan.unam.mx\/intar\/index.php?rest_route=\/wp\/v2\/pages"}],"about":[{"href":"https:\/\/virtual.cuautitlan.unam.mx\/intar\/index.php?rest_route=\/wp\/v2\/types\/page"}],"author":[{"embeddable":true,"href":"https:\/\/virtual.cuautitlan.unam.mx\/intar\/index.php?rest_route=\/wp\/v2\/users\/3"}],"replies":[{"embeddable":true,"href":"https:\/\/virtual.cuautitlan.unam.mx\/intar\/index.php?rest_route=%2Fwp%2Fv2%2Fcomments&post=1126"}],"version-history":[{"count":6,"href":"https:\/\/virtual.cuautitlan.unam.mx\/intar\/index.php?rest_route=\/wp\/v2\/pages\/1126\/revisions"}],"predecessor-version":[{"id":1463,"href":"https:\/\/virtual.cuautitlan.unam.mx\/intar\/index.php?rest_route=\/wp\/v2\/pages\/1126\/revisions\/1463"}],"wp:attachment":[{"href":"https:\/\/virtual.cuautitlan.unam.mx\/intar\/index.php?rest_route=%2Fwp%2Fv2%2Fmedia&parent=1126"}],"curies":[{"name":"wp","href":"https:\/\/api.w.org\/{rel}","templated":true}]}}