{"id":1046,"date":"2021-06-11T21:57:35","date_gmt":"2021-06-12T02:57:35","guid":{"rendered":"http:\/\/virtual.cuautitlan.unam.mx\/intar\/?page_id=1046"},"modified":"2021-06-11T22:04:28","modified_gmt":"2021-06-12T03:04:28","slug":"variables-y-etiquetas-linguisticas","status":"publish","type":"page","link":"https:\/\/virtual.cuautitlan.unam.mx\/intar\/?page_id=1046","title":{"rendered":"Variables y etiquetas ling\u00fc\u00edsticas"},"content":{"rendered":"<h1><strong>Variables ling\u00fc\u00edsticas<\/strong><\/h1>\n<p>Uno de los aspectos m\u00e1s interesantes del uso de la l\u00f3gica difusa, es que podemos utilizar palabras ambiguas para la generaci\u00f3n de c\u00e1lculos computacionales. Esta visi\u00f3n fue dada por Zadeh (1999), en donde se planteaba la idea del c\u00f3mputo con palabras, es decir, \u00bfSi las personas hablamos con ambig\u00fcedad y nos entendemos, porque no realizar c\u00e1lculos en la misma forma?<\/p>\n<p>Una variable ling\u00fc\u00edstica, es aquella variable cuyos valores son palabras y pueden ser representadas por medio de conjuntos difusos por ejemplo, podemos definir la variable \u201caltura\u201d, esta variable tiene diferentes valores ling\u00fc\u00edsticos\u00a0 tales como bajo, mediano, alto.<\/p>\n<p>A diferencia de una variable num\u00e9rica, la variable ling\u00fc\u00edstica es ambigua, y est\u00e1 representada por un conjunto difuso, por ejemplo la variable num\u00e9rica puede ser definida como altura=180 cm, mientras que la variable ling\u00fc\u00edstica estar\u00eda definida como altura=alto. Por medio de estos valores ling\u00fc\u00edsticos sirven para modelar un fen\u00f3meno tal como se puede ver en la figura 1:<\/p>\n<p><a href=\"http:\/\/virtual.cuautitlan.unam.mx\/intar\/wp-content\/uploads\/2021\/06\/Variables.jpg\"><img loading=\"lazy\" decoding=\"async\" class=\"alignnone size-full wp-image-1051\" src=\"http:\/\/virtual.cuautitlan.unam.mx\/intar\/wp-content\/uploads\/2021\/06\/Variables.jpg\" alt=\"\" width=\"867\" height=\"376\" \/><\/a>Fig.\u00a0 1.- Se puede observar la separaci\u00f3n de la variable altura en los conjuntos, o valores: bajo, mediano y alto. En esta forma, el fen\u00f3meno \u201caltura\u201d ha sido modelado en forma difusa.<\/p>\n<h1><strong>Etiquetas ling\u00fc\u00edsticas<\/strong><\/h1>\n<p>&nbsp;<\/p>\n<p>Las etiquetas ling\u00fc\u00edsticas nos permiten dar una descripci\u00f3n m\u00e1s detallada sobre un valor ling\u00fc\u00edstico, las podemos ver como elementos equivalentes a los adverbios dentro del lenguaje natural. Por medio de estas etiquetas, podemos definir conjuntos difusos a partir de los conjuntos existentes, por ejemplo, si tenemos el conjunto difuso \u201cbajo\u201d, podemos generar el conjunto \u201cMUY bajo\u201d, colocando una etiqueta ling\u00fc\u00edstica al conjunto original.<\/p>\n<p>Las etiquetas nos permiten tambi\u00e9n modificar las relaciones de pertenencia con operaciones aritm\u00e9ticas simples, por ejemplo, se considera que un conjunto con la etiqueta Muy, se puede generar a partir de la elevaci\u00f3n al cuadrado del conjunto original, es decir:<\/p>\n<p><a href=\"http:\/\/virtual.cuautitlan.unam.mx\/intar\/wp-content\/uploads\/2021\/06\/MuyEc.jpg\"><img loading=\"lazy\" decoding=\"async\" class=\"size-full wp-image-1052 aligncenter\" src=\"http:\/\/virtual.cuautitlan.unam.mx\/intar\/wp-content\/uploads\/2021\/06\/MuyEc.jpg\" alt=\"\" width=\"244\" height=\"44\" \/><\/a><\/p>\n<p>Existen diferentes etiquetas a ser utilizadas, e incluso, el dise\u00f1ador del sistema difuso puede proponer sus propias etiquetas, sin embargo, existen algunas estandarizadas, las cuales se muestran en la tabla 1:<\/p>\n<table>\n<tbody>\n<tr>\n<td width=\"294\"><strong>Nombre de la etiqueta<\/strong><\/td>\n<td width=\"294\"><strong>Descripci\u00f3n de la etiqueta<\/strong><\/td>\n<\/tr>\n<tr>\n<td width=\"294\">Not (No)<\/td>\n<td width=\"294\">1- \u00b5<sub>A<\/sub> (x)<\/td>\n<\/tr>\n<tr>\n<td width=\"294\">very (muy)<\/td>\n<td width=\"294\">\u00b5<sub>A<\/sub> (x)<sup>2<\/sup><\/td>\n<\/tr>\n<tr>\n<td width=\"294\">somewhat (algo)<\/td>\n<td width=\"294\">\u00b5<sub>A<\/sub> (x)<sup>1\/3<\/sup><\/td>\n<\/tr>\n<tr>\n<td width=\"294\">more-or-less (m\u00e1s o menos)<\/td>\n<td width=\"294\">\u00b5<sub>A<\/sub> (x)<sup>1\/2<\/sup><\/td>\n<\/tr>\n<tr>\n<td width=\"294\">extremely (extremadamente)<\/td>\n<td width=\"294\">\u00b5<sub>A<\/sub> (x)<sup>3<\/sup><\/td>\n<\/tr>\n<\/tbody>\n<\/table>\n<p>Tabla 1. Etiquetas ling\u00fc\u00edsticas y sus representaciones aritm\u00e9ticas.<\/p>\n<p>Para mostrar el comportamiento de la etiqueta ling\u00fc\u00edstica, vamos a considerar el siguiente conjunto difuso A:<\/p>\n<p><a href=\"http:\/\/virtual.cuautitlan.unam.mx\/intar\/wp-content\/uploads\/2021\/06\/Antes-de-etiqueta.jpg\"><img loading=\"lazy\" decoding=\"async\" class=\"alignnone size-full wp-image-1049\" src=\"http:\/\/virtual.cuautitlan.unam.mx\/intar\/wp-content\/uploads\/2021\/06\/Antes-de-etiqueta.jpg\" alt=\"\" width=\"589\" height=\"322\" \/><\/a><\/p>\n<p>Fig. 2.- Conjunto difuso a ser posteriormente modificado por medio de una etiqueta difusa.<\/p>\n<p>Que est\u00e1 representado como:<\/p>\n<p><a href=\"http:\/\/virtual.cuautitlan.unam.mx\/intar\/wp-content\/uploads\/2021\/06\/AntesdeEtiquetaNumeric.jpg\"><img loading=\"lazy\" decoding=\"async\" class=\"size-full wp-image-1050 aligncenter\" src=\"http:\/\/virtual.cuautitlan.unam.mx\/intar\/wp-content\/uploads\/2021\/06\/AntesdeEtiquetaNumeric.jpg\" alt=\"\" width=\"741\" height=\"143\" \/><\/a>Ahora vamos a generar el conjunto <em>\u00b5<sub>Muy A<\/sub> (x)<\/em> por medio de:<\/p>\n<p><a href=\"http:\/\/virtual.cuautitlan.unam.mx\/intar\/wp-content\/uploads\/2021\/06\/MuyEc.jpg\"><img loading=\"lazy\" decoding=\"async\" class=\"size-full wp-image-1052 aligncenter\" src=\"http:\/\/virtual.cuautitlan.unam.mx\/intar\/wp-content\/uploads\/2021\/06\/MuyEc.jpg\" alt=\"\" width=\"244\" height=\"44\" \/><\/a>Obteniendo:<a href=\"http:\/\/virtual.cuautitlan.unam.mx\/intar\/wp-content\/uploads\/2021\/06\/Muy.jpg\"><img loading=\"lazy\" decoding=\"async\" class=\"alignnone size-full wp-image-1048\" src=\"http:\/\/virtual.cuautitlan.unam.mx\/intar\/wp-content\/uploads\/2021\/06\/Muy.jpg\" alt=\"\" width=\"741\" height=\"376\" \/><\/a><\/p>\n<p>Fig. 3.- Se puede observar el conjunto difuso original \u00b5<sub>A<\/sub> (x) y el conjunto generado a partir de \u00e9l por medio de la etiqueta Muy, \u00b5<sub>Muy A<\/sub> (x).<\/p>\n<p>Con una representaci\u00f3n num\u00e9rica igual a:<\/p>\n<p><a href=\"http:\/\/virtual.cuautitlan.unam.mx\/intar\/wp-content\/uploads\/2021\/06\/MuyNumeric.jpg\"><img loading=\"lazy\" decoding=\"async\" class=\"alignnone size-full wp-image-1047\" src=\"http:\/\/virtual.cuautitlan.unam.mx\/intar\/wp-content\/uploads\/2021\/06\/MuyNumeric.jpg\" alt=\"\" width=\"870\" height=\"81\" \/><\/a><\/p>\n<p>Como podemos ver en la representaci\u00f3n num\u00e9rica del conjunto <em>\u00b5<sub>Muy A<\/sub> (x)<\/em>, lo \u00fanico que se realiz\u00f3 fue la elevaci\u00f3n al cuadrado de cada una de las relaciones de pertenencia, obviamente, sin elevar al cuadrado el valor de las <em>X<\/em> al que corresponde cada relaci\u00f3n de pertenencia.<\/p>\n<p>Este mismo proceso puede ser realizado para cada una de las etiquetas mostradas en la tabla 1, y de esta forma se puede visualizar el efecto que cada una de ellas tiene sobre un conjunto particular.<\/p>\n<p>&nbsp;<\/p>\n<p>Referencias<\/p>\n<p>Zadeh, L. A. (1999). Fuzzy logic= computing with words. In\u00a0<em>Computing with Words in Information\/Intelligent Systems 1<\/em>\u00a0(pp. 3-23). Physica, Heidelberg.<\/p>\n","protected":false},"excerpt":{"rendered":"<p>Variables ling\u00fc\u00edsticas Uno de los aspectos m\u00e1s interesantes del uso de la l\u00f3gica difusa, es que podemos utilizar palabras ambiguas para la generaci\u00f3n de c\u00e1lculos computacionales. Esta visi\u00f3n fue dada por Zadeh (1999), en donde se planteaba la idea del c\u00f3mputo con palabras, es decir, \u00bfSi las personas hablamos con ambig\u00fcedad y nos entendemos, porque &hellip; <\/p>\n<p class=\"link-more\"><a href=\"https:\/\/virtual.cuautitlan.unam.mx\/intar\/?page_id=1046\" class=\"more-link\">Continuar leyendo<span class=\"screen-reader-text\"> &#8220;Variables y etiquetas ling\u00fc\u00edsticas&#8221;<\/span><\/a><\/p>\n","protected":false},"author":3,"featured_media":0,"parent":0,"menu_order":0,"comment_status":"closed","ping_status":"closed","template":"","meta":{"footnotes":""},"class_list":["post-1046","page","type-page","status-publish","hentry"],"_links":{"self":[{"href":"https:\/\/virtual.cuautitlan.unam.mx\/intar\/index.php?rest_route=\/wp\/v2\/pages\/1046"}],"collection":[{"href":"https:\/\/virtual.cuautitlan.unam.mx\/intar\/index.php?rest_route=\/wp\/v2\/pages"}],"about":[{"href":"https:\/\/virtual.cuautitlan.unam.mx\/intar\/index.php?rest_route=\/wp\/v2\/types\/page"}],"author":[{"embeddable":true,"href":"https:\/\/virtual.cuautitlan.unam.mx\/intar\/index.php?rest_route=\/wp\/v2\/users\/3"}],"replies":[{"embeddable":true,"href":"https:\/\/virtual.cuautitlan.unam.mx\/intar\/index.php?rest_route=%2Fwp%2Fv2%2Fcomments&post=1046"}],"version-history":[{"count":4,"href":"https:\/\/virtual.cuautitlan.unam.mx\/intar\/index.php?rest_route=\/wp\/v2\/pages\/1046\/revisions"}],"predecessor-version":[{"id":1057,"href":"https:\/\/virtual.cuautitlan.unam.mx\/intar\/index.php?rest_route=\/wp\/v2\/pages\/1046\/revisions\/1057"}],"wp:attachment":[{"href":"https:\/\/virtual.cuautitlan.unam.mx\/intar\/index.php?rest_route=%2Fwp%2Fv2%2Fmedia&parent=1046"}],"curies":[{"name":"wp","href":"https:\/\/api.w.org\/{rel}","templated":true}]}}