{"id":99,"date":"2020-08-20T21:09:16","date_gmt":"2020-08-21T03:09:16","guid":{"rendered":"http:\/\/virtual.cuautitlan.unam.mx\/intar\/ime\/?page_id=99"},"modified":"2022-07-03T22:54:46","modified_gmt":"2022-07-04T04:54:46","slug":"practicas-de-laboratorio-de-ime","status":"publish","type":"page","link":"https:\/\/virtual.cuautitlan.unam.mx\/intar\/ime\/practicas-de-laboratorio-de-ime\/","title":{"rendered":"Pr\u00e1cticas de laboratorios de IME"},"content":{"rendered":"<h1 style=\"text-align: center;\"><strong>Pr\u00e1cticas de laboratorios de IME<\/strong><\/h1>\n<p>En esta secci\u00f3n se despliegan pr\u00e1cticas de diferentes\u00a0 laboratorios realizadas de forma virtual y presencial de la carrera de Ingenier\u00eda Mec\u00e1nica El\u00e9ctrica, con la intenci\u00f3n de que los alumnos puedan seguirlas a distancia.<\/p>\n<p>Para estas pr\u00e1cticas se han utilizado diferentes simuladores y software de dise\u00f1o y desarrollo.<\/p>\n","protected":false},"excerpt":{"rendered":"<p>Pr\u00e1cticas de laboratorios de IME En esta secci\u00f3n se despliegan pr\u00e1cticas de diferentes\u00a0 laboratorios realizadas de forma virtual y presencial de la carrera de Ingenier\u00eda Mec\u00e1nica El\u00e9ctrica, con la intenci\u00f3n de que los alumnos puedan seguirlas a distancia. Para estas pr\u00e1cticas se han utilizado diferentes simuladores y software de dise\u00f1o y desarrollo.<\/p>\n","protected":false},"author":3,"featured_media":0,"parent":0,"menu_order":0,"comment_status":"closed","ping_status":"closed","template":"","meta":{"footnotes":""},"class_list":["post-99","page","type-page","status-publish","hentry"],"_links":{"self":[{"href":"https:\/\/virtual.cuautitlan.unam.mx\/intar\/ime\/wp-json\/wp\/v2\/pages\/99"}],"collection":[{"href":"https:\/\/virtual.cuautitlan.unam.mx\/intar\/ime\/wp-json\/wp\/v2\/pages"}],"about":[{"href":"https:\/\/virtual.cuautitlan.unam.mx\/intar\/ime\/wp-json\/wp\/v2\/types\/page"}],"author":[{"embeddable":true,"href":"https:\/\/virtual.cuautitlan.unam.mx\/intar\/ime\/wp-json\/wp\/v2\/users\/3"}],"replies":[{"embeddable":true,"href":"https:\/\/virtual.cuautitlan.unam.mx\/intar\/ime\/wp-json\/wp\/v2\/comments?post=99"}],"version-history":[{"count":4,"href":"https:\/\/virtual.cuautitlan.unam.mx\/intar\/ime\/wp-json\/wp\/v2\/pages\/99\/revisions"}],"predecessor-version":[{"id":704,"href":"https:\/\/virtual.cuautitlan.unam.mx\/intar\/ime\/wp-json\/wp\/v2\/pages\/99\/revisions\/704"}],"wp:attachment":[{"href":"https:\/\/virtual.cuautitlan.unam.mx\/intar\/ime\/wp-json\/wp\/v2\/media?parent=99"}],"curies":[{"name":"wp","href":"https:\/\/api.w.org\/{rel}","templated":true}]}}