{"id":88,"date":"2020-07-27T17:22:58","date_gmt":"2020-07-27T23:22:58","guid":{"rendered":"http:\/\/virtual.cuautitlan.unam.mx\/intar\/ime\/?page_id=88"},"modified":"2020-07-27T17:23:08","modified_gmt":"2020-07-27T23:23:08","slug":"archivos-delproyecto","status":"publish","type":"page","link":"https:\/\/virtual.cuautitlan.unam.mx\/intar\/ime\/archivos-delproyecto\/","title":{"rendered":"Archivos de proyecto"},"content":{"rendered":"<p>En este men\u00fa se presentan los archivos correspondientes al proyecto &#8220;M\u00e9todos de arranque, control con el PLC micro I Marca Square D y monitoreo con el Eaton segunda generaci\u00f3n IQ 250 para equipo de potencia mayores 2 hp de la marca didacta Italia para el LIME IV&#8221;<\/p>\n","protected":false},"excerpt":{"rendered":"<p>En este men\u00fa se presentan los archivos correspondientes al proyecto &#8220;M\u00e9todos de arranque, control con el PLC micro I Marca Square D y monitoreo con el Eaton segunda generaci\u00f3n IQ 250 para equipo de potencia mayores 2 hp de la marca didacta Italia para el LIME IV&#8221;<\/p>\n","protected":false},"author":3,"featured_media":0,"parent":0,"menu_order":0,"comment_status":"closed","ping_status":"closed","template":"","meta":{"footnotes":""},"class_list":["post-88","page","type-page","status-publish","hentry"],"_links":{"self":[{"href":"https:\/\/virtual.cuautitlan.unam.mx\/intar\/ime\/wp-json\/wp\/v2\/pages\/88"}],"collection":[{"href":"https:\/\/virtual.cuautitlan.unam.mx\/intar\/ime\/wp-json\/wp\/v2\/pages"}],"about":[{"href":"https:\/\/virtual.cuautitlan.unam.mx\/intar\/ime\/wp-json\/wp\/v2\/types\/page"}],"author":[{"embeddable":true,"href":"https:\/\/virtual.cuautitlan.unam.mx\/intar\/ime\/wp-json\/wp\/v2\/users\/3"}],"replies":[{"embeddable":true,"href":"https:\/\/virtual.cuautitlan.unam.mx\/intar\/ime\/wp-json\/wp\/v2\/comments?post=88"}],"version-history":[{"count":2,"href":"https:\/\/virtual.cuautitlan.unam.mx\/intar\/ime\/wp-json\/wp\/v2\/pages\/88\/revisions"}],"predecessor-version":[{"id":90,"href":"https:\/\/virtual.cuautitlan.unam.mx\/intar\/ime\/wp-json\/wp\/v2\/pages\/88\/revisions\/90"}],"wp:attachment":[{"href":"https:\/\/virtual.cuautitlan.unam.mx\/intar\/ime\/wp-json\/wp\/v2\/media?parent=88"}],"curies":[{"name":"wp","href":"https:\/\/api.w.org\/{rel}","templated":true}]}}