{"id":83,"date":"2020-07-27T17:18:27","date_gmt":"2020-07-27T23:18:27","guid":{"rendered":"http:\/\/virtual.cuautitlan.unam.mx\/intar\/ime\/?page_id=83"},"modified":"2022-03-07T20:27:20","modified_gmt":"2022-03-08T02:27:20","slug":"poster-de-trabajo","status":"publish","type":"page","link":"https:\/\/virtual.cuautitlan.unam.mx\/intar\/ime\/poster-de-trabajo\/","title":{"rendered":"P\u00f3ster de trabajo"},"content":{"rendered":"<p style=\"text-align: center;\">A continuaci\u00f3n se presentan los p\u00f3sters de trabajo del proyecto &#8220;M\u00e9todos de arranque, control con el PLC micro I Marca Square D y monitoreo con el Eaton segunda generaci\u00f3n IQ 250 para equipo de potencia mayores 2 hp de la marca didacta Italia para el LIME IV&#8221; a cargo del <strong>Ing. \u00c1ngel Isa\u00edas Lima G\u00f3mez.<\/strong><\/p>\n<p><strong><a href=\"http:\/\/virtual.cuautitlan.unam.mx\/intar\/ime\/wp-content\/uploads\/sites\/15\/2020\/07\/Cartel.jpg\"><img loading=\"lazy\" decoding=\"async\" class=\"aligncenter wp-image-84 size-full\" src=\"http:\/\/virtual.cuautitlan.unam.mx\/intar\/ime\/wp-content\/uploads\/sites\/15\/2020\/07\/Cartel.jpg\" alt=\"\" width=\"578\" height=\"605\" srcset=\"https:\/\/virtual.cuautitlan.unam.mx\/intar\/ime\/wp-content\/uploads\/sites\/15\/2020\/07\/Cartel.jpg 578w, https:\/\/virtual.cuautitlan.unam.mx\/intar\/ime\/wp-content\/uploads\/sites\/15\/2020\/07\/Cartel-287x300.jpg 287w\" sizes=\"(max-width: 578px) 100vw, 578px\" \/><\/a><\/strong><\/p>\n<p style=\"text-align: center;\"><a href=\"http:\/\/virtual.cuautitlan.unam.mx\/intar\/ime\/wp-content\/uploads\/sites\/15\/2020\/07\/CARTEL-2020-horizontal_V_1_c_compressed.pdf\"><strong>Versi\u00f3n Horizontal\u00a0<\/strong><\/a><\/p>\n<p style=\"text-align: center;\"><a href=\"http:\/\/virtual.cuautitlan.unam.mx\/intar\/ime\/wp-content\/uploads\/sites\/15\/2020\/07\/CARTEL-2020-vertical_V_1_c_compressed.pdf\"><strong>Versi\u00f3n Vertical<\/strong><\/a><\/p>\n<p>&nbsp;<\/p>\n<p>A continuaci\u00f3n se presenta el p\u00f3ster de trabajo del proyecto &#8220;Entornos a laboratorios virtuales de aprendizaje a distancia de la secci\u00f3n el\u00e9ctrica con el apoyo del software LVSIM-EMS&#8221; a cargo del <strong>Ing. \u00c1ngel Isa\u00edas Lima G\u00f3mez.<\/strong><\/p>\n<p><a href=\"http:\/\/virtual.cuautitlan.unam.mx\/intar\/ime\/wp-content\/uploads\/sites\/15\/2022\/03\/Cartel_page-0001.jpg\"><img loading=\"lazy\" decoding=\"async\" class=\"aligncenter wp-image-677 size-full\" src=\"http:\/\/virtual.cuautitlan.unam.mx\/intar\/ime\/wp-content\/uploads\/sites\/15\/2022\/03\/Cartel_page-0001.jpg\" alt=\"\" width=\"4253\" height=\"3189\" srcset=\"https:\/\/virtual.cuautitlan.unam.mx\/intar\/ime\/wp-content\/uploads\/sites\/15\/2022\/03\/Cartel_page-0001.jpg 4253w, https:\/\/virtual.cuautitlan.unam.mx\/intar\/ime\/wp-content\/uploads\/sites\/15\/2022\/03\/Cartel_page-0001-300x225.jpg 300w, https:\/\/virtual.cuautitlan.unam.mx\/intar\/ime\/wp-content\/uploads\/sites\/15\/2022\/03\/Cartel_page-0001-768x576.jpg 768w, https:\/\/virtual.cuautitlan.unam.mx\/intar\/ime\/wp-content\/uploads\/sites\/15\/2022\/03\/Cartel_page-0001-1024x768.jpg 1024w\" sizes=\"(max-width: 767px) 89vw, (max-width: 1000px) 54vw, (max-width: 1071px) 543px, 580px\" \/><\/a><\/p>\n<p style=\"text-align: center;\"><a href=\"http:\/\/virtual.cuautitlan.unam.mx\/intar\/ime\/wp-content\/uploads\/sites\/15\/2022\/03\/Cartel.pdf\"><strong>P\u00f3ster<\/strong><\/a><\/p>\n","protected":false},"excerpt":{"rendered":"<p>A continuaci\u00f3n se presentan los p\u00f3sters de trabajo del proyecto &#8220;M\u00e9todos de arranque, control con el PLC micro I Marca Square D y monitoreo con el Eaton segunda generaci\u00f3n IQ 250 para equipo de potencia mayores 2 hp de la marca didacta Italia para el LIME IV&#8221; a cargo del Ing. \u00c1ngel Isa\u00edas Lima G\u00f3mez. &hellip; <\/p>\n<p class=\"link-more\"><a href=\"https:\/\/virtual.cuautitlan.unam.mx\/intar\/ime\/poster-de-trabajo\/\" class=\"more-link\">Continuar leyendo<span class=\"screen-reader-text\"> &#8220;P\u00f3ster de trabajo&#8221;<\/span><\/a><\/p>\n","protected":false},"author":3,"featured_media":0,"parent":0,"menu_order":0,"comment_status":"closed","ping_status":"closed","template":"","meta":{"footnotes":""},"class_list":["post-83","page","type-page","status-publish","hentry"],"_links":{"self":[{"href":"https:\/\/virtual.cuautitlan.unam.mx\/intar\/ime\/wp-json\/wp\/v2\/pages\/83"}],"collection":[{"href":"https:\/\/virtual.cuautitlan.unam.mx\/intar\/ime\/wp-json\/wp\/v2\/pages"}],"about":[{"href":"https:\/\/virtual.cuautitlan.unam.mx\/intar\/ime\/wp-json\/wp\/v2\/types\/page"}],"author":[{"embeddable":true,"href":"https:\/\/virtual.cuautitlan.unam.mx\/intar\/ime\/wp-json\/wp\/v2\/users\/3"}],"replies":[{"embeddable":true,"href":"https:\/\/virtual.cuautitlan.unam.mx\/intar\/ime\/wp-json\/wp\/v2\/comments?post=83"}],"version-history":[{"count":6,"href":"https:\/\/virtual.cuautitlan.unam.mx\/intar\/ime\/wp-json\/wp\/v2\/pages\/83\/revisions"}],"predecessor-version":[{"id":680,"href":"https:\/\/virtual.cuautitlan.unam.mx\/intar\/ime\/wp-json\/wp\/v2\/pages\/83\/revisions\/680"}],"wp:attachment":[{"href":"https:\/\/virtual.cuautitlan.unam.mx\/intar\/ime\/wp-json\/wp\/v2\/media?parent=83"}],"curies":[{"name":"wp","href":"https:\/\/api.w.org\/{rel}","templated":true}]}}