{"id":357,"date":"2021-07-08T13:32:22","date_gmt":"2021-07-08T19:32:22","guid":{"rendered":"http:\/\/virtual.cuautitlan.unam.mx\/intar\/ime\/?page_id=357"},"modified":"2021-08-10T19:02:35","modified_gmt":"2021-08-11T01:02:35","slug":"estabilidad","status":"publish","type":"page","link":"https:\/\/virtual.cuautitlan.unam.mx\/intar\/ime\/estabilidad\/","title":{"rendered":"Estabilidad"},"content":{"rendered":"<h1 style=\"text-align: center;\"><strong>Estabilidad<\/strong><\/h1>\n<p>La estabilidad en un sistemas nos muestra si este va a comportarse de una forma adecuada, o si por el contrario el sistema terminara realizando acciones fuera de control o indebidas. Un sistema es estable si responde en forma limitada a una excitaci\u00f3n limitada. Tambi\u00e9n puede decirse que un sistema estable es aquel en que los transitorios decaen, es decir, la respuesta transitoria desaparece para valores crecientes del tiempo. La figura 1 muestra ejemplos de respuesta en el tiempo de sistemas inestables, y la figura 2 muestra ejemplos de respuesta de un sistema estable<\/p>\n<p><img loading=\"lazy\" decoding=\"async\" width=\"457\" height=\"372\" class=\"wp-image-358 aligncenter\" src=\"http:\/\/virtual.cuautitlan.unam.mx\/intar\/ime\/wp-content\/uploads\/sites\/15\/2021\/07\/word-image-47.png\" srcset=\"https:\/\/virtual.cuautitlan.unam.mx\/intar\/ime\/wp-content\/uploads\/sites\/15\/2021\/07\/word-image-47.png 457w, https:\/\/virtual.cuautitlan.unam.mx\/intar\/ime\/wp-content\/uploads\/sites\/15\/2021\/07\/word-image-47-300x244.png 300w\" sizes=\"(max-width: 457px) 100vw, 457px\" \/><\/p>\n<p><img loading=\"lazy\" decoding=\"async\" width=\"444\" height=\"373\" class=\"wp-image-359 aligncenter\" src=\"http:\/\/virtual.cuautitlan.unam.mx\/intar\/ime\/wp-content\/uploads\/sites\/15\/2021\/07\/word-image-48.png\" srcset=\"https:\/\/virtual.cuautitlan.unam.mx\/intar\/ime\/wp-content\/uploads\/sites\/15\/2021\/07\/word-image-48.png 444w, https:\/\/virtual.cuautitlan.unam.mx\/intar\/ime\/wp-content\/uploads\/sites\/15\/2021\/07\/word-image-48-300x252.png 300w\" sizes=\"(max-width: 444px) 100vw, 444px\" \/><\/p>\n<p>&nbsp;<\/p>\n<p><img loading=\"lazy\" decoding=\"async\" width=\"520\" height=\"419\" class=\"wp-image-360\" src=\"http:\/\/virtual.cuautitlan.unam.mx\/intar\/ime\/wp-content\/uploads\/sites\/15\/2021\/07\/word-image-49.png\" srcset=\"https:\/\/virtual.cuautitlan.unam.mx\/intar\/ime\/wp-content\/uploads\/sites\/15\/2021\/07\/word-image-49.png 520w, https:\/\/virtual.cuautitlan.unam.mx\/intar\/ime\/wp-content\/uploads\/sites\/15\/2021\/07\/word-image-49-300x242.png 300w\" sizes=\"(max-width: 520px) 100vw, 520px\" \/><\/p>\n<p style=\"text-align: center;\">Fig. 1.- Ejemplos de respuesta en el tiempo de sistemas inestables, como se puede observar la inestabilidad implica un crecimiento hac\u00eda el infinito conforme el tiempo tambi\u00e9n tiende al infinito.<\/p>\n<p><img loading=\"lazy\" decoding=\"async\" width=\"500\" height=\"406\" class=\"wp-image-361 aligncenter\" src=\"http:\/\/virtual.cuautitlan.unam.mx\/intar\/ime\/wp-content\/uploads\/sites\/15\/2021\/07\/word-image-50.png\" srcset=\"https:\/\/virtual.cuautitlan.unam.mx\/intar\/ime\/wp-content\/uploads\/sites\/15\/2021\/07\/word-image-50.png 500w, https:\/\/virtual.cuautitlan.unam.mx\/intar\/ime\/wp-content\/uploads\/sites\/15\/2021\/07\/word-image-50-300x244.png 300w\" sizes=\"(max-width: 500px) 100vw, 500px\" \/><\/p>\n<p>&nbsp;<\/p>\n<p><img loading=\"lazy\" decoding=\"async\" width=\"505\" height=\"417\" class=\"wp-image-362 aligncenter\" src=\"http:\/\/virtual.cuautitlan.unam.mx\/intar\/ime\/wp-content\/uploads\/sites\/15\/2021\/07\/word-image-51.png\" srcset=\"https:\/\/virtual.cuautitlan.unam.mx\/intar\/ime\/wp-content\/uploads\/sites\/15\/2021\/07\/word-image-51.png 505w, https:\/\/virtual.cuautitlan.unam.mx\/intar\/ime\/wp-content\/uploads\/sites\/15\/2021\/07\/word-image-51-300x248.png 300w\" sizes=\"(max-width: 505px) 100vw, 505px\" \/><\/p>\n<p style=\"text-align: center;\">Fig. 2.- Ejemplos de respuesta en el tiempo de sistemas estables. Como es posible observar las gr\u00e1ficas presentan un comportamiento que tiende hacia un estado estacionario, y tiende a la eliminaci\u00f3n de los transitorios.<\/p>\n<p>La estabilidad est\u00e1 directamente ligada a los valores de los polos dentro de la ecuaci\u00f3n que representa la funci\u00f3n de transferencia de un sistema. El plano cartesiano mostrado en la figura 3, muestra precisamente las regiones en las cuales un sistema es estable o inestable, es decir, si uno de los polos del sistema se posiciona en la parte derecha de la gr\u00e1fica, o en tiempo positivo, el sistema ser\u00e1 inestable. Todos los polos deben de centrarse en el lado izquierdo del plano cartesiano para que el sistema sea estable.<\/p>\n<p><img loading=\"lazy\" decoding=\"async\" width=\"648\" height=\"367\" class=\"wp-image-363 aligncenter\" src=\"http:\/\/virtual.cuautitlan.unam.mx\/intar\/ime\/wp-content\/uploads\/sites\/15\/2021\/07\/word-image-52.png\" srcset=\"https:\/\/virtual.cuautitlan.unam.mx\/intar\/ime\/wp-content\/uploads\/sites\/15\/2021\/07\/word-image-52.png 648w, https:\/\/virtual.cuautitlan.unam.mx\/intar\/ime\/wp-content\/uploads\/sites\/15\/2021\/07\/word-image-52-300x170.png 300w\" sizes=\"(max-width: 648px) 100vw, 648px\" \/><\/p>\n<p style=\"text-align: center;\">Fig. 3.- Representaci\u00f3n del plano cartesiano donde se pueden observar las regiones donde los polos del sistema generan estabilidad o inestabilidad.<\/p>\n<p>Por ejemplo, tenemos la siguiente funci\u00f3n de trasferencia:<\/p>\n<p>$$G(s)=\\frac{(s+3)}{(s+1)(s+2)(s+4)}$$<\/p>\n<p>Si graficamos los polos del sistema, vemos que todos se encuentran del lado izquierdo del plano, por lo que indicar\u00eda que el sistema es estable, como se ve en la figura 4.<\/p>\n<p><img loading=\"lazy\" decoding=\"async\" width=\"656\" height=\"351\" class=\"wp-image-364 aligncenter\" src=\"http:\/\/virtual.cuautitlan.unam.mx\/intar\/ime\/wp-content\/uploads\/sites\/15\/2021\/07\/word-image-53.png\" srcset=\"https:\/\/virtual.cuautitlan.unam.mx\/intar\/ime\/wp-content\/uploads\/sites\/15\/2021\/07\/word-image-53.png 656w, https:\/\/virtual.cuautitlan.unam.mx\/intar\/ime\/wp-content\/uploads\/sites\/15\/2021\/07\/word-image-53-300x161.png 300w\" sizes=\"(max-width: 656px) 100vw, 656px\" \/><\/p>\n<p style=\"text-align: center;\">Fig. 4. Sistema con polos de lado izquierdo de la gr\u00e1fica.<\/p>\n<p>Sin embargo, si graficamos los polos del siguiente sistema:<\/p>\n<p>$$G(s)=\\frac{(s+3)}{(s+1)(s+2)(s+4)(s-5)}$$<\/p>\n<p>Vemos que el polo $s=5$, se encuentra del lado derecho del plano, por lo que este polo genera la inestabilidad del sistema, como se ve en la figura 5. Basta con un solo polo en tal regi\u00f3n para que el sistema sea inestable.<\/p>\n<p><img loading=\"lazy\" decoding=\"async\" width=\"637\" height=\"353\" class=\"wp-image-365 aligncenter\" src=\"http:\/\/virtual.cuautitlan.unam.mx\/intar\/ime\/wp-content\/uploads\/sites\/15\/2021\/07\/word-image-54.png\" srcset=\"https:\/\/virtual.cuautitlan.unam.mx\/intar\/ime\/wp-content\/uploads\/sites\/15\/2021\/07\/word-image-54.png 637w, https:\/\/virtual.cuautitlan.unam.mx\/intar\/ime\/wp-content\/uploads\/sites\/15\/2021\/07\/word-image-54-300x166.png 300w\" sizes=\"(max-width: 637px) 100vw, 637px\" \/><\/p>\n<p style=\"text-align: center;\">Fig. 5.- Sistema con un polo del lado derecho del plano, sistema inestable.<\/p>\n<p>Ahora bien, vamos a suponer un sistema en la forma mostrada en la figura 6.<\/p>\n<p><img loading=\"lazy\" decoding=\"async\" width=\"454\" height=\"191\" class=\"wp-image-366 aligncenter\" src=\"http:\/\/virtual.cuautitlan.unam.mx\/intar\/ime\/wp-content\/uploads\/sites\/15\/2021\/07\/word-image-55.png\" srcset=\"https:\/\/virtual.cuautitlan.unam.mx\/intar\/ime\/wp-content\/uploads\/sites\/15\/2021\/07\/word-image-55.png 454w, https:\/\/virtual.cuautitlan.unam.mx\/intar\/ime\/wp-content\/uploads\/sites\/15\/2021\/07\/word-image-55-300x126.png 300w\" sizes=\"(max-width: 454px) 100vw, 454px\" \/><\/p>\n<p style=\"text-align: center;\">Fig. 6.- Sistema con un valor $K$ que puede moverse a trav\u00e9s de la curva de estabilidad.<\/p>\n<p>Podemos ver que el sistema de la figura 6 presenta una variable $K$, la cual puede generar un rango de valores dentro de la funci\u00f3n de transferencia. Este valor $K$ puede adquirir valores que hagan estable el sistema, o valores que lo hagan inestable.<\/p>\n<p>Bajo este esquema, si un sistema es inestable, podemos modificar el valor de $K$ para convertir a ese sistema en un modo estable. Por ejemplo, tenemos el sistema siguiente:<\/p>\n<p>$$G(s)=\\frac{1}{s-3+K}$$<\/p>\n<p>Para este sistema podemos ver que el valor de determinar\u00e1 el comportamiento del mismo, puede adquirir los valores desde 0 hasta $\\infty$. Evaluando valores para $K$ de 0 hasta 4 en el sistema anterior, tenemos:<\/p>\n<p><img loading=\"lazy\" decoding=\"async\" class=\"aligncenter wp-image-367 size-full\" src=\"http:\/\/virtual.cuautitlan.unam.mx\/intar\/ime\/wp-content\/uploads\/sites\/15\/2021\/07\/word-image-56.png\" alt=\"\" width=\"61\" height=\"154\" \/><\/p>\n<p>Podemos ver que bajo este caso, el sistema se vuelve estable para $K\\geq4$ , y para $K&lt;4$ el sistema es inestable.<\/p>\n<p>Para identificar la inestabilidad de un sistema, tenemos diferentes m\u00e9todos, entre ellos se encuentra el m\u00e9todo de <em>Ruth-Hurwitz,<\/em> que nos permite identificar si un sistema es estable o no, sin la necesidad de factorizar el polinomio caracter\u00edstico (el polinomio que est\u00e1 en el denominador de la funci\u00f3n de transferencia), ahora bien, si tenemos el siguiente polinomio caracter\u00edstico:<\/p>\n<p>$$a_{0}S^{n}+a_{1}S^{n-1}+\\cdots+a_{n-1}S^{1}+a_{n}=0$$<\/p>\n<p>Ordenamos los coeficientes en $n+1$ filas,\u00a0 como podemos observar en la siguiente representaci\u00f3n ordenada, la fila $s^{n}$ tiene todos los coeficientes de las posiciones pares del polinomio, mientras que la fila $s^{n-1}$ tiene todos los coeficientes de las posiciones impares del polinomio.\u00a0 A partir de estas dos primeras filas del conjunto ordenado, se van a ir construyendo las filas adicionales, la cantidad de filas depender\u00e1 del sistema.<\/p>\n<p>\\begin{matrix}<br \/>\ns^{n} &amp; a_0 &amp; a_2 &amp; a_4 &amp; a_6 &amp; \\cdots \\\\<br \/>\ns^{n-1} &amp; a_1 &amp; a_3 &amp; a_5 &amp; a_7 &amp; \\cdots \\\\<br \/>\ns^{n-2} &amp; b_1 &amp; b_2 &amp; b_3 &amp; b_4 &amp; \\cdots \\\\<br \/>\ns^{n-3} &amp; c_1 &amp; c_2 &amp; c_3 &amp; c_4 &amp; \\cdots \\\\<br \/>\ns^{n-4} &amp; d_1 &amp; d_2 &amp; d_3 &amp; d_4 &amp; \\cdots \\\\<br \/>\n\\vdots &amp; \\vdots &amp; \\vdots &amp; &amp; &amp; \\\\<br \/>\ns^{2}&amp; e_1 &amp; e_2 &amp; &amp; &amp; \\\\<br \/>\ns^{1}&amp; f_1 &amp; &amp; &amp; &amp; \\\\<br \/>\ns^{0}&amp; g_1 &amp; &amp; &amp; &amp; \\\\<br \/>\n\\end{matrix}<\/p>\n<p>Para determinar la estabilidad de nuestro sistema, es necesario calcular los valores $b_{n}, c_{m}, d_{i}, \\ldots,g_{1}$ , para formar las filas $s^{n-2}, s^{n-3}, \\ldots,s^{0}$. Para calcular estos valores nos vamos a basar en las siguientes expresiones:<\/p>\n<p>$$\\begin{matrix}<br \/>\nb_{1}=\\frac{a_{1}a_{2}-a_{0}a_{3}}{a_1} &amp; b_{2}=\\frac{a_{1}a_{4}-a_{0}a_{5}}{a_1} &amp; b_{3}=\\frac{a_{1}a_{6}-a_{0}a_{7}}{a_1} &amp; \\cdots \\\\<br \/>\nc_{1}=\\frac{b_{1}a_{3}-a_{1}b_{2}}{b_1} &amp; c_{2}=\\frac{b_{1}a_{5}-a_{1}b_{3}}{b_1} &amp; c_{3}=\\frac{b_{1}a_{7}-a_{1}b_{4}}{b_1} &amp; \\cdots\\\\<br \/>\nd_{1}=\\frac{c_{1}b_{2}-b_{1}c_{2}}{c_1}&amp; d_{2}=\\frac{c_{1}b_{3}-b_{1}c_{3}}{c_1} &amp; &amp; \\cdots \\\\<br \/>\n\\vdots &amp; \\vdots &amp; &amp;<br \/>\n\\end{matrix}$$<\/p>\n<p>Estas evaluaciones se llevan a cabo hasta que ya no se tienen valores num\u00e9ricos en las columnas m\u00e1s que cero.<\/p>\n<p>Este criterio dice que un sistema es estable, si todos los elementos que se encuentran en la primera columna de la estructura ordenada tienen el mismo signo siempre, si existe un cambio de signo en tal columna, el sistema es inestable.<\/p>\n<p>Para entender un poco mejor, vamos a realizar el siguiente ejemplo:<\/p>\n<p>Tenemos el siguiente polinomio caracter\u00edstico:<\/p>\n<p>$$5s^{4}+6s^{3}+7s^{2}+8s^{1}+9=0$$<\/p>\n<p>Observamos que en tal polinomio $a_{0}=5$, $a_{1}=6$, $a_{2}=7$, $a_{3}=8$ y $a_{4}=9$.<\/p>\n<p>Iniciamos ordenando los coeficientes en la siguiente forma<\/p>\n<p>$$\\begin{matrix}<br \/>\ns^{4} &amp; 5 &amp; 7 &amp; 9\\\\<br \/>\ns^{3} &amp; 6 &amp; 8 &amp; 0\\\\<br \/>\ns^{2} &amp; &amp; &amp; \\\\<br \/>\ns^{1} &amp; &amp; &amp; \\\\<br \/>\ns^{0} &amp; &amp; &amp;<br \/>\n\\end{matrix}$$<\/p>\n<p>Aqu\u00ed es importante notar que en la primera fila que son las <strong>posiciones pares, <\/strong>se colocan los coeficientes de tales posiciones, solo que para fines explicativos y demostrativos, dichos coeficientes son impares (los coeficientes son los impares, no la posici\u00f3n de ellos). Lo mismo pasa con la segunda fila, en donde van los coeficientes de las <strong>posiciones impares<\/strong> del polinomio, las posiciones son las impares, aunque los valores de tales coeficientes son impares.<\/p>\n<p>Calculamos:<\/p>\n<p>$$b_{1}=\\frac{(6)(7)-(5)(8)}{6}=\\frac{1}{3}$$<\/p>\n<p>$$b_{2}=\\frac{(6)(9)-(5)(0)}{6}=9$$<\/p>\n<p>Al ya no haber columna para poder calcular un posible valor $b_{3} $, damos por concluido el c\u00e1lculo de la fila , quedando<\/p>\n<p>$$\\begin{matrix}<br \/>\ns^{4} &amp; 5 &amp; 7 &amp; 9\\\\<br \/>\ns^{3} &amp; 6 &amp; 8 &amp; 0\\\\<br \/>\ns^{2} &amp; \\frac{1}{3} &amp; 9 &amp; \\\\<br \/>\ns^{1} &amp; &amp; &amp; \\\\<br \/>\ns^{0} &amp; &amp; &amp;<br \/>\n\\end{matrix}$$<\/p>\n<p>Ahora, se procede a calcular los valores de la fila $s^{3}$, para lo cual utilizamos las mismas expresiones, es importante notar que el proceso es completamente met\u00f3dico, y aprendiendo a realizarlo una vez, es posible realizarlo sin ning\u00fan problema para m\u00e1s ejemplos.<\/p>\n<p>$$c_{1}=\\frac{(\\frac{1}{3})(8)-(9)(6)}{\\frac{1}{3}}=-154$$<\/p>\n<p>Al ya no haber m\u00e1s columnas para poder realizar el c\u00e1lculo de un posible $c_{2}$ , asumimos que hemos concluido con esta fila. Cuando se ha obtenido una fila con un solo coeficiente, como en este caso solo $c_{1}$, debajo de tal valor colocamos el coeficiente independiente, en este caso el valor 9, d\u00e1ndonos como resultado:<\/p>\n<p>$$\\begin{matrix}s^{4} &amp; 5 &amp; 7 &amp; 9\\\\<br \/>\ns^{3} &amp; 6 &amp; 8 &amp; 0\\\\ s^{2} &amp; \\frac{1}{3} &amp; 9 &amp; \\\\ s^{1} &amp;-154 &amp; &amp; \\\\ s^{0} &amp; 9 &amp; &amp; \\end{matrix}$$<\/p>\n<p>Como podemos observar, el sistema es inestable, ya que en la primera columna hay un cambio de signo de $\\frac{1}{3}$ a $-154$ y un cambio de signo de $-154$ a $9$.<\/p>\n<p>Ahora, vamos a suponer un polinomio caracter\u00edstico con la forma:<\/p>\n<p>$$3s^{5}+5s^{4}+7s^{3}+9s^{2}+6s^{1}+4=0$$<\/p>\n<p>Realizando el ordenamiento de los datos tenemos<\/p>\n<p>$$\\begin{matrix}<br \/>\ns^{5} &amp; 3 &amp; 7 &amp; 6\\\\<br \/>\ns^{4} &amp; 5 &amp; 9 &amp; 4\\\\<br \/>\ns^{3} &amp; &amp; &amp; \\\\<br \/>\ns^{2} &amp; &amp; &amp; \\\\<br \/>\ns^{1} &amp; &amp; &amp; \\\\<br \/>\ns^{0} &amp; &amp; &amp;\\\\<br \/>\n\\end{matrix}$$<\/p>\n<p>De la misma forma que en el caso anterior, iniciamos los c\u00e1lculos para llenar la tabla ordenada de coeficientes:<\/p>\n<p>$$b_{1}=\\frac{(5)(7)-(9)(3)}{5}=\\frac{8}{5}=1.6$$<\/p>\n<p>$$b_{2}=\\frac{(5)(6)-(4)(3)}{5}=\\frac{18}{5}=3.6$$<\/p>\n<p>Lo que nos da:<\/p>\n<p>$$\\begin{matrix}<br \/>\ns^{5} &amp; 3 &amp; 7 &amp; 6\\\\<br \/>\ns^{4} &amp; 5 &amp; 9 &amp; 4\\\\<br \/>\ns^{3} &amp; 1.6 &amp; 3.6 &amp; \\\\<br \/>\ns^{2} &amp; &amp; &amp; \\\\<br \/>\ns^{1} &amp; &amp; &amp; \\\\<br \/>\ns^{0} &amp; &amp; &amp;\\\\<br \/>\n\\end{matrix}$$<\/p>\n<p>Continuando con la siguiente fila:<\/p>\n<p>$$c_{1}=\\frac{(1.6)(9)-(3.6)(5)}{1.6}=\\frac{-3.6}{1.6}=-2.25$$<\/p>\n<p>$$c_{2}=\\frac{(1.6)(4)-(0)(5)}{1.6}=\\frac{6.4}{1.6}=4$$<\/p>\n<p>Dando como resultado:<\/p>\n<p>$$\\begin{matrix}<br \/>\ns^{5} &amp; 3 &amp; 7 &amp; 6\\\\<br \/>\ns^{4} &amp; 5 &amp; 9 &amp; 4\\\\<br \/>\ns^{3} &amp; 1.6 &amp; 3.6 &amp; \\\\<br \/>\ns^{2} &amp;-2.25 &amp;4 &amp; \\\\<br \/>\ns^{1} &amp; &amp; &amp; \\\\<br \/>\ns^{0} &amp; &amp; &amp;\\\\<br \/>\n\\end{matrix}$$<\/p>\n<p>Para la siguiente fila tenemos:<\/p>\n<p>$$c_{2}=\\frac{(-2.25)(3.6)-(4)(1.6)}{-2.25}=\\frac{-14.5}{-2.25}=6.44$$<\/p>\n<p>Como ya no podemos calcular m\u00e1s coeficientes, y como solo calculamos un coeficiente, ahora debajo de \u00e9l va el coeficiente independiente del polinomio, de tal forma que<\/p>\n<p>$$\\begin{matrix}<br \/>\ns^{5} &amp; 3 &amp; 7 &amp; 6\\\\<br \/>\ns^{4} &amp; 5 &amp; 9 &amp; 4\\\\<br \/>\ns^{3} &amp; 1.6 &amp; 3.6 &amp; \\\\<br \/>\ns^{2} &amp;-2.25 &amp;4 &amp; \\\\<br \/>\ns^{1} &amp; 6.44 &amp; &amp; \\\\<br \/>\ns^{0} &amp; 4 &amp; &amp;\\\\<br \/>\n\\end{matrix}$$<\/p>\n<p>Nuevamente, es posible ver que se trata de un sistema inestable, debido a que hay cambios de signos en la primera columna, entre +1.6 y -2.25; y -2.25 y +6.44.<\/p>\n<p>Ahora, si tenemos un polinomio en la siguiente forma:<\/p>\n<p>$$3s^{4}+9s^{3}+9s^{2}+6s^{1}+3K=0$$<\/p>\n<p>Como podemos observar, este polinomio tiene una variable $K$, esta variable es muy importante, ya que ella es la que definir\u00e1 si este sistema es estable o inestable, y tambi\u00e9n definir\u00e1 los valores para los cuales se cumple la estabilidad, el proceso del c\u00e1lculo es exactamente igual que en los ejemplos anteriores, solo que en este caso vamos a ir arrastrando simb\u00f3licamente la variable $K$. Acomodamos los coeficientes seg\u00fan la tabla:<\/p>\n<p>$$\\begin{matrix}<br \/>\ns^{4} &amp; 3 &amp; 9 &amp; 3K\\\\<br \/>\ns^{3} &amp; 9 &amp; 6 &amp; 0 \\\\<br \/>\ns^{2} &amp;\u00a0 &amp;\u00a0 &amp; \\\\<br \/>\ns^{1} &amp;\u00a0 &amp; &amp; \\\\<br \/>\ns^{0} &amp;\u00a0 &amp; &amp;\\\\<br \/>\n\\end{matrix}$$<\/p>\n<p>Calculamos la primera fila de coeficientes:<\/p>\n<p>$$b_{1}=\\frac{(9)(9)-(6)(3)}{9}=\\frac{63}{9}=7$$<\/p>\n<p>$$b_{1}=\\frac{(9)(3K)-(0)(3)}{9}=\\frac{27K}{9}=3K$$<\/p>\n<p>Dando como resultado:<\/p>\n<p>$$\\begin{matrix}<br \/>\ns^{4} &amp; 3 &amp; 9 &amp; 3K\\\\<br \/>\ns^{3} &amp; 9 &amp; 6 &amp; 0 \\\\<br \/>\ns^{2} &amp;\u00a0 7 &amp; 3K\u00a0 &amp; \\\\<br \/>\ns^{1} &amp;\u00a0 &amp; &amp; \\\\<br \/>\ns^{0} &amp;\u00a0 &amp; &amp;\\\\<br \/>\n\\end{matrix}$$<\/p>\n<p>Continuando con la siguiente fila:<\/p>\n<p>$$c_{1}=\\frac{(7)(6)-(3K)(9)}{7}=\\frac{42-27K}{7}=\\frac{42}{7}-\\frac{27K}{7}=6-3.85K$$<\/p>\n<p>Como ya no se pueden calcular m\u00e1s elementos de la fila y solo se calcul\u00f3 un solo coeficiente, colocamos debajo de \u00e9l, el valor del coeficiente independiente, quedando:<\/p>\n<p>$$\\begin{matrix}<br \/>\ns^{4} &amp; 3 &amp; 9 &amp; 3K\\\\<br \/>\ns^{3} &amp; 9 &amp; 6 &amp; 0 \\\\<br \/>\ns^{2} &amp;\u00a0 7 &amp; 3K\u00a0 &amp; \\\\<br \/>\ns^{1} &amp; 6-3.85K &amp; &amp; \\\\<br \/>\ns^{0} &amp;\u00a0 3K &amp; &amp;\\\\<br \/>\n\\end{matrix}$$<\/p>\n<p>Ahora, \u00bfC\u00f3mo se hace ese sistema estable?. la respuesta es simple, es posible ver que los primeros tres elementos de la columna principal son positivos, por lo tanto los \u00faltimos dos elementos tambi\u00e9n deben de ser positivos, es decir,<\/p>\n<p>$$6-3.85K&gt;0$$<\/p>\n<p>$$3K&gt;0$$<\/p>\n<p>Podemos definir f\u00e1cilmente el rango de valores de $K$ del \u00faltimo elemento de la columna, simplemente , para que el \u00faltimo valor de la columna de siempre un valor positivo.<\/p>\n<p>Para que el pen\u00faltimo valor de la columna de siempre positivo, necesitamos encontrar el rango de valores para los que $K$\u00a0 da positivo, tal que:<\/p>\n<p>\\begin{matrix}<br \/>\n6-3.85K&gt;0\\\\<br \/>\n-3.85K&gt;-6\\\\<br \/>\n3.85K&lt;6\\\\<br \/>\nK&lt;\\frac{6}{3.85}<br \/>\n\\end{matrix}<\/p>\n<p>Por lo que vemos que $K$ debe ser menor que $\\frac{6}{3.85} = 1.558$ (este l\u00edmite lo pone el pen\u00faltimo elemento de la columna), y mayor que 0 (este l\u00edmite lo pone el \u00faltimo elemento de la columna), tal que<\/p>\n<p>$$0&lt;K&lt;\\frac{6}{3.85}$$<\/p>\n<p>Y de esta forma encontramos el rango de valores de $K$ para los que el sistema es estable.<\/p>\n<p>Para poder simular el criterio de <em>Ruth-Hurwitz <\/em>en Matlab, se puede descargar el siguiente c\u00f3digo:<\/p>\n<p style=\"text-align: center;\"><a href=\"http:\/\/virtual.cuautitlan.unam.mx\/intar\/ime\/wp-content\/uploads\/sites\/15\/2021\/07\/rhStabilityCriterion.zip\"><strong>Ruth-Hurwitz<\/strong><\/a><\/p>\n<p>El proyecto original puede ser descargado y visualizado desde:<\/p>\n<p><a href=\"https:\/\/la.mathworks.com\/matlabcentral\/fileexchange\/17483-routh-hurwitz-stability-criterion\">https:\/\/la.mathworks.com\/matlabcentral\/fileexchange\/17483-routh-hurwitz-stability-criterion<\/a><\/p>\n<h2><strong>Verificaci\u00f3n en Matlab<\/strong><\/h2>\n<p>Vamos a verificar el \u00faltimo de los ejercicios realizados, y ver como se comporta este sistema con diferentes valores de Matlab, para esto vamos a utilizar valores de $K=\\{-1, .5, 1, 1.55. 1.56\\}$. Recordando que para que el sistema sea estable se debe de cumplir $0&lt;K&lt;\\frac{6}{3.85}$.<\/p>\n<p>Vamos a utilizar el siguiente c\u00f3digo de Matlab:<\/p>\n<div class=\"content\">\n<div class=\"SectionBlock containment first active\">\n<div class=\"CodeBlock contiguous\">\n<div class=\"inlineWrapper\"><\/div>\n<div class=\"inlineWrapper\">\n<div class=\"SC167D7602\">\n<pre class=\"lang:matlab decode:true \">K=1.56;\r\nnum=K;\r\nden=[3 9 9 6 3*K];\r\nSalida=tf(num,den)\r\nstep(Salida)<\/pre>\n<p><span style=\"font-size: 1rem;\">En el c\u00f3digo, se va a ir sustituyendo los valores mencionados de $K$, lo que nos dar\u00e1 las gr\u00e1ficas de la figura 7.<\/span><\/p>\n<\/div>\n<\/div>\n<\/div>\n<div><\/div>\n<div><a href=\"http:\/\/virtual.cuautitlan.unam.mx\/intar\/ime\/wp-content\/uploads\/sites\/15\/2021\/07\/respuestas.jpg\"><img loading=\"lazy\" decoding=\"async\" class=\"alignnone wp-image-397 size-full\" src=\"http:\/\/virtual.cuautitlan.unam.mx\/intar\/ime\/wp-content\/uploads\/sites\/15\/2021\/07\/respuestas.jpg\" alt=\"\" width=\"524\" height=\"1912\" srcset=\"https:\/\/virtual.cuautitlan.unam.mx\/intar\/ime\/wp-content\/uploads\/sites\/15\/2021\/07\/respuestas.jpg 524w, https:\/\/virtual.cuautitlan.unam.mx\/intar\/ime\/wp-content\/uploads\/sites\/15\/2021\/07\/respuestas-82x300.jpg 82w, https:\/\/virtual.cuautitlan.unam.mx\/intar\/ime\/wp-content\/uploads\/sites\/15\/2021\/07\/respuestas-281x1024.jpg 281w\" sizes=\"(max-width: 524px) 100vw, 524px\" \/><\/a><\/div>\n<div>Fig.7.- Respuesta en el tiempo del sistema $3s^{4}+9s^{3}+9s^{2}+6s^{1}+3K=0$ para cada uno de los valores $K=\\{-1, .5, 1, 1.55. 1.56\\}$, las gr\u00e1ficas est\u00e1n en orden respecto a la secuencia anterior.<\/div>\n<\/div>\n<\/div>\n<div><\/div>\n<div>Es posible observar en la figura 7 como antes de 0 y despu\u00e9s de 1.55 el sistema entra en inestabilidad, mientras que para los valores entre esos rangos, el sistema se mantiene estable.<\/div>\n<div class=\"content\">\n<div class=\"SectionBlock containment first active\">\n<div><\/div>\n<div><\/div>\n<\/div>\n<\/div>\n<div><\/div>\n<div><\/div>\n<div><\/div>\n<div><\/div>\n<p>&nbsp;<\/p>\n<p>&nbsp;<\/p>\n","protected":false},"excerpt":{"rendered":"<p>Estabilidad La estabilidad en un sistemas nos muestra si este va a comportarse de una forma adecuada, o si por el contrario el sistema terminara realizando acciones fuera de control o indebidas. Un sistema es estable si responde en forma limitada a una excitaci\u00f3n limitada. Tambi\u00e9n puede decirse que un sistema estable es aquel en &hellip; <\/p>\n<p class=\"link-more\"><a href=\"https:\/\/virtual.cuautitlan.unam.mx\/intar\/ime\/estabilidad\/\" class=\"more-link\">Continuar leyendo<span class=\"screen-reader-text\"> &#8220;Estabilidad&#8221;<\/span><\/a><\/p>\n","protected":false},"author":3,"featured_media":0,"parent":0,"menu_order":0,"comment_status":"closed","ping_status":"closed","template":"","meta":{"footnotes":""},"class_list":["post-357","page","type-page","status-publish","hentry"],"_links":{"self":[{"href":"https:\/\/virtual.cuautitlan.unam.mx\/intar\/ime\/wp-json\/wp\/v2\/pages\/357"}],"collection":[{"href":"https:\/\/virtual.cuautitlan.unam.mx\/intar\/ime\/wp-json\/wp\/v2\/pages"}],"about":[{"href":"https:\/\/virtual.cuautitlan.unam.mx\/intar\/ime\/wp-json\/wp\/v2\/types\/page"}],"author":[{"embeddable":true,"href":"https:\/\/virtual.cuautitlan.unam.mx\/intar\/ime\/wp-json\/wp\/v2\/users\/3"}],"replies":[{"embeddable":true,"href":"https:\/\/virtual.cuautitlan.unam.mx\/intar\/ime\/wp-json\/wp\/v2\/comments?post=357"}],"version-history":[{"count":21,"href":"https:\/\/virtual.cuautitlan.unam.mx\/intar\/ime\/wp-json\/wp\/v2\/pages\/357\/revisions"}],"predecessor-version":[{"id":711,"href":"https:\/\/virtual.cuautitlan.unam.mx\/intar\/ime\/wp-json\/wp\/v2\/pages\/357\/revisions\/711"}],"wp:attachment":[{"href":"https:\/\/virtual.cuautitlan.unam.mx\/intar\/ime\/wp-json\/wp\/v2\/media?parent=357"}],"curies":[{"name":"wp","href":"https:\/\/api.w.org\/{rel}","templated":true}]}}