{"id":12,"date":"2020-06-05T15:35:33","date_gmt":"2020-06-05T21:35:33","guid":{"rendered":"http:\/\/virtual.cuautitlan.unam.mx\/intar\/ime\/?page_id=12"},"modified":"2021-06-27T21:24:29","modified_gmt":"2021-06-28T03:24:29","slug":"tutoriales-matlab","status":"publish","type":"page","link":"https:\/\/virtual.cuautitlan.unam.mx\/intar\/ime\/tutoriales-matlab\/","title":{"rendered":"Tutoriales Matlab"},"content":{"rendered":"<h1><strong>Tutoriales de Matlab Para su uso en sistemas de control<\/strong><\/h1>\n<p><a href=\"http:\/\/virtual.cuautitlan.unam.mx\/intar\/ime\/wp-content\/uploads\/sites\/15\/2021\/06\/Matlab.jpg\"><img loading=\"lazy\" decoding=\"async\" class=\"aligncenter wp-image-162 size-full\" src=\"http:\/\/virtual.cuautitlan.unam.mx\/intar\/ime\/wp-content\/uploads\/sites\/15\/2021\/06\/Matlab.jpg\" alt=\"\" width=\"850\" height=\"391\" srcset=\"https:\/\/virtual.cuautitlan.unam.mx\/intar\/ime\/wp-content\/uploads\/sites\/15\/2021\/06\/Matlab.jpg 850w, https:\/\/virtual.cuautitlan.unam.mx\/intar\/ime\/wp-content\/uploads\/sites\/15\/2021\/06\/Matlab-300x138.jpg 300w, https:\/\/virtual.cuautitlan.unam.mx\/intar\/ime\/wp-content\/uploads\/sites\/15\/2021\/06\/Matlab-768x353.jpg 768w\" sizes=\"(max-width: 767px) 89vw, (max-width: 1000px) 54vw, (max-width: 1071px) 543px, 580px\" \/><\/a><\/p>\n<p>Matlab es una herramienta utilizada en diversas \u00e1reas de ingenier\u00eda, entre las que se encuentra rob\u00f3tica, inteligencia artificial, dise\u00f1o, simulaci\u00f3n de sistemas, procesamiento de im\u00e1genes, procesamiento de se\u00f1ales, entre una larga lista de aplicaciones.<\/p>\n<p>La UNAM y su comunidad, tiene acceso a Matlab a trav\u00e9s de la p\u00e1gina\u00a0<a href=\"https:\/\/www.software.unam.mx\/producto\/matlab\/\">https:\/\/www.software.unam.mx\/producto\/matlab\/<\/a> en la cual cualquier estudiante, profesor o trabajador de la UNAM pueden descargar el software completo para su uso y desarrollo.<\/p>\n<p>En la asignatura Teor\u00eda de Control y Rob\u00f3tica (TCyR), Matlab es una herramienta ampliamente utilizada para el an\u00e1lisis, simulaci\u00f3n y dise\u00f1o de diferentes sistemas de control.<\/p>\n<p>Como una forma de apoyo a la comunidad estudiantil, algunos alumnos de la carrera de IME han desarrollado tutoriales sobre el uso de Matlab para la resoluci\u00f3n de problemas planteados dentro del plan tem\u00e1tico de la asignatura, estos tutoriales pueden ser consultados y descargados en los siguientes links.<\/p>\n<p>Algunos de los alumnos utilizaron el siguiente Script, para la ejemplificaci\u00f3n del criterio de estabilidad de Ruth Hurwitz, el cual pertenece a Farzad Sagharchi (2020).\u00a0 Para acceder a tal script, da clic <a href=\"http:\/\/virtual.cuautitlan.unam.mx\/intar\/ime\/wp-content\/uploads\/sites\/15\/2020\/06\/rhStabilityCriterion-1.zip\"><strong>AQU\u00cd<\/strong><\/a>.<\/p>\n<p>Cada uno de los tutoriales,\u00a0 presenta su propio estilo y formato, para que cada alumno pueda adecuarse al que mejor le convenga.<\/p>\n<p>Opci\u00f3n 1:\u00a0 <strong><a href=\"http:\/\/virtual.cuautitlan.unam.mx\/intar\/ime\/wp-content\/uploads\/sites\/15\/2020\/06\/Manual-Matlab-Completo-Teoria-de-Control-y-Robotica-Christian-Jesus-Cazarrubias-Reyes.pdf\">CJCR<\/a><\/strong><\/p>\n<p>Opci\u00f3n 2:<strong> <a href=\"http:\/\/virtual.cuautitlan.unam.mx\/intar\/ime\/wp-content\/uploads\/sites\/15\/2020\/06\/Matlab-RESM.pdf\">RESM<\/a><\/strong><\/p>\n<p>Opci\u00f3n 3: <strong><a href=\"http:\/\/virtual.cuautitlan.unam.mx\/intar\/ime\/wp-content\/uploads\/sites\/15\/2020\/06\/MAtlab-JFCD.pdf\">JFCD<\/a><\/strong><\/p>\n<p>Opci\u00f3n 4: <strong><a href=\"http:\/\/virtual.cuautitlan.unam.mx\/intar\/ime\/wp-content\/uploads\/sites\/15\/2020\/06\/Matlab-LAMA.pdf\">LAMA<\/a><\/strong><\/p>\n<p>Opci\u00f3n 5: <strong><a href=\"http:\/\/virtual.cuautitlan.unam.mx\/intar\/ime\/wp-content\/uploads\/sites\/15\/2020\/06\/Matlab-DALL.pdf\">DALL<\/a><\/strong><\/p>\n<p>Opci\u00f3n 6: <strong><a href=\"http:\/\/virtual.cuautitlan.unam.mx\/intar\/ime\/wp-content\/uploads\/sites\/15\/2020\/06\/Matlab-PLTA.pdf\">PLTA<\/a><\/strong><\/p>\n<p>Opci\u00f3n 7: <strong><a href=\"http:\/\/virtual.cuautitlan.unam.mx\/intar\/ime\/wp-content\/uploads\/sites\/15\/2020\/06\/Matlab-IPM.pdf\">IPM<\/a><\/strong><\/p>\n<p>Los recursos digitales aqu\u00ed mostrados pueden ser reproducidos con fines no lucrativos, siempre y cuando no sean mutilados, se cite la fuente completa y su direcci\u00f3n electr\u00f3nica. De otra forma, requiere permiso previo por escrito de la instituci\u00f3n y el autor correspondiente.<\/p>\n<p>&nbsp;<\/p>\n<p>&nbsp;<\/p>\n<p>&nbsp;<\/p>\n","protected":false},"excerpt":{"rendered":"<p>Tutoriales de Matlab Para su uso en sistemas de control Matlab es una herramienta utilizada en diversas \u00e1reas de ingenier\u00eda, entre las que se encuentra rob\u00f3tica, inteligencia artificial, dise\u00f1o, simulaci\u00f3n de sistemas, procesamiento de im\u00e1genes, procesamiento de se\u00f1ales, entre una larga lista de aplicaciones. La UNAM y su comunidad, tiene acceso a Matlab a trav\u00e9s &hellip; <\/p>\n<p class=\"link-more\"><a href=\"https:\/\/virtual.cuautitlan.unam.mx\/intar\/ime\/tutoriales-matlab\/\" class=\"more-link\">Continuar leyendo<span class=\"screen-reader-text\"> &#8220;Tutoriales Matlab&#8221;<\/span><\/a><\/p>\n","protected":false},"author":3,"featured_media":0,"parent":0,"menu_order":0,"comment_status":"closed","ping_status":"closed","template":"","meta":{"footnotes":""},"class_list":["post-12","page","type-page","status-publish","hentry"],"_links":{"self":[{"href":"https:\/\/virtual.cuautitlan.unam.mx\/intar\/ime\/wp-json\/wp\/v2\/pages\/12"}],"collection":[{"href":"https:\/\/virtual.cuautitlan.unam.mx\/intar\/ime\/wp-json\/wp\/v2\/pages"}],"about":[{"href":"https:\/\/virtual.cuautitlan.unam.mx\/intar\/ime\/wp-json\/wp\/v2\/types\/page"}],"author":[{"embeddable":true,"href":"https:\/\/virtual.cuautitlan.unam.mx\/intar\/ime\/wp-json\/wp\/v2\/users\/3"}],"replies":[{"embeddable":true,"href":"https:\/\/virtual.cuautitlan.unam.mx\/intar\/ime\/wp-json\/wp\/v2\/comments?post=12"}],"version-history":[{"count":7,"href":"https:\/\/virtual.cuautitlan.unam.mx\/intar\/ime\/wp-json\/wp\/v2\/pages\/12\/revisions"}],"predecessor-version":[{"id":163,"href":"https:\/\/virtual.cuautitlan.unam.mx\/intar\/ime\/wp-json\/wp\/v2\/pages\/12\/revisions\/163"}],"wp:attachment":[{"href":"https:\/\/virtual.cuautitlan.unam.mx\/intar\/ime\/wp-json\/wp\/v2\/media?parent=12"}],"curies":[{"name":"wp","href":"https:\/\/api.w.org\/{rel}","templated":true}]}}