{"id":111,"date":"2021-06-08T21:22:15","date_gmt":"2021-06-09T03:22:15","guid":{"rendered":"http:\/\/virtual.cuautitlan.unam.mx\/intar\/ime\/?page_id=111"},"modified":"2021-06-08T21:22:15","modified_gmt":"2021-06-09T03:22:15","slug":"practica-motor-de-c-d","status":"publish","type":"page","link":"https:\/\/virtual.cuautitlan.unam.mx\/intar\/ime\/practica-motor-de-c-d\/","title":{"rendered":"Pr\u00e1ctica Motor de C.D."},"content":{"rendered":"<p>Esta es una pr\u00e1ctica realizada en el LIME &#8211; IV de la Facultad de Estudios Superiores Cuautitl\u00e1n &#8211; UNAM, la cual es una pr\u00e1ctica del Motor C.D. en serie, en la que se hacen pruebas del funcionamiento de dicho motor a diferentes cargas. Pr\u00e1ctica explicada por el acad\u00e9mico: Ing. \u00c1ngel Isa\u00edas Lima G\u00f3mez.<\/p>\n<p><iframe loading=\"lazy\" title=\"Motor de C.D. conexi\u00f3n en Serie\" width=\"525\" height=\"295\" src=\"https:\/\/www.youtube.com\/embed\/LPaum2KtGGA?feature=oembed\" frameborder=\"0\" allow=\"accelerometer; autoplay; clipboard-write; encrypted-media; gyroscope; picture-in-picture; web-share\" referrerpolicy=\"strict-origin-when-cross-origin\" allowfullscreen><\/iframe><\/p>\n<p><iframe loading=\"lazy\" title=\"Motor de C.D. 2 parte\" width=\"525\" height=\"295\" src=\"https:\/\/www.youtube.com\/embed\/Ckfcwc0cMgQ?feature=oembed\" frameborder=\"0\" allow=\"accelerometer; autoplay; clipboard-write; encrypted-media; gyroscope; picture-in-picture; web-share\" referrerpolicy=\"strict-origin-when-cross-origin\" allowfullscreen><\/iframe><\/p>\n","protected":false},"excerpt":{"rendered":"<p>Esta es una pr\u00e1ctica realizada en el LIME &#8211; IV de la Facultad de Estudios Superiores Cuautitl\u00e1n &#8211; UNAM, la cual es una pr\u00e1ctica del Motor C.D. en serie, en la que se hacen pruebas del funcionamiento de dicho motor a diferentes cargas. Pr\u00e1ctica explicada por el acad\u00e9mico: Ing. \u00c1ngel Isa\u00edas Lima G\u00f3mez.<\/p>\n","protected":false},"author":3,"featured_media":0,"parent":0,"menu_order":0,"comment_status":"closed","ping_status":"closed","template":"","meta":{"footnotes":""},"class_list":["post-111","page","type-page","status-publish","hentry"],"_links":{"self":[{"href":"https:\/\/virtual.cuautitlan.unam.mx\/intar\/ime\/wp-json\/wp\/v2\/pages\/111"}],"collection":[{"href":"https:\/\/virtual.cuautitlan.unam.mx\/intar\/ime\/wp-json\/wp\/v2\/pages"}],"about":[{"href":"https:\/\/virtual.cuautitlan.unam.mx\/intar\/ime\/wp-json\/wp\/v2\/types\/page"}],"author":[{"embeddable":true,"href":"https:\/\/virtual.cuautitlan.unam.mx\/intar\/ime\/wp-json\/wp\/v2\/users\/3"}],"replies":[{"embeddable":true,"href":"https:\/\/virtual.cuautitlan.unam.mx\/intar\/ime\/wp-json\/wp\/v2\/comments?post=111"}],"version-history":[{"count":1,"href":"https:\/\/virtual.cuautitlan.unam.mx\/intar\/ime\/wp-json\/wp\/v2\/pages\/111\/revisions"}],"predecessor-version":[{"id":112,"href":"https:\/\/virtual.cuautitlan.unam.mx\/intar\/ime\/wp-json\/wp\/v2\/pages\/111\/revisions\/112"}],"wp:attachment":[{"href":"https:\/\/virtual.cuautitlan.unam.mx\/intar\/ime\/wp-json\/wp\/v2\/media?parent=111"}],"curies":[{"name":"wp","href":"https:\/\/api.w.org\/{rel}","templated":true}]}}