{"id":33,"date":"2025-10-31T15:37:11","date_gmt":"2025-10-31T15:37:11","guid":{"rendered":"https:\/\/virtual.cuautitlan.unam.mx\/intar\/dativa\/?page_id=33"},"modified":"2025-10-31T15:49:51","modified_gmt":"2025-10-31T15:49:51","slug":"aparicion-en-medios","status":"publish","type":"page","link":"https:\/\/virtual.cuautitlan.unam.mx\/intar\/dativa\/aparicion-en-medios\/","title":{"rendered":"Aparici\u00f3n en medios"},"content":{"rendered":"<h1><strong>Aparici\u00f3n en medios<\/strong><\/h1>\n<p>Como resultado de su destacada trayectoria acad\u00e9mica y de investigaci\u00f3n, el Dr. David Tinoco Varela ha sido reconocido por su contribuci\u00f3n al desarrollo cient\u00edfico y tecnol\u00f3gico, lo que ha derivado en m\u00faltiples menciones y nombramientos en diversos medios de comunicaci\u00f3n. Dichos espacios han resaltado su labor en la promoci\u00f3n de la inteligencia artificial, la innovaci\u00f3n tecnol\u00f3gica y la formaci\u00f3n de nuevas generaciones de ingenieros. Entre los medios que han reconocido su trabajo se encuentran:<\/p>\n<ol>\n<li>Gaceta Comunidad, NO. 09, 25 de mayo de 2016, p\u00e1ginas 13-14, con el t\u00edtulo \u201cDesarrollo de sistemas robotizados basados en redes neuronales\u201d. Entrevista realizada para hablar sobre el proyecto de investigaci\u00f3n de generaci\u00f3n de interfaces humano m\u00e1quinas y robots basados en caracterizaci\u00f3n de datos bioel\u00e9ctricos y redes neuronales <a href=\"http:\/\/gacetacomunidad.cuautitlan.unam.mx\/wp-content\/uploads\/2019\/04\/25_mayo_num9.pdf\">http:\/\/gacetacomunidad.cuautitlan.unam.mx\/wp-content\/uploads\/2019\/04\/25_mayo_num9.pdf<\/a><\/li>\n<li>Gaceta Comunidad, NO. 20, 10 de diciembre de 2018, p\u00e1ginas 9, con el t\u00edtulo \u201cAlumnos presentan innovaciones en inteligencia artificial\u201d. Se cubri\u00f3 el \u201c1er congreso estudiantil de inteligencia artificial aplicada a la tecnolog\u00eda (CEIAAT), del cual soy organizador. <a href=\"http:\/\/gacetacomunidad.cuautitlan.unam.mx\/gaceta-comunidad-pdf\/no-20-10-de-diciembre-de-2018\/\">http:\/\/gacetacomunidad.cuautitlan.unam.mx\/gaceta-comunidad-pdf\/no-20-10-de-diciembre-de-2018\/<\/a><\/li>\n<li>Gaceta UNAM Comunidad. No. 5, 25 de Marzo de 2020. P\u00e1gina 12y 13. T\u00edtulo: Estudiantes de IME e ITSE desarrollan inteligencia artificial con beneficio social. <a href=\"https:\/\/virtual.cuautitlan.unam.mx\/intar\/ceiaait\/wpcontent\/uploads\/sites\/14\/2021\/11\/GC_25_marzo_20201.pdf\">https:\/\/virtual.cuautitlan.unam.mx\/intar\/ceiaait\/wpcontent\/uploads\/sites\/14\/2021\/11\/GC_25_marzo_20201.pdf<\/a><\/li>\n<li>Gaceta Comunidad, NO. 20, 10 de diciembre de 2019, p\u00e1ginas 5, con el t\u00edtulo \u201cLa inteligencia artificial en el mundo que conocemos\u201d. Menci\u00f3n relacionada a la organizaci\u00f3n del CEIAAIT. <a href=\"http:\/\/gacetacomunidad.cuautitlan.unam.mx\/wp-content\/uploads\/2019\/12\/UCom_10_diciembre_2019_web.pdf\">http:\/\/gacetacomunidad.cuautitlan.unam.mx\/wp-content\/uploads\/2019\/12\/UCom_10_diciembre_2019_web.pdf<\/a><\/li>\n<li>Gaceta Comunidad, NO. 14, 25 de noviembre de 2020, p\u00e1ginas 7, con el t\u00edtulo \u201cPresentan actualidades en Congreso de Inteligencia Artificial\u201d. Menci\u00f3n relacionada a la organizaci\u00f3n del CEIAAIT, <a href=\"http:\/\/gacetacomunidad.cuautitlan.unam.mx\/gaceta-comunidad-pdf\/gaceta-comunidad-25-de-noviembre-20202\/\">http:\/\/gacetacomunidad.cuautitlan.unam.mx\/gaceta-comunidad-pdf\/gaceta-comunidad-25-de-noviembre-20202\/<\/a><\/li>\n<li>Gaceta Comunidad, NO. 20, 25 de noviembre 2022, p\u00e1ginas 6, con el t\u00edtulo \u201cDoctor David Tinoco, acreedor al Premio Nacional de Servicio Social 2022\u201d. Entrevista relacionada al premio nacional de servicio social, <a href=\"http:\/\/gacetacomunidad.cuautitlan.unam.mx\/wp-content\/uploads\/2022\/11\/UCOM_25_noviembre_2022.pdf\">http:\/\/gacetacomunidad.cuautitlan.unam.mx\/wp-content\/uploads\/2022\/11\/UCOM_25_noviembre_2022.pdf<\/a><\/li>\n<li>Gaceta Comunidad, NO. 20, 25 de noviembre 2022, p\u00e1ginas 18-20, con el t\u00edtulo \u201cIngenieros dise\u00f1an pr\u00f3tesis que funcionan con impulsos bioel\u00e9ctricos\u201d. Entrevista relacionada a proyecto de desarrollo de pr\u00f3tesis, <a href=\"http:\/\/gacetacomunidad.cuautitlan.unam.mx\/wp-content\/uploads\/2022\/11\/UCOM_25_noviembre_2022.pdf\">http:\/\/gacetacomunidad.cuautitlan.unam.mx\/wp-content\/uploads\/2022\/11\/UCOM_25_noviembre_2022.pdf<\/a><\/li>\n<li><strong>Cr\u00f3nica. 03\/12\/2022.<\/strong> \u201cIngenieros dise\u00f1an pr\u00f3tesis que funcionan con impulsos bioel\u00e9ctricos\u201d,<a href=\"https:\/\/www.cronica.com.mx\/academia\/ingenieros-disenan-protesis-funciona-impulsos-bioelectricos.html\"> https:\/\/www.cronica.com.mx\/academia\/ingenieros-disenan-protesis-funciona-impulsos-bioelectricos.html<\/a><\/li>\n<li><strong>Gaceta UNAM.<\/strong> N\u00famero 5,347, 08 de diciembre 2022. \u201cDise\u00f1an pr\u00f3tesis que funciona con impulsos bioel\u00e9ctricos\u201d, p\u00e1gina 10. <a href=\"https:\/\/www.gaceta.unam.mx\/g20221208\/\">https:\/\/www.gaceta.unam.mx\/g20221208\/<\/a><\/li>\n<li>Fundaci\u00f3n UNAM. 14 de dic. 2022. \u201cUNAM CREA PR\u00d3TESIS CON FUNCIONAMIENTO DE IMPULSO BIOEL\u00c9CTRICO\u201d. <a href=\"https:\/\/www.fundacionunam.org.mx\/donde-paso\/unam-crea-protesis-con-funcionamiento-de-impulso-bioelectrico\/\">https:\/\/www.fundacionunam.org.mx\/donde-paso\/unam-crea-protesis-con-funcionamiento-de-impulso-bioelectrico\/<\/a><\/li>\n<li><strong>Grupo IMER,<\/strong> entrevista de radio con el t\u00edtulo \u201cInteligencia artificial\u201d para el programa \u201cCiencia Joven\u201d, el 14 de Junio de 2023. <a href=\"https:\/\/www.imer.mx\/reactor\/teamreactor\/ciencia-joven\/\">https:\/\/www.imer.mx\/reactor\/teamreactor\/ciencia-joven\/<\/a> (No. 26 y No. 29).<\/li>\n<li><strong>Grupo IMER<\/strong>, entrevista de radio con el t\u00edtulo \u201cPrototipos de rob\u00f3tica e inteligencia artificial\u201d para el programa \u201cCiencia Joven\u201d, el 2 de agosto de 2023. <a href=\"https:\/\/www.imer.mx\/reactor\/teamreactor\/ciencia-joven\/\">https:\/\/www.imer.mx\/reactor\/teamreactor\/ciencia-joven\/<\/a> (No. 33 y No. 36).<\/li>\n<li>Bolet\u00edn FIL Palacio de miner\u00eda, 22 de feb 2025. Inteligencia Artificial: herramienta para el aprendizaje y su aplicaci\u00f3n, Kristal Angelino. <a href=\"https:\/\/filmineria.unam.mx\/boletines\/boletin_029\">https:\/\/filmineria.unam.mx\/boletines\/boletin_029<\/a><\/li>\n<li>Gaceta Comunidad, No. 10, 10 de Junio 2025, p\u00e1gina 6, con el t\u00edtulo \u201cCreatividad e innovaci\u00f3n en feria estudiantil de rob\u00f3tica\u201d. Cr\u00f3nica de la 3r. Feria de proyectos de teor\u00eda de control y rob\u00f3tica. <a href=\"https:\/\/gacetacomunidad.cuautitlan.unam.mx\/wp-content\/uploads\/2025\/06\/UCOM_10_junio_25.pdf\">https:\/\/gacetacomunidad.cuautitlan.unam.mx\/wp-content\/uploads\/2025\/06\/UCOM_10_junio_25.pdf<\/a><\/li>\n<li>Gaceta UNAM Comunidad. No. 4, 10 de marzo de 2025. \u00a1Regresa la FILPM!.P\u00e1gina 17. <a href=\"https:\/\/gacetacomunidad.cuautitlan.unam.mx\/wp-content\/uploads\/2025\/03\/UCOM_10_marzo_25.pdf\">https:\/\/gacetacomunidad.cuautitlan.unam.mx\/wp-content\/uploads\/2025\/03\/UCOM_10_marzo_25.pdf<\/a><\/li>\n<li>Gaceta Comunidad. No. 14 , 10 de septiembre de 2025, &#8220;Participa FES Cuautitl\u00e1n en la FILUNI para hablar sobre IA, g\u00e9nero y sostenibilidad&#8221;. P\u00e1ginas 14-15. <a href=\"https:\/\/gacetacomunidad.cuautitlan.unam.mx\/wp-content\/uploads\/2025\/09\/UCOM_10_septiembre_25.pdf\">https:\/\/gacetacomunidad.cuautitlan.unam.mx\/wp-content\/uploads\/2025\/09\/UCOM_10_septiembre_25.pdf<\/a><\/li>\n<\/ol>\n","protected":false},"excerpt":{"rendered":"<p>Aparici\u00f3n en medios Como resultado de su destacada trayectoria acad\u00e9mica y de investigaci\u00f3n, el Dr. David Tinoco Varela ha sido reconocido por su contribuci\u00f3n al desarrollo cient\u00edfico y tecnol\u00f3gico, lo que ha derivado en m\u00faltiples menciones y nombramientos en diversos medios de comunicaci\u00f3n. Dichos espacios han resaltado su labor en la promoci\u00f3n de la inteligencia &hellip; <\/p>\n<p class=\"link-more\"><a href=\"https:\/\/virtual.cuautitlan.unam.mx\/intar\/dativa\/aparicion-en-medios\/\" class=\"more-link\">Continuar leyendo<span class=\"screen-reader-text\"> &#8220;Aparici\u00f3n en medios&#8221;<\/span><\/a><\/p>\n","protected":false},"author":3,"featured_media":0,"parent":0,"menu_order":0,"comment_status":"closed","ping_status":"closed","template":"","meta":{"footnotes":""},"class_list":["post-33","page","type-page","status-publish","hentry"],"_links":{"self":[{"href":"https:\/\/virtual.cuautitlan.unam.mx\/intar\/dativa\/wp-json\/wp\/v2\/pages\/33"}],"collection":[{"href":"https:\/\/virtual.cuautitlan.unam.mx\/intar\/dativa\/wp-json\/wp\/v2\/pages"}],"about":[{"href":"https:\/\/virtual.cuautitlan.unam.mx\/intar\/dativa\/wp-json\/wp\/v2\/types\/page"}],"author":[{"embeddable":true,"href":"https:\/\/virtual.cuautitlan.unam.mx\/intar\/dativa\/wp-json\/wp\/v2\/users\/3"}],"replies":[{"embeddable":true,"href":"https:\/\/virtual.cuautitlan.unam.mx\/intar\/dativa\/wp-json\/wp\/v2\/comments?post=33"}],"version-history":[{"count":4,"href":"https:\/\/virtual.cuautitlan.unam.mx\/intar\/dativa\/wp-json\/wp\/v2\/pages\/33\/revisions"}],"predecessor-version":[{"id":35,"href":"https:\/\/virtual.cuautitlan.unam.mx\/intar\/dativa\/wp-json\/wp\/v2\/pages\/33\/revisions\/35"}],"wp:attachment":[{"href":"https:\/\/virtual.cuautitlan.unam.mx\/intar\/dativa\/wp-json\/wp\/v2\/media?parent=33"}],"curies":[{"name":"wp","href":"https:\/\/api.w.org\/{rel}","templated":true}]}}