{"id":2,"date":"2025-10-30T19:41:04","date_gmt":"2025-10-30T19:41:04","guid":{"rendered":"https:\/\/virtual.cuautitlan.unam.mx\/intar\/dativa\/?page_id=2"},"modified":"2026-02-25T15:47:24","modified_gmt":"2026-02-25T15:47:24","slug":"pagina-ejemplo","status":"publish","type":"page","link":"https:\/\/virtual.cuautitlan.unam.mx\/intar\/dativa\/pagina-ejemplo\/","title":{"rendered":"Publicaciones seleccionadas"},"content":{"rendered":"\r\n<h1><span style=\"color: #666666; font-size: 1.125rem;\"><strong>\u00a0Algunas publicaciones<\/strong> <\/span><\/h1>\r\n<p>Algunas de las publicaciones del Dr. David Tinoco Varela, elaboradas en colaboraci\u00f3n con su equipo de trabajo y con estudiantes de las licenciaturas en Ingenier\u00eda Mec\u00e1nica El\u00e9ctrica, Ingenier\u00eda en Telecomunicaciones y Electr\u00f3nica, as\u00ed como de la Licenciatura en Tecnolog\u00eda, se presentan a continuaci\u00f3n. Cabe mencionar que no se incluyen todas las publicaciones debido a limitaciones de espacio.<\/p>\r\n<ol>\r\n<li>J. L. Garza Rivera, A. E. God\u00ednez and D. T. Varela, &#8220;Exploratory Data Analysis and Classification of Hand Electromyographic Signals Using Classical Machine Learning Algorithms with Hyperparameters Optimization,&#8221; 2025 IEEE Latin American School on Computational Intelligence and Robotics (SAIBOT), Puebla, Mexico, 2025, pp. 85-93. Electronic ISBN:979-8-3315-8719-2 <a href=\"https:\/\/doi.org\/10.1109\/SAIBOT67519.2025.00020\">https:\/\/doi.org\/10.1109\/SAIBOT67519.2025.00020<\/a><\/li>\r\n<li>A. E. God\u00ednez, J. L. Garza Rivera and D. T. Varela, &#8220;Detection of DoS and DDoS Attacks Using LSTM in Computer Networks: A Systematic Literature Review&#8221;, 2025 IEEE Latin American School on Computational Intelligence and Robotics (SAIBOT), Puebla, Mexico, 2025, pp. 94-102, <a href=\"https:\/\/doi.org\/10.1109\/SAIBOT67519.2025.00021\">https:\/\/doi.org\/10.1109\/SAIBOT67519.2025.00021<\/a>.\u00a0<\/li>\r\n<li>Padilla-Garc\u00eda, E. A., Cruz-Morales, R. D., Gonz\u00e1lez-Sierra, J., &amp; Tinoco-Varela, D. Frugal mechatronic design of a mobile self-balancing robot. International Journal of Combinatorial Optimization Problems and Informatics, 17(1), 400\u2013410. 2 de enero de 2026. Electronic ISBN:979-8-3315-8719-2<br \/><a href=\"https:\/\/doi.org\/10.61467\/2007.1558.2026.v17i1.1159\">https:\/\/doi.org\/10.61467\/2007.1558.2026.v17i1.1159<\/a><\/li>\r\n<li>Jos\u00e9 de Jes\u00fas Morales-Romero, Mario Alfredo Reyes-Barranca, David Tinoco-Varela, Luis Mart\u00edn Flores-Nava, Emilio Rafael Espinosa-Garc\u00eda, Efficiency Evaluation of a Modified Montgomery Multiplication Systolic Architecture Implemented on an FPGA, Computaci\u00f3n y Sistemas, Vol. 28, No. 4, 2024,<br \/>pp. 1703\u20131714.\u00a0 <a href=\"https:\/\/doi:10.13053\/CyS-28-4-4298. ISSN 2007-9737\">https:\/\/doi:10.13053\/CyS-28-4-4298. ISSN 2007-9737<\/a>. https:\/\/cys.cic.ipn.mx\/ojs\/index.php\/CyS\/article\/view\/4298\/3791<\/li>\r\n<li>Padilla-Garc\u00eda, E.A.; Cruz-Morales, R.D.; Gonz\u00e1lez-Sierra, J.; Tinoco-Varela, D.; Lorenzo-Ger\u00f3nimo, M.R. Design, Assembly and Control of a Differential\/Omnidirectional Mobile Robot through Additive Manufacturing. Machines. 12, 163, febrero de 2024. <a href=\"https:\/\/doi.org\/10.3390\/machines12030163\">https:\/\/doi.org\/10.3390\/machines12030163<\/a><\/li>\r\n<li>Sergio Yahel Torres-Maldonado, David Tinoco Varela, Ra\u00fal Dal\u00ed Cruz Morales, Gonzalo Hedain L\u00f3pez Mera, Diego S\u00e1nchez Garc\u00eda, Erick Axel Padilla-Garc\u00eda. Design and Implementation of a Voice Assistant to be used in an IoT Home Automation Environment. In Proceedings of the 27th International Conference on Circuits, Systems, Communications and Computers (CSCC 2023), pp. 123-129. ISBN 979-8-3503-3759-4. https:\/\/<a href=\"https:\/\/doi.org\/10.1109\/CSCC58962.2023.00027\" target=\"_blank\" rel=\"noopener\">10.1109\/CSCC58962.2023.00027<\/a>,\u00a0 https:\/\/ieeexplore.ieee.org\/document\/10361668. Nov. 2023, IEEE.<\/li>\r\n<li>Tinoco-Varela, D., Ferrer-Varela, J. A., Cruz-Morales, R. D., &amp; Padilla-Garc\u00eda, E. A. Design and Implementation of a Prosthesis System Controlled by Electromyographic Signals Means, Characterized with Artificial Neural Networks. Micromachines, ID1681, 13(10), 2022. <a href=\"https:\/\/doi.org\/10.3390\/mi13101681\">https:\/\/doi.org\/10.3390\/mi13101681<\/a><\/li>\r\n<li>Mario Rosas Otero, Natalia S\u00e1nchez Pati\u00f1o, David Tinoco Varela. Sem\u00e1foro Inteligente Utilizando Procesamiento Digital de Im\u00e1genes Controlado por Medio del Perceptr\u00f3n de Rosenblatt. Research in Computing Science. 150(5) (2021). <a href=\"https:\/\/rcs.cic.ipn.mx\/2021_150_6\/Semaforo%20inteligente%20utilizando%20procesamiento%20digital%20de%20imagenes.pdf\">https:\/\/rcs.cic.ipn.mx\/2021_150_6\/Semaforo%20inteligente%20utilizando%20procesamiento%20digital%20de%20imagenes.pdf<\/a><\/li>\r\n<li>Morales Romero JdJ, Reyes Barranca MA, Tinoco Varela D, Flores Nava LM, Espinosa Garcia ER. SCA-Safe Implementation of Modified SaMAL2R Algorithm in FPGA. Micromachines. 2022; 13(11):1872. <a href=\"https:\/\/doi.org\/10.3390\/mi13111872\">https:\/\/doi.org\/10.3390\/mi13111872<\/a><\/li>\r\n<li>David Tinoco Varela; Fernando Gudi\u00f1o Pe\u00f1aloza; Carolina Jeanette Villase\u00f1or Rodelas. Characterized Bioelectric Signals by Means of Neural Networks and Wavelets to Remotely Control a Human-Machine Interface. Sensors, 2019, vol. 19, no 8, p. 1923. <a href=\"https:\/\/doi.org\/10.3390\/s19081923\">https:\/\/doi.org\/10.3390\/s19081923<\/a><\/li>\r\n<li>Jos\u00e9 Alberto V\u00e1zquez Fern\u00e1ndez, David Tinoco Varela. Desarrollo de un sistema dom\u00f3tico con controlador difuso y controlador manual, implementado en LabView y Arduino IDE. Research in Computing Science. 147(6) (2018): Computational Lingusitics and Automatic Reasoning, pp. 249\u2013264.<\/li>\r\n<li>Alberto Mart\u00ednez Contreras, Juan Iv\u00e1n D\u00edaz Reyes, Alam Armando Minor Gonz\u00e1lez, David Tinoco Varela. An\u00e1lisis de funcionamiento de una red neuronal implementada sobre una tarjeta SoC Zynq. Research in Computing Science. 147(5) (2018): Aprendizaje M\u00e1quina y Miner\u00eda de Datos, pp. 11\u201325.<\/li>\r\n<li>Tinoco Varela D. Attack against an efficient exponentiation algorithm used in cryptosystems. Proceedings of the 5th International Conference MSAST 2011 of IMBIC, pp. 196-204. 2011-2012.<\/li>\r\n<li>Tinoco Varela D. Blinded Montgomery powering ladder protected against the Jacobi symbol attack. International Journal of Security, Vol. 6, Issue 3, pp. 15-27. 2012. <a href=\"https:\/\/www.cscjournals.org\/manuscript\/Journals\/IJS\/Volume6\/Issue3\/IJS-106.pdf\">https:\/\/www.cscjournals.org\/manuscript\/Journals106.pdf<\/a><\/li>\r\n<li>Tinoco Varela D. How to avoid the N-1 attack without costly implementations. International Journal of Network Security and Its Applications, Vol. 4, No. 4, pp.109-122. 2012. <a href=\"https:\/\/airccse.org\/journal\/nsa\/0712nsa07.pdf\">https:\/\/airccse.org\/journal\/nsa\/0712nsa07.pdf<\/a>.<\/li>\r\n<li>Tinoco Varela D. Ataques f\u00edsicos para vulnerar la seguridad de dispositivos criptogr\u00e1ficos utilizados cotidianamente. Revista de integraci\u00f3n universitaria FESC. Vol. 2, pp. 16-22, 2012.<\/li>\r\n<li>Tinoco Varela D. How to break down the security of an efficient modular exponentiation algorithm. Recent Advances in Computer Science, pp 81-85, 2015.<\/li>\r\n<li>Tinoco Varela D. Unifier register to protect an efficient modular exponentiation algorithm. MATEC Web of Conferences 76:04019, pp 2016. <a href=\"https:\/\/doi.org\/10.1051\/matecconf\/20167604019\">https:\/\/doi.org\/10.1051\/matecconf\/20167604019<\/a><\/li>\r\n<\/ol>\r\n","protected":false},"excerpt":{"rendered":"<p>\u00a0Algunas publicaciones Algunas de las publicaciones del Dr. David Tinoco Varela, elaboradas en colaboraci\u00f3n con su equipo de trabajo y con estudiantes de las licenciaturas en Ingenier\u00eda Mec\u00e1nica El\u00e9ctrica, Ingenier\u00eda en Telecomunicaciones y Electr\u00f3nica, as\u00ed como de la Licenciatura en Tecnolog\u00eda, se presentan a continuaci\u00f3n. Cabe mencionar que no se incluyen todas las publicaciones debido &hellip; <\/p>\n<p class=\"link-more\"><a href=\"https:\/\/virtual.cuautitlan.unam.mx\/intar\/dativa\/pagina-ejemplo\/\" class=\"more-link\">Continuar leyendo<span class=\"screen-reader-text\"> &#8220;Publicaciones seleccionadas&#8221;<\/span><\/a><\/p>\n","protected":false},"author":3,"featured_media":0,"parent":0,"menu_order":0,"comment_status":"closed","ping_status":"open","template":"","meta":{"footnotes":""},"class_list":["post-2","page","type-page","status-publish","hentry"],"_links":{"self":[{"href":"https:\/\/virtual.cuautitlan.unam.mx\/intar\/dativa\/wp-json\/wp\/v2\/pages\/2"}],"collection":[{"href":"https:\/\/virtual.cuautitlan.unam.mx\/intar\/dativa\/wp-json\/wp\/v2\/pages"}],"about":[{"href":"https:\/\/virtual.cuautitlan.unam.mx\/intar\/dativa\/wp-json\/wp\/v2\/types\/page"}],"author":[{"embeddable":true,"href":"https:\/\/virtual.cuautitlan.unam.mx\/intar\/dativa\/wp-json\/wp\/v2\/users\/3"}],"replies":[{"embeddable":true,"href":"https:\/\/virtual.cuautitlan.unam.mx\/intar\/dativa\/wp-json\/wp\/v2\/comments?post=2"}],"version-history":[{"count":10,"href":"https:\/\/virtual.cuautitlan.unam.mx\/intar\/dativa\/wp-json\/wp\/v2\/pages\/2\/revisions"}],"predecessor-version":[{"id":5,"href":"https:\/\/virtual.cuautitlan.unam.mx\/intar\/dativa\/wp-json\/wp\/v2\/pages\/2\/revisions\/5"}],"wp:attachment":[{"href":"https:\/\/virtual.cuautitlan.unam.mx\/intar\/dativa\/wp-json\/wp\/v2\/media?parent=2"}],"curies":[{"name":"wp","href":"https:\/\/api.w.org\/{rel}","templated":true}]}}