{"id":20,"date":"2022-10-30T22:39:07","date_gmt":"2022-10-31T04:39:07","guid":{"rendered":"http:\/\/virtual.cuautitlan.unam.mx\/intar\/cimcia\/?page_id=20"},"modified":"2022-10-31T21:33:06","modified_gmt":"2022-11-01T03:33:06","slug":"programa-general-2022","status":"publish","type":"page","link":"https:\/\/virtual.cuautitlan.unam.mx\/intar\/cimcia\/programa-general-2022\/","title":{"rendered":"Programa General 2022"},"content":{"rendered":"<h1 style=\"text-align: center;\"><strong>Programa general 2022<\/strong><\/h1>\n<table width=\"0\">\n<tbody>\n<tr>\n<td colspan=\"2\" width=\"595\">\n<p style=\"text-align: center;\"><strong>\u00a0<\/strong><strong>Mi\u00e9rcoles 09 de noviembre, Matutina<\/strong><\/p>\n<\/td>\n<\/tr>\n<tr>\n<td width=\"160\"><strong>10:00-10:30<\/strong><\/td>\n<td width=\"435\"><strong>\u00a0<\/strong><\/p>\n<p style=\"text-align: center;\"><strong>Inauguraci\u00f3n<\/strong><\/p>\n<p><strong>\u00a0<\/strong><\/td>\n<\/tr>\n<tr>\n<td colspan=\"2\" width=\"595\">\n<p style=\"text-align: center;\"><strong>Moderador 1 <\/strong><\/p>\n<\/td>\n<\/tr>\n<tr>\n<td width=\"160\"><strong>10:30-11:20<\/strong><\/td>\n<td width=\"435\"><strong>\u00a0<\/strong><strong>Conferencia Magistral: Dr. Jaime Gonz\u00e1lez Sierra<\/strong><\/p>\n<p><strong>\u00a0<\/strong>Coordinaci\u00f3n de sistemas multi-agente: inicios y perspectivas<\/td>\n<\/tr>\n<tr>\n<td width=\"160\">11:20-14:20<\/td>\n<td width=\"435\">\n<p style=\"text-align: center;\"><strong>CEIAAIT<\/strong><\/p>\n<\/td>\n<\/tr>\n<tr>\n<td width=\"160\"><strong>14:20-16:00<\/strong><\/td>\n<td width=\"435\">\n<p style=\"text-align: center;\"><strong>\u00a0<\/strong><strong>Receso de actividades<\/strong><\/p>\n<\/td>\n<\/tr>\n<tr>\n<td colspan=\"2\" width=\"595\">\n<p style=\"text-align: center;\"><strong>\u00a0<\/strong><strong>Mi\u00e9rcoles 09 de noviembre, Vespertina<\/strong><\/p>\n<\/td>\n<\/tr>\n<tr>\n<td colspan=\"2\" width=\"595\">\n<p style=\"text-align: center;\"><strong>\u00a0<\/strong><strong>Moderador 2<\/strong><\/p>\n<\/td>\n<\/tr>\n<tr>\n<td width=\"160\">16:00-16:50<\/td>\n<td width=\"435\"><strong>\u00a0<\/strong><strong>Conferencia magistral: Dr. Julio Alberto Mendoza Mendoza<\/strong><\/p>\n<p>Aerotorso, creando libros y patentes a partir de una tecnolog\u00eda futurista de drones<\/td>\n<\/tr>\n<tr>\n<td width=\"160\">16:50-17:10<\/td>\n<td width=\"435\">Manuel Alejandro Misses<\/p>\n<p><strong>People-following System with Mobile Robot using Delayed Controllers<\/strong><\/td>\n<\/tr>\n<tr>\n<td width=\"160\">17:10-17:30<\/td>\n<td width=\"435\">Zizilia Zamudio Beltr\u00e1n, Jos\u00e9 Ambrosio Basti\u00e1n, Germ\u00e1n Porras and Alexis Ort\u00edz<\/p>\n<p><strong>\u00a0\u00a0\u00a0\u00a0\u00a0\u00a0\u00a0\u00a0\u00a0\u00a0\u00a0\u00a0\u00a0\u00a0\u00a0 Comparativa de variantes en control cl\u00e1sico para un dron de cuatro rotores.<\/strong><\/td>\n<\/tr>\n<tr>\n<td width=\"160\">17:30-17:50<\/td>\n<td width=\"435\">Alejandro Ojeda Olarte, Nicol\u00e1s Pulido Gerena and Ernesto C\u00f3rdoba Nieto<\/p>\n<p><strong>Plataforma SDV de huella reducida con LIDAR para microf\u00e1brica<\/strong><\/td>\n<\/tr>\n<tr>\n<td width=\"160\">17:50-18:10<\/td>\n<td width=\"435\">Axel Herroz Herrera, Alejandro Rodr\u00edguez Molina, Geovanni Flores Caballero, Omar Serrano P\u00e9rez, Mario Aldape P\u00e9rez and Miguel \u00c1ngel Paredes Rueda<\/p>\n<p><strong>Planificaci\u00f3n inteligente de trayectorias para un robot m\u00f3vil diferencial en entornos din\u00e1micos<\/strong><\/td>\n<\/tr>\n<tr>\n<td width=\"160\">18:10-18:30<\/td>\n<td width=\"435\">Ademir Berm\u00fadez and Weder Gonz\u00e1lez<\/p>\n<p><strong>Un Robot para la Interacci\u00f3n Social con Ni\u00f1os con Autismo<\/strong><\/td>\n<\/tr>\n<tr>\n<td colspan=\"2\" width=\"595\">\n<p style=\"text-align: center;\"><strong>Jueves 10 de noviembre, Matutina<\/strong><\/p>\n<\/td>\n<\/tr>\n<tr>\n<td colspan=\"2\" width=\"595\">\n<p style=\"text-align: center;\"><strong>\u00a0<\/strong><strong>Moderador 3 <\/strong><\/p>\n<\/td>\n<\/tr>\n<tr>\n<td width=\"160\">9:00-10:00<\/td>\n<td width=\"435\">\n<p style=\"text-align: center;\"><strong>CEIAAIT<\/strong><\/p>\n<\/td>\n<\/tr>\n<tr>\n<td width=\"160\">10:00-10:50<\/td>\n<td width=\"435\"><strong>Conferencia Magistral: Dra. Miriam Pescador Rojas<\/strong><\/p>\n<p>Uso de miner\u00eda de datos, c\u00f3mputo evolutivo, y optimizaci\u00f3n multiobjetivo para detectar patrones de datos epidemiol\u00f3gicos del COVID-19<\/td>\n<\/tr>\n<tr>\n<td width=\"160\">10:50-14:10<\/td>\n<td width=\"435\">\n<p style=\"text-align: center;\"><strong>CEIAAIT<\/strong><\/p>\n<\/td>\n<\/tr>\n<tr>\n<td width=\"160\"><strong>\u00a0<\/strong><\/p>\n<p><strong>14:10-16:00<\/strong><\/td>\n<td width=\"435\">\n<p style=\"text-align: center;\"><strong>\u00a0<\/strong><strong>Receso de actividades<\/strong><\/p>\n<\/td>\n<\/tr>\n<tr>\n<td colspan=\"2\" width=\"595\">\n<p style=\"text-align: center;\"><strong>\u00a0<\/strong><strong>Jueves 10 de noviembre, Vespertina<\/strong><\/p>\n<\/td>\n<\/tr>\n<tr>\n<td colspan=\"2\" width=\"595\">\n<p style=\"text-align: center;\"><strong>\u00a0<\/strong><strong>Moderador 5<\/strong><\/p>\n<\/td>\n<\/tr>\n<tr>\n<td width=\"160\">16:00-16:50<\/td>\n<td width=\"435\"><strong>Conferencia Magistral: Dr. Fernando Mart\u00edn del Campo Ram\u00edrez<\/strong><\/p>\n<p><strong>\u00a0<\/strong>Exploraci\u00f3n de arquitecturas paralelas para aplicaciones de datos intensivos<\/td>\n<\/tr>\n<tr>\n<td width=\"160\">16:50-18:20<\/td>\n<td width=\"435\">\n<p style=\"text-align: center;\"><strong>\u00a0<\/strong><strong>Sesi\u00f3n de Carteles<\/strong><\/p>\n<\/td>\n<\/tr>\n<tr>\n<td colspan=\"2\" width=\"595\">\n<p style=\"text-align: center;\"><strong>Viernes 11 de noviembre, Matutina<\/strong><\/p>\n<\/td>\n<\/tr>\n<tr>\n<td colspan=\"2\" width=\"595\">\n<p style=\"text-align: center;\"><strong>\u00a0<\/strong><strong>Moderador 6 <\/strong><\/p>\n<\/td>\n<\/tr>\n<tr>\n<td width=\"160\">9:00-9:20<\/td>\n<td width=\"435\">Juan Augusto Campos-Leal, Arturo Yee-Rend\u00f3n, In\u00e9s Fernando Vega-L\u00f3pez, Gerardo Beltr\u00e1n-Guti\u00e9rrez and Jos\u00e9 Ram\u00f3n L\u00f3pez-Arellano<\/p>\n<p><strong>Impact Analysis of Transfer Learning in CNN using different Domains<\/strong><\/td>\n<\/tr>\n<tr>\n<td width=\"160\">9:20-9:40<\/td>\n<td width=\"435\">Alejandro Rodr\u00edguez-Molina, Omar Serrano-P\u00e9rez, Geovanni Flores-Caballero, Miguel Gabriel Villarreal-Cervantes, Jos\u00e9 David \u00c1lvarez-Piedras and Miguel \u00c1ngel Paredes-Rueda<\/p>\n<p><strong>Identificaci\u00f3n y sintonizaci\u00f3n inteligentes para sistemas mec\u00e1nicos con base en c\u00f3mputo evolutivo<\/strong><\/td>\n<\/tr>\n<tr>\n<td width=\"160\">9:40-10:00<\/td>\n<td width=\"435\">Eduardo D\u00edaz Gaxiola, Arturo Yee Rend\u00f3n, In\u00e9s Fernando Vega L\u00f3pez and Gerardo Beltr\u00e1n Guti\u00e9rrez<\/p>\n<p><strong>An\u00e1lisis de desempe\u00f1o de m\u00e9todos de visualizaci\u00f3n en modelos de clasificaci\u00f3n basados en redes neuronales convolucionales<\/strong><\/td>\n<\/tr>\n<tr>\n<td width=\"160\">10:00-10:20<\/td>\n<td width=\"435\">Juan Pablo Guerra Ibarra and Francisco Javier Cuevas de la Rosa<\/p>\n<p><strong>M\u00e9todo segmentando inteligente basado en los valores de canales de color<\/strong><\/td>\n<\/tr>\n<tr>\n<td width=\"160\">10:20-10:40<\/td>\n<td width=\"435\">Elmar Montiel Jim\u00e9nez, Rom\u00e1n P\u00e9rez Salda\u00f1a and Guillermo Cordova Morales<\/p>\n<p><strong>Dise\u00f1o de una Red Neuronal Convolucional, para la Clasificaci\u00f3n de Hojas de Plantas de Tomate Rojo Infectadas con el Par\u00e1sito del Tiz\u00f3n Tard\u00edo<\/strong><\/td>\n<\/tr>\n<tr>\n<td width=\"160\">10:40-11:00<\/td>\n<td width=\"435\">Eduardo Alvarado-Santos, Pablo Antonio L\u00f3pez-P\u00e9rez, Ricardo Aguilar-L\u00f3pez, Wendy Montserrath Delgadillo-\u00c1vila, Iraiz Gonz\u00e1les-Viveros and Alejandra S\u00e1nches-Licona<\/p>\n<p><strong>Virtual sensors for online monitoring of a batch fermenter for ethanol production<\/strong><\/td>\n<\/tr>\n<tr>\n<td width=\"160\">11:00-11:20<\/td>\n<td width=\"435\">Gustavo Adolfo Martinez Chavez<\/p>\n<p><strong>Implementation of portable GPS receiver as early tool in the Covid-19 incidence<\/strong><\/td>\n<\/tr>\n<tr>\n<td width=\"160\">11:20-11:40<\/td>\n<td width=\"435\">Gustavo Adolfo Mart\u00ednez Ch\u00e1vez<\/p>\n<p><strong>Experiencia en el empleo de un sensor no invasivo para la medici\u00f3n de temperatura, dise\u00f1o y aprendizaje.<\/strong><\/td>\n<\/tr>\n<tr>\n<td colspan=\"2\" width=\"595\">\n<p style=\"text-align: center;\"><strong>Moderador 7<\/strong><\/p>\n<\/td>\n<\/tr>\n<tr>\n<td width=\"160\">11:40-12:00<\/td>\n<td width=\"435\">Rodolfo Romero and Julio C. Bautista<\/p>\n<p><strong>Mimosa p\u00fadica: Simulaci\u00f3n electr\u00f3nica del movimiento de sus hojas<\/strong><\/td>\n<\/tr>\n<tr>\n<td width=\"160\">12:00-12:20<\/td>\n<td width=\"435\">Marisol V\u00e1zquez Tzompantzi and Bruno Yael Silva Morales<\/p>\n<p><strong>Dise\u00f1o e implementaci\u00f3n de un veh\u00edculo subacu\u00e1tico no tripulado<\/strong><\/td>\n<\/tr>\n<tr>\n<td width=\"160\">12:20-12:40<\/td>\n<td width=\"435\">Alam Gabriel Rojas L\u00f3pez, Miguel Gabriel Villarreal Cervantes and Alejandro Rodr\u00edguez Molina<\/p>\n<p><strong>Comparativa de m\u00e9todos determin\u00edsticos para la sintonizaci\u00f3n \u00f3ptima fuera de l\u00ednea del controlador PI de un motor sin escobillas<\/strong><\/td>\n<\/tr>\n<tr>\n<td width=\"160\">12:40-13:00<\/td>\n<td width=\"435\">Alan Alexander Arredondo Rodr\u00edguez, Francisco Javier Cuevas de la Rosa, Daniel Esqueda Almanza, Juan Manuel L\u00f3pez Ram\u00edrez, Miriam Rocha Navarro, Edgar Uriel Sainz C\u00e1rdenas, Juan Carlos Sol\u00eds Echeverr\u00eda and Felipe Enrique V\u00e1zquez Ruiz<\/p>\n<p><strong>An\u00e1lisis de Sensibilidad en el Ajuste Polinomial de Arcadas Dentales<\/strong><\/td>\n<\/tr>\n<tr>\n<td width=\"160\">13:00-13:20<\/td>\n<td width=\"435\">Rosa Fabiola Fuentes Morales, Arturo D\u00edaz Ponce, Fernando Martell Ch\u00e1vez and Manuel I. Pe\u00f1a Cruz<\/p>\n<p><strong>An\u00e1lisis comparativo del consumo de energ\u00eda de servomecanismos de seguidores solares de dos ejes aplicando el control on-off, PI y PID<\/strong><\/td>\n<\/tr>\n<tr>\n<td width=\"160\">13:20-13:40<\/td>\n<td width=\"435\">Mario Ib\u00e1\u00f1ez Olvera, Bethsabet Jaramillo Sierra and Ana Karen Gonz\u00e1lez Mart\u00ednez<\/p>\n<p><strong>Dise\u00f1o de un trasformador de corriente validado por simulaci\u00f3n num\u00e9rica<\/strong><\/td>\n<\/tr>\n<tr>\n<td width=\"160\">13:40-14:00<\/td>\n<td width=\"435\">Adriana Y\u00e1\u00f1ez Lendizabal, Mario Ib\u00e1\u00f1ez Olvera and Jes\u00fas Guerrero Callejo<\/p>\n<p><strong>Optimizaci\u00f3n Topol\u00f3gica en un relevador de un polo doble tiro, para la disminuci\u00f3n de costos de fabricaci\u00f3n, haciendo uso de simulaci\u00f3n num\u00e9rica<\/strong><\/td>\n<\/tr>\n<tr>\n<td width=\"160\">14:00-14:20<\/td>\n<td width=\"435\">Emmanuel de J. Vel\u00e1squez-Mart\u00ednez, Aldonso Becerra-S\u00e1nchez, Jos\u00e9 I. De La Rosa-Vargas, Efr\u00e9n Gonz\u00e1lez-Ram\u00edrez, Gustavo Zepeda-Valles, Armando Rodarte-Rodr\u00edguez, Nivia I. Escalante-Garc\u00eda and J. Ernesto Olvera-Gonz\u00e1lez<\/p>\n<p><strong>Gender classification and speaker identification using machine learning algorithms<\/strong><\/td>\n<\/tr>\n<tr>\n<td width=\"160\"><strong>\u00a0<\/strong><\/p>\n<p><strong>14:20-15:40<\/strong><\/td>\n<td width=\"435\">\n<p style=\"text-align: center;\"><strong>\u00a0<\/strong><strong>Receso de actividades<\/strong><\/p>\n<\/td>\n<\/tr>\n<tr>\n<td colspan=\"2\" width=\"595\">\n<p style=\"text-align: center;\"><strong>\u00a0<\/strong><strong>Viernes 11 de noviembre, Vespertina<\/strong><\/p>\n<\/td>\n<\/tr>\n<tr>\n<td colspan=\"2\" width=\"595\">\n<p style=\"text-align: center;\"><strong>\u00a0<\/strong><strong>Moderador 8<\/strong><\/p>\n<\/td>\n<\/tr>\n<tr>\n<td width=\"160\">15:40-16:00<\/td>\n<td width=\"435\">\u00c1ngel Isa\u00edas Lima G\u00f3mez<\/p>\n<p><strong>Relevadores Inteligentes, una herramienta en la educaci\u00f3n hibrida de los laboratorios en Ingenier\u00eda El\u00e9ctrica de la FES Cuautitl\u00e1n<\/strong><\/td>\n<\/tr>\n<tr>\n<td width=\"160\">16:00-16:20<\/td>\n<td width=\"435\">\u00c1ngel Isa\u00edas Lima G\u00f3mez<\/p>\n<p><strong>La aplicaci\u00f3n del Variador de velocidad YASKAWA J100 como un material para la educaci\u00f3n hibrida en el LIME de Ingenier\u00eda El\u00e9ctrica.<\/strong><\/td>\n<\/tr>\n<tr>\n<td width=\"160\">16:20-16:40<\/td>\n<td width=\"435\">Jos\u00e9 Carlos Mar Rangel, Marco Aurelio Nu\u00f1o-Maganda, Yahir Hern\u00e1ndez-Mier and Said Polanco-Martag\u00f3n<\/p>\n<p><strong>Aplicaci\u00f3n m\u00f3vil para el entrenamiento en concursos de spelling utilizando s\u00edntesis y reconocimiento de voz<\/strong><\/td>\n<\/tr>\n<tr>\n<td width=\"160\">16:40-17:00<\/td>\n<td width=\"435\">Orlando Samuel Mart\u00ednez Dorantes, Karla Yaneth Mart\u00ednez Quintanilla, Jorge Eduardo Monita Rodr\u00edguez, Mariana Leilany Pineda Amador, Juan Jos\u00e9 Torres Grimaldo, Marco Aurelio Nu\u00f1o-Maganda, Yahir Hern\u00e1ndez-Mier and Said Polanco-Martag\u00f3n<\/p>\n<p><strong>Implementaci\u00f3n de un Recorrido Virtual de la Universidad Polit\u00e9cnica de Victoria para Promoci\u00f3n de los programas acad\u00e9micos en Preparatorias<\/strong><\/td>\n<\/tr>\n<tr>\n<td width=\"160\">17:00-17:20<\/td>\n<td width=\"435\">Juan Carlos Monreal-Romero, Mar\u00eda Fernanda Coronado-Alejos, Diana Gabriela Gonz\u00e1lez-Reyes, Ana Gabriela L\u00f3pez-Reyes, Carlos Alberto Reyes Puga, Marco Aurelio Nu\u00f1o-Maganda, Yahir Hern\u00e1ndez-Mier and Said Polanco-Martag\u00f3n<\/p>\n<p><strong>Desarrollo e Implementaci\u00f3n de una Aplicaci\u00f3n para administrar pr\u00e9stamos de libros y dispositivos electr\u00f3nicos<\/strong><\/td>\n<\/tr>\n<tr>\n<td width=\"160\">17:20-17:40<\/td>\n<td width=\"435\">Jos\u00e9 Carlos \u00c1valos Ruiz, Axel Issai Alem\u00e1n-Delgado, Juan de Dios Nava-Gallardo, Jos\u00e9 Manuel Rodr\u00edguez Garc\u00eda, Orlando Samuel Mart\u00ednez Dorantes, Marco Aurelio Nu\u00f1o-Maganda, Yahir Hern\u00e1ndez-Mier and Said Polanco-Martag\u00f3n<\/p>\n<p><strong>Desarrollo e Implementaci\u00f3n de una Aplicaci\u00f3n M\u00f3vil para facilitar el Control de Asistencia a Clase<\/strong><\/td>\n<\/tr>\n<tr>\n<td width=\"160\">17:40-18:00<\/td>\n<td width=\"435\">Gustavo Adolfo Mart\u00ednez Ch\u00e1vez<\/p>\n<p><strong>Acondicionamiento Din\u00e1mico de un Refrigerador para Vacunas en los Tiempos del COVID-19<\/strong><\/td>\n<\/tr>\n<tr>\n<td width=\"160\"><strong>18:00-18:20\u00a0<\/strong><\/td>\n<td width=\"435\">\n<p style=\"text-align: center;\"><strong>Clausura<\/strong><\/p>\n<\/td>\n<\/tr>\n<\/tbody>\n<\/table>\n<p>&nbsp;<\/p>\n<p>&nbsp;<\/p>\n<table>\n<tbody>\n<tr>\n<td width=\"589\">\n<h1 style=\"text-align: center;\"><strong> \u00a0 \u00a0 \u00a0 \u00a0 \u00a0 \u00a0 \u00a0 \u00a0 \u00a0 \u00a0 \u00a0 \u00a0 \u00a0 \u00a0 \u00a0 \u00a0 \u00a0 \u00a0 \u00a0 <\/strong><strong style=\"font-family: inherit; font-size: inherit;\">Carteles<\/strong><strong>\u00a0 \u00a0 \u00a0 \u00a0 \u00a0 \u00a0 \u00a0 \u00a0 \u00a0 \u00a0 \u00a0 \u00a0 \u00a0 \u00a0 \u00a0 \u00a0 \u00a0 \u00a0 \u00a0 \u00a0 \u00a0 \u00a0 \u00a0 \u00a0 \u00a0\u00a0<\/strong><\/h1>\n<\/td>\n<\/tr>\n<tr>\n<td width=\"589\">\n<p style=\"text-align: left;\">Oscar Javier Silva Hern\u00e1ndez, Donato Luna Moreno and Araceli S\u00e1nchez \u00c1lvarez<\/p>\n<p style=\"text-align: left;\"><strong>Sistema mecatr\u00f3nico para le medici\u00f3n de \u00edndice de refracci\u00f3n<\/strong><\/p>\n<\/td>\n<\/tr>\n<tr>\n<td width=\"589\">Alejandro E. Masante, Rogelio L. Hecker and Marcelo G. Flores<\/p>\n<p><strong>Control por modo deslizante para un sistema de nanoposicionamiento de estructura flexible accionado por piezoel\u00e9ctrico<\/strong><\/td>\n<\/tr>\n<tr>\n<td width=\"589\"><strong>\u00a0<\/strong>Camilo Morales and \u00c1ngel Flores<\/p>\n<p><strong>Robotic Interface-assisted Handwriting Teaching by Human Demonstration<\/strong><\/td>\n<\/tr>\n<tr>\n<td width=\"589\"><strong>\u00a0<\/strong>Dafnis Cain Villagran Vizcarra, David Luviano Cruz and Roberto Antonio Contreras Masse<\/p>\n<p><strong>La realidad aumentada en la industria: principales oportunidades de implementaci\u00f3n y dificultades en su aplicaci\u00f3n<\/strong><\/td>\n<\/tr>\n<tr>\n<td width=\"589\">Jonathan Villanueva Tavira, Carlos Armando Pati\u00f1o Ter\u00e1n, Rosendo Vargas Valle and H\u00e9ctor Miguel Buenabad Arias<\/p>\n<p><strong>Segmentaci\u00f3n sem\u00e1ntica embebida para conducci\u00f3n aut\u00f3noma<\/strong><\/td>\n<\/tr>\n<tr>\n<td width=\"589\">Alfonso Jos\u00e9 Barroso Barajas, Jes\u00fas Andr\u00e9s Hern\u00e1ndez G\u00f3mez and Roberto Contreras-Masse<\/p>\n<p><strong>Algoritmo inteligente de estados iniciales para incremento de Blockchain en IIoT<\/strong><\/td>\n<\/tr>\n<tr>\n<td width=\"589\">Dynhora-Danheyda Ram\u00edrez-Ochoa, Luis Asunci\u00f3n P\u00e9rez-Dom\u00ednguez, Erwin Ad\u00e1n Mart\u00ednez-G\u00f3mez and Roberto Antonio Contreras-Masee<\/p>\n<p><strong>Inteligencia de enjambre en un ambiente multicriterio<\/strong><\/td>\n<\/tr>\n<tr>\n<td width=\"589\">\u00a0Jonathan Villanueva Tavira and Mois\u00e9s Ocampo Gonz\u00e1lez<\/p>\n<p><strong>Aplicaci\u00f3n M\u00f3vil Basada en Aprendizaje Autom\u00e1tico para el Reconocimiento de Actividades Humanas<\/strong><\/td>\n<\/tr>\n<tr>\n<td width=\"589\">Jonathan Villanueva Tavira and Diego Hern\u00e1ndez Rodr\u00edguez<\/p>\n<p><strong>Sistema Embebido para la Movilidad de un Robot de Asistencia y Cortac\u00e9sped<\/strong><\/td>\n<\/tr>\n<tr>\n<td width=\"589\">Jonathan Villanueva Tavira and Luis Felipe Bustos Hern\u00e1ndez<\/p>\n<p><strong>Dispositivo Wearable para El Monitoreo del Nivel de Agua en Zonas Habitacionales.<\/strong><\/td>\n<\/tr>\n<tr>\n<td width=\"589\">Jonathan Villanueva Tavira, Diego Fern\u00e1ndez Maldonado and Alejandro Garc\u00eda Tinoco<\/p>\n<p><strong>Robot de Asistencia y Servicio para Hospitales en el \u00c1rea de Pediatr\u00eda<\/strong><\/td>\n<\/tr>\n<tr>\n<td width=\"589\">\n<p style=\"text-align: left;\">Jonathan Villanueva Tavira and Rafael Rodr\u00edguez Trejo<\/p>\n<p style=\"text-align: left;\"><strong>Algoritmos de Machine Learning para Microcontroladores<\/strong><\/p>\n<\/td>\n<\/tr>\n<\/tbody>\n<\/table>\n<h2 style=\"text-align: center;\"><a href=\"http:\/\/virtual.cuautitlan.unam.mx\/intar\/cimcia\/wp-content\/uploads\/sites\/17\/2022\/10\/Programa-CIMCIA.pdf\"><strong>Programa en pdf<\/strong><\/a><\/h2>\n","protected":false},"excerpt":{"rendered":"<p>Programa general 2022 \u00a0Mi\u00e9rcoles 09 de noviembre, Matutina 10:00-10:30 \u00a0 Inauguraci\u00f3n \u00a0 Moderador 1 10:30-11:20 \u00a0Conferencia Magistral: Dr. Jaime Gonz\u00e1lez Sierra \u00a0Coordinaci\u00f3n de sistemas multi-agente: inicios y perspectivas 11:20-14:20 CEIAAIT 14:20-16:00 \u00a0Receso de actividades \u00a0Mi\u00e9rcoles 09 de noviembre, Vespertina \u00a0Moderador 2 16:00-16:50 \u00a0Conferencia magistral: Dr. Julio Alberto Mendoza Mendoza Aerotorso, creando libros y patentes a &hellip; <\/p>\n<p class=\"link-more\"><a href=\"https:\/\/virtual.cuautitlan.unam.mx\/intar\/cimcia\/programa-general-2022\/\" class=\"more-link\">Continuar leyendo<span class=\"screen-reader-text\"> &#8220;Programa General 2022&#8221;<\/span><\/a><\/p>\n","protected":false},"author":3,"featured_media":0,"parent":0,"menu_order":0,"comment_status":"closed","ping_status":"closed","template":"","meta":{"footnotes":""},"class_list":["post-20","page","type-page","status-publish","hentry"],"_links":{"self":[{"href":"https:\/\/virtual.cuautitlan.unam.mx\/intar\/cimcia\/wp-json\/wp\/v2\/pages\/20"}],"collection":[{"href":"https:\/\/virtual.cuautitlan.unam.mx\/intar\/cimcia\/wp-json\/wp\/v2\/pages"}],"about":[{"href":"https:\/\/virtual.cuautitlan.unam.mx\/intar\/cimcia\/wp-json\/wp\/v2\/types\/page"}],"author":[{"embeddable":true,"href":"https:\/\/virtual.cuautitlan.unam.mx\/intar\/cimcia\/wp-json\/wp\/v2\/users\/3"}],"replies":[{"embeddable":true,"href":"https:\/\/virtual.cuautitlan.unam.mx\/intar\/cimcia\/wp-json\/wp\/v2\/comments?post=20"}],"version-history":[{"count":8,"href":"https:\/\/virtual.cuautitlan.unam.mx\/intar\/cimcia\/wp-json\/wp\/v2\/pages\/20\/revisions"}],"predecessor-version":[{"id":114,"href":"https:\/\/virtual.cuautitlan.unam.mx\/intar\/cimcia\/wp-json\/wp\/v2\/pages\/20\/revisions\/114"}],"wp:attachment":[{"href":"https:\/\/virtual.cuautitlan.unam.mx\/intar\/cimcia\/wp-json\/wp\/v2\/media?parent=20"}],"curies":[{"name":"wp","href":"https:\/\/api.w.org\/{rel}","templated":true}]}}