{"id":877,"date":"2025-10-30T17:06:23","date_gmt":"2025-10-30T23:06:23","guid":{"rendered":"https:\/\/virtual.cuautitlan.unam.mx\/intar\/ceiaait\/?page_id=877"},"modified":"2025-11-04T08:52:42","modified_gmt":"2025-11-04T14:52:42","slug":"programa-general-2025","status":"publish","type":"page","link":"https:\/\/virtual.cuautitlan.unam.mx\/intar\/ceiaait\/programa-general-2025\/","title":{"rendered":"Programa General 2025"},"content":{"rendered":"<h1><strong>Programaci\u00f3n del 8vo. Congreso Estudiantil de<\/strong><br \/>\n<strong>Inteligencia Artificial Aplicada a la Ingenier\u00eda y Tecnolog\u00eda (CEIAAIT)<\/strong><\/h1>\n<p>Debido a la cantidad de trabajos recibidos este a\u00f1o,\u00a0 se han realizado dos salas de presentaci\u00f3n: la sala Frank Rosenblatt y la sala Margaret Hamilton. En el link presentado a continuaci\u00f3n se presenta la programaci\u00f3n de las dos salas, por favor, REVISAR la sala de su preentaci\u00f3n.<\/p>\n<p><b>Recordando que los horarios pertenecen a la zona centro (CDMX) de M\u00e9xico.<\/b><\/p>\n<p><a href=\"http:\/\/virtual.cuautitlan.unam.mx\/intar\/ceiaait\/wp-content\/uploads\/sites\/14\/2025\/11\/Planeacion-CEIAAIT_2025_Publicar.pdf\"><img loading=\"lazy\" decoding=\"async\" class=\"aligncenter wp-image-15 size-medium\" src=\"http:\/\/virtual.cuautitlan.unam.mx\/intar\/ceiaait\/wp-content\/uploads\/sites\/14\/2019\/11\/boton_descarga_pdf-1-300x114.png\" alt=\"\" width=\"300\" height=\"114\" srcset=\"https:\/\/virtual.cuautitlan.unam.mx\/intar\/ceiaait\/wp-content\/uploads\/sites\/14\/2019\/11\/boton_descarga_pdf-1-300x114.png 300w, https:\/\/virtual.cuautitlan.unam.mx\/intar\/ceiaait\/wp-content\/uploads\/sites\/14\/2019\/11\/boton_descarga_pdf-1.png 535w\" sizes=\"(max-width: 300px) 100vw, 300px\" \/><\/a><\/p>\n","protected":false},"excerpt":{"rendered":"<p>Programaci\u00f3n del 8vo. Congreso Estudiantil de Inteligencia Artificial Aplicada a la Ingenier\u00eda y Tecnolog\u00eda (CEIAAIT) Debido a la cantidad de trabajos recibidos este a\u00f1o,\u00a0 se han realizado dos salas de presentaci\u00f3n: la sala Frank Rosenblatt y la sala Margaret Hamilton. En el link presentado a continuaci\u00f3n se presenta la programaci\u00f3n de las dos salas, por &hellip; <\/p>\n<p class=\"link-more\"><a href=\"https:\/\/virtual.cuautitlan.unam.mx\/intar\/ceiaait\/programa-general-2025\/\" class=\"more-link\">Continuar leyendo<span class=\"screen-reader-text\"> &#8220;Programa General 2025&#8221;<\/span><\/a><\/p>\n","protected":false},"author":3,"featured_media":0,"parent":0,"menu_order":0,"comment_status":"closed","ping_status":"closed","template":"","meta":{"footnotes":""},"class_list":["post-877","page","type-page","status-publish","hentry"],"_links":{"self":[{"href":"https:\/\/virtual.cuautitlan.unam.mx\/intar\/ceiaait\/wp-json\/wp\/v2\/pages\/877"}],"collection":[{"href":"https:\/\/virtual.cuautitlan.unam.mx\/intar\/ceiaait\/wp-json\/wp\/v2\/pages"}],"about":[{"href":"https:\/\/virtual.cuautitlan.unam.mx\/intar\/ceiaait\/wp-json\/wp\/v2\/types\/page"}],"author":[{"embeddable":true,"href":"https:\/\/virtual.cuautitlan.unam.mx\/intar\/ceiaait\/wp-json\/wp\/v2\/users\/3"}],"replies":[{"embeddable":true,"href":"https:\/\/virtual.cuautitlan.unam.mx\/intar\/ceiaait\/wp-json\/wp\/v2\/comments?post=877"}],"version-history":[{"count":5,"href":"https:\/\/virtual.cuautitlan.unam.mx\/intar\/ceiaait\/wp-json\/wp\/v2\/pages\/877\/revisions"}],"predecessor-version":[{"id":892,"href":"https:\/\/virtual.cuautitlan.unam.mx\/intar\/ceiaait\/wp-json\/wp\/v2\/pages\/877\/revisions\/892"}],"wp:attachment":[{"href":"https:\/\/virtual.cuautitlan.unam.mx\/intar\/ceiaait\/wp-json\/wp\/v2\/media?parent=877"}],"curies":[{"name":"wp","href":"https:\/\/api.w.org\/{rel}","templated":true}]}}