{"id":828,"date":"2024-10-23T23:28:45","date_gmt":"2024-10-24T05:28:45","guid":{"rendered":"https:\/\/virtual.cuautitlan.unam.mx\/intar\/ceiaait\/?page_id=828"},"modified":"2024-10-23T23:28:45","modified_gmt":"2024-10-24T05:28:45","slug":"programa-general-2024","status":"publish","type":"page","link":"https:\/\/virtual.cuautitlan.unam.mx\/intar\/ceiaait\/programa-general-2024\/","title":{"rendered":"Programa General 2024"},"content":{"rendered":"<h1 style=\"text-align: center;\"><strong>Programaci\u00f3n del 7mo. Congreso Estudiantil de<\/strong><br \/>\n<strong>Inteligencia Artificial Aplicada a la Ingenier\u00eda y Tecnolog\u00eda (CEIAAIT)<\/strong><\/h1>\n<p>Debido a la cantidad de trabajos recibidos este a\u00f1o,\u00a0 se han realizado dos salas de presentaci\u00f3n: la sala Hopfield y la sala Hinton. En los links de abajo, se encuentran los programas para las salas Hopfield y Hinton, respectivamente.<\/p>\n<p><b>Recordando que los horarios pertenecen a la zona centro (CDMX) de M\u00e9xico.<\/b><\/p>\n<p style=\"text-align: center;\"><a href=\"http:\/\/virtual.cuautitlan.unam.mx\/intar\/ceiaait\/wp-content\/uploads\/sites\/14\/2024\/10\/Programa-Hopfield-CEIAAIT-2024.pdf\"><strong>Sala Hopfield CEIAAIT<\/strong><\/a><\/p>\n<p style=\"text-align: center;\"><a href=\"http:\/\/virtual.cuautitlan.unam.mx\/intar\/ceiaait\/wp-content\/uploads\/sites\/14\/2024\/10\/Programa-Hinton-CEIAAIT-2024.pdf\"><strong>Sala Hinton CEIAAIT<\/strong><\/a><\/p>\n","protected":false},"excerpt":{"rendered":"<p>Programaci\u00f3n del 7mo. Congreso Estudiantil de Inteligencia Artificial Aplicada a la Ingenier\u00eda y Tecnolog\u00eda (CEIAAIT) Debido a la cantidad de trabajos recibidos este a\u00f1o,\u00a0 se han realizado dos salas de presentaci\u00f3n: la sala Hopfield y la sala Hinton. En los links de abajo, se encuentran los programas para las salas Hopfield y Hinton, respectivamente. Recordando &hellip; <\/p>\n<p class=\"link-more\"><a href=\"https:\/\/virtual.cuautitlan.unam.mx\/intar\/ceiaait\/programa-general-2024\/\" class=\"more-link\">Continuar leyendo<span class=\"screen-reader-text\"> &#8220;Programa General 2024&#8221;<\/span><\/a><\/p>\n","protected":false},"author":3,"featured_media":0,"parent":0,"menu_order":0,"comment_status":"closed","ping_status":"closed","template":"","meta":{"footnotes":""},"class_list":["post-828","page","type-page","status-publish","hentry"],"_links":{"self":[{"href":"https:\/\/virtual.cuautitlan.unam.mx\/intar\/ceiaait\/wp-json\/wp\/v2\/pages\/828"}],"collection":[{"href":"https:\/\/virtual.cuautitlan.unam.mx\/intar\/ceiaait\/wp-json\/wp\/v2\/pages"}],"about":[{"href":"https:\/\/virtual.cuautitlan.unam.mx\/intar\/ceiaait\/wp-json\/wp\/v2\/types\/page"}],"author":[{"embeddable":true,"href":"https:\/\/virtual.cuautitlan.unam.mx\/intar\/ceiaait\/wp-json\/wp\/v2\/users\/3"}],"replies":[{"embeddable":true,"href":"https:\/\/virtual.cuautitlan.unam.mx\/intar\/ceiaait\/wp-json\/wp\/v2\/comments?post=828"}],"version-history":[{"count":3,"href":"https:\/\/virtual.cuautitlan.unam.mx\/intar\/ceiaait\/wp-json\/wp\/v2\/pages\/828\/revisions"}],"predecessor-version":[{"id":833,"href":"https:\/\/virtual.cuautitlan.unam.mx\/intar\/ceiaait\/wp-json\/wp\/v2\/pages\/828\/revisions\/833"}],"wp:attachment":[{"href":"https:\/\/virtual.cuautitlan.unam.mx\/intar\/ceiaait\/wp-json\/wp\/v2\/media?parent=828"}],"curies":[{"name":"wp","href":"https:\/\/api.w.org\/{rel}","templated":true}]}}