{"id":606,"date":"2022-10-30T22:25:38","date_gmt":"2022-10-31T04:25:38","guid":{"rendered":"http:\/\/virtual.cuautitlan.unam.mx\/intar\/ceiaait\/?page_id=606"},"modified":"2022-11-03T14:59:05","modified_gmt":"2022-11-03T20:59:05","slug":"programa-general-2022","status":"publish","type":"page","link":"https:\/\/virtual.cuautitlan.unam.mx\/intar\/ceiaait\/programa-general-2022\/","title":{"rendered":"Programa General 2022"},"content":{"rendered":"<h1 style=\"text-align: center;\"><strong>Programa General 2022<\/strong><\/h1>\n<p><strong>\u00a0<\/strong><\/p>\n<table width=\"0\">\n<tbody>\n<tr>\n<td colspan=\"2\" width=\"595\">\n<p style=\"text-align: center;\"><strong style=\"text-align: center; font-family: inherit; font-size: inherit;\">Mi\u00e9rcoles 09 de noviembre, Matutina<\/strong><\/p>\n<p style=\"text-align: center;\"><strong>10:00-10:30\u00a0 \u00a0 \u00a0 Inauguraci\u00f3n<\/strong><\/p>\n<\/td>\n<\/tr>\n<tr>\n<td colspan=\"2\" width=\"595\">\n<p style=\"text-align: center;\"><strong>\u00a0<\/strong><strong>Moderador 1 <\/strong><\/p>\n<\/td>\n<\/tr>\n<tr>\n<td width=\"160\"><strong>10:30-11:20<\/strong><\/td>\n<td width=\"435\"><strong>\u00a0<\/strong><strong>Conferencia Magistral: Dr. Jaime Gonz\u00e1lez Sierra<\/strong><\/p>\n<p><strong>\u00a0<\/strong>Coordinaci\u00f3n de sistemas multi-agente: inicios y perspectivas<\/td>\n<\/tr>\n<tr>\n<td width=\"160\">11:20-11:40<\/td>\n<td width=\"435\">Elen Yanina Aguirre Rodr\u00edguez, Elias Carlos Aguirre Rodr\u00edguez, Juan Pedro Santos Fern\u00e1ndez, Luiz Fernando Costa Nascimento, Aneirson Francisco da Silva and Fernando Augusto Silva Marins<\/p>\n<p><strong>Inteligencia artificial para detecci\u00f3n y diagn\u00f3stico de enfermedades en cultivos de arroz<\/strong><\/td>\n<\/tr>\n<tr>\n<td width=\"160\">11:40-12:00<\/td>\n<td width=\"435\">Francisco Javier P\u00e9rez-Encina, Dulce Martinez-Peon and Vicente Parra-Vega<\/p>\n<p><strong>Red Neuronal Lagrangiana para Modelar Bipedestaci\u00f3n Sagital Usando Visi\u00f3n de un Celular<\/strong><\/td>\n<\/tr>\n<tr>\n<td width=\"160\">12:00-12:20<\/td>\n<td width=\"435\">Carlos Osvaldo Flor S\u00e1nchez and Edgar O. Res\u00e9ndiz Flores<\/p>\n<p><strong>Un Nuevo Algoritmo Mem\u00e9tico Basado en un Kernel Reproductor<\/strong><\/td>\n<\/tr>\n<tr>\n<td width=\"160\">12:20-12:40<\/td>\n<td width=\"435\">Ana Evelia Hern\u00e1ndez Aguirre, Alan David Blanco Miranda and David Asael Guti\u00e9rrez Hern\u00e1ndez<\/p>\n<p><strong>Procesamiento de Im\u00e1genes de TC tor\u00e1cica en pacientes con Covid-19 utilizando el algoritmo Local Binary Pattern Uniforme.<\/strong><\/td>\n<\/tr>\n<tr>\n<td width=\"160\">12:40-13:00<\/td>\n<td width=\"435\">Jonath\u00e1n de Jes\u00fas Estrella Ram\u00edrez and Juan Carlos G\u00f3mez<\/p>\n<p><strong>Aprendizaje Evolutivo de H\u00edper Heur\u00edsticas de Selecci\u00f3n para la Clasificaci\u00f3n de Textos<\/strong><\/td>\n<\/tr>\n<tr>\n<td width=\"160\">13:00-13:20<\/td>\n<td width=\"435\">Rodolfo Romero and Mar\u00eda F Guillen<\/p>\n<p><strong>Segmentaci\u00f3n de fotogramas para el estudio del movimiento en plantas (mimosa)<\/strong><\/td>\n<\/tr>\n<tr>\n<td colspan=\"2\" width=\"595\">\n<p style=\"text-align: center;\"><strong>\u00a0<\/strong><strong>Moderador 2<\/strong><\/p>\n<\/td>\n<\/tr>\n<tr>\n<td width=\"160\">13:20-13:40<\/td>\n<td width=\"435\">Miguel Salvador G\u00f3mez D\u00edaz, Francisco J. Casillas Rodr\u00edguez, David Asael Guti\u00e9rrez Hern\u00e1ndez, Miguel Mora Gonz\u00e1lez and Ubaldo Uribe L\u00f3pez<\/p>\n<p><strong>Caracterizaci\u00f3n de la funci\u00f3n pupilar por medio de un dispositivo opto electr\u00f3nico y t\u00e9cnicas de aprendizaje autom\u00e1tico<\/strong><\/td>\n<\/tr>\n<tr>\n<td width=\"160\">13:40-14:00<\/td>\n<td width=\"435\">Luis Rolando Guarneros Nolasco, Anabel Leynes Gonzalez, Jos\u00e9 Antonio Tepepa Garcia, Karina Roxana V\u00e1zquez, Jes\u00fas Enrique Tepole Illescas and Ricardo Castro Valdivia<\/p>\n<p><strong>JAKEBOT: IoT Based and Machine Learning Water Quality Monitoring for Rivers.<\/strong><\/td>\n<\/tr>\n<tr>\n<td width=\"160\">14:00-14:20<\/td>\n<td width=\"435\">Jaime Hern\u00e1ndez Ram\u00edrez, Giner Alor Hern\u00e1ndez, Nancy Aracely Cruz Ramos, Jos\u00e9 Luis S\u00e1nchez Cervantes and Lisbeth Rodr\u00edguez Mazahua<\/p>\n<p><strong>An\u00e1lisis comparativo de algoritmos y conjuntos de datos para la detecci\u00f3n de la enfermedad de Parkinson mediante t\u00e9cnicas de Deep Learning<\/strong><\/td>\n<\/tr>\n<tr>\n<td width=\"160\"><strong>14:20-16:00<\/strong><\/td>\n<td width=\"435\">\n<p style=\"text-align: center;\"><strong>\u00a0<\/strong><strong>Receso de actividades<\/strong><\/p>\n<\/td>\n<\/tr>\n<tr>\n<td colspan=\"2\" width=\"595\">\n<p style=\"text-align: center;\"><strong>\u00a0<\/strong><strong>Mi\u00e9rcoles 09 de noviembre, Vespertina<\/strong><\/p>\n<\/td>\n<\/tr>\n<tr>\n<td width=\"160\">16:00-16:50<\/td>\n<td width=\"435\"><strong>\u00a0<\/strong><strong>Conferencia magistral: Dr. Julio Alberto Mendoza Mendoza<\/strong><\/p>\n<p>Aerotorso, creando libros y patentes a partir de una tecnolog\u00eda futurista de drones<\/td>\n<\/tr>\n<tr>\n<td width=\"160\">16:50-18:30<\/td>\n<td width=\"435\">\n<p style=\"text-align: center;\"><strong>CIMCIA<\/strong><\/p>\n<\/td>\n<\/tr>\n<tr>\n<td colspan=\"2\" width=\"595\">\n<p style=\"text-align: center;\"><strong>Jueves 10 de noviembre, Matutina<\/strong><\/p>\n<\/td>\n<\/tr>\n<tr>\n<td colspan=\"2\" width=\"595\">\n<p style=\"text-align: center;\"><strong>Moderador 3 <\/strong><\/p>\n<\/td>\n<\/tr>\n<tr>\n<td width=\"160\">9:00-9:20<\/td>\n<td width=\"435\">Mar\u00eda Dolores Gonz\u00e1lez Mart\u00ednez;\u00a0Jos\u00e9 Luis S\u00e1nchez Cervantes;\u00a0Maritza Bustos L\u00f3pez;\u00a0<span style=\"font-family: Times New Roman, serif;\">\u00a0<\/span>Giner Alor Hern\u00e1ndez; Mar\u00eda Antonieta Abud Figueroa; Luis Rolando Guarneros Nolasco<\/p>\n<p><strong>Architecture for the identification of academic stress levels using Machine Learning and Internet of Things<\/strong><\/td>\n<\/tr>\n<tr>\n<td width=\"160\">9:20-9:40<\/td>\n<td width=\"435\">Erik David Tenorio Arenas, Pedro Guevara L\u00f3pez, Juan Carlos S\u00e1nchez Garc\u00eda and Leobardo Hern\u00e1ndez Gonz\u00e1lez<\/p>\n<p><strong>Generaci\u00f3n de Se\u00f1ales ECG Utilizando un Microcontrolador STM32 y Funciones de Fourier<\/strong><\/td>\n<\/tr>\n<tr>\n<td width=\"160\">9:40-10:00<\/td>\n<td width=\"435\">Miguel \u00c1ngel Nava Rivera, Pedro Guevara L\u00f3pez, Mario Bernardo Toral Mej\u00eda and Jazm\u00edn Ram\u00edrez Hern\u00e1ndez<\/p>\n<p><strong>Integraci\u00f3n de un M\u00f3dulo de Medici\u00f3n de Variables El\u00e9ctricas RMS, Aplicado a un Nodo de Criptominado<\/strong><\/td>\n<\/tr>\n<tr>\n<td width=\"160\">10:00-10:50<\/td>\n<td width=\"435\"><strong>Conferencia Magistral: Dra. Miriam Pescador Rojas<\/strong><\/p>\n<p>Uso de miner\u00eda de datos, c\u00f3mputo evolutivo, y optimizaci\u00f3n multiobjetivo para detectar patrones de datos epidemiol\u00f3gicos del COVID-19<\/td>\n<\/tr>\n<tr>\n<td width=\"160\">10:50-11:10<\/td>\n<td width=\"435\">Jaime Zavala Barrios, V\u00edctor Zamudio Rodr\u00edguez and Carlos Lino Ram\u00edrez<\/p>\n<p><strong>Evaluaci\u00f3n e implementaci\u00f3n de estrategias de asociaci\u00f3n de voz o texto con contenido multimedia para la generaci\u00f3n de repositorios digitales mediante t\u00e9cnicas de Inteligencia Artificial.<\/strong><\/td>\n<\/tr>\n<tr>\n<td width=\"160\">11:10-11:30<\/td>\n<td width=\"435\">Francisco Javier Garc\u00eda Dimas; Giner Alor Hern\u00e1ndez; Nancy Aracely Cruz Ramos; Beatriz Alejandra Olivares Zepahua; Luis \u00c1ngel Reyes Hern\u00e1ndez<\/p>\n<p><strong>Una revisi\u00f3n exploratoria de aplicaciones para dispositivos m\u00f3viles para el tratamiento de la enfermedad de Parkinson<\/strong><\/td>\n<\/tr>\n<tr>\n<td width=\"160\">11:30-11:50<\/td>\n<td width=\"435\">Alan Ever Quispe Pari<\/p>\n<p><strong>Revisi\u00f3n sistem\u00e1tica de literatura: Inteligencia Artificial en Gesti\u00f3n p\u00fablica<\/strong><\/td>\n<\/tr>\n<tr>\n<td colspan=\"2\" width=\"595\">\n<p style=\"text-align: center;\"><strong>Moderador 4<\/strong><\/p>\n<\/td>\n<\/tr>\n<tr>\n<td width=\"160\">11:50-12:10<\/td>\n<td width=\"435\">Cyndia Patricia Fonseca Rangel, David Asael Guti\u00e9rrez Hern\u00e1ndez, V\u00edctor Manuel Zamudio Rodr\u00edguez and Carlos Lino Ram\u00edrez<\/p>\n<p><strong>T\u00e9cnicas de evaluaci\u00f3n cognitiva con el uso de IA, una revisi\u00f3n documental.<\/strong><\/td>\n<\/tr>\n<tr>\n<td width=\"160\">12:10-12:30<\/td>\n<td width=\"435\">Oscar Andr\u00e9s Rojo Murillo and David Asael Guti\u00e9rrez Hern\u00e1ndez<\/p>\n<p><strong>Autocodificadores: revisi\u00f3n del autocodificador, fundamentos, tipos y aplicaciones<\/strong><\/td>\n<\/tr>\n<tr>\n<td width=\"160\">12:30-12:50<\/td>\n<td width=\"435\">Ecliserio Jes\u00fas Cotlame Apale, Giner Alor Hern\u00e1ndez, Rafael Salas Z\u00e1rate, Mar\u00eda Antonieta Abud Figueroa and Ulises Ju\u00e1rez Mart\u00ednez<\/p>\n<p><strong>An\u00e1lisis comparativo de APIs para la identificaci\u00f3n de signos de ansiedad<\/strong><\/td>\n<\/tr>\n<tr>\n<td width=\"160\">12:50-13:10<\/td>\n<td width=\"435\">Jos\u00e9 Adri\u00e1n Galv\u00e1n<\/p>\n<p><strong>TSP din\u00e1mico para la toma de decisiones en escenarios de e-commerce.<\/strong><\/td>\n<\/tr>\n<tr>\n<td width=\"160\">13:10-13:30<\/td>\n<td width=\"435\">Jonathan Villanueva Tavira, Rosendo Vargas Valle and H\u00e9ctor Miguel Buenabad Arias<\/p>\n<p><strong>Prototipo de seguridad para ca\u00edda de drones<\/strong><\/td>\n<\/tr>\n<tr>\n<td width=\"160\">13:30-13:50<\/td>\n<td width=\"435\">Rodrigo Alberto Osorio Arciniega<\/p>\n<p><strong>Engineered PLA composites by Air Jet Spraying technique doped with rare-earth-based Luminescent NPs for tracking and promotion of bone tissue regeneration<\/strong><\/td>\n<\/tr>\n<tr>\n<td width=\"160\">13:50-14:10<\/td>\n<td width=\"435\">Roger Chiu Couti\u00f1o, David Gutierrez and Roger Chiu Zarate<\/p>\n<p><strong>Sistema open source para generar im\u00e1genes de entrenamiento para uso en detecci\u00f3n de vasos sangu\u00edneos: resultados preliminares<\/strong><\/td>\n<\/tr>\n<tr>\n<td width=\"160\"><strong>\u00a0<\/strong><\/p>\n<p><strong>14:10-16:00<\/strong><\/td>\n<td width=\"435\">\n<p style=\"text-align: center;\"><strong>\u00a0<\/strong><strong>Receso de actividades<\/strong><\/p>\n<\/td>\n<\/tr>\n<tr>\n<td colspan=\"2\" width=\"595\">\n<p style=\"text-align: center;\"><strong>\u00a0<\/strong><strong>Jueves 10 de noviembre, Vespertina<\/strong><\/p>\n<\/td>\n<\/tr>\n<tr>\n<td colspan=\"2\" width=\"595\">\n<p style=\"text-align: center;\"><strong>\u00a0<\/strong><strong>Moderador 5<\/strong><\/p>\n<\/td>\n<\/tr>\n<tr>\n<td width=\"160\">16:00-16:50<\/td>\n<td width=\"435\"><strong>Conferencia Magistral: Dr. Fernando Mart\u00edn del Campo Ram\u00edrez<\/strong><strong>\u00a0<\/strong><\/p>\n<p>Exploraci\u00f3n de arquitecturas paralelas para aplicaciones de datos intensivos<strong>\u00a0<\/strong><\/td>\n<\/tr>\n<tr>\n<td width=\"160\">16:50-18:20<\/td>\n<td width=\"435\">\n<p style=\"text-align: center;\"><strong>\u00a0<\/strong><strong>Sesi\u00f3n de Carteles<\/strong><\/p>\n<\/td>\n<\/tr>\n<tr>\n<td colspan=\"2\" width=\"595\">\n<p style=\"text-align: center;\"><strong>Viernes 11 de noviembre, Vespertina<\/strong><\/p>\n<\/td>\n<\/tr>\n<tr>\n<td width=\"160\"><strong>Clausura<\/strong><\/td>\n<td width=\"435\"><strong>18:00-18:20<\/strong><\/td>\n<\/tr>\n<\/tbody>\n<\/table>\n<p>&nbsp;<\/p>\n<table>\n<tbody>\n<tr>\n<td width=\"589\">\n<h1 style=\"text-align: center;\"><strong>\u00a0 \u00a0 \u00a0 \u00a0 \u00a0 \u00a0 \u00a0 \u00a0 \u00a0 \u00a0 \u00a0 \u00a0 \u00a0 \u00a0 \u00a0 \u00a0 \u00a0 \u00a0 \u00a0 \u00a0 \u00a0 \u00a0 \u00a0 \u00a0 <\/strong><strong style=\"font-family: inherit; font-size: inherit;\">Carteles<\/strong><strong>\u00a0 \u00a0 \u00a0 \u00a0 \u00a0 \u00a0 \u00a0 \u00a0 \u00a0 \u00a0 \u00a0 \u00a0 \u00a0 \u00a0 \u00a0 \u00a0 \u00a0 \u00a0 \u00a0 \u00a0 \u00a0 \u00a0 \u00a0 \u00a0 \u00a0\u00a0<\/strong><\/h1>\n<\/td>\n<\/tr>\n<tr>\n<td width=\"589\">\n<p style=\"text-align: left;\">Oscar Javier Silva Hern\u00e1ndez, Donato Luna Moreno and Araceli S\u00e1nchez \u00c1lvarez<\/p>\n<p style=\"text-align: left;\"><strong>Sistema mecatr\u00f3nico para le medici\u00f3n de \u00edndice de refracci\u00f3n<\/strong><\/p>\n<\/td>\n<\/tr>\n<tr>\n<td width=\"589\">Alejandro E. Masante, Rogelio L. Hecker and Marcelo G. Flores<\/p>\n<p><strong>Control por modo deslizante para un sistema de nanoposicionamiento de estructura flexible accionado por piezoel\u00e9ctrico<\/strong><\/td>\n<\/tr>\n<tr>\n<td width=\"589\"><strong>\u00a0<\/strong>Camilo Morales and \u00c1ngel Flores<\/p>\n<p><strong>Robotic Interface-assisted Handwriting Teaching by Human Demonstration<\/strong><\/td>\n<\/tr>\n<tr>\n<td width=\"589\"><strong>\u00a0<\/strong>Dafnis Cain Villagran Vizcarra, David Luviano Cruz and Roberto Antonio Contreras Masse<\/p>\n<p><strong>La realidad aumentada en la industria: principales oportunidades de implementaci\u00f3n y dificultades en su aplicaci\u00f3n<\/strong><\/td>\n<\/tr>\n<tr>\n<td width=\"589\">Jonathan Villanueva Tavira, Carlos Armando Pati\u00f1o Ter\u00e1n, Rosendo Vargas Valle and H\u00e9ctor Miguel Buenabad Arias<\/p>\n<p><strong>Segmentaci\u00f3n sem\u00e1ntica embebida para conducci\u00f3n aut\u00f3noma<\/strong><\/td>\n<\/tr>\n<tr>\n<td width=\"589\">Alfonso Jos\u00e9 Barroso Barajas, Jes\u00fas Andr\u00e9s Hern\u00e1ndez G\u00f3mez and Roberto Contreras-Masse<\/p>\n<p><strong>Algoritmo inteligente de estados iniciales para incremento de Blockchain en IIoT<\/strong><\/td>\n<\/tr>\n<tr>\n<td width=\"589\">Dynhora-Danheyda Ram\u00edrez-Ochoa, Luis Asunci\u00f3n P\u00e9rez-Dom\u00ednguez, Erwin Ad\u00e1n Mart\u00ednez-G\u00f3mez and Roberto Antonio Contreras-Masee<\/p>\n<p><strong>Inteligencia de enjambre en un ambiente multicriterio<\/strong><\/td>\n<\/tr>\n<tr>\n<td width=\"589\">\u00a0Jonathan Villanueva Tavira and Mois\u00e9s Ocampo Gonz\u00e1lez<\/p>\n<p><strong>Aplicaci\u00f3n M\u00f3vil Basada en Aprendizaje Autom\u00e1tico para el Reconocimiento de Actividades Humanas<\/strong><\/td>\n<\/tr>\n<tr>\n<td width=\"589\">Jonathan Villanueva Tavira and Diego Hern\u00e1ndez Rodr\u00edguez<\/p>\n<p><strong>Sistema Embebido para la Movilidad de un Robot de Asistencia y Cortac\u00e9sped<\/strong><\/td>\n<\/tr>\n<tr>\n<td width=\"589\">Jonathan Villanueva Tavira and Luis Felipe Bustos Hern\u00e1ndez<\/p>\n<p><strong>Dispositivo Wearable para El Monitoreo del Nivel de Agua en Zonas Habitacionales.<\/strong><\/td>\n<\/tr>\n<tr>\n<td width=\"589\">Jonathan Villanueva Tavira, Diego Fern\u00e1ndez Maldonado and Alejandro Garc\u00eda Tinoco<\/p>\n<p><strong>Robot de Asistencia y Servicio para Hospitales en el \u00c1rea de Pediatr\u00eda<\/strong><\/td>\n<\/tr>\n<tr>\n<td width=\"589\">\n<p style=\"text-align: left;\">Jonathan Villanueva Tavira and Rafael Rodr\u00edguez Trejo<\/p>\n<p style=\"text-align: left;\"><strong>Algoritmos de Machine Learning para Microcontroladores<\/strong><\/p>\n<\/td>\n<\/tr>\n<\/tbody>\n<\/table>\n<h2 style=\"text-align: center;\"><a href=\"http:\/\/virtual.cuautitlan.unam.mx\/intar\/ceiaait\/wp-content\/uploads\/sites\/14\/2022\/10\/Programa-CEIAAIT.pdf\"><strong>Programa en PDF<\/strong><\/a><\/h2>\n","protected":false},"excerpt":{"rendered":"<p>Programa General 2022 \u00a0 Mi\u00e9rcoles 09 de noviembre, Matutina 10:00-10:30\u00a0 \u00a0 \u00a0 Inauguraci\u00f3n \u00a0Moderador 1 10:30-11:20 \u00a0Conferencia Magistral: Dr. Jaime Gonz\u00e1lez Sierra \u00a0Coordinaci\u00f3n de sistemas multi-agente: inicios y perspectivas 11:20-11:40 Elen Yanina Aguirre Rodr\u00edguez, Elias Carlos Aguirre Rodr\u00edguez, Juan Pedro Santos Fern\u00e1ndez, Luiz Fernando Costa Nascimento, Aneirson Francisco da Silva and Fernando Augusto Silva Marins &hellip; <\/p>\n<p class=\"link-more\"><a href=\"https:\/\/virtual.cuautitlan.unam.mx\/intar\/ceiaait\/programa-general-2022\/\" class=\"more-link\">Continuar leyendo<span class=\"screen-reader-text\"> &#8220;Programa General 2022&#8221;<\/span><\/a><\/p>\n","protected":false},"author":3,"featured_media":0,"parent":0,"menu_order":0,"comment_status":"closed","ping_status":"closed","template":"","meta":{"footnotes":""},"class_list":["post-606","page","type-page","status-publish","hentry"],"_links":{"self":[{"href":"https:\/\/virtual.cuautitlan.unam.mx\/intar\/ceiaait\/wp-json\/wp\/v2\/pages\/606"}],"collection":[{"href":"https:\/\/virtual.cuautitlan.unam.mx\/intar\/ceiaait\/wp-json\/wp\/v2\/pages"}],"about":[{"href":"https:\/\/virtual.cuautitlan.unam.mx\/intar\/ceiaait\/wp-json\/wp\/v2\/types\/page"}],"author":[{"embeddable":true,"href":"https:\/\/virtual.cuautitlan.unam.mx\/intar\/ceiaait\/wp-json\/wp\/v2\/users\/3"}],"replies":[{"embeddable":true,"href":"https:\/\/virtual.cuautitlan.unam.mx\/intar\/ceiaait\/wp-json\/wp\/v2\/comments?post=606"}],"version-history":[{"count":16,"href":"https:\/\/virtual.cuautitlan.unam.mx\/intar\/ceiaait\/wp-json\/wp\/v2\/pages\/606\/revisions"}],"predecessor-version":[{"id":628,"href":"https:\/\/virtual.cuautitlan.unam.mx\/intar\/ceiaait\/wp-json\/wp\/v2\/pages\/606\/revisions\/628"}],"wp:attachment":[{"href":"https:\/\/virtual.cuautitlan.unam.mx\/intar\/ceiaait\/wp-json\/wp\/v2\/media?parent=606"}],"curies":[{"name":"wp","href":"https:\/\/api.w.org\/{rel}","templated":true}]}}