{"id":5,"date":"2019-10-27T23:07:59","date_gmt":"2019-10-28T05:07:59","guid":{"rendered":"http:\/\/virtual.cuautitlan.unam.mx\/intar\/ceiaait\/?page_id=5"},"modified":"2020-08-14T20:47:38","modified_gmt":"2020-08-15T02:47:38","slug":"programa-general","status":"publish","type":"page","link":"https:\/\/virtual.cuautitlan.unam.mx\/intar\/ceiaait\/programa-general\/","title":{"rendered":"Programa General 2019"},"content":{"rendered":"<p><strong>CRONOGRAMA DE ACTIVIDADES<\/strong><\/p>\n<p><strong>El registro de asistentes y ponentes inicia a las 9:30 de la ma\u00f1ana.\u00a0<\/strong><\/p>\n<table>\n<tbody>\n<tr>\n<td colspan=\"2\"><strong>Mi\u00e9rcoles 13 de noviembre 2019<\/strong><\/td>\n<\/tr>\n<tr>\n<td><strong>Evento<\/strong><\/td>\n<td><strong>Hora<\/strong><\/td>\n<\/tr>\n<tr>\n<td>INAUGURACI\u00d3N<\/td>\n<td>10:00-10:30<\/td>\n<\/tr>\n<tr>\n<td>CONFERENCIA<\/p>\n<p>Dr. Hiram Ered\u00edn Ponce Espinosa <strong>(SMIA)<\/strong><\/p>\n<p><strong>\u201cC\u00f3mputo natural aplicado a la ingenier\u00eda mecatr\u00f3nica\u201d<\/strong><\/td>\n<td>10:30-11:30<\/td>\n<\/tr>\n<tr>\n<td>CONFERENCIA<\/p>\n<p>Dr. Iv\u00e1n Vladimir Meza Ruiz <strong>(IIMAS)<\/strong><\/p>\n<p><strong>Introducci\u00f3n a la Inteligencia Artificial con Aliens<\/strong><\/td>\n<td>11:30-12:10<\/td>\n<\/tr>\n<tr>\n<td>CONFERENCIA<\/p>\n<p>M. en C. Dennis Alberto Mendoza Sol\u00eds\u00a0<strong>(IIMAS)<\/strong><\/p>\n<p><strong>Inteligencia Artificial en rob\u00f3tica de servicio<\/strong><\/td>\n<td>12:10-12:50<\/td>\n<\/tr>\n<tr>\n<td>Alberto Mart\u00ednez Contreras<\/p>\n<p><strong>Desarrollo de una red IoT inteligente usando el protocolo de comunicaci\u00f3n XMPP, implementada sobre Raspberry Pi 3B+<\/strong><\/td>\n<td>13:00-13:20<\/td>\n<\/tr>\n<tr>\n<td>Eduardo De Jes\u00fas Garc\u00eda Vel\u00e1zquez<\/p>\n<p><strong>Desarrollo de Pr\u00f3tesis Rob\u00f3tica Inteligente para Miembro Tor\u00e1cico en Perros<\/strong><\/td>\n<td>13:20-13:40<\/td>\n<\/tr>\n<tr>\n<td>Samee Ur Rehman Khanzada, Muhammad Talha Khan and Muhammad Aadil Qureshi<\/p>\n<p><strong>Voice Chat Bot<\/strong><\/td>\n<td>13:40-14:00<\/td>\n<\/tr>\n<tr>\n<td><strong>SESI\u00d3N DE CARTELES<\/strong><\/td>\n<td>14:00-15:00<\/td>\n<\/tr>\n<tr>\n<td>Coffee Break<\/td>\n<td>15:00-16:00<\/td>\n<\/tr>\n<tr>\n<td>CONFERENCIA<\/p>\n<p>Dr. Andr\u00e9s Garc\u00eda Floriano<strong> (IPN)<\/strong><\/p>\n<p><strong>Prediagn\u00f3stico de retinopat\u00edas mediante procesamiento de im\u00e1genes y reconocimiento de patrones<\/strong><\/td>\n<td>16:00-17:00<\/td>\n<\/tr>\n<tr>\n<td>Jonathan Villanueva Tavira and Jonathan Tavira<\/p>\n<p><strong>Monitoreo y Control de un Tanque mediante una Red Neuronal Artificial<\/strong><\/td>\n<td>17:00-17:20<\/td>\n<\/tr>\n<tr>\n<td>Francisco Javier Valdepe\u00f1a Rivera, Dante M\u00fajica Vargas y Miguel \u00c1ngel Ru\u00edz Jaimes<\/p>\n<p><strong>An\u00e1lisis comparativo de trayectorias en robots<\/strong><\/td>\n<td>17:20-17:40<\/td>\n<\/tr>\n<tr>\n<td>Jorge Alberto Garc\u00eda Mu\u00f1oz, Jos\u00e9 Alfredo Padilla Medina y Oscar Qui\u00f1ones Busquets<\/p>\n<p><strong>Sistema did\u00e1ctico para procesamiento de imagen y generaci\u00f3n de trayectoria para un robot m\u00f3vil<\/strong><\/td>\n<td>17:40-18:00<\/td>\n<\/tr>\n<tr>\n<td colspan=\"2\"><strong>Jueves 14 de noviembre de 2019<\/strong><\/td>\n<\/tr>\n<tr>\n<td>CONFERENCIA<\/p>\n<p>Dr. Rodolfo Alvarado Cervantes <strong>(UNAM )<\/strong><\/p>\n<p><strong>Narices Electr\u00f3nicas: \u00bfQue son, para que nos sirven?<\/strong><\/td>\n<td>10:00-10:50<\/td>\n<\/tr>\n<tr>\n<td>Rodrigo Alberto Osorio Arciniega<\/p>\n<p><strong>Lumino-magnetic coreshell nanoparticles as magnetic-biolabels in nanomedicine and cell therapy<\/strong><\/td>\n<td>10:50-11:10<\/td>\n<\/tr>\n<tr>\n<td>Emmanuel Maqueda y Mario Rosas Otero<\/p>\n<p><strong>Mejora de la conducta \u2018ask\u00b4 para perfeccionar la interacci\u00f3n humano-robot en el robot de servicio Golem-III<\/strong><\/td>\n<td>11:10-11:30<\/td>\n<\/tr>\n<tr>\n<td>C\u00e9sar Vel\u00e1zquez Guti\u00e9rrez, C\u00e9sar Le\u00f3n Ram\u00edrez Ch\u00e1vez and Luis Antonio Mier Quiroga<\/p>\n<p><strong>Control difuso para alambres musculares de un exoesqueleto para rehabilitaci\u00f3n de los dedos de la mano<\/strong><\/td>\n<td>11:30-11:50<\/td>\n<\/tr>\n<tr>\n<td>Le\u00f3n Loa Pelcastre, Erasto Vergara Hern\u00e1ndez and Aldo Manuel Ram\u00edrez Caro<\/p>\n<p><strong> Control de velocidad de un motor de corriente directa de 1kw, utilizando l\u00f3gica difusa con labview para un m\u00f3vil el\u00e9ctrico de 2 plazas<\/strong><\/td>\n<td>11:50-12:10<\/td>\n<\/tr>\n<tr>\n<td>Jos\u00e9 Alberto Morales Morante, Juan Gabriel Gonz\u00e1lez Serna, Nimrod Gonz\u00e1lez Franco, Andrea Magadan Salazar and M\u00e1ximo L\u00f3pez S\u00e1nchez<\/p>\n<p><strong>El proyecto XEEGnal: sistema para la identificaci\u00f3n de Estados Mentales a partir de Se\u00f1ales Bioel\u00e9ctricas<\/strong><\/td>\n<td>12:10-12:30<\/td>\n<\/tr>\n<tr>\n<td>Coffee break<\/td>\n<td>12:30-12:40<\/td>\n<\/tr>\n<tr>\n<td>CONFERENCIA<\/p>\n<p>M. en C. Omar Mata Ju\u00e1rez\u00a0<strong>(TEC de Monterrey)<\/strong><\/p>\n<p><strong>\u201cMulti-sensor system for helping elderly people using gamification and artificial intelligence\u201d<\/strong><\/td>\n<td>12:40-13:20<\/td>\n<\/tr>\n<tr>\n<td>Nimrod Gonz\u00e1lez Franco, Juan Gabriel Gonz\u00e1lez Serna, No\u00e9 Alejandro Castro S\u00e1nchez and Guillermo Jos\u00e9 Astiazar\u00e1n Y\u00e9piz<\/p>\n<p><strong>Las benditas redes sociales: Twitter y las elecciones presidenciales M\u00e9xico 2018<\/strong><\/td>\n<td>13:20-13:40<\/td>\n<\/tr>\n<tr>\n<td>Camilo S\u00e1nchez, Er\u00e9ndira Rend\u00f3n, Itzel Abundez and Roberto Alejo<\/p>\n<p><strong>Algoritmo de agrupaci\u00f3n para el descubrimiento de influencers en Twitter<\/strong><\/td>\n<td>13:40-14:00<\/td>\n<\/tr>\n<tr>\n<td>Sebasti\u00e1n Fragoso Castillo<\/p>\n<p><strong>Design Thinking aplicado al dise\u00f1o de drones con tecnolog\u00edas abiertas.<\/strong><\/td>\n<td>14:00-14:20<\/td>\n<\/tr>\n<tr>\n<td>Coffee breack<\/td>\n<td>14:20-14:40<\/td>\n<\/tr>\n<tr>\n<td>Ponencia Carlos Devir Pinedo Arriaga<\/p>\n<p><strong>Dise\u00f1o y fabricaci\u00f3n de una l\u00e1mpara y su aplicaci\u00f3n para la conservaci\u00f3n de organismos marinos fotosint\u00e9ticos <\/strong><\/td>\n<td>14:40-15:40<\/td>\n<\/tr>\n<tr>\n<td>Omar Ts\u2019zul Pinedo Arriaga<\/p>\n<p><strong>Sinestesia Sint\u00e9tica<\/strong><\/td>\n<td>15:40-16:00<\/td>\n<\/tr>\n<tr>\n<td>Eduardo D\u00edaz Gonz\u00e1lez Rangel<\/p>\n<p><strong>Redes neuronales como medio de comunicaci\u00f3n para personas con problemas de lenguaje.<\/strong><\/td>\n<td>16:00-16:15<\/td>\n<\/tr>\n<tr>\n<td>Jos\u00e9 Francisco Rojano Jaramillo<\/p>\n<p><strong>Dise\u00f1o de un sistema aut\u00f3nomo para el control de veh\u00edculos utilizando l\u00f3gica difusa<\/strong><\/td>\n<td>16:15-16:30<\/td>\n<\/tr>\n<tr>\n<td>V\u00edctor Adri\u00e1n Espinosa de Los Monteros Parra<\/p>\n<p><strong>Automatizaci\u00f3n de un sistema mediante PROLOG<\/strong><\/td>\n<td>16:45-17:00<\/td>\n<\/tr>\n<tr>\n<td>Erick Huelsz and Hiroshi Hirata<\/p>\n<p><strong>Sistema de detecci\u00f3n de personas por medio de visi\u00f3n termogr\u00e1fica artificial para un VANT de apoyo en b\u00fasqueda y rescate<\/strong><\/td>\n<td>17:00-17:15<\/td>\n<\/tr>\n<tr>\n<td>Rifa de obsequio entre los participantes y Clausura<\/td>\n<td>17:15-17:30<\/td>\n<\/tr>\n<\/tbody>\n<\/table>\n<p>&nbsp;<\/p>\n<p><strong>Sesi\u00f3n de carteles<\/strong><\/p>\n<table>\n<tbody>\n<tr>\n<td><strong>ID<\/strong><\/td>\n<td><strong>Participantes<\/strong><\/td>\n<td><strong>T\u00edtulo del proyecto<\/strong><\/td>\n<td><strong>Instituci\u00f3n<\/strong><\/td>\n<\/tr>\n<tr>\n<td><\/td>\n<td><\/td>\n<td><\/td>\n<td><\/td>\n<\/tr>\n<tr>\n<td>3<\/td>\n<td>\u00c1ngel Isa\u00edas Lima G\u00f3mez Jim\u00e9nez silva Ricardo, Rodr\u00edguez Zarate Isaac Emmanuel, Cortes Gonz\u00e1lez Armando, Villegas Mart\u00ednez Rafael<\/td>\n<td>Obtenci\u00f3n y an\u00e1lisis de se\u00f1ales el\u00e9ctricas en equipos de medici\u00f3n y esquematizaci\u00f3n de m\u00e9todo para la generaci\u00f3n de controladores de arranque suave y arrancadores de estado s\u00f3lido, para equipo didacta Italia para LIME IV de ingenier\u00eda<\/td>\n<td>Universidad Nacional Aut\u00f3noma de M\u00e9xico<\/td>\n<\/tr>\n<tr>\n<td>11<\/td>\n<td>Alejandro Trujano Ch\u00e1vez, Jes\u00fas Olmos Ortiz, David Bautista S\u00e1nchez and Eric Borjon Nolasco<\/td>\n<td>CB Robot 50<\/td>\n<td>Centro de Bachillerato Tecnol\u00f3gico Industrial y de Servicios No. 50<\/td>\n<\/tr>\n<tr>\n<td>14<\/td>\n<td>Luis Jos\u00e9 Mendoza Campos, Jos\u00e9 Jared Caballero Sol and David Silva \u00c1lvarez<\/td>\n<td>Herramientas de aprendizaje<\/td>\n<td>UNAM FES Cuautitl\u00e1n<\/td>\n<\/tr>\n<tr>\n<td>16<\/td>\n<td>Jes\u00fas Ad\u00e1n Lovera Garc\u00eda, Carlos Eduardo Reyes Arzaluz and Jos\u00e9 \u00c1ngel De la Garza Macedo<\/td>\n<td>Sistema de recuperaci\u00f3n de energ\u00eda basado en el movimiento del flujo de agua en tuber\u00edas de agua potable<\/td>\n<td>Universidad de Ixtlahuaca CUI<\/td>\n<\/tr>\n<tr>\n<td>17<\/td>\n<td>\u00a0Zared Carolina Santana Hern\u00e1ndez, Jes\u00fas Manuel Francisco and Erendira Saraid Isabel Ram\u00edrez Cruz<\/td>\n<td>Sana Sustineri<\/td>\n<td>Centro de Bachillerato Tecnol\u00f3gico Industrial y de Servicios 160<\/td>\n<\/tr>\n<tr>\n<td>19<\/td>\n<td>Ad\u00e1n Cabrera Rojas<\/td>\n<td>Robot Guiado por voz mediante rede neuronales<\/td>\n<td>UNAM FES Cuautitl\u00e1n<\/td>\n<\/tr>\n<tr>\n<td>20<\/td>\n<td>Tania Lira, Roberto Hern\u00e1ndez S\u00e1nchez and Miguel Borboya Melchor<\/td>\n<td>Sistema de monitoreo del sue\u00f1o en adultos mayores<\/td>\n<td>UNAM FES Cuautitl\u00e1n<\/td>\n<\/tr>\n<tr>\n<td>21<\/td>\n<td>Jonathan Enrique Aguirre De Paz, Yamil Morelos Padilla and Mar\u00eda De Los \u00c1ngeles L\u00f3pez Pe\u00f1aloza<\/td>\n<td>Dise\u00f1o de un scooter el\u00e9ctrico de alta eficiencia<\/td>\n<td>Universidad de Ixtlahuaca CUI<\/td>\n<\/tr>\n<tr>\n<td>27<\/td>\n<td>Omar Ts\u2019zul Pinedo Arriaga<\/td>\n<td>Enlace entre temperaturas sistema-color por medio de l\u00f3gica difusa<\/td>\n<td>Universidad Nacional Aut\u00f3noma de M\u00e9xico<\/td>\n<\/tr>\n<tr>\n<td>32<\/td>\n<td>Erick Omar Rojas Garc\u00eda, Javier Jim\u00e9nez Gonz\u00e1lez and Francisco Alejandro Mart\u00ednez Ortega<\/td>\n<td>An\u00e1lisis, redise\u00f1o, y fabricaci\u00f3n de un gripper<\/td>\n<td>UNAM FES Cuautitl\u00e1n<\/td>\n<\/tr>\n<tr>\n<td>30<\/td>\n<td>Jonathan Villanueva Tavira y Luis \u00c1ngel Mej\u00eda Genis<\/td>\n<td>Machine learning para la identificaci\u00f3n de objetos en rob\u00f3tica m\u00f3vil<\/td>\n<td>Universidad Tecnol\u00f3gica Emiliano Zapata del Estado de Morelos<\/td>\n<\/tr>\n<\/tbody>\n<\/table>\n<p>&nbsp;<\/p>\n<p>&nbsp;<\/p>\n","protected":false},"excerpt":{"rendered":"<p>CRONOGRAMA DE ACTIVIDADES El registro de asistentes y ponentes inicia a las 9:30 de la ma\u00f1ana.\u00a0 Mi\u00e9rcoles 13 de noviembre 2019 Evento Hora INAUGURACI\u00d3N 10:00-10:30 CONFERENCIA Dr. Hiram Ered\u00edn Ponce Espinosa (SMIA) \u201cC\u00f3mputo natural aplicado a la ingenier\u00eda mecatr\u00f3nica\u201d 10:30-11:30 CONFERENCIA Dr. Iv\u00e1n Vladimir Meza Ruiz (IIMAS) Introducci\u00f3n a la Inteligencia Artificial con Aliens 11:30-12:10 &hellip; <\/p>\n<p class=\"link-more\"><a href=\"https:\/\/virtual.cuautitlan.unam.mx\/intar\/ceiaait\/programa-general\/\" class=\"more-link\">Continuar leyendo<span class=\"screen-reader-text\"> &#8220;Programa General 2019&#8221;<\/span><\/a><\/p>\n","protected":false},"author":3,"featured_media":0,"parent":0,"menu_order":0,"comment_status":"closed","ping_status":"closed","template":"","meta":{"footnotes":""},"class_list":["post-5","page","type-page","status-publish","hentry"],"_links":{"self":[{"href":"https:\/\/virtual.cuautitlan.unam.mx\/intar\/ceiaait\/wp-json\/wp\/v2\/pages\/5"}],"collection":[{"href":"https:\/\/virtual.cuautitlan.unam.mx\/intar\/ceiaait\/wp-json\/wp\/v2\/pages"}],"about":[{"href":"https:\/\/virtual.cuautitlan.unam.mx\/intar\/ceiaait\/wp-json\/wp\/v2\/types\/page"}],"author":[{"embeddable":true,"href":"https:\/\/virtual.cuautitlan.unam.mx\/intar\/ceiaait\/wp-json\/wp\/v2\/users\/3"}],"replies":[{"embeddable":true,"href":"https:\/\/virtual.cuautitlan.unam.mx\/intar\/ceiaait\/wp-json\/wp\/v2\/comments?post=5"}],"version-history":[{"count":18,"href":"https:\/\/virtual.cuautitlan.unam.mx\/intar\/ceiaait\/wp-json\/wp\/v2\/pages\/5\/revisions"}],"predecessor-version":[{"id":181,"href":"https:\/\/virtual.cuautitlan.unam.mx\/intar\/ceiaait\/wp-json\/wp\/v2\/pages\/5\/revisions\/181"}],"wp:attachment":[{"href":"https:\/\/virtual.cuautitlan.unam.mx\/intar\/ceiaait\/wp-json\/wp\/v2\/media?parent=5"}],"curies":[{"name":"wp","href":"https:\/\/api.w.org\/{rel}","templated":true}]}}