{"id":204,"date":"2020-08-16T15:26:46","date_gmt":"2020-08-16T21:26:46","guid":{"rendered":"http:\/\/virtual.cuautitlan.unam.mx\/intar\/ceiaait\/?page_id=204"},"modified":"2020-08-16T15:31:33","modified_gmt":"2020-08-16T21:31:33","slug":"programa-general-2018","status":"publish","type":"page","link":"https:\/\/virtual.cuautitlan.unam.mx\/intar\/ceiaait\/programa-general-2018\/","title":{"rendered":"Programa General 2018"},"content":{"rendered":"<p style=\"text-align: center;\"><strong>CRONOGRAMA DE ACTIVIDADES<\/strong><\/p>\n<p style=\"text-align: center;\"><strong>El registro de asistentes y ponentes inicia a las 9:30 de la ma\u00f1ana.\u00a0<\/strong><\/p>\n<p style=\"text-align: center;\">\n<table width=\"0\">\n<tbody>\n<tr>\n<td width=\"510\"><strong>Evento<\/strong><\/td>\n<td width=\"94\"><strong>Hora<\/strong><\/td>\n<\/tr>\n<tr>\n<td width=\"510\">INAUGURACI\u00d3N<\/td>\n<td width=\"94\">10:30-11:00<\/td>\n<\/tr>\n<tr>\n<td width=\"510\">CONFERENCIA<\/p>\n<p>M. en I. JOS\u00c9 DE JES\u00daS MORALES ROMERO <strong>(CINVESTAV)<\/strong><\/p>\n<p><strong>\u201cRedes neuronales celulares para procesamiento de im\u00e1genes.\u201d<\/strong><\/td>\n<td width=\"94\">11:00-12:00<\/td>\n<\/tr>\n<tr>\n<td width=\"510\">CONFERENCIA<\/p>\n<p>DR. RICARDO PARAMONT HERN\u00c1NDEZ GARC\u00cdA <strong>(FESC-UNAM)<\/strong><\/p>\n<p><strong>\u201cUso de algunas metaheur\u00edsticas para optimizaci\u00f3n de funciones computables.\u201d<\/strong><\/td>\n<td width=\"94\">12:00-13:00<\/td>\n<\/tr>\n<tr>\n<td width=\"510\">EXPOSICI\u00d3N DE CARTELES<\/td>\n<td width=\"94\">13:00-14:30<\/td>\n<\/tr>\n<tr>\n<td width=\"510\">COMIDA Y CONVIVENCIA<\/td>\n<td width=\"94\">14:30-15:00<\/td>\n<\/tr>\n<tr>\n<td width=\"510\">CARLOS DEVIR PINEDO ARRIAGA<\/p>\n<p><strong>\u201cDise\u00f1o de l\u00e1mpara para mantenimiento de organismos marinos fotosint\u00e9tios.\u201d<\/strong><\/td>\n<td width=\"94\">15:00-15:40<\/td>\n<\/tr>\n<tr>\n<td width=\"510\">LUIS MIGUEL MORALES \u00c1VILA<\/p>\n<p><strong>\u201cM\u00e9todos Te\u00f3ricos y de Inteligencia Artificial en la Determinaci\u00f3n de la Energ\u00eda de Correlaci\u00f3n Electr\u00f3nica.\u201d<\/strong><\/td>\n<td width=\"94\">15:40-16:20<\/td>\n<\/tr>\n<tr>\n<td width=\"510\">BRIAN GARC\u00cdA SARMINA<\/p>\n<p><strong>\u201cLocalizaci\u00f3n y mapeo simultaneo para robots m\u00f3viles\u00a0 en 2D.\u201d<\/strong><\/td>\n<td width=\"94\">16:20-17:00<\/td>\n<\/tr>\n<tr>\n<td width=\"510\">&nbsp;<\/p>\n<p>CLAUSURA<\/td>\n<td width=\"94\">17:00-17:20<\/td>\n<\/tr>\n<\/tbody>\n<\/table>\n<p><strong>SESI\u00d3N DE CARTELES<\/strong><\/p>\n<table>\n<tbody>\n<tr>\n<td width=\"294\"><strong>Participantes<\/strong><\/td>\n<td width=\"294\"><strong>T\u00edtulo del proyecto<\/strong><\/td>\n<\/tr>\n<tr>\n<td width=\"294\">Esteban Ruiz Pe\u00f1a, Jos\u00e9 Alejandro Maya Camacho y Jos\u00e9 Luis Barbosa Pacheco<\/td>\n<td width=\"294\">Implementaci\u00f3n de Algoritmo Minmax en un Sistema Embebido y Proyecci\u00f3n en Pantalla T\u00e1ctil<\/td>\n<\/tr>\n<tr>\n<td width=\"294\">Eduardo Daniel Castillo P\u00e9rez, Jes\u00fas Isaac Soriano Pineda y Jos\u00e9 Luis Barbosa Pacheco<\/td>\n<td width=\"294\">Algoritmos de optimizaci\u00f3n de rutas empleados en un juego implementado en la tarjeta Raspberry pi con el m\u00f3dulo SenseHat<\/td>\n<\/tr>\n<tr>\n<td width=\"294\">Garc\u00eda Alc\u00e1ntara Itzel Alejandra, Ibarra Delgado Jos\u00e9 Alberto, Medina P\u00e9rez Jorge Samuel, Romero Rodr\u00edguez Edson Armando, Ocampo Manzano Kassandra Itzel y Lima G\u00f3mez \u00c1ngel Isa\u00edas<\/td>\n<td width=\"294\">Aplicaci\u00f3n de relevadores inteligentes para optimizar la energ\u00eda consumida en el hogar para un mayor confort<\/td>\n<\/tr>\n<tr>\n<td width=\"294\">Eduardo Roberto Arreort\u00faa L\u00f3pez<\/td>\n<td width=\"294\">Sistema de control difuso para un brazo rob\u00f3tico, mediante adquisici\u00f3n y procesamiento de im\u00e1genes<\/td>\n<\/tr>\n<tr>\n<td width=\"294\">Jos\u00e9 Luis Barbosa Pacheco, Uriel Cirilo Mart\u00ednez<\/td>\n<td width=\"294\">Dise\u00f1o de un sistema de camuflaje basado en la implementaci\u00f3n de una red neuronal<\/td>\n<\/tr>\n<tr>\n<td width=\"294\"><em>Omar Ts&#8217;zul Pinedo Arriaga<\/em><\/td>\n<td width=\"294\">Identificaci\u00f3n de luz visible a trav\u00e9s de Arduino para la generaci\u00f3n de una base de conocimientos gestionada por PROLOG<\/td>\n<\/tr>\n<tr>\n<td width=\"294\">Barbosa Pacheco Jos\u00e9 Luis, Rocha Varela Rodrigo Santiago<\/td>\n<td width=\"294\">Sistema Embebido para el Control del\u00a0 Aire Acondicionado mediante L\u00f3gica Difusa.\u201d<\/td>\n<\/tr>\n<tr>\n<td width=\"294\">Alberto Mart\u00ednez Contreras<\/td>\n<td width=\"294\">Red neuronal distribuida para Raspberry Pi<\/td>\n<\/tr>\n<tr>\n<td width=\"294\">Juan Iv\u00e1n D\u00edaz Reyes<em>\u00a0<\/em><\/td>\n<td width=\"294\">Interfaz de diagn\u00f3stico de\u00a0trastornos\u00a0mentales relacionados con el cigarro<\/td>\n<\/tr>\n<tr>\n<td width=\"294\">Carlos Devir Pinedo Arraiga<\/td>\n<td width=\"294\">Dise\u00f1o de l\u00e1mpara para mantenimiento de organismos marinos fotosint\u00e9tios<\/td>\n<\/tr>\n<tr>\n<td width=\"294\"><em>Victor Adrian Espinosa de los Monteros Parra<\/em><\/td>\n<td width=\"294\">Monitoreo en tiempo real y generaci\u00f3n de una base de datos con LabView y PROLOG<\/td>\n<\/tr>\n<tr>\n<td width=\"294\">Luis Miguel Morales \u00c1vila y Jos\u00e9 Marco Antonio Franco P\u00e9rez<\/td>\n<td width=\"294\">M\u00e9todos Te\u00f3ricos y de Inteligencia Artificial en la Determinaci\u00f3n de la Energ\u00eda de Correlaci\u00f3n Electr\u00f3nica.<\/td>\n<\/tr>\n<tr>\n<td width=\"294\">\u00a0Le\u00f3n Loa Pelcastre, Aldo Manuel Ram\u00edrez Caro, Perla Berenice S\u00e1nchez del Rio y Mart\u00ednez Moncada Jos\u00e9 Antonio<\/td>\n<td width=\"294\">INTELIGENCIA ARTIFICIAL APLICADO EN UN PROCESO DE MANUFACTURA<\/td>\n<\/tr>\n<tr>\n<td width=\"294\"><\/td>\n<td width=\"294\"><\/td>\n<\/tr>\n<\/tbody>\n<\/table>\n<p><strong>\u00a0<\/strong><\/p>\n","protected":false},"excerpt":{"rendered":"<p>CRONOGRAMA DE ACTIVIDADES El registro de asistentes y ponentes inicia a las 9:30 de la ma\u00f1ana.\u00a0 Evento Hora INAUGURACI\u00d3N 10:30-11:00 CONFERENCIA M. en I. JOS\u00c9 DE JES\u00daS MORALES ROMERO (CINVESTAV) \u201cRedes neuronales celulares para procesamiento de im\u00e1genes.\u201d 11:00-12:00 CONFERENCIA DR. RICARDO PARAMONT HERN\u00c1NDEZ GARC\u00cdA (FESC-UNAM) \u201cUso de algunas metaheur\u00edsticas para optimizaci\u00f3n de funciones computables.\u201d 12:00-13:00 &hellip; <\/p>\n<p class=\"link-more\"><a href=\"https:\/\/virtual.cuautitlan.unam.mx\/intar\/ceiaait\/programa-general-2018\/\" class=\"more-link\">Continuar leyendo<span class=\"screen-reader-text\"> &#8220;Programa General 2018&#8221;<\/span><\/a><\/p>\n","protected":false},"author":3,"featured_media":0,"parent":0,"menu_order":0,"comment_status":"closed","ping_status":"closed","template":"","meta":{"footnotes":""},"class_list":["post-204","page","type-page","status-publish","hentry"],"_links":{"self":[{"href":"https:\/\/virtual.cuautitlan.unam.mx\/intar\/ceiaait\/wp-json\/wp\/v2\/pages\/204"}],"collection":[{"href":"https:\/\/virtual.cuautitlan.unam.mx\/intar\/ceiaait\/wp-json\/wp\/v2\/pages"}],"about":[{"href":"https:\/\/virtual.cuautitlan.unam.mx\/intar\/ceiaait\/wp-json\/wp\/v2\/types\/page"}],"author":[{"embeddable":true,"href":"https:\/\/virtual.cuautitlan.unam.mx\/intar\/ceiaait\/wp-json\/wp\/v2\/users\/3"}],"replies":[{"embeddable":true,"href":"https:\/\/virtual.cuautitlan.unam.mx\/intar\/ceiaait\/wp-json\/wp\/v2\/comments?post=204"}],"version-history":[{"count":5,"href":"https:\/\/virtual.cuautitlan.unam.mx\/intar\/ceiaait\/wp-json\/wp\/v2\/pages\/204\/revisions"}],"predecessor-version":[{"id":209,"href":"https:\/\/virtual.cuautitlan.unam.mx\/intar\/ceiaait\/wp-json\/wp\/v2\/pages\/204\/revisions\/209"}],"wp:attachment":[{"href":"https:\/\/virtual.cuautitlan.unam.mx\/intar\/ceiaait\/wp-json\/wp\/v2\/media?parent=204"}],"curies":[{"name":"wp","href":"https:\/\/api.w.org\/{rel}","templated":true}]}}