{"id":170,"date":"2020-03-27T13:31:48","date_gmt":"2020-03-27T19:31:48","guid":{"rendered":"http:\/\/virtual.cuautitlan.unam.mx\/intar\/ceiaait\/?page_id=170"},"modified":"2025-02-01T20:11:20","modified_gmt":"2025-02-02T02:11:20","slug":"creditos","status":"publish","type":"page","link":"https:\/\/virtual.cuautitlan.unam.mx\/intar\/ceiaait\/creditos\/","title":{"rendered":"Cr\u00e9ditos"},"content":{"rendered":"<h1><strong>Cr\u00e9ditos y agradecimientos<\/strong><\/h1>\n<p>Los participantes en el desarrollo de este proyecto, que busca atraer principalmente la atenci\u00f3n de alumnos de las carreras de ingenier\u00eda, son:<\/p>\n<div>Dr. David Tinoco Varela<\/div>\n<p><a href=\"https:\/\/orcid.org\/0000-0002-1919-7451\" target=\"orcid.widget\" rel=\"noopener noreferrer\"><img decoding=\"async\" src=\"https:\/\/orcid.org\/sites\/default\/files\/images\/orcid_16x16.png\" alt=\"ORCID iD icon\" \/>orcid.org\/0000-0002-1919-7451<\/a><br \/>\nDepartamento de Ingenier\u00eda<\/p>\n<p>Dr. Fernando Gudi\u00f1o Pe\u00f1aloza<\/p>\n<div><a style=\"vertical-align: top;\" href=\"https:\/\/orcid.org\/0000-0001-5535-8753\" target=\"orcid.widget\" rel=\"noopener noreferrer\"><img decoding=\"async\" style=\"width: 1em; margin-right: .5em;\" src=\"https:\/\/orcid.org\/sites\/default\/files\/images\/orcid_16x16.png\" alt=\"ORCID iD icon\" \/>https:\/\/orcid.org\/0000-0001-5535-8753<\/a><\/div>\n<p>Departamento de Ingenier\u00eda<\/p>\n<p>M. en C. Jos\u00e9 Luis Garza Rivera<br \/>\nCoordinaci\u00f3n de Bibliotecas y Hemerotecas<\/p>\n<p>M. en C. Ang\u00e9lica Espinoza God\u00ednez<br \/>\nDepartamento de C\u00f3mputo e Inform\u00e1tica<\/p>\n<p>Dr. Ra\u00fal Dal\u00ed Cruz Morales<br \/>\n<a style=\"vertical-align: top;\" href=\"https:\/\/orcid.org\/0000-0001-5535-8753\" target=\"orcid.widget\" rel=\"noopener noreferrer\"><img decoding=\"async\" style=\"width: 1em; margin-right: .5em;\" src=\"https:\/\/orcid.org\/sites\/default\/files\/images\/orcid_16x16.png\" alt=\"ORCID iD icon\" \/><\/a><a href=\"https:\/\/orcid.org\/0000-0002-8754-8196\">https:\/\/orcid.org\/0000-0002-8754-8196<\/a><br \/>\nDepartamento de Ingenier\u00eda<\/p>\n<p>Amayrani Cabrera V\u00e1zquez<br \/>\n<span style=\"font-size: 1rem;\">Estudiante de Ingenier\u00eda Mec\u00e1nica El\u00e9ctrica de la FESC<\/span><\/p>\n<p>Carolina Jeanette Villase\u00f1or Rodelas<br \/>\nEstudiante de la Licenciatura en Tecnolog\u00eda de la FESC<\/p>\n<p>El desarrollo y actualizaci\u00f3n de esta p\u00e1gina web ha sido apoyada, a lo largo de su existencia, por diferentes proyectos de la UNAM y de la FES-C, a continuaci\u00f3n se enlistan tales proyectos:<\/p>\n<h2><strong>PAPIME<\/strong><\/h2>\n<p><strong>PAPIME PE 107225.<\/strong>\u201cDise\u00f1o de material did\u00e1ctico para su utilizaci\u00f3n en la ense\u00f1anza de alumnos de ingenier\u00eda y divulgaci\u00f3n t\u00e9cnica y cient\u00edfica\u201d.<\/p>\n<p><strong>PAPIME PE103223<\/strong> &#8220;Dise\u00f1o de sistemas mecatr\u00f3nicos para la ense\u00f1anza basada en proyectos y su divulgaci\u00f3n electr\u00f3nica&#8221;<\/p>\n<p><strong>PAPIME \u00a0<\/strong><strong>PE103322 \u201c<\/strong>Dise\u00f1o de un sistema de herramientas virtuales entrelazadas para incentivar la educaci\u00f3n y el Desarrollo de proyectos de ingenier\u00eda e inteligencia artificial a distancia\u201d.<\/p>\n<p><strong>PAPIME PE100221 \u201c<\/strong>Desarrollo de herramientas virtuales para incentivar la educaci\u00f3n basada en proyectos de ingenier\u00eda e inteligencia artificial\u201d.<\/p>\n<p><strong>PAPIME PE111519<\/strong> \u201cGeneraci\u00f3n de un acervo digital para el mejoramiento del aprendizaje de alumnos de careras de ingenier\u00eda, en el \u00e1rea de conocimiento de Inteligencia Artificial aplicada\u201d.<\/p>\n<h2><strong>PIAPIME<\/strong><\/h2>\n<p><strong>PIAPIME 1.31.09.24.<\/strong> &#8220;Educaci\u00f3n basada en proyectos implementada en las ingenier\u00edas de la Facultad de Estudios Superiores Cuautitl\u00e1n&#8221;.<\/p>\n<p><strong><strong style=\"font-size: 1rem;\">PIAPIME <\/strong>1.31.27.22 <\/strong>\u201cDesarrollo y divulgaci\u00f3n electr\u00f3nica de proyectos y prototipos ingenieriles y de automatizaci\u00f3n utilizando inteligencia artificial y sistemas embebidos\u201d.<\/p>\n<p><strong style=\"font-size: 1rem;\">PIAPIME 4.31.04.21 <\/strong><span style=\"font-size: 1rem;\">\u201cContenido tem\u00e1tico y pr\u00e1ctico relacionado para la ense\u00f1anza-aprendizaje de las asignaturas de inteligencia artificial de la carrera de ITSE utilizando plataformas digitales y a distancia\u201d.\u00a0<\/span><\/p>\n<p><strong>PIAPIME 4.31.02.20 <\/strong>\u201cUso de plataformas digitales para la generaci\u00f3n de contenido tem\u00e1tico relacionadas a las asignaturas de inteligencia artificial de la carrera de ITSE\u201d.<\/p>\n<p><strong style=\"font-size: 1rem;\">PIAPIME 4.31.05.19 <\/strong><span style=\"font-size: 1rem;\">\u201cEstructuraci\u00f3n de un gestor de informaci\u00f3n digital, relacionado a inteligencia artificial para el mejoramiento del aprendizaje de alumnos de la carrera de ITSE\u201d.<\/span><\/p>\n<h2><strong>PAPIIT<\/strong><\/h2>\n<p><strong>PAPIIT IA102323<\/strong> \u201cRepresentaci\u00f3n de cuantizaciones como \u00e1lgebras de Koszul y dise\u00f1o de sistemas mecatr\u00f3nicos inteligentes con control lineal y no lineal\u201d<\/p>\n<p><strong>PAPIIT <\/strong><strong>IN105219 \u201c<\/strong>Sistemas algebraicos y de seguridad criptogr\u00e1fica&#8221;.<\/p>\n<h2><strong>\u00a0<\/strong><strong>C\u00e1tedra de investigaci\u00f3n<\/strong><\/h2>\n<p><strong>CI2410<\/strong> \u201cInteligencia artificial aplicada a sistemas ingenieriles y \u00e1lgebra<br \/>\nmoderna abstracta\u201d.<\/p>\n<p><strong>CI2254<\/strong> \u201cDise\u00f1o y control de sistemas electromec\u00e1nicos aplicando automatizaci\u00f3n, mecatr\u00f3nica, IoT e inteligencia artificial\u201d.<\/p>\n","protected":false},"excerpt":{"rendered":"<p>Cr\u00e9ditos y agradecimientos Los participantes en el desarrollo de este proyecto, que busca atraer principalmente la atenci\u00f3n de alumnos de las carreras de ingenier\u00eda, son: Dr. David Tinoco Varela orcid.org\/0000-0002-1919-7451 Departamento de Ingenier\u00eda Dr. Fernando Gudi\u00f1o Pe\u00f1aloza https:\/\/orcid.org\/0000-0001-5535-8753 Departamento de Ingenier\u00eda M. en C. Jos\u00e9 Luis Garza Rivera Coordinaci\u00f3n de Bibliotecas y Hemerotecas M. en &hellip; <\/p>\n<p class=\"link-more\"><a href=\"https:\/\/virtual.cuautitlan.unam.mx\/intar\/ceiaait\/creditos\/\" class=\"more-link\">Continuar leyendo<span class=\"screen-reader-text\"> &#8220;Cr\u00e9ditos&#8221;<\/span><\/a><\/p>\n","protected":false},"author":3,"featured_media":0,"parent":0,"menu_order":0,"comment_status":"closed","ping_status":"closed","template":"","meta":{"footnotes":""},"class_list":["post-170","page","type-page","status-publish","hentry"],"_links":{"self":[{"href":"https:\/\/virtual.cuautitlan.unam.mx\/intar\/ceiaait\/wp-json\/wp\/v2\/pages\/170"}],"collection":[{"href":"https:\/\/virtual.cuautitlan.unam.mx\/intar\/ceiaait\/wp-json\/wp\/v2\/pages"}],"about":[{"href":"https:\/\/virtual.cuautitlan.unam.mx\/intar\/ceiaait\/wp-json\/wp\/v2\/types\/page"}],"author":[{"embeddable":true,"href":"https:\/\/virtual.cuautitlan.unam.mx\/intar\/ceiaait\/wp-json\/wp\/v2\/users\/3"}],"replies":[{"embeddable":true,"href":"https:\/\/virtual.cuautitlan.unam.mx\/intar\/ceiaait\/wp-json\/wp\/v2\/comments?post=170"}],"version-history":[{"count":15,"href":"https:\/\/virtual.cuautitlan.unam.mx\/intar\/ceiaait\/wp-json\/wp\/v2\/pages\/170\/revisions"}],"predecessor-version":[{"id":841,"href":"https:\/\/virtual.cuautitlan.unam.mx\/intar\/ceiaait\/wp-json\/wp\/v2\/pages\/170\/revisions\/841"}],"wp:attachment":[{"href":"https:\/\/virtual.cuautitlan.unam.mx\/intar\/ceiaait\/wp-json\/wp\/v2\/media?parent=170"}],"curies":[{"name":"wp","href":"https:\/\/api.w.org\/{rel}","templated":true}]}}