{"id":876,"date":"2024-03-14T04:29:22","date_gmt":"2024-03-14T04:29:22","guid":{"rendered":"https:\/\/virtual.cuautitlan.unam.mx\/donaciones\/?page_id=876"},"modified":"2024-04-23T18:39:55","modified_gmt":"2024-04-24T00:39:55","slug":"normatividad","status":"publish","type":"page","link":"https:\/\/virtual.cuautitlan.unam.mx\/donaciones\/index.php\/normatividad\/","title":{"rendered":"NORMATIVIDAD"},"content":{"rendered":"<p>[vc_row centered=&#8221;yes&#8221; bg_type=&#8221;image&#8221; parallax_style=&#8221;vcpb-default&#8221; bg_image_new=&#8221;id^1644|url^https:\/\/virtual.cuautitlan.unam.mx\/donaciones\/wp-content\/uploads\/2024\/04\/norma16-scaled.jpg|caption^null|alt^null|title^norma16|description^null&#8221; bg_image_repeat=&#8221;no-repeat&#8221; sd_bg_color=&#8221;&#8221;][vc_column]<div class=\"ult-spacer spacer-69d7dfd9a65b3\" data-id=\"69d7dfd9a65b3\" data-height=\"110\" data-height-mobile=\"50\" data-height-tab=\"\" data-height-tab-portrait=\"\" data-height-mobile-landscape=\"\" style=\"clear:both;display:block;\"><\/div><div id=\"ultimate-heading-969969d7dfd9a65f2\" class=\"uvc-heading ult-adjust-bottom-margin ultimate-heading-969969d7dfd9a65f2 uvc-6023 \" data-hspacer=\"no_spacer\"  data-halign=\"left\" style=\"text-align:left\"><div class=\"uvc-heading-spacer no_spacer\" style=\"top\"><\/div><div class=\"uvc-sub-heading ult-responsive\"  data-ultimate-target='.uvc-heading.ultimate-heading-969969d7dfd9a65f2 .uvc-sub-heading '  data-responsive-json-new='{\"font-size\":\"desktop:18px;\",\"line-height\":\"desktop:18px;\"}'  style=\"font-family:&#039;Montserrat&#039;;font-weight:700;\"><\/p>\n<p class=\"sd-text-bg-white\">NORMATIVIDAD<\/p>\n<p><\/div><\/div><div class=\"ult-spacer spacer-69d7dfd9a6648\" data-id=\"69d7dfd9a6648\" data-height=\"110\" data-height-mobile=\"50\" data-height-tab=\"\" data-height-tab-portrait=\"\" data-height-mobile-landscape=\"\" style=\"clear:both;display:block;\"><\/div>[\/vc_column][\/vc_row][vc_row centered=&#8221;yes&#8221;][vc_column]<div class=\"ult-spacer spacer-69d7dfd9a6667\" data-id=\"69d7dfd9a6667\" data-height=\"70\" data-height-mobile=\"70\" data-height-tab=\"70\" data-height-tab-portrait=\"\" data-height-mobile-landscape=\"\" style=\"clear:both;display:block;\"><\/div><div id=\"ultimate-heading-355969d7dfd9a6692\" class=\"uvc-heading ult-adjust-bottom-margin ultimate-heading-355969d7dfd9a6692 uvc-4556 \" data-hspacer=\"no_spacer\"  data-halign=\"left\" style=\"text-align:left\"><div class=\"uvc-heading-spacer no_spacer\" style=\"top\"><\/div><div class=\"uvc-main-heading ult-responsive\"  data-ultimate-target='.uvc-heading.ultimate-heading-355969d7dfd9a6692 h3'  data-responsive-json-new='{\"font-size\":\"\",\"line-height\":\"\"}' ><h3 style=\"font-family:&#039;Montserrat&#039;;font-weight:700;margin-bottom:15px;\">NORMATIVIDAD DONACIONES EN NUMERARIO Y DONACIONES EN ESPECIE<\/h3><\/div><\/div>[vc_row_inner][vc_column_inner width=&#8221;1\/2&#8243;]<div id=\"ultimate-heading-419269d7dfd9a66dc\" class=\"uvc-heading ult-adjust-bottom-margin ultimate-heading-419269d7dfd9a66dc uvc-1398 \" data-hspacer=\"line_only\"  data-halign=\"left\" style=\"text-align:left\"><div class=\"uvc-sub-heading ult-responsive\"  data-ultimate-target='.uvc-heading.ultimate-heading-419269d7dfd9a66dc .uvc-sub-heading '  data-responsive-json-new='{\"font-size\":\"\",\"line-height\":\"\"}'  style=\"font-weight:normal;color:#212c54;margin-bottom:5px;\"><a href=\"https:\/\/virtual.cuautitlan.unam.mx\/donaciones\/wp-content\/uploads\/2024\/03\/ReglamentoDonacionesNumerario.pdf\"><strong><em>Lineamientos generales para la aceptaci\u00f3n de donativos en numerario a la Universidad Nacional Aut\u00f3noma de M\u00e9xico <\/em><\/strong><\/a>(2017, diciembre 4). Patronato Universitario, Direcci\u00f3n General de Finanzas. http:\/\/www.finanzas.unam.mx\/nosotros.html<\/div><div class=\"uvc-heading-spacer line_only\" style=\"margin-bottom:10px;height:1px;\"><span class=\"uvc-headings-line\" style=\"border-style:solid;border-bottom-width:1px;border-color:#ccc;width:autopx;\"><\/span><\/div><\/div><div id=\"ultimate-heading-15469d7dfd9a6708\" class=\"uvc-heading ult-adjust-bottom-margin ultimate-heading-15469d7dfd9a6708 uvc-3783 \" data-hspacer=\"no_spacer\"  data-halign=\"left\" style=\"text-align:left\"><div class=\"uvc-heading-spacer no_spacer\" style=\"top\"><\/div><div class=\"uvc-sub-heading ult-responsive\"  data-ultimate-target='.uvc-heading.ultimate-heading-15469d7dfd9a6708 .uvc-sub-heading '  data-responsive-json-new='{\"font-size\":\"\",\"line-height\":\"\"}'  style=\"font-weight:normal;color:#212c54;margin-bottom:40px;\">Proporciona a las Entidades Acad\u00e9micas y Dependencias Universitarias, una herramienta que les permita lograr, de manera eficaz y transparente, la aceptaci\u00f3n, recepci\u00f3n, el adecuado registro y control de las donaciones en numerario que efect\u00faan las personas f\u00edsicas o morales de car\u00e1cter privado o los organismos o instituciones p\u00fablicas o privadas, nacionales y extranjeras a la UNAM, para apoyarla en el cumplimiento de sus fines sustantivos.<\/div><\/div>[\/vc_column_inner][vc_column_inner width=&#8221;1\/2&#8243;]<div id=\"ultimate-heading-73969d7dfd9a6736\" class=\"uvc-heading ult-adjust-bottom-margin ultimate-heading-73969d7dfd9a6736 uvc-6189 \" data-hspacer=\"line_only\"  data-halign=\"left\" style=\"text-align:left\"><div class=\"uvc-sub-heading ult-responsive\"  data-ultimate-target='.uvc-heading.ultimate-heading-73969d7dfd9a6736 .uvc-sub-heading '  data-responsive-json-new='{\"font-size\":\"\",\"line-height\":\"\"}'  style=\"font-weight:normal;color:#212c54;margin-bottom:5px;\"><a href=\"https:\/\/virtual.cuautitlan.unam.mx\/donaciones\/wp-content\/uploads\/2024\/03\/manual_donaciones.pdf\"><strong><em>Manual sobre donaciones en especie de la Universidad Nacional Aut\u00f3noma de M\u00e9xico <\/em><\/strong><\/a>(2018, enero 11). Patronato Universitario, Direcci\u00f3n General de Patrimonio Universitario. http:\/\/www.patrimonio.unam.mx\/patrimonio\/index.php?dr=norm&amp;cont=manuales<\/div><div class=\"uvc-heading-spacer line_only\" style=\"margin-bottom:10px;height:1px;\"><span class=\"uvc-headings-line\" style=\"border-style:solid;border-bottom-width:1px;border-color:#ccc;width:autopx;\"><\/span><\/div><\/div><div id=\"ultimate-heading-811469d7dfd9a675b\" class=\"uvc-heading ult-adjust-bottom-margin ultimate-heading-811469d7dfd9a675b uvc-4482 \" data-hspacer=\"no_spacer\"  data-halign=\"left\" style=\"text-align:left\"><div class=\"uvc-heading-spacer no_spacer\" style=\"top\"><\/div><div class=\"uvc-sub-heading ult-responsive\"  data-ultimate-target='.uvc-heading.ultimate-heading-811469d7dfd9a675b .uvc-sub-heading '  data-responsive-json-new='{\"font-size\":\"\",\"line-height\":\"\"}'  style=\"font-weight:normal;color:#212c54;margin-bottom:40px;\">Presenta los lineamientos generales y procedimientos conforme a los cuales, en este caso, se aceptar\u00e1n las donaciones, mismas que deber\u00e1n apoyar los fines sustantivos de la instituci\u00f3n. Las donaciones \u00a0deber\u00e1n provenir de personas con reconocida probidad y honradez; trat\u00e1ndose de personas morales, se requerir\u00e1, adem\u00e1s, que sus principios y fines no sean contrarios a los de la Instituci\u00f3n.<\/div><\/div>[\/vc_column_inner][\/vc_row_inner][\/vc_column][\/vc_row][vc_row][vc_column]<div class=\" ubtn-ctn-center \"><a class=\"ubtn-link ult-adjust-bottom-margin ubtn-center ubtn-normal \" href=\"https:\/\/www.fundacionunam.org.mx\/transparencia\/\" target=\"_blank\" rel=\"noopener\" ><button type=\"button\" id=\"ubtn-2978\"  class=\"ubtn ult-adjust-bottom-margin ult-responsive ubtn-normal ubtn-no-hover-bg  none  ubtn-center   tooltip-69d7dfd9a6797\"  data-hover=\"\" data-border-color=\"\" data-bg=\"#212c54\" data-hover-bg=\"#bd950a\" data-border-hover=\"\" data-shadow-hover=\"\" data-shadow-click=\"none\" data-shadow=\"\" data-shd-shadow=\"\"  data-ultimate-target='#ubtn-2978'  data-responsive-json-new='{\"font-size\":\"desktop:14px;\",\"line-height\":\"\"}'  style=\"font-family:&#039;Montserrat&#039;;font-weight:700;border-radius:5px;border-width:1px;border-color:;border-style:solid;background: #212c54;color: #ffffff;\"><span class=\"ubtn-hover\" style=\"background-color:#bd950a\"><\/span><span class=\"ubtn-data ubtn-text \" >DA CLIC AQU\u00cd PARA VER NUESTRA POL\u00cdTICA DE TRANSPARENCIA<\/span><\/button><\/a><\/div>[\/vc_column][\/vc_row][vc_row][vc_column]<div class=\"ult-spacer spacer-69d7dfd9a683a\" data-id=\"69d7dfd9a683a\" data-height=\"20\" data-height-mobile=\"20\" data-height-tab=\"20\" data-height-tab-portrait=\"\" data-height-mobile-landscape=\"\" style=\"clear:both;display:block;\"><\/div>[\/vc_column][\/vc_row][vc_row bg_type=&#8221;bg_color&#8221; css=&#8221;.vc_custom_1712967597849{padding-top: 40px !important;padding-right: 80px !important;padding-bottom: 30px !important;padding-left: 40px !important;}&#8221; bg_color_value=&#8221;#bd950a&#8221;][vc_column width=&#8221;1\/2&#8243;]<div id=\"ultimate-heading-155769d7dfd9a6865\" class=\"uvc-heading ult-adjust-bottom-margin ultimate-heading-155769d7dfd9a6865 uvc-1102 \" data-hspacer=\"no_spacer\"  data-halign=\"left\" style=\"text-align:left\"><div class=\"uvc-heading-spacer no_spacer\" style=\"top\"><\/div><div class=\"uvc-main-heading ult-responsive\"  data-ultimate-target='.uvc-heading.ultimate-heading-155769d7dfd9a6865 h3'  data-responsive-json-new='{\"font-size\":\"desktop:18px;\",\"line-height\":\"desktop:24px;\"}' ><h3 style=\"font-family:&#039;Montserrat&#039;;font-weight:700;color:#f9f9f9;\">ESCR\u00cdBENOS<\/h3><\/div><div class=\"uvc-sub-heading ult-responsive\"  data-ultimate-target='.uvc-heading.ultimate-heading-155769d7dfd9a6865 .uvc-sub-heading '  data-responsive-json-new='{\"font-size\":\"\",\"line-height\":\"\"}'  style=\"font-weight:normal;color:#f9f9f9;\">Si tienes alguna duda sobre tu donaci\u00f3n puedes enviarnos un correo electr\u00f3nico.<\/div><\/div>[\/vc_column][vc_column width=&#8221;1\/2&#8243;]\n<div class=\"wpcf7 no-js\" id=\"wpcf7-f1405-o1\" lang=\"es-MX\" dir=\"ltr\" data-wpcf7-id=\"1405\">\n<div class=\"screen-reader-response\"><p role=\"status\" aria-live=\"polite\" aria-atomic=\"true\"><\/p> <ul><\/ul><\/div>\n<form action=\"\/donaciones\/index.php\/wp-json\/wp\/v2\/pages\/876#wpcf7-f1405-o1\" method=\"post\" class=\"wpcf7-form init\" aria-label=\"Formulario de contacto\" novalidate=\"novalidate\" data-status=\"init\">\n<div style=\"display: none;\">\n<input type=\"hidden\" name=\"_wpcf7\" value=\"1405\" \/>\n<input type=\"hidden\" name=\"_wpcf7_version\" value=\"6.0.5\" \/>\n<input type=\"hidden\" name=\"_wpcf7_locale\" value=\"es_MX\" \/>\n<input type=\"hidden\" name=\"_wpcf7_unit_tag\" value=\"wpcf7-f1405-o1\" \/>\n<input type=\"hidden\" name=\"_wpcf7_container_post\" value=\"0\" \/>\n<input type=\"hidden\" name=\"_wpcf7_posted_data_hash\" value=\"\" \/>\n<\/div>\n<p><label><br \/>\n<span class=\"wpcf7-form-control-wrap\" data-name=\"your-name\"><input size=\"40\" maxlength=\"400\" class=\"wpcf7-form-control wpcf7-text wpcf7-validates-as-required\" autocomplete=\"name\" aria-required=\"true\" aria-invalid=\"false\" placeholder=\"Nombre\" value=\"\" type=\"text\" name=\"your-name\" \/><\/span> <\/label>\n<\/p>\n<p><label><br \/>\n<span class=\"wpcf7-form-control-wrap\" data-name=\"your-email\"><input size=\"40\" maxlength=\"400\" class=\"wpcf7-form-control wpcf7-email wpcf7-validates-as-required wpcf7-text wpcf7-validates-as-email\" autocomplete=\"email\" aria-required=\"true\" aria-invalid=\"false\" placeholder=\"Correo electr\u00f3nico\" value=\"\" type=\"email\" name=\"your-email\" \/><\/span> <\/label>\n<\/p>\n<p><label><br \/>\n<span class=\"wpcf7-form-control-wrap\" data-name=\"your-message\"><textarea cols=\"40\" rows=\"10\" maxlength=\"2000\" class=\"wpcf7-form-control wpcf7-textarea wpcf7-validates-as-required\" aria-required=\"true\" aria-invalid=\"false\" placeholder=\"Mensaje\" name=\"your-message\"><\/textarea><\/span> <\/label>\n<\/p>\n<p><input class=\"wpcf7-form-control wpcf7-submit has-spinner\" type=\"submit\" value=\"ENVIAR\" \/>\n<\/p><div class=\"wpcf7-response-output\" aria-hidden=\"true\"><\/div>\n<\/form>\n<\/div>\n[\/vc_column][\/vc_row][vc_row bg_type=&#8221;bg_color&#8221; css=&#8221;.vc_custom_1713374302832{padding-right: 40px !important;}&#8221; bg_color_value=&#8221;#000149&#8243;][vc_column width=&#8221;1\/4&#8243;][vc_single_image image=&#8221;674&#8243; alignment=&#8221;center&#8221; css=&#8221;.vc_custom_1713373915805{padding-top: 20px !important;}&#8221;][\/vc_column][vc_column width=&#8221;1\/4&#8243;]<div id=\"ultimate-heading-452269d7dfd9a6fc9\" class=\"uvc-heading ult-adjust-bottom-margin ultimate-heading-452269d7dfd9a6fc9 uvc-1106 \" data-hspacer=\"no_spacer\"  data-halign=\"left\" style=\"text-align:left\"><div class=\"uvc-heading-spacer no_spacer\" style=\"top\"><\/div><div class=\"uvc-main-heading ult-responsive\"  data-ultimate-target='.uvc-heading.ultimate-heading-452269d7dfd9a6fc9 h4'  data-responsive-json-new='{\"font-size\":\"\",\"line-height\":\"\"}' ><h4 style=\"font-family:&#039;Montserrat&#039;;font-weight:700;color:#cecece;margin-top:2em;\">AVISO DE PRIVACIDAD<\/h4><\/div><\/div>[vc_column_text css=&#8221;.vc_custom_1713373727857{padding-top: 20px !important;}&#8221;]<span style=\"color: #cecece;\">La Facultad de Estudios Superiores Cuautitl\u00e1n de la UNAM es responsable del tratamiento de sus datos personales obtenidos a trav\u00e9s del Comit\u00e9 de Donaciones FES Cuautitl\u00e1n, los cuales ser\u00e1n utilizados con prop\u00f3sitos acad\u00e9micos, estad\u00edsticos y para control administrativo, en el ejercicio de las funciones sustantivas de esta entidad universitaria.<\/span>[\/vc_column_text]<div class=\" ubtn-ctn-left \"><a class=\"ubtn-link ult-adjust-bottom-margin ubtn-left ubtn-normal \" href=\"https:\/\/virtual.cuautitlan.unam.mx\/donaciones\/wp-content\/uploads\/2024\/03\/Aviso_privacidad_integral.pdf\" target=\"_blank\" rel=\"noopener\" ><button type=\"button\" id=\"ubtn-5536\"  class=\"ubtn ult-adjust-bottom-margin ult-responsive ubtn-normal ubtn-no-hover-bg  none  ubtn-left   tooltip-69d7dfd9a7028 ubtn-tooltip left\" data-toggle=\"tooltip\" data-placement=\"left\" title=\"\" data-hover=\"\" data-border-color=\"\" data-bg=\"#000149\" data-hover-bg=\"\" data-border-hover=\"\" data-shadow-hover=\"\" data-shadow-click=\"none\" data-shadow=\"\" data-shd-shadow=\"\"  data-ultimate-target='#ubtn-5536'  data-responsive-json-new='{\"font-size\":\"desktop:16px;\",\"line-height\":\"desktop:24px;\"}'  style=\"font-family:&#039;Montserrat&#039;;font-weight:700;border-radius:4px;border-width:1px;border-color:;border-style:outset;background: #000149;color: #e8e8e8;\"><span class=\"ubtn-hover\" style=\"background-color:\"><\/span><span class=\"ubtn-data ubtn-text \" >VER EL AVISO COMPLETO<\/span><\/button><\/a><\/div>[\/vc_column][vc_column width=&#8221;1\/4&#8243;]<div id=\"ultimate-heading-472569d7dfd9a70a6\" class=\"uvc-heading ult-adjust-bottom-margin ultimate-heading-472569d7dfd9a70a6 uvc-7425 \" data-hspacer=\"no_spacer\"  data-halign=\"left\" style=\"text-align:left\"><div class=\"uvc-heading-spacer no_spacer\" style=\"top\"><\/div><div class=\"uvc-main-heading ult-responsive\"  data-ultimate-target='.uvc-heading.ultimate-heading-472569d7dfd9a70a6 h4'  data-responsive-json-new='{\"font-size\":\"\",\"line-height\":\"\"}' ><h4 style=\"font-family:&#039;Montserrat&#039;;font-weight:700;color:#cecece;margin-top:2em;\">CONT\u00c1CTANOS<\/h4><\/div><\/div>[vc_column_text css=&#8221;.vc_custom_1713373948234{padding-top: 20px !important;}&#8221;]<span style=\"color: #cecece;\">Comit\u00e9 de Donaciones FES Cuautitl\u00e1n<\/span><br \/>\n<span style=\"color: #cecece;\">Edificio de Gobierno, planta alta<\/span><br \/>\n<span style=\"color: #cecece;\">Tel. 55 5623 1834<\/span><br \/>\n<span class=\"sd-light\" style=\"color: #ffffff;\"><a style=\"color: #ffffff;\" title=\"Email Us\" href=\"mailto:don%61ci%6fn%65%73%40%63uau%74itl%61%6e%2e%75%6e%61m%2em%78\">donaciones@cuautitlan.unam.mx<\/a><\/span>[\/vc_column_text][\/vc_column][vc_column width=&#8221;1\/4&#8243;]<div id=\"ultimate-heading-359069d7dfd9a70ec\" class=\"uvc-heading ult-adjust-bottom-margin ultimate-heading-359069d7dfd9a70ec uvc-9106 \" data-hspacer=\"no_spacer\"  data-halign=\"left\" style=\"text-align:left\"><div class=\"uvc-heading-spacer no_spacer\" style=\"top\"><\/div><div class=\"uvc-main-heading ult-responsive\"  data-ultimate-target='.uvc-heading.ultimate-heading-359069d7dfd9a70ec h4'  data-responsive-json-new='{\"font-size\":\"\",\"line-height\":\"\"}' ><h4 style=\"font-family:&#039;Montserrat&#039;;font-weight:700;color:#cecece;margin-top:2em;\">CR\u00c9DITOS<\/h4><\/div><\/div>[vc_column_text css=&#8221;.vc_custom_1713374189057{padding-top: 20px !important;}&#8221;]<span style=\"color: #cecece;\">Desarrollado por el Departamento de Gesti\u00f3n del SUAyED de la FES Cuautitl\u00e1n.<\/span>[\/vc_column_text][vc_single_image image=&#8221;667&#8243; img_size=&#8221;150&#215;50&#8243; onclick=&#8221;custom_link&#8221; img_link_target=&#8221;_blank&#8221; link=&#8221;https:\/\/suayed.cuautitlan.unam.mx\/&#8221; css=&#8221;.vc_custom_1713374280024{padding-top: 20px !important;}&#8221;][\/vc_column][\/vc_row]<\/p>\n","protected":false},"excerpt":{"rendered":"<p>[vc_row centered=&#8221;yes&#8221; bg_type=&#8221;image&#8221; parallax_style=&#8221;vcpb-default&#8221; bg_image_new=&#8221;id^1644|url^https:\/\/virtual.cuautitlan.unam.mx\/donaciones\/wp-content\/uploads\/2024\/04\/norma16-scaled.jpg|caption^null|alt^null|title^norma16|description^null&#8221; bg_image_repeat=&#8221;no-repeat&#8221; sd_bg_color=&#8221;&#8221;][vc_column][\/vc_column][\/vc_row][vc_row centered=&#8221;yes&#8221;][vc_column][vc_row_inner][vc_column_inner width=&#8221;1\/2&#8243;][\/vc_column_inner][vc_column_inner width=&#8221;1\/2&#8243;][\/vc_column_inner][\/vc_row_inner][\/vc_column][\/vc_row][vc_row][vc_column][\/vc_column][\/vc_row][vc_row][vc_column][\/vc_column][\/vc_row][vc_row bg_type=&#8221;bg_color&#8221; css=&#8221;.vc_custom_1712967597849{padding-top: 40px !important;padding-right: 80px !important;padding-bottom: 30px !important;padding-left: 40px !important;}&#8221; bg_color_value=&#8221;#bd950a&#8221;][vc_column width=&#8221;1\/2&#8243;][\/vc_column][vc_column width=&#8221;1\/2&#8243;][\/vc_column][\/vc_row][vc_row bg_type=&#8221;bg_color&#8221; css=&#8221;.vc_custom_1713374302832{padding-right: 40px !important;}&#8221; bg_color_value=&#8221;#000149&#8243;][vc_column width=&#8221;1\/4&#8243;][vc_single_image image=&#8221;674&#8243; alignment=&#8221;center&#8221; css=&#8221;.vc_custom_1713373915805{padding-top: 20px !important;}&#8221;][\/vc_column][vc_column width=&#8221;1\/4&#8243;][vc_column_text css=&#8221;.vc_custom_1713373727857{padding-top: 20px !important;}&#8221;]La Facultad de Estudios Superiores Cuautitl\u00e1n de la UNAM es responsable del tratamiento<\/p>\n<p><a class=\"sd-more sd-all-trans\" href=\"https:\/\/virtual.cuautitlan.unam.mx\/donaciones\/index.php\/normatividad\/#more-876\">Read More<\/a><\/p>\n","protected":false},"author":1,"featured_media":0,"parent":0,"menu_order":0,"comment_status":"open","ping_status":"open","template":"full-width-page.php","meta":{"footnotes":""},"class_list":["post-876","page","type-page","status-publish","hentry"],"_links":{"self":[{"href":"https:\/\/virtual.cuautitlan.unam.mx\/donaciones\/index.php\/wp-json\/wp\/v2\/pages\/876","targetHints":{"allow":["GET"]}}],"collection":[{"href":"https:\/\/virtual.cuautitlan.unam.mx\/donaciones\/index.php\/wp-json\/wp\/v2\/pages"}],"about":[{"href":"https:\/\/virtual.cuautitlan.unam.mx\/donaciones\/index.php\/wp-json\/wp\/v2\/types\/page"}],"author":[{"embeddable":true,"href":"https:\/\/virtual.cuautitlan.unam.mx\/donaciones\/index.php\/wp-json\/wp\/v2\/users\/1"}],"replies":[{"embeddable":true,"href":"https:\/\/virtual.cuautitlan.unam.mx\/donaciones\/index.php\/wp-json\/wp\/v2\/comments?post=876"}],"version-history":[{"count":48,"href":"https:\/\/virtual.cuautitlan.unam.mx\/donaciones\/index.php\/wp-json\/wp\/v2\/pages\/876\/revisions"}],"predecessor-version":[{"id":1645,"href":"https:\/\/virtual.cuautitlan.unam.mx\/donaciones\/index.php\/wp-json\/wp\/v2\/pages\/876\/revisions\/1645"}],"wp:attachment":[{"href":"https:\/\/virtual.cuautitlan.unam.mx\/donaciones\/index.php\/wp-json\/wp\/v2\/media?parent=876"}],"curies":[{"name":"wp","href":"https:\/\/api.w.org\/{rel}","templated":true}]}}