{"id":355,"date":"2015-07-31T00:11:10","date_gmt":"2015-07-31T00:11:10","guid":{"rendered":"http:\/\/helpinghands.skat.tf\/?page_id=355"},"modified":"2024-04-17T11:30:37","modified_gmt":"2024-04-17T17:30:37","slug":"contactanos","status":"publish","type":"page","link":"https:\/\/virtual.cuautitlan.unam.mx\/donaciones\/index.php\/contactanos\/","title":{"rendered":"CONT\u00c1CTANOS"},"content":{"rendered":"<p>[vc_row centered=&#8221;yes&#8221; bg_type=&#8221;image&#8221; parallax_style=&#8221;vcpb-default&#8221; bg_image_new=&#8221;id^1510|url^https:\/\/virtual.cuautitlan.unam.mx\/donaciones\/wp-content\/uploads\/2024\/04\/FotosE-03v2.jpg|caption^null|alt^null|title^FotosE|description^null&#8221; bg_image_repeat=&#8221;no-repeat&#8221; sd_bg_color=&#8221;&#8221;][vc_column]<div class=\"ult-spacer spacer-69d7df962bba6\" data-id=\"69d7df962bba6\" data-height=\"110\" data-height-mobile=\"50\" data-height-tab=\"\" data-height-tab-portrait=\"\" data-height-mobile-landscape=\"\" style=\"clear:both;display:block;\"><\/div><div id=\"ultimate-heading-448769d7df962bbeb\" class=\"uvc-heading ult-adjust-bottom-margin ultimate-heading-448769d7df962bbeb uvc-1444 \" data-hspacer=\"no_spacer\"  data-halign=\"left\" style=\"text-align:left\"><div class=\"uvc-heading-spacer no_spacer\" style=\"top\"><\/div><div class=\"uvc-sub-heading ult-responsive\"  data-ultimate-target='.uvc-heading.ultimate-heading-448769d7df962bbeb .uvc-sub-heading '  data-responsive-json-new='{\"font-size\":\"desktop:18px;\",\"line-height\":\"desktop:18px;\"}'  style=\"font-family:&#039;Montserrat&#039;;font-weight:700;\"><\/p>\n<p class=\"sd-text-bg-white\">CONT\u00c1CTANOS<\/p>\n<p><\/div><\/div><div class=\"ult-spacer spacer-69d7df962bc47\" data-id=\"69d7df962bc47\" data-height=\"110\" data-height-mobile=\"50\" data-height-tab=\"\" data-height-tab-portrait=\"\" data-height-mobile-landscape=\"\" style=\"clear:both;display:block;\"><\/div>[\/vc_column][\/vc_row][vc_row centered=&#8221;yes&#8221;][vc_column]<div class=\"ult-spacer spacer-69d7df962bc68\" data-id=\"69d7df962bc68\" data-height=\"70\" data-height-mobile=\"70\" data-height-tab=\"70\" data-height-tab-portrait=\"\" data-height-mobile-landscape=\"\" style=\"clear:both;display:block;\"><\/div>[vc_row_inner][vc_column_inner width=&#8221;2\/3&#8243;]<div id=\"ultimate-heading-838869d7df962bc98\" class=\"uvc-heading ult-adjust-bottom-margin ultimate-heading-838869d7df962bc98 uvc-5485 \" data-hspacer=\"no_spacer\"  data-halign=\"left\" style=\"text-align:left\"><div class=\"uvc-heading-spacer no_spacer\" style=\"top\"><\/div><div class=\"uvc-main-heading ult-responsive\"  data-ultimate-target='.uvc-heading.ultimate-heading-838869d7df962bc98 h3'  data-responsive-json-new='{\"font-size\":\"desktop:24px;\",\"line-height\":\"desktop:30px;\"}' ><h3 style=\"font-family:&#039;Montserrat&#039;;font-weight:700;margin-bottom:15px;\">\u00bfNecesitas orientaci\u00f3n de qu\u00e9 y c\u00f3mo donar?<\/h3><\/div><div class=\"uvc-sub-heading ult-responsive\"  data-ultimate-target='.uvc-heading.ultimate-heading-838869d7df962bc98 .uvc-sub-heading '  data-responsive-json-new='{\"font-size\":\"desktop:21px;\",\"line-height\":\"desktop:30px;\"}'  style=\"font-family:&#039;Karla&#039;;font-weight:normal;color:#445061;margin-bottom:25px;\">Escr\u00edbenos un correo electr\u00f3nico y nosotros te ayudamos a seleccionar una de las opciones de donaci\u00f3n con las que cuenta nuestra Facultad.<\/div><\/div>\n<div class=\"wpcf7 no-js\" id=\"wpcf7-f1178-o1\" lang=\"es-MX\" dir=\"ltr\" data-wpcf7-id=\"1178\">\n<div class=\"screen-reader-response\"><p role=\"status\" aria-live=\"polite\" aria-atomic=\"true\"><\/p> <ul><\/ul><\/div>\n<form action=\"\/donaciones\/index.php\/wp-json\/wp\/v2\/pages\/355#wpcf7-f1178-o1\" method=\"post\" class=\"wpcf7-form init\" aria-label=\"Formulario de contacto\" novalidate=\"novalidate\" data-status=\"init\">\n<div style=\"display: none;\">\n<input type=\"hidden\" name=\"_wpcf7\" value=\"1178\" \/>\n<input type=\"hidden\" name=\"_wpcf7_version\" value=\"6.0.5\" \/>\n<input type=\"hidden\" name=\"_wpcf7_locale\" value=\"es_MX\" \/>\n<input type=\"hidden\" name=\"_wpcf7_unit_tag\" value=\"wpcf7-f1178-o1\" \/>\n<input type=\"hidden\" name=\"_wpcf7_container_post\" value=\"0\" \/>\n<input type=\"hidden\" name=\"_wpcf7_posted_data_hash\" value=\"\" \/>\n<\/div>\n<p><label> Nombre<br \/>\n<span class=\"wpcf7-form-control-wrap\" data-name=\"your-name\"><input size=\"40\" maxlength=\"400\" class=\"wpcf7-form-control wpcf7-text wpcf7-validates-as-required\" autocomplete=\"name\" aria-required=\"true\" aria-invalid=\"false\" value=\"\" type=\"text\" name=\"your-name\" \/><\/span> <\/label>\n<\/p>\n<p><label> Correo electr\u00f3nico<br \/>\n<span class=\"wpcf7-form-control-wrap\" data-name=\"your-email\"><input size=\"40\" maxlength=\"400\" class=\"wpcf7-form-control wpcf7-email wpcf7-validates-as-required wpcf7-text wpcf7-validates-as-email\" autocomplete=\"email\" aria-required=\"true\" aria-invalid=\"false\" value=\"\" type=\"email\" name=\"your-email\" \/><\/span> <\/label>\n<\/p>\n<p><label> Tel\u00e9fono<br \/>\n<span class=\"wpcf7-form-control-wrap\" data-name=\"tel-244\"><input size=\"40\" maxlength=\"400\" class=\"wpcf7-form-control wpcf7-tel wpcf7-validates-as-required wpcf7-text wpcf7-validates-as-tel\" aria-required=\"true\" aria-invalid=\"false\" value=\"\" type=\"tel\" name=\"tel-244\" \/><\/span> <\/label>\n<\/p>\n<p><label> Domicilio (opcional)<br \/>\n<span class=\"wpcf7-form-control-wrap\" data-name=\"your-message\"><textarea cols=\"40\" rows=\"10\" maxlength=\"2000\" class=\"wpcf7-form-control wpcf7-textarea\" aria-invalid=\"false\" name=\"your-message\"><\/textarea><\/span> <\/label>\n<\/p>\n<p><input class=\"wpcf7-form-control wpcf7-submit has-spinner\" type=\"submit\" value=\"Env\u00eda tus datos\" \/>\n<\/p><div class=\"wpcf7-response-output\" aria-hidden=\"true\"><\/div>\n<\/form>\n<\/div>\n<div id=\"ultimate-heading-294269d7df962c578\" class=\"uvc-heading ult-adjust-bottom-margin ultimate-heading-294269d7df962c578 uvc-5499 \" data-hspacer=\"no_spacer\"  data-halign=\"left\" style=\"text-align:left\"><div class=\"uvc-heading-spacer no_spacer\" style=\"top\"><\/div><div class=\"uvc-main-heading ult-responsive\"  data-ultimate-target='.uvc-heading.ultimate-heading-294269d7df962c578 h3'  data-responsive-json-new='{\"font-size\":\"desktop:24px;\",\"line-height\":\"desktop:30px;\"}' ><h3 style=\"font-family:&#039;Montserrat&#039;;font-weight:700;margin-top:50px;margin-bottom:30px;\">ENCU\u00c9NTRANOS EN EL MAPA<\/h3><\/div><\/div><div id='wrap_map_69d7df962c5db' class='ultimate-map-wrapper ult-adjust-bottom-margin ' style=' height:350px;'><div id='map_69d7df962c5db' data-map_override='0' class='ultimate_google_map wpb_content_element ' style='width:100%;height:350px;'><\/div><\/div><script type='text\/javascript'>\r\n\t\t\t(function($) {\r\n  \t\t\t'use strict';\r\n\t\t\tvar map_map_69d7df962c5db = null;\r\n\t\t\tvar coordinate_map_69d7df962c5db;\r\n\t\t\tvar isDraggable = $(document).width() > 641 ? true : true;\r\n\t\t\ttry\r\n\t\t\t{\r\n\t\t\t\tvar map_map_69d7df962c5db = null;\r\n\t\t\t\tvar coordinate_map_69d7df962c5db;\r\n\t\t\t\tcoordinate_map_69d7df962c5db=new google.maps.LatLng(19.690488921856108, -99.1876021631185);\r\n\t\t\t\tvar mapOptions=\r\n\t\t\t\t{\r\n\t\t\t\t\tzoom: 14,\r\n\t\t\t\t\tcenter: coordinate_map_69d7df962c5db,\r\n\t\t\t\t\tscaleControl: true,\r\n\t\t\t\t\tstreetViewControl: false,\r\n\t\t\t\t\tmapTypeControl: false,\r\n\t\t\t\t\tpanControl: false,\r\n\t\t\t\t\tzoomControl: false,\r\n\t\t\t\t\tscrollwheel: false,\r\n\t\t\t\t\tdraggable: isDraggable,\r\n\t\t\t\t\tzoomControlOptions: {\r\n\t\t\t\t\t\tposition: google.maps.ControlPosition.RIGHT_BOTTOM\r\n\t\t\t\t\t}, mapTypeControlOptions: {\r\n\t\t\t\t\t  \t\tmapTypeIds: [google.maps.MapTypeId.ROADMAP, 'map_style']\r\n\t\t\t\t\t\t}};var styles = [{\"featureType\":\"landscape.man_made\",\"elementType\":\"geometry\",\"stylers\":[{\"color\":\"#f7f1df\"}]},{\"featureType\":\"landscape.natural\",\"elementType\":\"geometry\",\"stylers\":[{\"color\":\"#d0e3b4\"}]},{\"featureType\":\"landscape.natural.terrain\",\"elementType\":\"geometry\",\"stylers\":[{\"visibility\":\"off\"}]},{\"featureType\":\"poi\",\"elementType\":\"labels\",\"stylers\":[{\"visibility\":\"off\"}]},{\"featureType\":\"poi.business\",\"elementType\":\"all\",\"stylers\":[{\"visibility\":\"off\"}]},{\"featureType\":\"poi.medical\",\"elementType\":\"geometry\",\"stylers\":[{\"color\":\"#fbd3da\"}]},{\"featureType\":\"poi.park\",\"elementType\":\"geometry\",\"stylers\":[{\"color\":\"#bde6ab\"}]},{\"featureType\":\"road\",\"elementType\":\"geometry.stroke\",\"stylers\":[{\"visibility\":\"off\"}]},{\"featureType\":\"road\",\"elementType\":\"labels\",\"stylers\":[{\"visibility\":\"off\"}]},{\"featureType\":\"road.highway\",\"elementType\":\"geometry.fill\",\"stylers\":[{\"color\":\"#ffe15f\"}]},{\"featureType\":\"road.highway\",\"elementType\":\"geometry.stroke\",\"stylers\":[{\"color\":\"#efd151\"}]},{\"featureType\":\"road.arterial\",\"elementType\":\"geometry.fill\",\"stylers\":[{\"color\":\"#ffffff\"}]},{\"featureType\":\"road.local\",\"elementType\":\"geometry.fill\",\"stylers\":[{\"color\":\"black\"}]},{\"featureType\":\"transit.station.airport\",\"elementType\":\"geometry.fill\",\"stylers\":[{\"color\":\"#cfb2db\"}]},{\"featureType\":\"water\",\"elementType\":\"geometry\",\"stylers\":[{\"color\":\"#a2daf2\"}]}]; var styledMap = new google.maps.StyledMapType(styles,{name: \"Styled Map\"});var map_map_69d7df962c5db = new google.maps.Map(document.getElementById('map_69d7df962c5db'),mapOptions);map_map_69d7df962c5db.mapTypes.set('map_style', styledMap);\r\n \t\t\t\t\t\t\t map_map_69d7df962c5db.setMapTypeId('map_style');\r\n\t\t\t\t\t\tvar x = 'off';\r\n\t\t\t\t\t\tvar marker_map_69d7df962c5db = new google.maps.Marker({\r\n\t\t\t\t\t\tposition: new google.maps.LatLng(19.690488921856108, -99.1876021631185),\r\n\t\t\t\t\t\tanimation:  google.maps.Animation.DROP,\r\n\t\t\t\t\t\tmap: map_map_69d7df962c5db,\r\n\t\t\t\t\t\ticon: 'https:\/\/virtual.cuautitlan.unam.mx\/donaciones\/wp-content\/plugins\/Ultimate_VC_Addons\/assets\/img\/icon-marker-pink.png'\r\n\t\t\t\t\t});\tgoogle.maps.event.addListener(marker_map_69d7df962c5db, 'click', toggleBounce);var infowindow = new google.maps.InfoWindow();\r\n\t\t\t\t\t\t\tinfowindow.setContent('<div class=\"map_info_text\" style=\\'color:#000;\\'>Donaciones FES Cuautitl\u00e1n<\/div>');infowindow.open(map_map_69d7df962c5db,marker_map_69d7df962c5db);google.maps.event.addListener(marker_map_69d7df962c5db, 'click', function() {\r\n\t\t\t\t\t\t\t\tinfowindow.open(map_map_69d7df962c5db,marker_map_69d7df962c5db);\r\n\t\t\t\t\t\t  \t});}\r\n\t\t\tcatch(e){};\r\n\t\t\tjQuery(document).ready(function($){\r\n\t\t\t\tgoogle.maps.event.trigger(map_map_69d7df962c5db, 'resize');\r\n\t\t\t\t$(window).resize(function(){\r\n\t\t\t\t\tgoogle.maps.event.trigger(map_map_69d7df962c5db, 'resize');\r\n\t\t\t\t\tif(map_map_69d7df962c5db!=null)\r\n\t\t\t\t\t\tmap_map_69d7df962c5db.setCenter(coordinate_map_69d7df962c5db);\r\n\t\t\t\t});\r\n\t\t\t\t$('.ui-tabs').bind('tabsactivate', function(event, ui) {\r\n\t\t\t\t   if($(this).find('.ultimate-map-wrapper').length > 0)\r\n\t\t\t\t\t{\r\n\t\t\t\t\t\tsetTimeout(function(){\r\n\t\t\t\t\t\t\t$(window).trigger('resize');\r\n\t\t\t\t\t\t},200);\r\n\t\t\t\t\t}\r\n\t\t\t\t});\r\n\t\t\t\t$('.ui-accordion').bind('accordionactivate', function(event, ui) {\r\n\t\t\t\t   if($(this).find('.ultimate-map-wrapper').length > 0)\r\n\t\t\t\t\t{\r\n\t\t\t\t\t\tsetTimeout(function(){\r\n\t\t\t\t\t\t\t$(window).trigger('resize');\r\n\t\t\t\t\t\t},200);\r\n\t\t\t\t\t}\r\n\t\t\t\t});\r\n\t\t\t\t$(window).on('load',function(){\r\n\t\t\t\t\tsetTimeout(function(){\r\n\t\t\t\t\t\t$(window).trigger('resize');\r\n\t\t\t\t\t},200);\r\n\t\t\t\t});\r\n\t\t\t\t$('.ult_exp_section').select(function(){\r\n\t\t\t\t\tif($(map_map_69d7df962c5db).parents('.ult_exp_section'))\r\n\t\t\t\t\t{\r\n\t\t\t\t\t\tsetTimeout(function(){\r\n\t\t\t\t\t\t\t$(window).trigger('resize');\r\n\t\t\t\t\t\t},200);\r\n\t\t\t\t\t}\r\n\t\t\t\t});\r\n\t\t\t\t$(document).on('onUVCModalPopupOpen', function(){\r\n\t\t\t\t\tif($(map_map_69d7df962c5db).parents('.ult_modal-content'))\r\n\t\t\t\t\t{\r\n\t\t\t\t\t\tsetTimeout(function(){\r\n\t\t\t\t\t\t\t$(window).trigger('resize');\r\n\t\t\t\t\t\t},200);\r\n\t\t\t\t\t}\r\n\t\t\t\t});\r\n\t\t\t\t$(document).on('click','.ult_tab_li',function(){\r\n\t\t\t\t\t$(window).trigger('resize');\r\n\t\t\t\t\tsetTimeout(function(){\r\n\t\t\t\t\t\t$(window).trigger('resize');\r\n\t\t\t\t\t},200);\r\n\t\t\t\t});\r\n\t\t\t});\r\n\t\t\tfunction toggleBounce() {\r\n\t\t\t  if (marker_map_69d7df962c5db.getAnimation() != null) {\r\n\t\t\t\tmarker_map_69d7df962c5db.setAnimation(null);\r\n\t\t\t  } else {\r\n\t\t\t\tmarker_map_69d7df962c5db.setAnimation(google.maps.Animation.BOUNCE);\r\n\t\t\t  }\r\n\t\t\t}\r\n\t\t\t})(jQuery);\r\n\t\t\t<\/script>[\/vc_column_inner][vc_column_inner width=&#8221;1\/3&#8243;]<div class=\"ult-content-box-container \" >\t\t<div class=\"ult-content-box\" style=\"background-color:#f1f5fa;box-shadow: px px px px rgb(247, 247, 247) none;padding:30px;margin-bottom:20px;-webkit-transition: all 700ms ease;-moz-transition: all 700ms ease;-ms-transition: all 700ms ease;-o-transition: all 700ms ease;transition: all 700ms ease;\"  data-hover_box_shadow=\"none\"    data-normal_margins=\"margin-bottom:20px;\"   data-bg=\"#f1f5fa\" ><div id=\"ultimate-heading-351569d7df962c6cb\" class=\"uvc-heading ult-adjust-bottom-margin ultimate-heading-351569d7df962c6cb uvc-4290 \" data-hspacer=\"no_spacer\"  data-halign=\"left\" style=\"text-align:left\"><div class=\"uvc-heading-spacer no_spacer\" style=\"top\"><\/div><div class=\"uvc-main-heading ult-responsive\"  data-ultimate-target='.uvc-heading.ultimate-heading-351569d7df962c6cb h3'  data-responsive-json-new='{\"font-size\":\"desktop:24px;\",\"line-height\":\"desktop:30px;\"}' ><h3 style=\"font-family:&#039;Montserrat&#039;;font-weight:700;margin-bottom:15px;\">FES CUAUTITL\u00c1N CAMPO 4<\/h3><\/div><div class=\"uvc-sub-heading ult-responsive\"  data-ultimate-target='.uvc-heading.ultimate-heading-351569d7df962c6cb .uvc-sub-heading '  data-responsive-json-new='{\"font-size\":\"desktop:14px;\",\"line-height\":\"desktop:30px;\"}'  style=\"font-family:&#039;Montserrat&#039;;font-weight:700;\">Carretera Cuautitl\u00e1n-Teoloyucan Km. 2.5, San Sebasti\u00e1n Xhala, 54714 Cuautitl\u00e1n Izcalli, Edo. de M\u00e9x.<\/p>\n<p><span style=\"color: #435061;\">TEL. 55-5870-5677<\/span><\/div><\/div>\t\t<\/div><\/div><div class=\"ult-content-box-container \" >\t\t<div class=\"ult-content-box\" style=\"background-color:#f1f5fa;box-shadow: px px px px rgb(247, 247, 247) none;padding:30px;margin-bottom:20px;-webkit-transition: all 700ms ease;-moz-transition: all 700ms ease;-ms-transition: all 700ms ease;-o-transition: all 700ms ease;transition: all 700ms ease;\"  data-hover_box_shadow=\"none\"    data-normal_margins=\"margin-bottom:20px;\"   data-bg=\"#f1f5fa\" ><div id=\"ultimate-heading-941369d7df962c79e\" class=\"uvc-heading ult-adjust-bottom-margin ultimate-heading-941369d7df962c79e uvc-9778 \" data-hspacer=\"no_spacer\"  data-halign=\"left\" style=\"text-align:left\"><div class=\"uvc-heading-spacer no_spacer\" style=\"top\"><\/div><div class=\"uvc-main-heading ult-responsive\"  data-ultimate-target='.uvc-heading.ultimate-heading-941369d7df962c79e h3'  data-responsive-json-new='{\"font-size\":\"desktop:24px;\",\"line-height\":\"desktop:30px;\"}' ><h3 style=\"font-family:&#039;Montserrat&#039;;font-weight:700;margin-bottom:15px;\">FES CUAUTITL\u00c1N CAMPO 1<\/h3><\/div><div class=\"uvc-sub-heading ult-responsive\"  data-ultimate-target='.uvc-heading.ultimate-heading-941369d7df962c79e .uvc-sub-heading '  data-responsive-json-new='{\"font-size\":\"desktop:14px;\",\"line-height\":\"desktop:30px;\"}'  style=\"font-family:&#039;Montserrat&#039;;font-weight:700;\"><span style=\"color: #435061;\">Av. Primero de Mayo s\/n, Santa Mar\u00eda Las Torres, 54740 Cuautitl\u00e1n Izcalli, Edo. de M\u00e9x.<\/span><\/p>\n<p><span style=\"color: #435061;\">TEL. 55-5868-2492<\/span><\/div><\/div>\t\t<\/div><\/div>[\/vc_column_inner][\/vc_row_inner][\/vc_column][\/vc_row][vc_row bg_type=&#8221;bg_color&#8221; css=&#8221;.vc_custom_1712967761085{padding-top: 40px !important;padding-right: 80px !important;padding-bottom: 30px !important;padding-left: 40px !important;}&#8221; bg_color_value=&#8221;#bd950a&#8221;][vc_column width=&#8221;1\/2&#8243;]<div id=\"ultimate-heading-235069d7df962c811\" class=\"uvc-heading ult-adjust-bottom-margin ultimate-heading-235069d7df962c811 uvc-2058 \" data-hspacer=\"no_spacer\"  data-halign=\"left\" style=\"text-align:left\"><div class=\"uvc-heading-spacer no_spacer\" style=\"top\"><\/div><div class=\"uvc-main-heading ult-responsive\"  data-ultimate-target='.uvc-heading.ultimate-heading-235069d7df962c811 h3'  data-responsive-json-new='{\"font-size\":\"desktop:18px;\",\"line-height\":\"desktop:24px;\"}' ><h3 style=\"font-family:&#039;Montserrat&#039;;font-weight:700;color:#f9f9f9;\">ESCR\u00cdBENOS<\/h3><\/div><div class=\"uvc-sub-heading ult-responsive\"  data-ultimate-target='.uvc-heading.ultimate-heading-235069d7df962c811 .uvc-sub-heading '  data-responsive-json-new='{\"font-size\":\"\",\"line-height\":\"\"}'  style=\"font-weight:normal;color:#f9f9f9;\">Si tienes alguna duda sobre tu donaci\u00f3n puedes enviarnos un correo electr\u00f3nico.<\/div><\/div>[\/vc_column][vc_column width=&#8221;1\/2&#8243;]\n<div class=\"wpcf7 no-js\" id=\"wpcf7-f1405-o2\" lang=\"es-MX\" dir=\"ltr\" data-wpcf7-id=\"1405\">\n<div class=\"screen-reader-response\"><p role=\"status\" aria-live=\"polite\" aria-atomic=\"true\"><\/p> <ul><\/ul><\/div>\n<form action=\"\/donaciones\/index.php\/wp-json\/wp\/v2\/pages\/355#wpcf7-f1405-o2\" method=\"post\" class=\"wpcf7-form init\" aria-label=\"Formulario de contacto\" novalidate=\"novalidate\" data-status=\"init\">\n<div style=\"display: none;\">\n<input type=\"hidden\" name=\"_wpcf7\" value=\"1405\" \/>\n<input type=\"hidden\" name=\"_wpcf7_version\" value=\"6.0.5\" \/>\n<input type=\"hidden\" name=\"_wpcf7_locale\" value=\"es_MX\" \/>\n<input type=\"hidden\" name=\"_wpcf7_unit_tag\" value=\"wpcf7-f1405-o2\" \/>\n<input type=\"hidden\" name=\"_wpcf7_container_post\" value=\"0\" \/>\n<input type=\"hidden\" name=\"_wpcf7_posted_data_hash\" value=\"\" \/>\n<\/div>\n<p><label><br \/>\n<span class=\"wpcf7-form-control-wrap\" data-name=\"your-name\"><input size=\"40\" maxlength=\"400\" class=\"wpcf7-form-control wpcf7-text wpcf7-validates-as-required\" autocomplete=\"name\" aria-required=\"true\" aria-invalid=\"false\" placeholder=\"Nombre\" value=\"\" type=\"text\" name=\"your-name\" \/><\/span> <\/label>\n<\/p>\n<p><label><br \/>\n<span class=\"wpcf7-form-control-wrap\" data-name=\"your-email\"><input size=\"40\" maxlength=\"400\" class=\"wpcf7-form-control wpcf7-email wpcf7-validates-as-required wpcf7-text wpcf7-validates-as-email\" autocomplete=\"email\" aria-required=\"true\" aria-invalid=\"false\" placeholder=\"Correo electr\u00f3nico\" value=\"\" type=\"email\" name=\"your-email\" \/><\/span> <\/label>\n<\/p>\n<p><label><br \/>\n<span class=\"wpcf7-form-control-wrap\" data-name=\"your-message\"><textarea cols=\"40\" rows=\"10\" maxlength=\"2000\" class=\"wpcf7-form-control wpcf7-textarea wpcf7-validates-as-required\" aria-required=\"true\" aria-invalid=\"false\" placeholder=\"Mensaje\" name=\"your-message\"><\/textarea><\/span> <\/label>\n<\/p>\n<p><input class=\"wpcf7-form-control wpcf7-submit has-spinner\" type=\"submit\" value=\"ENVIAR\" \/>\n<\/p><div class=\"wpcf7-response-output\" aria-hidden=\"true\"><\/div>\n<\/form>\n<\/div>\n[\/vc_column][\/vc_row][vc_row bg_type=&#8221;bg_color&#8221; bg_color_value=&#8221;#000149&#8243; css=&#8221;.vc_custom_1713374872314{padding-right: 40px !important;}&#8221;][vc_column width=&#8221;1\/4&#8243;][vc_single_image image=&#8221;674&#8243; alignment=&#8221;center&#8221; css=&#8221;.vc_custom_1713374444817{padding-top: 20px !important;}&#8221;][\/vc_column][vc_column width=&#8221;1\/4&#8243;]<div id=\"ultimate-heading-707869d7df962ced3\" class=\"uvc-heading ult-adjust-bottom-margin ultimate-heading-707869d7df962ced3 uvc-8715 \" data-hspacer=\"no_spacer\"  data-halign=\"left\" style=\"text-align:left\"><div class=\"uvc-heading-spacer no_spacer\" style=\"top\"><\/div><div class=\"uvc-main-heading ult-responsive\"  data-ultimate-target='.uvc-heading.ultimate-heading-707869d7df962ced3 h4'  data-responsive-json-new='{\"font-size\":\"\",\"line-height\":\"\"}' ><h4 style=\"font-family:&#039;Montserrat&#039;;font-weight:700;color:#cecece;margin-top:2em;\">AVISO DE PRIVACIDAD<\/h4><\/div><\/div>[vc_column_text css=&#8221;.vc_custom_1713374602167{padding-top: 20px !important;}&#8221;]<span style=\"color: #cecece;\">La Facultad de Estudios Superiores Cuautitl\u00e1n de la UNAM es responsable del tratamiento de sus datos personales obtenidos a trav\u00e9s del Comit\u00e9 de Donaciones FES Cuautitl\u00e1n, los cuales ser\u00e1n utilizados con prop\u00f3sitos acad\u00e9micos, estad\u00edsticos y para control administrativo, en el ejercicio de las funciones sustantivas de esta entidad universitaria.<\/span>[\/vc_column_text]<div class=\" ubtn-ctn-left \"><a class=\"ubtn-link ult-adjust-bottom-margin ubtn-left ubtn-normal \" href=\"https:\/\/virtual.cuautitlan.unam.mx\/donaciones\/wp-content\/uploads\/2024\/03\/Aviso_privacidad_integral.pdf\" target=\"_blank\" rel=\"noopener\" ><button type=\"button\" id=\"ubtn-6579\"  class=\"ubtn ult-adjust-bottom-margin ult-responsive ubtn-normal ubtn-no-hover-bg  none  ubtn-left   tooltip-69d7df962cf2c ubtn-tooltip left\" data-toggle=\"tooltip\" data-placement=\"left\" title=\"\" data-hover=\"\" data-border-color=\"\" data-bg=\"#000149\" data-hover-bg=\"\" data-border-hover=\"\" data-shadow-hover=\"\" data-shadow-click=\"none\" data-shadow=\"\" data-shd-shadow=\"\"  data-ultimate-target='#ubtn-6579'  data-responsive-json-new='{\"font-size\":\"desktop:16px;\",\"line-height\":\"desktop:24px;\"}'  style=\"font-family:&#039;Montserrat&#039;;font-weight:700;border-radius:4px;border-width:1px;border-color:;border-style:outset;background: #000149;color: #e8e8e8;\"><span class=\"ubtn-hover\" style=\"background-color:\"><\/span><span class=\"ubtn-data ubtn-text \" >VER EL AVISO COMPLETO<\/span><\/button><\/a><\/div>[\/vc_column][vc_column width=&#8221;1\/4&#8243;]<div id=\"ultimate-heading-74869d7df962cfc9\" class=\"uvc-heading ult-adjust-bottom-margin ultimate-heading-74869d7df962cfc9 uvc-2249 \" data-hspacer=\"no_spacer\"  data-halign=\"left\" style=\"text-align:left\"><div class=\"uvc-heading-spacer no_spacer\" style=\"top\"><\/div><div class=\"uvc-main-heading ult-responsive\"  data-ultimate-target='.uvc-heading.ultimate-heading-74869d7df962cfc9 h4'  data-responsive-json-new='{\"font-size\":\"\",\"line-height\":\"\"}' ><h4 style=\"font-family:&#039;Montserrat&#039;;font-weight:700;color:#cecece;margin-top:2em;\">CONT\u00c1CTANOS<\/h4><\/div><\/div>[vc_column_text css=&#8221;.vc_custom_1713374811080{padding-top: 20px !important;}&#8221;]<span style=\"color: #cecece;\">Comit\u00e9 de Donaciones FES Cuautitl\u00e1n<\/span><br \/>\n<span style=\"color: #cecece;\">Edificio de Gobierno, planta alta<\/span><br \/>\n<span style=\"color: #cecece;\">Tel. 55 5623 1834<\/span><br \/>\n<span class=\"sd-light\" style=\"color: #ffffff;\"><a style=\"color: #ffffff;\" title=\"Email Us\" href=\"mailto:don%61ci%6fn%65%73%40%63uau%74itl%61%6e%2e%75%6e%61m%2em%78\">donaciones@cuautitlan.unam.mx<\/a><\/span>[\/vc_column_text][\/vc_column][vc_column width=&#8221;1\/4&#8243;]<div id=\"ultimate-heading-174169d7df962d012\" class=\"uvc-heading ult-adjust-bottom-margin ultimate-heading-174169d7df962d012 uvc-1091 \" data-hspacer=\"no_spacer\"  data-halign=\"left\" style=\"text-align:left\"><div class=\"uvc-heading-spacer no_spacer\" style=\"top\"><\/div><div class=\"uvc-main-heading ult-responsive\"  data-ultimate-target='.uvc-heading.ultimate-heading-174169d7df962d012 h4'  data-responsive-json-new='{\"font-size\":\"\",\"line-height\":\"\"}' ><h4 style=\"font-family:&#039;Montserrat&#039;;font-weight:700;color:#cecece;margin-top:2em;\">CR\u00c9DITOS<\/h4><\/div><\/div>[vc_column_text css=&#8221;.vc_custom_1713374849162{padding-top: 20px !important;}&#8221;]<span style=\"color: #cecece;\">Desarrollado por el Departamento de Gesti\u00f3n del SUAyED de la FES Cuautitl\u00e1n.<\/span>[\/vc_column_text][vc_single_image image=&#8221;667&#8243; img_size=&#8221;150&#215;50&#8243; onclick=&#8221;custom_link&#8221; img_link_target=&#8221;_blank&#8221; link=&#8221;https:\/\/suayed.cuautitlan.unam.mx\/&#8221; css=&#8221;.vc_custom_1713374982654{padding-top: 20px !important;}&#8221;][\/vc_column][\/vc_row]<\/p>\n","protected":false},"excerpt":{"rendered":"<p>[vc_row centered=&#8221;yes&#8221; bg_type=&#8221;image&#8221; parallax_style=&#8221;vcpb-default&#8221; bg_image_new=&#8221;id^1510|url^https:\/\/virtual.cuautitlan.unam.mx\/donaciones\/wp-content\/uploads\/2024\/04\/FotosE-03v2.jpg|caption^null|alt^null|title^FotosE|description^null&#8221; bg_image_repeat=&#8221;no-repeat&#8221; sd_bg_color=&#8221;&#8221;][vc_column][\/vc_column][\/vc_row][vc_row centered=&#8221;yes&#8221;][vc_column][vc_row_inner][vc_column_inner width=&#8221;2\/3&#8243;][\/vc_column_inner][vc_column_inner width=&#8221;1\/3&#8243;][\/vc_column_inner][\/vc_row_inner][\/vc_column][\/vc_row][vc_row bg_type=&#8221;bg_color&#8221; css=&#8221;.vc_custom_1712967761085{padding-top: 40px !important;padding-right: 80px !important;padding-bottom: 30px !important;padding-left: 40px !important;}&#8221; bg_color_value=&#8221;#bd950a&#8221;][vc_column width=&#8221;1\/2&#8243;][\/vc_column][vc_column width=&#8221;1\/2&#8243;][\/vc_column][\/vc_row][vc_row bg_type=&#8221;bg_color&#8221; bg_color_value=&#8221;#000149&#8243; css=&#8221;.vc_custom_1713374872314{padding-right: 40px !important;}&#8221;][vc_column width=&#8221;1\/4&#8243;][vc_single_image image=&#8221;674&#8243; alignment=&#8221;center&#8221; css=&#8221;.vc_custom_1713374444817{padding-top: 20px !important;}&#8221;][\/vc_column][vc_column width=&#8221;1\/4&#8243;][vc_column_text css=&#8221;.vc_custom_1713374602167{padding-top: 20px !important;}&#8221;]La Facultad de Estudios Superiores Cuautitl\u00e1n de la UNAM es responsable del tratamiento<\/p>\n<p><a class=\"sd-more sd-all-trans\" href=\"https:\/\/virtual.cuautitlan.unam.mx\/donaciones\/index.php\/contactanos\/#more-355\">Read More<\/a><\/p>\n","protected":false},"author":1,"featured_media":0,"parent":0,"menu_order":0,"comment_status":"open","ping_status":"open","template":"full-width-page.php","meta":{"footnotes":""},"class_list":["post-355","page","type-page","status-publish","hentry"],"_links":{"self":[{"href":"https:\/\/virtual.cuautitlan.unam.mx\/donaciones\/index.php\/wp-json\/wp\/v2\/pages\/355","targetHints":{"allow":["GET"]}}],"collection":[{"href":"https:\/\/virtual.cuautitlan.unam.mx\/donaciones\/index.php\/wp-json\/wp\/v2\/pages"}],"about":[{"href":"https:\/\/virtual.cuautitlan.unam.mx\/donaciones\/index.php\/wp-json\/wp\/v2\/types\/page"}],"author":[{"embeddable":true,"href":"https:\/\/virtual.cuautitlan.unam.mx\/donaciones\/index.php\/wp-json\/wp\/v2\/users\/1"}],"replies":[{"embeddable":true,"href":"https:\/\/virtual.cuautitlan.unam.mx\/donaciones\/index.php\/wp-json\/wp\/v2\/comments?post=355"}],"version-history":[{"count":46,"href":"https:\/\/virtual.cuautitlan.unam.mx\/donaciones\/index.php\/wp-json\/wp\/v2\/pages\/355\/revisions"}],"predecessor-version":[{"id":1563,"href":"https:\/\/virtual.cuautitlan.unam.mx\/donaciones\/index.php\/wp-json\/wp\/v2\/pages\/355\/revisions\/1563"}],"wp:attachment":[{"href":"https:\/\/virtual.cuautitlan.unam.mx\/donaciones\/index.php\/wp-json\/wp\/v2\/media?parent=355"}],"curies":[{"name":"wp","href":"https:\/\/api.w.org\/{rel}","templated":true}]}}