{"id":124,"date":"2015-07-28T22:59:42","date_gmt":"2015-07-28T22:59:42","guid":{"rendered":"http:\/\/helpinghands.skat.tf\/?page_id=124"},"modified":"2024-08-13T19:06:27","modified_gmt":"2024-08-14T01:06:27","slug":"eventos","status":"publish","type":"page","link":"https:\/\/virtual.cuautitlan.unam.mx\/donaciones\/index.php\/eventos\/","title":{"rendered":"EVENTOS"},"content":{"rendered":"<p>[vc_row centered=&#8221;yes&#8221; bg_type=&#8221;image&#8221; parallax_style=&#8221;vcpb-default&#8221; bg_image_new=&#8221;id^1649|url^https:\/\/virtual.cuautitlan.unam.mx\/donaciones\/wp-content\/uploads\/2024\/04\/pic-scaled.jpg|caption^null|alt^null|title^pic|description^null&#8221; bg_image_repeat=&#8221;no-repeat&#8221; sd_bg_color=&#8221;&#8221;][vc_column]<div class=\"ult-spacer spacer-69d8913185b38\" data-id=\"69d8913185b38\" data-height=\"110\" data-height-mobile=\"50\" data-height-tab=\"\" data-height-tab-portrait=\"\" data-height-mobile-landscape=\"\" style=\"clear:both;display:block;\"><\/div><div id=\"ultimate-heading-218569d8913185b7c\" class=\"uvc-heading ult-adjust-bottom-margin ultimate-heading-218569d8913185b7c uvc-4683 \" data-hspacer=\"no_spacer\"  data-halign=\"left\" style=\"text-align:left\"><div class=\"uvc-heading-spacer no_spacer\" style=\"top\"><\/div><div class=\"uvc-sub-heading ult-responsive\"  data-ultimate-target='.uvc-heading.ultimate-heading-218569d8913185b7c .uvc-sub-heading '  data-responsive-json-new='{\"font-size\":\"desktop:18px;\",\"line-height\":\"desktop:18px;\"}'  style=\"font-family:&#039;Montserrat&#039;;font-weight:700;\"><\/p>\n<p class=\"sd-text-bg-white\">EVENTOS DE RECAUDACI\u00d3N<\/p>\n<p><\/div><\/div><div class=\"ult-spacer spacer-69d8913185bd1\" data-id=\"69d8913185bd1\" data-height=\"110\" data-height-mobile=\"50\" data-height-tab=\"\" data-height-tab-portrait=\"\" data-height-mobile-landscape=\"\" style=\"clear:both;display:block;\"><\/div>[\/vc_column][\/vc_row][vc_row][vc_column width=&#8221;1\/4&#8243;][\/vc_column][vc_column width=&#8221;1\/2&#8243;][vc_images_carousel images=&#8221;1624&#8243; img_size=&#8221;large&#8221; onclick=&#8221;custom_link&#8221; autoplay=&#8221;yes&#8221; hide_prev_next_buttons=&#8221;yes&#8221; wrap=&#8221;yes&#8221; css_animation=&#8221;flipInX&#8221; custom_links=&#8221;#E-8_aHR0cHMlM0ElMkYlMkZ2aXJ0dWFsLmN1YXV0aXRsYW4udW5hbS5teCUyRmRvbmFjaW9uZXMlMkZpbmRleC5waHAlMkZldmVudHMtcGFnZSUyRmNhcnJlcmEtY2FuaW5hJTJG&#8221;][\/vc_column][vc_column width=&#8221;1\/4&#8243;][\/vc_column][\/vc_row][vc_row][vc_column width=&#8221;1\/3&#8243;][\/vc_column][vc_column width=&#8221;1\/3&#8243;]\t\t\n\t\t<div class=\"row\">\n\t\t\t<div class=\"sd-latest-blog-short\">\n\t\t\t\t\t<div class=\"sd-latest-blog-carousel\">\n\t\t\t\t\t\t\t\t\t\t\t\t\t\t\t\t\t\t<div class=\"col-md-12 sd-latest-blog-wide\">\n\t\t\t\t\t\t\t\t\n<article id=\"post-1622\" class=\"sd-blog-entry sd-standard-entry clearfix post-1622 events type-events status-publish hentry event_category-deportivas\"> \n\t<div class=\"sd-entry-wrapper clearfix\"> \n\t\t\t\t\n\t\t\t\t\t\t\t\t<div class=\"sd-event-data\">\n\t\t\t\t<span class=\"sd-dov\">16 agosto, 2024<\/span>\n\t\t\t\t<span class=\"sd-event-city\">Estado de M\u00e9xico<\/span>\n\t\t\t<\/div>\n\t\t\n\t\t<div class=\"sd-entry-content\">\n\t\t\t<header>\n\t\t\t\t<div class=\"sd-content-wrap\">\n\t\t\t\t\t<h3 class=\"sd-entry-title\"><a href=\"https:\/\/virtual.cuautitlan.unam.mx\/donaciones\/index.php\/events-page\/carrera-canina\/\" title=\"Permalink la \" rel=\"bookmark\">\t<\/a>\n\t\t\t\t\t<\/h3>\n\t\t\t\t\t\t\t\t\t<\/div>\n\t\t\t\t<!-- sd-content-wrap -->\n\t\t\t<\/header>\n\t\t\t<p class=\"sd-latest-blog-excerpt\">Primer Carrera y Caminata Canina...<\/p>\n\t\t\t<a class=\"sd-more sd-link-trans\" href=\"https:\/\/virtual.cuautitlan.unam.mx\/donaciones\/index.php\/events-page\/carrera-canina\/\" title=\"\">READ MORE<\/a>\n\t\t<\/div>\n\t\t<!-- sd-entry-content -->\n\t<\/div>\n\t<!-- sd-entry-wrapper -->\n<\/article>\n\t\t\t\t\t\t\t<\/div>\n\t\t\t\t\t\t\t<!-- col-sm-3 col-md-3 col-sm-12 -->\n\t\t\t\t\t\t\n\t\t\t\t\t\t\t\t\t\t<\/div>\n\t\t\t\t\t<!-- sd-latest-blog-carousel -->\n\t\t\t<\/div>\n\t\t\t<!-- sd-latest-blog-short -->\n\t\t<\/div>\n\t\t<!-- row -->\n\t\t[\/vc_column][vc_column width=&#8221;1\/3&#8243;][\/vc_column][\/vc_row][vc_row bg_type=&#8221;bg_color&#8221; css=&#8221;.vc_custom_1712968343419{padding-top: 40px !important;padding-right: 80px !important;padding-bottom: 30px !important;padding-left: 40px !important;}&#8221; bg_color_value=&#8221;#bd950a&#8221;][vc_column width=&#8221;1\/2&#8243;]<div id=\"ultimate-heading-307169d89131870af\" class=\"uvc-heading ult-adjust-bottom-margin ultimate-heading-307169d89131870af uvc-5160 \" data-hspacer=\"no_spacer\"  data-halign=\"left\" style=\"text-align:left\"><div class=\"uvc-heading-spacer no_spacer\" style=\"top\"><\/div><div class=\"uvc-main-heading ult-responsive\"  data-ultimate-target='.uvc-heading.ultimate-heading-307169d89131870af h3'  data-responsive-json-new='{\"font-size\":\"desktop:18px;\",\"line-height\":\"desktop:24px;\"}' ><h3 style=\"font-family:&#039;Montserrat&#039;;font-weight:700;color:#f9f9f9;\">ESCR\u00cdBENOS<\/h3><\/div><div class=\"uvc-sub-heading ult-responsive\"  data-ultimate-target='.uvc-heading.ultimate-heading-307169d89131870af .uvc-sub-heading '  data-responsive-json-new='{\"font-size\":\"\",\"line-height\":\"\"}'  style=\"font-weight:normal;color:#f9f9f9;\">Si tienes alguna duda sobre tu donaci\u00f3n puedes enviarnos un correo electr\u00f3nico.<\/div><\/div>[\/vc_column][vc_column width=&#8221;1\/2&#8243;]\n<div class=\"wpcf7 no-js\" id=\"wpcf7-f1405-o1\" lang=\"es-MX\" dir=\"ltr\" data-wpcf7-id=\"1405\">\n<div class=\"screen-reader-response\"><p role=\"status\" aria-live=\"polite\" aria-atomic=\"true\"><\/p> <ul><\/ul><\/div>\n<form action=\"\/donaciones\/index.php\/wp-json\/wp\/v2\/pages\/124#wpcf7-f1405-o1\" method=\"post\" class=\"wpcf7-form init\" aria-label=\"Formulario de contacto\" novalidate=\"novalidate\" data-status=\"init\">\n<div style=\"display: none;\">\n<input type=\"hidden\" name=\"_wpcf7\" value=\"1405\" \/>\n<input type=\"hidden\" name=\"_wpcf7_version\" value=\"6.0.5\" \/>\n<input type=\"hidden\" name=\"_wpcf7_locale\" value=\"es_MX\" \/>\n<input type=\"hidden\" name=\"_wpcf7_unit_tag\" value=\"wpcf7-f1405-o1\" \/>\n<input type=\"hidden\" name=\"_wpcf7_container_post\" value=\"0\" \/>\n<input type=\"hidden\" name=\"_wpcf7_posted_data_hash\" value=\"\" \/>\n<\/div>\n<p><label><br \/>\n<span class=\"wpcf7-form-control-wrap\" data-name=\"your-name\"><input size=\"40\" maxlength=\"400\" class=\"wpcf7-form-control wpcf7-text wpcf7-validates-as-required\" autocomplete=\"name\" aria-required=\"true\" aria-invalid=\"false\" placeholder=\"Nombre\" value=\"\" type=\"text\" name=\"your-name\" \/><\/span> <\/label>\n<\/p>\n<p><label><br \/>\n<span class=\"wpcf7-form-control-wrap\" data-name=\"your-email\"><input size=\"40\" maxlength=\"400\" class=\"wpcf7-form-control wpcf7-email wpcf7-validates-as-required wpcf7-text wpcf7-validates-as-email\" autocomplete=\"email\" aria-required=\"true\" aria-invalid=\"false\" placeholder=\"Correo electr\u00f3nico\" value=\"\" type=\"email\" name=\"your-email\" \/><\/span> <\/label>\n<\/p>\n<p><label><br \/>\n<span class=\"wpcf7-form-control-wrap\" data-name=\"your-message\"><textarea cols=\"40\" rows=\"10\" maxlength=\"2000\" class=\"wpcf7-form-control wpcf7-textarea wpcf7-validates-as-required\" aria-required=\"true\" aria-invalid=\"false\" placeholder=\"Mensaje\" name=\"your-message\"><\/textarea><\/span> <\/label>\n<\/p>\n<p><input class=\"wpcf7-form-control wpcf7-submit has-spinner\" type=\"submit\" value=\"ENVIAR\" \/>\n<\/p><div class=\"wpcf7-response-output\" aria-hidden=\"true\"><\/div>\n<\/form>\n<\/div>\n[\/vc_column][\/vc_row][vc_row bg_type=&#8221;bg_color&#8221; css=&#8221;.vc_custom_1713375200941{padding-right: 40px !important;}&#8221; bg_color_value=&#8221;#000149&#8243;][vc_column width=&#8221;1\/4&#8243;][vc_single_image image=&#8221;674&#8243; alignment=&#8221;center&#8221; css=&#8221;.vc_custom_1713368716833{margin-top: 20px !important;}&#8221;][\/vc_column][vc_column width=&#8221;1\/4&#8243;]<div id=\"ultimate-heading-494469d89131879f3\" class=\"uvc-heading ult-adjust-bottom-margin ultimate-heading-494469d89131879f3 uvc-1737 \" data-hspacer=\"no_spacer\"  data-halign=\"left\" style=\"text-align:left\"><div class=\"uvc-heading-spacer no_spacer\" style=\"top\"><\/div><div class=\"uvc-main-heading ult-responsive\"  data-ultimate-target='.uvc-heading.ultimate-heading-494469d89131879f3 h4'  data-responsive-json-new='{\"font-size\":\"\",\"line-height\":\"\"}' ><h4 style=\"font-family:&#039;Montserrat&#039;;font-weight:700;color:#cecece;margin-top:2em;\">AVISO DE PRIVACIDAD<\/h4><\/div><\/div>[vc_column_text css=&#8221;.vc_custom_1713368881166{margin-top: 20px !important;}&#8221;]<span style=\"color: #cecece;\">La Facultad de Estudios Superiores Cuautitl\u00e1n de la UNAM es responsable del tratamiento de sus datos personales obtenidos a trav\u00e9s del Comit\u00e9 de Donaciones FES Cuautitl\u00e1n, los cuales ser\u00e1n utilizados con prop\u00f3sitos acad\u00e9micos, estad\u00edsticos y para control administrativo, en el ejercicio de las funciones sustantivas de esta entidad universitaria.<\/span>[\/vc_column_text]<div class=\" ubtn-ctn-left \"><a class=\"ubtn-link ult-adjust-bottom-margin ubtn-left ubtn-normal \" href=\"https:\/\/virtual.cuautitlan.unam.mx\/donaciones\/wp-content\/uploads\/2024\/03\/Aviso_privacidad_integral.pdf\" target=\"_blank\" rel=\"noopener\" ><button type=\"button\" id=\"ubtn-4159\"  class=\"ubtn ult-adjust-bottom-margin ult-responsive ubtn-normal ubtn-no-hover-bg  none  ubtn-left   tooltip-69d8913187a4d ubtn-tooltip left\" data-toggle=\"tooltip\" data-placement=\"left\" title=\"\" data-hover=\"\" data-border-color=\"\" data-bg=\"#000149\" data-hover-bg=\"\" data-border-hover=\"\" data-shadow-hover=\"\" data-shadow-click=\"none\" data-shadow=\"\" data-shd-shadow=\"\"  data-ultimate-target='#ubtn-4159'  data-responsive-json-new='{\"font-size\":\"desktop:16px;\",\"line-height\":\"desktop:24px;\"}'  style=\"font-family:&#039;Montserrat&#039;;font-weight:700;border-radius:4px;border-width:1px;border-color:;border-style:outset;background: #000149;color: #e8e8e8;\"><span class=\"ubtn-hover\" style=\"background-color:\"><\/span><span class=\"ubtn-data ubtn-text \" >VER EL AVISO COMPLETO<\/span><\/button><\/a><\/div>[\/vc_column][vc_column width=&#8221;1\/4&#8243;]<div id=\"ultimate-heading-181569d8913187ae7\" class=\"uvc-heading ult-adjust-bottom-margin ultimate-heading-181569d8913187ae7 uvc-381 \" data-hspacer=\"no_spacer\"  data-halign=\"left\" style=\"text-align:left\"><div class=\"uvc-heading-spacer no_spacer\" style=\"top\"><\/div><div class=\"uvc-main-heading ult-responsive\"  data-ultimate-target='.uvc-heading.ultimate-heading-181569d8913187ae7 h4'  data-responsive-json-new='{\"font-size\":\"\",\"line-height\":\"\"}' ><h4 style=\"font-family:&#039;Montserrat&#039;;font-weight:700;color:#cecece;margin-top:2em;\">CONT\u00c1CTANOS<\/h4><\/div><\/div>[vc_column_text css=&#8221;.vc_custom_1713369078067{margin-top: 20px !important;}&#8221;]<span style=\"color: #cecece;\">Comit\u00e9 de Donaciones FES Cuautitl\u00e1n<\/span><br \/>\n<span style=\"color: #cecece;\">Edificio de Gobierno, planta alta<\/span><br \/>\n<span style=\"color: #cecece;\">Tel. 55 5623 1834<\/span><br \/>\n<span class=\"sd-light\" style=\"color: #ffffff;\"><a style=\"color: #ffffff;\" title=\"Email Us\" href=\"mailto:don%61ci%6fn%65%73%40%63uau%74itl%61%6e%2e%75%6e%61m%2em%78\">donaciones@cuautitlan.unam.mx<\/a><\/span>[\/vc_column_text][\/vc_column][vc_column width=&#8221;1\/4&#8243;]<div id=\"ultimate-heading-506269d8913187b2e\" class=\"uvc-heading ult-adjust-bottom-margin ultimate-heading-506269d8913187b2e uvc-8693 \" data-hspacer=\"no_spacer\"  data-halign=\"left\" style=\"text-align:left\"><div class=\"uvc-heading-spacer no_spacer\" style=\"top\"><\/div><div class=\"uvc-main-heading ult-responsive\"  data-ultimate-target='.uvc-heading.ultimate-heading-506269d8913187b2e h4'  data-responsive-json-new='{\"font-size\":\"\",\"line-height\":\"\"}' ><h4 style=\"font-family:&#039;Montserrat&#039;;font-weight:700;color:#cecece;margin-top:2em;\">CR\u00c9DITOS<\/h4><\/div><\/div>[vc_column_text css=&#8221;.vc_custom_1713369110571{margin-top: 20px !important;}&#8221;]<span style=\"color: #cecece;\">Desarrollado por el Departamento de Gesti\u00f3n del SUAyED de la FES Cuautitl\u00e1n.<\/span>[\/vc_column_text][vc_single_image image=&#8221;667&#8243; img_size=&#8221;150&#215;50&#8243; onclick=&#8221;custom_link&#8221; img_link_target=&#8221;_blank&#8221; link=&#8221;https:\/\/suayed.cuautitlan.unam.mx\/&#8221;][\/vc_column][\/vc_row]<\/p>\n","protected":false},"excerpt":{"rendered":"<p>[vc_row centered=&#8221;yes&#8221; bg_type=&#8221;image&#8221; parallax_style=&#8221;vcpb-default&#8221; bg_image_new=&#8221;id^1649|url^https:\/\/virtual.cuautitlan.unam.mx\/donaciones\/wp-content\/uploads\/2024\/04\/pic-scaled.jpg|caption^null|alt^null|title^pic|description^null&#8221; bg_image_repeat=&#8221;no-repeat&#8221; sd_bg_color=&#8221;&#8221;][vc_column][\/vc_column][\/vc_row][vc_row][vc_column width=&#8221;1\/4&#8243;][\/vc_column][vc_column width=&#8221;1\/2&#8243;][vc_images_carousel images=&#8221;1624&#8243; img_size=&#8221;large&#8221; onclick=&#8221;custom_link&#8221; autoplay=&#8221;yes&#8221; hide_prev_next_buttons=&#8221;yes&#8221; wrap=&#8221;yes&#8221; css_animation=&#8221;flipInX&#8221; custom_links=&#8221;#E-8_aHR0cHMlM0ElMkYlMkZ2aXJ0dWFsLmN1YXV0aXRsYW4udW5hbS5teCUyRmRvbmFjaW9uZXMlMkZpbmRleC5waHAlMkZldmVudHMtcGFnZSUyRmNhcnJlcmEtY2FuaW5hJTJG&#8221;][\/vc_column][vc_column width=&#8221;1\/4&#8243;][\/vc_column][\/vc_row][vc_row][vc_column width=&#8221;1\/3&#8243;][\/vc_column][vc_column width=&#8221;1\/3&#8243;][\/vc_column][vc_column width=&#8221;1\/3&#8243;][\/vc_column][\/vc_row][vc_row bg_type=&#8221;bg_color&#8221; css=&#8221;.vc_custom_1712968343419{padding-top: 40px !important;padding-right: 80px !important;padding-bottom: 30px !important;padding-left: 40px<\/p>\n","protected":false},"author":1,"featured_media":0,"parent":0,"menu_order":0,"comment_status":"open","ping_status":"closed","template":"events.php","meta":{"footnotes":""},"class_list":["post-124","page","type-page","status-publish","hentry"],"_links":{"self":[{"href":"https:\/\/virtual.cuautitlan.unam.mx\/donaciones\/index.php\/wp-json\/wp\/v2\/pages\/124","targetHints":{"allow":["GET"]}}],"collection":[{"href":"https:\/\/virtual.cuautitlan.unam.mx\/donaciones\/index.php\/wp-json\/wp\/v2\/pages"}],"about":[{"href":"https:\/\/virtual.cuautitlan.unam.mx\/donaciones\/index.php\/wp-json\/wp\/v2\/types\/page"}],"author":[{"embeddable":true,"href":"https:\/\/virtual.cuautitlan.unam.mx\/donaciones\/index.php\/wp-json\/wp\/v2\/users\/1"}],"replies":[{"embeddable":true,"href":"https:\/\/virtual.cuautitlan.unam.mx\/donaciones\/index.php\/wp-json\/wp\/v2\/comments?post=124"}],"version-history":[{"count":46,"href":"https:\/\/virtual.cuautitlan.unam.mx\/donaciones\/index.php\/wp-json\/wp\/v2\/pages\/124\/revisions"}],"predecessor-version":[{"id":1661,"href":"https:\/\/virtual.cuautitlan.unam.mx\/donaciones\/index.php\/wp-json\/wp\/v2\/pages\/124\/revisions\/1661"}],"wp:attachment":[{"href":"https:\/\/virtual.cuautitlan.unam.mx\/donaciones\/index.php\/wp-json\/wp\/v2\/media?parent=124"}],"curies":[{"name":"wp","href":"https:\/\/api.w.org\/{rel}","templated":true}]}}